{"id":6679,"date":"2025-02-15T22:57:41","date_gmt":"2025-02-15T20:57:41","guid":{"rendered":"https:\/\/keluvo.com\/se\/product\/c20-pro-smart-klocka\/"},"modified":"2025-03-15T13:45:47","modified_gmt":"2025-03-15T11:45:47","slug":"c20-pro-smart-klocka","status":"publish","type":"product","link":"https:\/\/keluvo.com\/se\/product\/c20-pro-smart-klocka\/","title":{"rendered":"C20 pro smart klocka"},"content":{"rendered":"<h2 style=\"text-align: center;\"><strong>M\u00e5ngsidig Fitnesssp\u00e5rning<\/strong><\/h2>\n<p style=\"text-align: center;\">Med 123 sportl\u00e4gen \u00e4r C20 pro smart watch utformad f\u00f6r ett brett utbud av aktiviteter, fr\u00e5n l\u00f6pning och cykling till yoga och simning. Den registrerar steg, hj\u00e4rtfrekvens, syreniv\u00e5er i blodet och kalorif\u00f6rbr\u00e4nning, vilket ger exakta data som st\u00f6djer dina tr\u00e4ningsm\u00e5l. Oavsett om du \u00e4r inomhus eller utomhus \u00e4r det den perfekta f\u00f6ljeslagaren f\u00f6r en aktiv livsstil.<\/p>\n<p><img fetchpriority=\"high\" decoding=\"async\" width=\"1100\" height=\"1100\" class=\"alignnone size-medium wp-image-3601 aligncenter\" src=\"https:\/\/keluvo.com\/template\/wp-content\/uploads\/sites\/5\/2024\/11\/New-C20-Pro-Smart-Watch-Men-Voice-Assistant-BT-Wireless-Call-Business-Outdoor-Sports-IP68-Waterproof.jpg_.png\" alt=\"\" srcset=\"https:\/\/keluvo.com\/se\/wp-content\/uploads\/sites\/12\/2024\/11\/New-C20-Pro-Smart-Watch-Men-Voice-Assistant-BT-Wireless-Call-Business-Outdoor-Sports-IP68-Waterproof.jpg_.png 1100w, https:\/\/keluvo.com\/se\/wp-content\/uploads\/sites\/12\/2024\/11\/New-C20-Pro-Smart-Watch-Men-Voice-Assistant-BT-Wireless-Call-Business-Outdoor-Sports-IP68-Waterproof.jpg_-300x300.png 300w, https:\/\/keluvo.com\/se\/wp-content\/uploads\/sites\/12\/2024\/11\/New-C20-Pro-Smart-Watch-Men-Voice-Assistant-BT-Wireless-Call-Business-Outdoor-Sports-IP68-Waterproof.jpg_-1024x1024.png 1024w, https:\/\/keluvo.com\/se\/wp-content\/uploads\/sites\/12\/2024\/11\/New-C20-Pro-Smart-Watch-Men-Voice-Assistant-BT-Wireless-Call-Business-Outdoor-Sports-IP68-Waterproof.jpg_-150x150.png 150w, https:\/\/keluvo.com\/se\/wp-content\/uploads\/sites\/12\/2024\/11\/New-C20-Pro-Smart-Watch-Men-Voice-Assistant-BT-Wireless-Call-Business-Outdoor-Sports-IP68-Waterproof.jpg_-768x768.png 768w, https:\/\/keluvo.com\/se\/wp-content\/uploads\/sites\/12\/2024\/11\/New-C20-Pro-Smart-Watch-Men-Voice-Assistant-BT-Wireless-Call-Business-Outdoor-Sports-IP68-Waterproof.jpg_-600x600.png 600w, https:\/\/keluvo.com\/se\/wp-content\/uploads\/sites\/12\/2024\/11\/New-C20-Pro-Smart-Watch-Men-Voice-Assistant-BT-Wireless-Call-Business-Outdoor-Sports-IP68-Waterproof.jpg_-100x100.png 100w, https:\/\/keluvo.com\/se\/wp-content\/uploads\/sites\/12\/2024\/11\/New-C20-Pro-Smart-Watch-Men-Voice-Assistant-BT-Wireless-Call-Business-Outdoor-Sports-IP68-Waterproof.jpg_-50x50.png 50w\" sizes=\"(max-width: 1100px) 100vw, 1100px\" \/><\/p>\n<h2 style=\"text-align: center;\"><strong>Slitstark Och Vattent\u00e4t Design<\/strong><\/h2>\n<p style=\"text-align: center;\">Med en vattent\u00e4t IP68-klassning \u00e4r C20 pro smart watch redo att t\u00e5la vattenexponering, vilket g\u00f6r den l\u00e4mplig f\u00f6r simning och andra vattenbaserade aktiviteter. Den robusta konstruktionen s\u00e4kerst\u00e4ller h\u00e5llbarhet, medan 380mAh-batteriet ger l\u00e5ngvarig prestanda, s\u00e5 att du kan h\u00e5lla dig ansluten och aktiv hela dagen.<\/p>\n<p><img decoding=\"async\" width=\"1000\" height=\"1000\" class=\"alignnone size-medium wp-image-3602 aligncenter\" src=\"https:\/\/keluvo.com\/template\/wp-content\/uploads\/sites\/5\/2024\/11\/New-C20-Pro-Smart-Watch-Men-Voice-Assistant-BT-Wireless-Call-Business-Outdoor-Sports-IP68-Waterproof.jpg_-2.png\" alt=\"\" srcset=\"https:\/\/keluvo.com\/se\/wp-content\/uploads\/sites\/12\/2024\/11\/New-C20-Pro-Smart-Watch-Men-Voice-Assistant-BT-Wireless-Call-Business-Outdoor-Sports-IP68-Waterproof.jpg_-2.png 1000w, https:\/\/keluvo.com\/se\/wp-content\/uploads\/sites\/12\/2024\/11\/New-C20-Pro-Smart-Watch-Men-Voice-Assistant-BT-Wireless-Call-Business-Outdoor-Sports-IP68-Waterproof.jpg_-2-300x300.png 300w, https:\/\/keluvo.com\/se\/wp-content\/uploads\/sites\/12\/2024\/11\/New-C20-Pro-Smart-Watch-Men-Voice-Assistant-BT-Wireless-Call-Business-Outdoor-Sports-IP68-Waterproof.jpg_-2-150x150.png 150w, https:\/\/keluvo.com\/se\/wp-content\/uploads\/sites\/12\/2024\/11\/New-C20-Pro-Smart-Watch-Men-Voice-Assistant-BT-Wireless-Call-Business-Outdoor-Sports-IP68-Waterproof.jpg_-2-768x768.png 768w, https:\/\/keluvo.com\/se\/wp-content\/uploads\/sites\/12\/2024\/11\/New-C20-Pro-Smart-Watch-Men-Voice-Assistant-BT-Wireless-Call-Business-Outdoor-Sports-IP68-Waterproof.jpg_-2-600x600.png 600w, https:\/\/keluvo.com\/se\/wp-content\/uploads\/sites\/12\/2024\/11\/New-C20-Pro-Smart-Watch-Men-Voice-Assistant-BT-Wireless-Call-Business-Outdoor-Sports-IP68-Waterproof.jpg_-2-100x100.png 100w, https:\/\/keluvo.com\/se\/wp-content\/uploads\/sites\/12\/2024\/11\/New-C20-Pro-Smart-Watch-Men-Voice-Assistant-BT-Wireless-Call-Business-Outdoor-Sports-IP68-Waterproof.jpg_-2-50x50.png 50w\" sizes=\"(max-width: 1000px) 100vw, 1000px\" \/><\/p>\n","protected":false},"excerpt":{"rendered":"<p>M\u00e5ngsidig Fitnesssp\u00e5rning Med 123 sportl\u00e4gen \u00e4r C20 pro smart watch utformad f\u00f6r ett brett utbud av aktiviteter, fr\u00e5n l\u00f6pning och [&hellip;]<\/p>\n","protected":false},"featured_media":6675,"comment_status":"open","ping_status":"closed","template":"","meta":{"site-sidebar-layout":"default","site-content-layout":"","ast-site-content-layout":"default","site-content-style":"default","site-sidebar-style":"default","ast-global-header-display":"","ast-banner-title-visibility":"","ast-main-header-display":"","ast-hfb-above-header-display":"","ast-hfb-below-header-display":"","ast-hfb-mobile-header-display":"","site-post-title":"","ast-breadcrumbs-content":"","ast-featured-img":"","footer-sml-layout":"","theme-transparent-header-meta":"default","adv-header-id-meta":"","stick-header-meta":"","header-above-stick-meta":"","header-main-stick-meta":"","header-below-stick-meta":"","astra-migrate-meta-layouts":"set","ast-page-background-enabled":"default","ast-page-background-meta":{"desktop":{"background-color":"var(--ast-global-color-4)","background-image":"","background-repeat":"repeat","background-position":"center center","background-size":"auto","background-attachment":"scroll","background-type":"","background-media":"","overlay-type":"","overlay-color":"","overlay-opacity":"","overlay-gradient":""},"tablet":{"background-color":"","background-image":"","background-repeat":"repeat","background-position":"center center","background-size":"auto","background-attachment":"scroll","background-type":"","background-media":"","overlay-type":"","overlay-color":"","overlay-opacity":"","overlay-gradient":""},"mobile":{"background-color":"","background-image":"","background-repeat":"repeat","background-position":"center center","background-size":"auto","background-attachment":"scroll","background-type":"","background-media":"","overlay-type":"","overlay-color":"","overlay-opacity":"","overlay-gradient":""}},"ast-content-background-meta":{"desktop":{"background-color":"var(--ast-global-color-5)","background-image":"","background-repeat":"repeat","background-position":"center center","background-size":"auto","background-attachment":"scroll","background-type":"","background-media":"","overlay-type":"","overlay-color":"","overlay-opacity":"","overlay-gradient":""},"tablet":{"background-color":"var(--ast-global-color-5)","background-image":"","background-repeat":"repeat","background-position":"center center","background-size":"auto","background-attachment":"scroll","background-type":"","background-media":"","overlay-type":"","overlay-color":"","overlay-opacity":"","overlay-gradient":""},"mobile":{"background-color":"var(--ast-global-color-5)","background-image":"","background-repeat":"repeat","background-position":"center center","background-size":"auto","background-attachment":"scroll","background-type":"","background-media":"","overlay-type":"","overlay-color":"","overlay-opacity":"","overlay-gradient":""}}},"product_brand":[],"product_cat":[993],"product_tag":[],"class_list":{"0":"post-6679","1":"product","2":"type-product","3":"status-publish","4":"has-post-thumbnail","6":"product_cat-footwear-accessories","7":"pa_tk9p9599-orange","8":"pa_tk9p9599-svart","9":"desktop-align-left","10":"tablet-align-left","11":"mobile-align-left","13":"first","14":"instock","15":"shipping-taxable","16":"purchasable","17":"product-type-variable"},"_links":{"self":[{"href":"https:\/\/keluvo.com\/se\/wp-json\/wp\/v2\/product\/6679","targetHints":{"allow":["GET"]}}],"collection":[{"href":"https:\/\/keluvo.com\/se\/wp-json\/wp\/v2\/product"}],"about":[{"href":"https:\/\/keluvo.com\/se\/wp-json\/wp\/v2\/types\/product"}],"replies":[{"embeddable":true,"href":"https:\/\/keluvo.com\/se\/wp-json\/wp\/v2\/comments?post=6679"}],"wp:featuredmedia":[{"embeddable":true,"href":"https:\/\/keluvo.com\/se\/wp-json\/wp\/v2\/media\/6675"}],"wp:attachment":[{"href":"https:\/\/keluvo.com\/se\/wp-json\/wp\/v2\/media?parent=6679"}],"wp:term":[{"taxonomy":"product_brand","embeddable":true,"href":"https:\/\/keluvo.com\/se\/wp-json\/wp\/v2\/product_brand?post=6679"},{"taxonomy":"product_cat","embeddable":true,"href":"https:\/\/keluvo.com\/se\/wp-json\/wp\/v2\/product_cat?post=6679"},{"taxonomy":"product_tag","embeddable":true,"href":"https:\/\/keluvo.com\/se\/wp-json\/wp\/v2\/product_tag?post=6679"}],"curies":[{"name":"wp","href":"https:\/\/api.w.org\/{rel}","templated":true}]}}