{"id":6646,"date":"2025-02-15T22:55:58","date_gmt":"2025-02-15T20:55:58","guid":{"rendered":"https:\/\/keluvo.com\/se\/product\/matt-lappstift\/"},"modified":"2025-02-15T22:56:23","modified_gmt":"2025-02-15T20:56:23","slug":"matt-lappstift","status":"publish","type":"product","link":"https:\/\/keluvo.com\/se\/product\/matt-lappstift\/","title":{"rendered":"Matt l\u00e4ppstift"},"content":{"rendered":"<h2 style=\"text-align: center\"><strong>L\u00e5ngvarig Matt Finish<\/strong><\/h2>\n<p style=\"text-align: center\">Det matta l\u00e4ppstiftet ger en sammetslen, matt finish som h\u00e5ller i upp till 24 timmar. Dess l\u00e4tta formula g\u00f6r att dina l\u00e4ppar k\u00e4nns bekv\u00e4ma utan att torka ut, vilket g\u00f6r det perfekt f\u00f6r anv\u00e4ndning hela dagen.<\/p>\n<p><img decoding=\"async\" class=\"alignnone size-medium wp-image-4421 aligncenter\" src=\"https:\/\/keluvo.com\/template\/wp-content\/uploads\/sites\/5\/2024\/11\/Sexy-Velvet-Matte-Lip-Gloss-Liquid-Lipstick-Lipgloss-Beauty-Red-Nude-Waterproof-Long-lasting-Lip-Stain.jpg_-1.webp\" alt=\"\" \/><\/p>\n<h2 style=\"text-align: center\"><strong>Vattenfast Och Kladdfri<\/strong><\/h2>\n<p style=\"text-align: center\">Njut av felfria l\u00e4ppar med det matta l\u00e4ppstiftet, som \u00e4r utformat f\u00f6r att motst\u00e5 vatten och kladd. Oavsett om du \u00e4r p\u00e5 fest eller p\u00e5 spr\u00e5ng sitter l\u00e4ppstiftet kvar och h\u00e5ller din look fr\u00e4sch och levande.<\/p>\n<p><img decoding=\"async\" class=\"alignnone size-medium wp-image-4418 aligncenter\" src=\"https:\/\/keluvo.com\/template\/wp-content\/uploads\/sites\/5\/2024\/11\/Sf00dae89ad1f43fbbbc9387b6182b0efa.webp\" alt=\"\" \/><\/p>\n<h2 style=\"text-align: center\"><strong>Brett Utbud Av F\u00e4rger<\/strong><\/h2>\n<p style=\"text-align: center\">Med 12 rika och trendiga nyanser att v\u00e4lja mellan har det matta l\u00e4ppstiftet en f\u00e4rg f\u00f6r varje tillf\u00e4lle. Fr\u00e5n subtila nudes till dj\u00e4rva toner kompletterar det alla sminkstilar, oavsett om de \u00e4r avslappnade eller formella.<\/p>\n<p><img decoding=\"async\" class=\"alignnone size-medium wp-image-4417 aligncenter\" src=\"https:\/\/keluvo.com\/template\/wp-content\/uploads\/sites\/5\/2024\/11\/High-Quality-NEW-24-Hour-Matte-Lipstick-Velvet-Mist-Lip-Clay-Not-Dry-Lip-Cream-Makeup.jpg_-1.webp\" alt=\"\" \/><\/p>\n","protected":false},"excerpt":{"rendered":"<p>L\u00e5ngvarig Matt Finish Det matta l\u00e4ppstiftet ger en sammetslen, matt finish som h\u00e5ller i upp till 24 timmar. Dess l\u00e4tta [&hellip;]<\/p>\n","protected":false},"featured_media":6642,"comment_status":"open","ping_status":"closed","template":"","meta":{"site-sidebar-layout":"default","site-content-layout":"","ast-site-content-layout":"default","site-content-style":"default","site-sidebar-style":"default","ast-global-header-display":"","ast-banner-title-visibility":"","ast-main-header-display":"","ast-hfb-above-header-display":"","ast-hfb-below-header-display":"","ast-hfb-mobile-header-display":"","site-post-title":"","ast-breadcrumbs-content":"","ast-featured-img":"","footer-sml-layout":"","theme-transparent-header-meta":"default","adv-header-id-meta":"","stick-header-meta":"","header-above-stick-meta":"","header-main-stick-meta":"","header-below-stick-meta":"","astra-migrate-meta-layouts":"set","ast-page-background-enabled":"default","ast-page-background-meta":{"desktop":{"background-color":"var(--ast-global-color-4)","background-image":"","background-repeat":"repeat","background-position":"center center","background-size":"auto","background-attachment":"scroll","background-type":"","background-media":"","overlay-type":"","overlay-color":"","overlay-opacity":"","overlay-gradient":""},"tablet":{"background-color":"","background-image":"","background-repeat":"repeat","background-position":"center center","background-size":"auto","background-attachment":"scroll","background-type":"","background-media":"","overlay-type":"","overlay-color":"","overlay-opacity":"","overlay-gradient":""},"mobile":{"background-color":"","background-image":"","background-repeat":"repeat","background-position":"center center","background-size":"auto","background-attachment":"scroll","background-type":"","background-media":"","overlay-type":"","overlay-color":"","overlay-opacity":"","overlay-gradient":""}},"ast-content-background-meta":{"desktop":{"background-color":"var(--ast-global-color-5)","background-image":"","background-repeat":"repeat","background-position":"center center","background-size":"auto","background-attachment":"scroll","background-type":"","background-media":"","overlay-type":"","overlay-color":"","overlay-opacity":"","overlay-gradient":""},"tablet":{"background-color":"var(--ast-global-color-5)","background-image":"","background-repeat":"repeat","background-position":"center center","background-size":"auto","background-attachment":"scroll","background-type":"","background-media":"","overlay-type":"","overlay-color":"","overlay-opacity":"","overlay-gradient":""},"mobile":{"background-color":"var(--ast-global-color-5)","background-image":"","background-repeat":"repeat","background-position":"center center","background-size":"auto","background-attachment":"scroll","background-type":"","background-media":"","overlay-type":"","overlay-color":"","overlay-opacity":"","overlay-gradient":""}}},"product_brand":[],"product_cat":[992],"product_tag":[],"class_list":{"0":"post-6646","1":"product","2":"type-product","3":"status-publish","4":"has-post-thumbnail","6":"product_cat-beauty-and-hygiene-products","7":"pa_k3x1csdx-1513","8":"pa_k3x1csdx-1514","9":"pa_k3x1csdx-1515","10":"pa_k3x1csdx-1516","11":"pa_k3x1csdx-1517","12":"pa_k3x1csdx-1518","13":"pa_k3x1csdx-1519","14":"pa_k3x1csdx-1520","15":"pa_k3x1csdx-1521","16":"pa_k3x1csdx-1522","17":"pa_k3x1csdx-1523","18":"pa_k3x1csdx-1524","19":"desktop-align-left","20":"tablet-align-left","21":"mobile-align-left","23":"first","24":"instock","25":"shipping-taxable","26":"purchasable","27":"product-type-variable"},"_links":{"self":[{"href":"https:\/\/keluvo.com\/se\/wp-json\/wp\/v2\/product\/6646","targetHints":{"allow":["GET"]}}],"collection":[{"href":"https:\/\/keluvo.com\/se\/wp-json\/wp\/v2\/product"}],"about":[{"href":"https:\/\/keluvo.com\/se\/wp-json\/wp\/v2\/types\/product"}],"replies":[{"embeddable":true,"href":"https:\/\/keluvo.com\/se\/wp-json\/wp\/v2\/comments?post=6646"}],"wp:featuredmedia":[{"embeddable":true,"href":"https:\/\/keluvo.com\/se\/wp-json\/wp\/v2\/media\/6642"}],"wp:attachment":[{"href":"https:\/\/keluvo.com\/se\/wp-json\/wp\/v2\/media?parent=6646"}],"wp:term":[{"taxonomy":"product_brand","embeddable":true,"href":"https:\/\/keluvo.com\/se\/wp-json\/wp\/v2\/product_brand?post=6646"},{"taxonomy":"product_cat","embeddable":true,"href":"https:\/\/keluvo.com\/se\/wp-json\/wp\/v2\/product_cat?post=6646"},{"taxonomy":"product_tag","embeddable":true,"href":"https:\/\/keluvo.com\/se\/wp-json\/wp\/v2\/product_tag?post=6646"}],"curies":[{"name":"wp","href":"https:\/\/api.w.org\/{rel}","templated":true}]}}