{"id":6615,"date":"2025-02-15T10:33:04","date_gmt":"2025-02-15T08:33:04","guid":{"rendered":"https:\/\/keluvo.com\/se\/product\/portabel-verktygsvaska\/"},"modified":"2025-02-15T10:33:24","modified_gmt":"2025-02-15T08:33:24","slug":"portabel-verktygsvaska","status":"publish","type":"product","link":"https:\/\/keluvo.com\/se\/product\/portabel-verktygsvaska\/","title":{"rendered":"Portabel verktygsv\u00e4ska"},"content":{"rendered":"<h2 style=\"text-align: center\"><strong>Kompakt Och L\u00e4tt Att B\u00e4ra<\/strong><\/h2>\n<p style=\"text-align: center\">Den b\u00e4rbara verktygsv\u00e4skans rullbara design g\u00f6r den enkel att f\u00f6rvara och b\u00e4ra, och h\u00e5ller dina verktyg kompakt organiserade. Dess l\u00e4tta form g\u00f6r den l\u00e4tt att transportera, vilket g\u00f6r den idealisk f\u00f6r yrkesverksamma som snabbt beh\u00f6ver g\u00e5 fr\u00e5n en uppgift till n\u00e4sta.<\/p>\n<p><img fetchpriority=\"high\" decoding=\"async\" width=\"480\" height=\"480\" class=\"alignnone size-medium wp-image-2468 aligncenter\" src=\"https:\/\/keluvo.com\/template\/wp-content\/uploads\/sites\/5\/2024\/11\/3434b6af-52f6-4c80-9421-cf3cd5d5ec32.webp\" alt=\"\" srcset=\"https:\/\/keluvo.com\/se\/wp-content\/uploads\/sites\/12\/2024\/11\/3434b6af-52f6-4c80-9421-cf3cd5d5ec32.webp 480w, https:\/\/keluvo.com\/se\/wp-content\/uploads\/sites\/12\/2024\/11\/3434b6af-52f6-4c80-9421-cf3cd5d5ec32-300x300.webp 300w, https:\/\/keluvo.com\/se\/wp-content\/uploads\/sites\/12\/2024\/11\/3434b6af-52f6-4c80-9421-cf3cd5d5ec32-150x150.webp 150w, https:\/\/keluvo.com\/se\/wp-content\/uploads\/sites\/12\/2024\/11\/3434b6af-52f6-4c80-9421-cf3cd5d5ec32-100x100.webp 100w, https:\/\/keluvo.com\/se\/wp-content\/uploads\/sites\/12\/2024\/11\/3434b6af-52f6-4c80-9421-cf3cd5d5ec32-50x50.webp 50w\" sizes=\"(max-width: 480px) 100vw, 480px\" \/><\/p>\n<h2 style=\"text-align: center\"><strong>Anpassningsbar F\u00f6r Olika Verktyg<\/strong><\/h2>\n<p style=\"text-align: center\">Den h\u00e4r b\u00e4rbara verktygsv\u00e4skan \u00e4r tillr\u00e4ckligt m\u00e5ngsidig f\u00f6r att passa verktyg i alla former och storlekar. Den \u00e4r perfekt f\u00f6r elektriker, mekaniker och anv\u00e4ndare av allm\u00e4nna verktyg, och ger flexibel f\u00f6rvaring som h\u00e5ller allt du beh\u00f6ver inom r\u00e4ckh\u00e5ll. Oavsett om du \u00e4r p\u00e5 plats eller hemma hj\u00e4lper den h\u00e4r v\u00e4skan dig att h\u00e5lla dig organiserad och effektiv.<\/p>\n<p><img decoding=\"async\" width=\"800\" height=\"800\" class=\"alignnone size-medium wp-image-2461 aligncenter\" src=\"https:\/\/keluvo.com\/template\/wp-content\/uploads\/sites\/5\/2024\/11\/94b9f25c-7112-4b49-853d-5fbc3134ae78.webp\" alt=\"\" srcset=\"https:\/\/keluvo.com\/se\/wp-content\/uploads\/sites\/12\/2024\/11\/94b9f25c-7112-4b49-853d-5fbc3134ae78.webp 800w, https:\/\/keluvo.com\/se\/wp-content\/uploads\/sites\/12\/2024\/11\/94b9f25c-7112-4b49-853d-5fbc3134ae78-300x300.webp 300w, https:\/\/keluvo.com\/se\/wp-content\/uploads\/sites\/12\/2024\/11\/94b9f25c-7112-4b49-853d-5fbc3134ae78-150x150.webp 150w, https:\/\/keluvo.com\/se\/wp-content\/uploads\/sites\/12\/2024\/11\/94b9f25c-7112-4b49-853d-5fbc3134ae78-768x768.webp 768w, https:\/\/keluvo.com\/se\/wp-content\/uploads\/sites\/12\/2024\/11\/94b9f25c-7112-4b49-853d-5fbc3134ae78-600x600.webp 600w, https:\/\/keluvo.com\/se\/wp-content\/uploads\/sites\/12\/2024\/11\/94b9f25c-7112-4b49-853d-5fbc3134ae78-100x100.webp 100w, https:\/\/keluvo.com\/se\/wp-content\/uploads\/sites\/12\/2024\/11\/94b9f25c-7112-4b49-853d-5fbc3134ae78-50x50.webp 50w\" sizes=\"(max-width: 800px) 100vw, 800px\" \/><\/p>\n","protected":false},"excerpt":{"rendered":"<p>Kompakt Och L\u00e4tt Att B\u00e4ra Den b\u00e4rbara verktygsv\u00e4skans rullbara design g\u00f6r den enkel att f\u00f6rvara och b\u00e4ra, och h\u00e5ller dina [&hellip;]<\/p>\n","protected":false},"featured_media":6611,"comment_status":"open","ping_status":"closed","template":"","meta":{"site-sidebar-layout":"default","site-content-layout":"","ast-site-content-layout":"default","site-content-style":"default","site-sidebar-style":"default","ast-global-header-display":"","ast-banner-title-visibility":"","ast-main-header-display":"","ast-hfb-above-header-display":"","ast-hfb-below-header-display":"","ast-hfb-mobile-header-display":"","site-post-title":"","ast-breadcrumbs-content":"","ast-featured-img":"","footer-sml-layout":"","theme-transparent-header-meta":"default","adv-header-id-meta":"","stick-header-meta":"","header-above-stick-meta":"","header-main-stick-meta":"","header-below-stick-meta":"","astra-migrate-meta-layouts":"set","ast-page-background-enabled":"default","ast-page-background-meta":{"desktop":{"background-color":"var(--ast-global-color-4)","background-image":"","background-repeat":"repeat","background-position":"center center","background-size":"auto","background-attachment":"scroll","background-type":"","background-media":"","overlay-type":"","overlay-color":"","overlay-opacity":"","overlay-gradient":""},"tablet":{"background-color":"","background-image":"","background-repeat":"repeat","background-position":"center center","background-size":"auto","background-attachment":"scroll","background-type":"","background-media":"","overlay-type":"","overlay-color":"","overlay-opacity":"","overlay-gradient":""},"mobile":{"background-color":"","background-image":"","background-repeat":"repeat","background-position":"center center","background-size":"auto","background-attachment":"scroll","background-type":"","background-media":"","overlay-type":"","overlay-color":"","overlay-opacity":"","overlay-gradient":""}},"ast-content-background-meta":{"desktop":{"background-color":"var(--ast-global-color-5)","background-image":"","background-repeat":"repeat","background-position":"center center","background-size":"auto","background-attachment":"scroll","background-type":"","background-media":"","overlay-type":"","overlay-color":"","overlay-opacity":"","overlay-gradient":""},"tablet":{"background-color":"var(--ast-global-color-5)","background-image":"","background-repeat":"repeat","background-position":"center center","background-size":"auto","background-attachment":"scroll","background-type":"","background-media":"","overlay-type":"","overlay-color":"","overlay-opacity":"","overlay-gradient":""},"mobile":{"background-color":"var(--ast-global-color-5)","background-image":"","background-repeat":"repeat","background-position":"center center","background-size":"auto","background-attachment":"scroll","background-type":"","background-media":"","overlay-type":"","overlay-color":"","overlay-opacity":"","overlay-gradient":""}}},"product_brand":[],"product_cat":[993],"product_tag":[],"class_list":{"0":"post-6615","1":"product","2":"type-product","3":"status-publish","4":"has-post-thumbnail","6":"product_cat-footwear-accessories","7":"pa_kt3ca4db-gron","8":"pa_kt3ca4db-khaki","9":"pa_kt3ca4db-svart","10":"desktop-align-left","11":"tablet-align-left","12":"mobile-align-left","14":"first","15":"instock","16":"shipping-taxable","17":"purchasable","18":"product-type-variable"},"_links":{"self":[{"href":"https:\/\/keluvo.com\/se\/wp-json\/wp\/v2\/product\/6615","targetHints":{"allow":["GET"]}}],"collection":[{"href":"https:\/\/keluvo.com\/se\/wp-json\/wp\/v2\/product"}],"about":[{"href":"https:\/\/keluvo.com\/se\/wp-json\/wp\/v2\/types\/product"}],"replies":[{"embeddable":true,"href":"https:\/\/keluvo.com\/se\/wp-json\/wp\/v2\/comments?post=6615"}],"wp:featuredmedia":[{"embeddable":true,"href":"https:\/\/keluvo.com\/se\/wp-json\/wp\/v2\/media\/6611"}],"wp:attachment":[{"href":"https:\/\/keluvo.com\/se\/wp-json\/wp\/v2\/media?parent=6615"}],"wp:term":[{"taxonomy":"product_brand","embeddable":true,"href":"https:\/\/keluvo.com\/se\/wp-json\/wp\/v2\/product_brand?post=6615"},{"taxonomy":"product_cat","embeddable":true,"href":"https:\/\/keluvo.com\/se\/wp-json\/wp\/v2\/product_cat?post=6615"},{"taxonomy":"product_tag","embeddable":true,"href":"https:\/\/keluvo.com\/se\/wp-json\/wp\/v2\/product_tag?post=6615"}],"curies":[{"name":"wp","href":"https:\/\/api.w.org\/{rel}","templated":true}]}}