{"id":6535,"date":"2025-02-14T19:00:52","date_gmt":"2025-02-14T17:00:52","guid":{"rendered":"https:\/\/keluvo.com\/se\/product\/linje-som-foljer-leksak\/"},"modified":"2025-03-15T13:09:05","modified_gmt":"2025-03-15T11:09:05","slug":"linje-som-foljer-leksak","status":"publish","type":"product","link":"https:\/\/keluvo.com\/se\/product\/linje-som-foljer-leksak\/","title":{"rendered":"Linje som f\u00f6ljer leksak"},"content":{"rendered":"<h2 style=\"text-align: center;\"><strong>F\u00f6ljer Linjer Som Magi<\/strong><\/h2>\n<p style=\"text-align: center;\">Linjef\u00f6ljande leksaken \u00e4r utrustad med en smart optisk sensor som k\u00e4nner av svarta linjer p\u00e5 vitt papper. Dra helt enkelt en linje och se hur leksaken f\u00f6ljer den p\u00e5 ett magiskt s\u00e4tt! Denna unika funktion erbjuder o\u00e4ndliga roliga och kreativa s\u00e4tt att leka.<\/p>\n<p><img fetchpriority=\"high\" decoding=\"async\" width=\"900\" height=\"900\" class=\"alignnone size-medium wp-image-3364 aligncenter\" src=\"https:\/\/keluvo.com\/template\/wp-content\/uploads\/sites\/5\/2024\/11\/28066577-cb6b-4880-862f-167d9019fad8.png\" alt=\"\" srcset=\"https:\/\/keluvo.com\/se\/wp-content\/uploads\/sites\/12\/2024\/11\/28066577-cb6b-4880-862f-167d9019fad8.png 900w, https:\/\/keluvo.com\/se\/wp-content\/uploads\/sites\/12\/2024\/11\/28066577-cb6b-4880-862f-167d9019fad8-300x300.png 300w, https:\/\/keluvo.com\/se\/wp-content\/uploads\/sites\/12\/2024\/11\/28066577-cb6b-4880-862f-167d9019fad8-150x150.png 150w, https:\/\/keluvo.com\/se\/wp-content\/uploads\/sites\/12\/2024\/11\/28066577-cb6b-4880-862f-167d9019fad8-768x768.png 768w, https:\/\/keluvo.com\/se\/wp-content\/uploads\/sites\/12\/2024\/11\/28066577-cb6b-4880-862f-167d9019fad8-600x600.png 600w, https:\/\/keluvo.com\/se\/wp-content\/uploads\/sites\/12\/2024\/11\/28066577-cb6b-4880-862f-167d9019fad8-100x100.png 100w, https:\/\/keluvo.com\/se\/wp-content\/uploads\/sites\/12\/2024\/11\/28066577-cb6b-4880-862f-167d9019fad8-50x50.png 50w\" sizes=\"(max-width: 900px) 100vw, 900px\" \/><\/p>\n<h2 style=\"text-align: center;\"><strong>Perfekt Present Till Barn<\/strong><\/h2>\n<p style=\"text-align: center;\">Designad f\u00f6r att gl\u00e4dja och inspirera, \u00e4r den linjef\u00f6ljande leksaken en underbar present som kombinerar kul med pedagogiskt v\u00e4rde. Det \u00e4r en engagerande aktivitet som underh\u00e5ller samtidigt som den fr\u00e4mjar tidig STEM-inl\u00e4rning genom lek.<\/p>\n<p><img decoding=\"async\" width=\"1010\" height=\"1010\" class=\"alignnone size-medium wp-image-3359 aligncenter\" src=\"https:\/\/keluvo.com\/template\/wp-content\/uploads\/sites\/5\/2024\/11\/Hf60673fbd42e46aab5e313379ae500e6D.jpg\" alt=\"\" srcset=\"https:\/\/keluvo.com\/se\/wp-content\/uploads\/sites\/12\/2024\/11\/Hf60673fbd42e46aab5e313379ae500e6D.jpg 1010w, https:\/\/keluvo.com\/se\/wp-content\/uploads\/sites\/12\/2024\/11\/Hf60673fbd42e46aab5e313379ae500e6D-300x300.jpg 300w, https:\/\/keluvo.com\/se\/wp-content\/uploads\/sites\/12\/2024\/11\/Hf60673fbd42e46aab5e313379ae500e6D-150x150.jpg 150w, https:\/\/keluvo.com\/se\/wp-content\/uploads\/sites\/12\/2024\/11\/Hf60673fbd42e46aab5e313379ae500e6D-768x768.jpg 768w, https:\/\/keluvo.com\/se\/wp-content\/uploads\/sites\/12\/2024\/11\/Hf60673fbd42e46aab5e313379ae500e6D-600x600.jpg 600w, https:\/\/keluvo.com\/se\/wp-content\/uploads\/sites\/12\/2024\/11\/Hf60673fbd42e46aab5e313379ae500e6D-100x100.jpg 100w, https:\/\/keluvo.com\/se\/wp-content\/uploads\/sites\/12\/2024\/11\/Hf60673fbd42e46aab5e313379ae500e6D-50x50.jpg 50w\" sizes=\"(max-width: 1010px) 100vw, 1010px\" \/><\/p>\n","protected":false},"excerpt":{"rendered":"<p>F\u00f6ljer Linjer Som Magi Linjef\u00f6ljande leksaken \u00e4r utrustad med en smart optisk sensor som k\u00e4nner av svarta linjer p\u00e5 vitt [&hellip;]<\/p>\n","protected":false},"featured_media":6531,"comment_status":"open","ping_status":"closed","template":"","meta":{"site-sidebar-layout":"default","site-content-layout":"","ast-site-content-layout":"default","site-content-style":"default","site-sidebar-style":"default","ast-global-header-display":"","ast-banner-title-visibility":"","ast-main-header-display":"","ast-hfb-above-header-display":"","ast-hfb-below-header-display":"","ast-hfb-mobile-header-display":"","site-post-title":"","ast-breadcrumbs-content":"","ast-featured-img":"","footer-sml-layout":"","theme-transparent-header-meta":"default","adv-header-id-meta":"","stick-header-meta":"","header-above-stick-meta":"","header-main-stick-meta":"","header-below-stick-meta":"","astra-migrate-meta-layouts":"set","ast-page-background-enabled":"default","ast-page-background-meta":{"desktop":{"background-color":"var(--ast-global-color-4)","background-image":"","background-repeat":"repeat","background-position":"center center","background-size":"auto","background-attachment":"scroll","background-type":"","background-media":"","overlay-type":"","overlay-color":"","overlay-opacity":"","overlay-gradient":""},"tablet":{"background-color":"","background-image":"","background-repeat":"repeat","background-position":"center center","background-size":"auto","background-attachment":"scroll","background-type":"","background-media":"","overlay-type":"","overlay-color":"","overlay-opacity":"","overlay-gradient":""},"mobile":{"background-color":"","background-image":"","background-repeat":"repeat","background-position":"center center","background-size":"auto","background-attachment":"scroll","background-type":"","background-media":"","overlay-type":"","overlay-color":"","overlay-opacity":"","overlay-gradient":""}},"ast-content-background-meta":{"desktop":{"background-color":"var(--ast-global-color-5)","background-image":"","background-repeat":"repeat","background-position":"center center","background-size":"auto","background-attachment":"scroll","background-type":"","background-media":"","overlay-type":"","overlay-color":"","overlay-opacity":"","overlay-gradient":""},"tablet":{"background-color":"var(--ast-global-color-5)","background-image":"","background-repeat":"repeat","background-position":"center center","background-size":"auto","background-attachment":"scroll","background-type":"","background-media":"","overlay-type":"","overlay-color":"","overlay-opacity":"","overlay-gradient":""},"mobile":{"background-color":"var(--ast-global-color-5)","background-image":"","background-repeat":"repeat","background-position":"center center","background-size":"auto","background-attachment":"scroll","background-type":"","background-media":"","overlay-type":"","overlay-color":"","overlay-opacity":"","overlay-gradient":""}}},"product_brand":[],"product_cat":[990],"product_tag":[],"class_list":{"0":"post-6535","1":"product","2":"type-product","3":"status-publish","4":"has-post-thumbnail","6":"product_cat-toys-childrens-and-baby-products","7":"pa_r21cv537-bil","8":"pa_r21cv537-lastbil","9":"pa_r21cv537-robot","10":"pa_r21cv537-tag","11":"pa_r21cv537-tank","12":"desktop-align-left","13":"tablet-align-left","14":"mobile-align-left","16":"first","17":"instock","18":"shipping-taxable","19":"purchasable","20":"product-type-variable"},"_links":{"self":[{"href":"https:\/\/keluvo.com\/se\/wp-json\/wp\/v2\/product\/6535","targetHints":{"allow":["GET"]}}],"collection":[{"href":"https:\/\/keluvo.com\/se\/wp-json\/wp\/v2\/product"}],"about":[{"href":"https:\/\/keluvo.com\/se\/wp-json\/wp\/v2\/types\/product"}],"replies":[{"embeddable":true,"href":"https:\/\/keluvo.com\/se\/wp-json\/wp\/v2\/comments?post=6535"}],"wp:featuredmedia":[{"embeddable":true,"href":"https:\/\/keluvo.com\/se\/wp-json\/wp\/v2\/media\/6531"}],"wp:attachment":[{"href":"https:\/\/keluvo.com\/se\/wp-json\/wp\/v2\/media?parent=6535"}],"wp:term":[{"taxonomy":"product_brand","embeddable":true,"href":"https:\/\/keluvo.com\/se\/wp-json\/wp\/v2\/product_brand?post=6535"},{"taxonomy":"product_cat","embeddable":true,"href":"https:\/\/keluvo.com\/se\/wp-json\/wp\/v2\/product_cat?post=6535"},{"taxonomy":"product_tag","embeddable":true,"href":"https:\/\/keluvo.com\/se\/wp-json\/wp\/v2\/product_tag?post=6535"}],"curies":[{"name":"wp","href":"https:\/\/api.w.org\/{rel}","templated":true}]}}