{"id":6521,"date":"2025-02-14T18:58:11","date_gmt":"2025-02-14T16:58:11","guid":{"rendered":"https:\/\/keluvo.com\/se\/product\/ringarmband\/"},"modified":"2025-08-15T15:16:24","modified_gmt":"2025-08-15T13:16:24","slug":"ringarmband","status":"publish","type":"product","link":"https:\/\/keluvo.com\/se\/product\/ringarmband\/","title":{"rendered":"Ringarmband"},"content":{"rendered":"<h2 style=\"text-align: center\"><strong>Unik Twistdesign<\/strong><\/h2>\n<p style=\"text-align: center\">Detta ringarmband har en kreativ twistdesign som kombinerar elegansen hos ett armband med det kompakta utseendet hos en ring. Det kan enkelt omvandlas f\u00f6r att passa din stil, vilket ger en touch av m\u00e5ngsidighet och charm till alla kl\u00e4der.<\/p>\n<p><img fetchpriority=\"high\" decoding=\"async\" width=\"900\" height=\"900\" class=\"alignnone size-medium wp-image-3384 aligncenter\" src=\"https:\/\/keluvo.com\/template\/wp-content\/uploads\/sites\/5\/2024\/11\/3e214883-16c9-465e-898c-a546306ecd41.png\" alt=\"\" srcset=\"https:\/\/keluvo.com\/se\/wp-content\/uploads\/sites\/12\/2024\/11\/3e214883-16c9-465e-898c-a546306ecd41.png 900w, https:\/\/keluvo.com\/se\/wp-content\/uploads\/sites\/12\/2024\/11\/3e214883-16c9-465e-898c-a546306ecd41-300x300.png 300w, https:\/\/keluvo.com\/se\/wp-content\/uploads\/sites\/12\/2024\/11\/3e214883-16c9-465e-898c-a546306ecd41-150x150.png 150w, https:\/\/keluvo.com\/se\/wp-content\/uploads\/sites\/12\/2024\/11\/3e214883-16c9-465e-898c-a546306ecd41-768x768.png 768w, https:\/\/keluvo.com\/se\/wp-content\/uploads\/sites\/12\/2024\/11\/3e214883-16c9-465e-898c-a546306ecd41-600x600.png 600w, https:\/\/keluvo.com\/se\/wp-content\/uploads\/sites\/12\/2024\/11\/3e214883-16c9-465e-898c-a546306ecd41-100x100.png 100w, https:\/\/keluvo.com\/se\/wp-content\/uploads\/sites\/12\/2024\/11\/3e214883-16c9-465e-898c-a546306ecd41-50x50.png 50w\" sizes=\"(max-width: 900px) 100vw, 900px\" \/><\/p>\n<h2 style=\"text-align: center\"><strong>Justerbar Och Bekv\u00e4m Passform<\/strong><\/h2>\n<p style=\"text-align: center\">Designad f\u00f6r att str\u00e4cka sig och dras tillbaka, erbjuder detta ringarmband en bekv\u00e4m passform f\u00f6r olika handledsstorlekar. Dess justerbara natur s\u00e4kerst\u00e4ller att du kan b\u00e4ra den som en ring eller ett armband utan problem, och anpassar sig enkelt till dina behov.<\/p>\n<p><img decoding=\"async\" width=\"1100\" height=\"1100\" class=\"alignnone size-medium wp-image-3386 aligncenter\" src=\"https:\/\/keluvo.com\/template\/wp-content\/uploads\/sites\/5\/2024\/11\/Sc80a37420ad449719d4431bbbbf9642cw.jpg\" alt=\"\" srcset=\"https:\/\/keluvo.com\/se\/wp-content\/uploads\/sites\/12\/2024\/11\/Sc80a37420ad449719d4431bbbbf9642cw.jpg 1100w, https:\/\/keluvo.com\/se\/wp-content\/uploads\/sites\/12\/2024\/11\/Sc80a37420ad449719d4431bbbbf9642cw-300x300.jpg 300w, https:\/\/keluvo.com\/se\/wp-content\/uploads\/sites\/12\/2024\/11\/Sc80a37420ad449719d4431bbbbf9642cw-1024x1024.jpg 1024w, https:\/\/keluvo.com\/se\/wp-content\/uploads\/sites\/12\/2024\/11\/Sc80a37420ad449719d4431bbbbf9642cw-150x150.jpg 150w, https:\/\/keluvo.com\/se\/wp-content\/uploads\/sites\/12\/2024\/11\/Sc80a37420ad449719d4431bbbbf9642cw-768x768.jpg 768w, https:\/\/keluvo.com\/se\/wp-content\/uploads\/sites\/12\/2024\/11\/Sc80a37420ad449719d4431bbbbf9642cw-600x600.jpg 600w, https:\/\/keluvo.com\/se\/wp-content\/uploads\/sites\/12\/2024\/11\/Sc80a37420ad449719d4431bbbbf9642cw-100x100.jpg 100w, https:\/\/keluvo.com\/se\/wp-content\/uploads\/sites\/12\/2024\/11\/Sc80a37420ad449719d4431bbbbf9642cw-50x50.jpg 50w\" sizes=\"(max-width: 1100px) 100vw, 1100px\" \/><\/p>\n","protected":false},"excerpt":{"rendered":"<p>Unik Twistdesign Detta ringarmband har en kreativ twistdesign som kombinerar elegansen hos ett armband med det kompakta utseendet hos en [&hellip;]<\/p>\n","protected":false},"featured_media":6517,"comment_status":"open","ping_status":"closed","template":"","meta":{"site-sidebar-layout":"default","site-content-layout":"","ast-site-content-layout":"default","site-content-style":"default","site-sidebar-style":"default","ast-global-header-display":"","ast-banner-title-visibility":"","ast-main-header-display":"","ast-hfb-above-header-display":"","ast-hfb-below-header-display":"","ast-hfb-mobile-header-display":"","site-post-title":"","ast-breadcrumbs-content":"","ast-featured-img":"","footer-sml-layout":"","theme-transparent-header-meta":"default","adv-header-id-meta":"","stick-header-meta":"","header-above-stick-meta":"","header-main-stick-meta":"","header-below-stick-meta":"","astra-migrate-meta-layouts":"set","ast-page-background-enabled":"default","ast-page-background-meta":{"desktop":{"background-color":"var(--ast-global-color-4)","background-image":"","background-repeat":"repeat","background-position":"center center","background-size":"auto","background-attachment":"scroll","background-type":"","background-media":"","overlay-type":"","overlay-color":"","overlay-opacity":"","overlay-gradient":""},"tablet":{"background-color":"","background-image":"","background-repeat":"repeat","background-position":"center center","background-size":"auto","background-attachment":"scroll","background-type":"","background-media":"","overlay-type":"","overlay-color":"","overlay-opacity":"","overlay-gradient":""},"mobile":{"background-color":"","background-image":"","background-repeat":"repeat","background-position":"center center","background-size":"auto","background-attachment":"scroll","background-type":"","background-media":"","overlay-type":"","overlay-color":"","overlay-opacity":"","overlay-gradient":""}},"ast-content-background-meta":{"desktop":{"background-color":"var(--ast-global-color-5)","background-image":"","background-repeat":"repeat","background-position":"center center","background-size":"auto","background-attachment":"scroll","background-type":"","background-media":"","overlay-type":"","overlay-color":"","overlay-opacity":"","overlay-gradient":""},"tablet":{"background-color":"var(--ast-global-color-5)","background-image":"","background-repeat":"repeat","background-position":"center center","background-size":"auto","background-attachment":"scroll","background-type":"","background-media":"","overlay-type":"","overlay-color":"","overlay-opacity":"","overlay-gradient":""},"mobile":{"background-color":"var(--ast-global-color-5)","background-image":"","background-repeat":"repeat","background-position":"center center","background-size":"auto","background-attachment":"scroll","background-type":"","background-media":"","overlay-type":"","overlay-color":"","overlay-opacity":"","overlay-gradient":""}}},"product_brand":[],"product_cat":[993],"product_tag":[],"class_list":{"0":"post-6521","1":"product","2":"type-product","3":"status-publish","4":"has-post-thumbnail","6":"product_cat-footwear-accessories","7":"pa_dpl88bu1-bla","8":"pa_dpl88bu1-guld","9":"pa_dpl88bu1-rod","10":"pa_dpl88bu1-vit","11":"desktop-align-left","12":"tablet-align-left","13":"mobile-align-left","15":"first","16":"instock","17":"shipping-taxable","18":"purchasable","19":"product-type-variable"},"_links":{"self":[{"href":"https:\/\/keluvo.com\/se\/wp-json\/wp\/v2\/product\/6521","targetHints":{"allow":["GET"]}}],"collection":[{"href":"https:\/\/keluvo.com\/se\/wp-json\/wp\/v2\/product"}],"about":[{"href":"https:\/\/keluvo.com\/se\/wp-json\/wp\/v2\/types\/product"}],"replies":[{"embeddable":true,"href":"https:\/\/keluvo.com\/se\/wp-json\/wp\/v2\/comments?post=6521"}],"wp:featuredmedia":[{"embeddable":true,"href":"https:\/\/keluvo.com\/se\/wp-json\/wp\/v2\/media\/6517"}],"wp:attachment":[{"href":"https:\/\/keluvo.com\/se\/wp-json\/wp\/v2\/media?parent=6521"}],"wp:term":[{"taxonomy":"product_brand","embeddable":true,"href":"https:\/\/keluvo.com\/se\/wp-json\/wp\/v2\/product_brand?post=6521"},{"taxonomy":"product_cat","embeddable":true,"href":"https:\/\/keluvo.com\/se\/wp-json\/wp\/v2\/product_cat?post=6521"},{"taxonomy":"product_tag","embeddable":true,"href":"https:\/\/keluvo.com\/se\/wp-json\/wp\/v2\/product_tag?post=6521"}],"curies":[{"name":"wp","href":"https:\/\/api.w.org\/{rel}","templated":true}]}}