{"id":6462,"date":"2025-02-14T18:46:47","date_gmt":"2025-02-14T16:46:47","guid":{"rendered":"https:\/\/keluvo.com\/se\/product\/anordning-mot-skallande\/"},"modified":"2025-03-15T14:30:34","modified_gmt":"2025-03-15T12:30:34","slug":"anordning-mot-skallande","status":"publish","type":"product","link":"https:\/\/keluvo.com\/se\/product\/anordning-mot-skallande\/","title":{"rendered":"Anordning mot sk\u00e4llande"},"content":{"rendered":"<h2 style=\"text-align: center;\"><strong>Ultraljud F\u00f6r Att Minska Sk\u00e4llandet<\/strong><\/h2>\n<p style=\"text-align: center;\">Anti-sk\u00e4llanordningen anv\u00e4nder s\u00e4kra ultraljudsv\u00e5gor f\u00f6r att motverka \u00f6verdrivet sk\u00e4llande. N\u00e4r hunden sk\u00e4ller p\u00e5 en viss decibelniv\u00e5 avger den ett ljud som f\u00f6rsiktigt uppmuntrar den att lugna ner sig. Med tiden l\u00e4r sig din hund att associera ljudet med sk\u00e4llande och minskar o\u00f6nskat ljud.<\/p>\n<p><img fetchpriority=\"high\" decoding=\"async\" width=\"800\" height=\"800\" class=\"alignnone size-medium wp-image-3509 aligncenter\" src=\"https:\/\/keluvo.com\/template\/wp-content\/uploads\/sites\/5\/2024\/11\/New-Ultrasonic-Barking-Stop-Device-Dog-Driving-Device-Noise-Prevention-Training-Device-Automatic-Dog-Barking-Stop.jpg_.png\" alt=\"\" srcset=\"https:\/\/keluvo.com\/se\/wp-content\/uploads\/sites\/12\/2024\/11\/New-Ultrasonic-Barking-Stop-Device-Dog-Driving-Device-Noise-Prevention-Training-Device-Automatic-Dog-Barking-Stop.jpg_.png 800w, https:\/\/keluvo.com\/se\/wp-content\/uploads\/sites\/12\/2024\/11\/New-Ultrasonic-Barking-Stop-Device-Dog-Driving-Device-Noise-Prevention-Training-Device-Automatic-Dog-Barking-Stop.jpg_-300x300.png 300w, https:\/\/keluvo.com\/se\/wp-content\/uploads\/sites\/12\/2024\/11\/New-Ultrasonic-Barking-Stop-Device-Dog-Driving-Device-Noise-Prevention-Training-Device-Automatic-Dog-Barking-Stop.jpg_-150x150.png 150w, https:\/\/keluvo.com\/se\/wp-content\/uploads\/sites\/12\/2024\/11\/New-Ultrasonic-Barking-Stop-Device-Dog-Driving-Device-Noise-Prevention-Training-Device-Automatic-Dog-Barking-Stop.jpg_-768x768.png 768w, https:\/\/keluvo.com\/se\/wp-content\/uploads\/sites\/12\/2024\/11\/New-Ultrasonic-Barking-Stop-Device-Dog-Driving-Device-Noise-Prevention-Training-Device-Automatic-Dog-Barking-Stop.jpg_-600x600.png 600w, https:\/\/keluvo.com\/se\/wp-content\/uploads\/sites\/12\/2024\/11\/New-Ultrasonic-Barking-Stop-Device-Dog-Driving-Device-Noise-Prevention-Training-Device-Automatic-Dog-Barking-Stop.jpg_-100x100.png 100w, https:\/\/keluvo.com\/se\/wp-content\/uploads\/sites\/12\/2024\/11\/New-Ultrasonic-Barking-Stop-Device-Dog-Driving-Device-Noise-Prevention-Training-Device-Automatic-Dog-Barking-Stop.jpg_-50x50.png 50w\" sizes=\"(max-width: 800px) 100vw, 800px\" \/><\/p>\n<h2 style=\"text-align: center;\"><strong>L\u00e4tt Och Enkel Att Anv\u00e4nda<\/strong><\/h2>\n<p style=\"text-align: center;\">Kompakt och l\u00e4tt, antisk\u00e4llanordningen \u00e4r enkel att installera och anv\u00e4nda. Placera den helt enkelt i ett omr\u00e5de d\u00e4r din hund tenderar att sk\u00e4lla mest. Enhetens enkla design g\u00f6r den till en praktisk l\u00f6sning f\u00f6r en tystare milj\u00f6 i hemmet.<\/p>\n<p><img decoding=\"async\" width=\"1000\" height=\"1000\" class=\"alignnone size-medium wp-image-3510 aligncenter\" src=\"https:\/\/keluvo.com\/template\/wp-content\/uploads\/sites\/5\/2024\/11\/Se1ffc9892bba4c0b86b20f5f5e569ea92.jpg\" alt=\"\" srcset=\"https:\/\/keluvo.com\/se\/wp-content\/uploads\/sites\/12\/2024\/11\/Se1ffc9892bba4c0b86b20f5f5e569ea92.jpg 1000w, https:\/\/keluvo.com\/se\/wp-content\/uploads\/sites\/12\/2024\/11\/Se1ffc9892bba4c0b86b20f5f5e569ea92-300x300.jpg 300w, https:\/\/keluvo.com\/se\/wp-content\/uploads\/sites\/12\/2024\/11\/Se1ffc9892bba4c0b86b20f5f5e569ea92-150x150.jpg 150w, https:\/\/keluvo.com\/se\/wp-content\/uploads\/sites\/12\/2024\/11\/Se1ffc9892bba4c0b86b20f5f5e569ea92-768x768.jpg 768w, https:\/\/keluvo.com\/se\/wp-content\/uploads\/sites\/12\/2024\/11\/Se1ffc9892bba4c0b86b20f5f5e569ea92-600x600.jpg 600w, https:\/\/keluvo.com\/se\/wp-content\/uploads\/sites\/12\/2024\/11\/Se1ffc9892bba4c0b86b20f5f5e569ea92-100x100.jpg 100w, https:\/\/keluvo.com\/se\/wp-content\/uploads\/sites\/12\/2024\/11\/Se1ffc9892bba4c0b86b20f5f5e569ea92-50x50.jpg 50w\" sizes=\"(max-width: 1000px) 100vw, 1000px\" \/><\/p>\n","protected":false},"excerpt":{"rendered":"<p>Ultraljud F\u00f6r Att Minska Sk\u00e4llandet Anti-sk\u00e4llanordningen anv\u00e4nder s\u00e4kra ultraljudsv\u00e5gor f\u00f6r att motverka \u00f6verdrivet sk\u00e4llande. N\u00e4r hunden sk\u00e4ller p\u00e5 en viss [&hellip;]<\/p>\n","protected":false},"featured_media":6458,"comment_status":"open","ping_status":"closed","template":"","meta":{"site-sidebar-layout":"default","site-content-layout":"","ast-site-content-layout":"default","site-content-style":"default","site-sidebar-style":"default","ast-global-header-display":"","ast-banner-title-visibility":"","ast-main-header-display":"","ast-hfb-above-header-display":"","ast-hfb-below-header-display":"","ast-hfb-mobile-header-display":"","site-post-title":"","ast-breadcrumbs-content":"","ast-featured-img":"","footer-sml-layout":"","theme-transparent-header-meta":"default","adv-header-id-meta":"","stick-header-meta":"","header-above-stick-meta":"","header-main-stick-meta":"","header-below-stick-meta":"","astra-migrate-meta-layouts":"set","ast-page-background-enabled":"default","ast-page-background-meta":{"desktop":{"background-color":"var(--ast-global-color-4)","background-image":"","background-repeat":"repeat","background-position":"center center","background-size":"auto","background-attachment":"scroll","background-type":"","background-media":"","overlay-type":"","overlay-color":"","overlay-opacity":"","overlay-gradient":""},"tablet":{"background-color":"","background-image":"","background-repeat":"repeat","background-position":"center center","background-size":"auto","background-attachment":"scroll","background-type":"","background-media":"","overlay-type":"","overlay-color":"","overlay-opacity":"","overlay-gradient":""},"mobile":{"background-color":"","background-image":"","background-repeat":"repeat","background-position":"center center","background-size":"auto","background-attachment":"scroll","background-type":"","background-media":"","overlay-type":"","overlay-color":"","overlay-opacity":"","overlay-gradient":""}},"ast-content-background-meta":{"desktop":{"background-color":"var(--ast-global-color-5)","background-image":"","background-repeat":"repeat","background-position":"center center","background-size":"auto","background-attachment":"scroll","background-type":"","background-media":"","overlay-type":"","overlay-color":"","overlay-opacity":"","overlay-gradient":""},"tablet":{"background-color":"var(--ast-global-color-5)","background-image":"","background-repeat":"repeat","background-position":"center center","background-size":"auto","background-attachment":"scroll","background-type":"","background-media":"","overlay-type":"","overlay-color":"","overlay-opacity":"","overlay-gradient":""},"mobile":{"background-color":"var(--ast-global-color-5)","background-image":"","background-repeat":"repeat","background-position":"center center","background-size":"auto","background-attachment":"scroll","background-type":"","background-media":"","overlay-type":"","overlay-color":"","overlay-opacity":"","overlay-gradient":""}}},"product_brand":[],"product_cat":[997],"product_tag":[],"class_list":{"0":"post-6462","1":"product","2":"type-product","3":"status-publish","4":"has-post-thumbnail","6":"product_cat-pets-products","7":"desktop-align-left","8":"tablet-align-left","9":"mobile-align-left","11":"first","12":"instock","13":"shipping-taxable","14":"purchasable","15":"product-type-simple"},"_links":{"self":[{"href":"https:\/\/keluvo.com\/se\/wp-json\/wp\/v2\/product\/6462","targetHints":{"allow":["GET"]}}],"collection":[{"href":"https:\/\/keluvo.com\/se\/wp-json\/wp\/v2\/product"}],"about":[{"href":"https:\/\/keluvo.com\/se\/wp-json\/wp\/v2\/types\/product"}],"replies":[{"embeddable":true,"href":"https:\/\/keluvo.com\/se\/wp-json\/wp\/v2\/comments?post=6462"}],"wp:featuredmedia":[{"embeddable":true,"href":"https:\/\/keluvo.com\/se\/wp-json\/wp\/v2\/media\/6458"}],"wp:attachment":[{"href":"https:\/\/keluvo.com\/se\/wp-json\/wp\/v2\/media?parent=6462"}],"wp:term":[{"taxonomy":"product_brand","embeddable":true,"href":"https:\/\/keluvo.com\/se\/wp-json\/wp\/v2\/product_brand?post=6462"},{"taxonomy":"product_cat","embeddable":true,"href":"https:\/\/keluvo.com\/se\/wp-json\/wp\/v2\/product_cat?post=6462"},{"taxonomy":"product_tag","embeddable":true,"href":"https:\/\/keluvo.com\/se\/wp-json\/wp\/v2\/product_tag?post=6462"}],"curies":[{"name":"wp","href":"https:\/\/api.w.org\/{rel}","templated":true}]}}