{"id":6447,"date":"2025-02-14T13:46:09","date_gmt":"2025-02-14T11:46:09","guid":{"rendered":"https:\/\/keluvo.com\/se\/product\/bubble-pop-spel\/"},"modified":"2025-08-12T12:04:12","modified_gmt":"2025-08-12T10:04:12","slug":"bubble-pop-spel","status":"publish","type":"product","link":"https:\/\/keluvo.com\/se\/product\/bubble-pop-spel\/","title":{"rendered":"Bubble pop-spel"},"content":{"rendered":"<h2 style=\"text-align: center\"><strong>Roligt Och Engagerande Gameplay<\/strong><\/h2>\n<p style=\"text-align: center\">Bubble pop-spelet erbjuder fyra sp\u00e4nnande spell\u00e4gen f\u00f6r att h\u00e5lla barnen underh\u00e5llna och engagerade. Varje l\u00e4ge hj\u00e4lper till att utveckla reaktionstid, hand-\u00f6ga-koordination och uppm\u00e4rksamhetsf\u00f6rm\u00e5ga. Den dynamiska musiken och bubbelpoppandet skapar en rolig sensorisk upplevelse f\u00f6r timmar av lek.<\/p>\n<p><img decoding=\"async\" class=\"alignnone size-medium wp-image-4299 aligncenter\" src=\"https:\/\/keluvo.com\/template\/wp-content\/uploads\/sites\/5\/2024\/11\/2152bfb8-cb69-46ef-a850-dd099ced3c2c.webp\" alt=\"\" \/><\/p>\n<h2 style=\"text-align: center\"><strong>Kompakt Och B\u00e4rbar Design<\/strong><\/h2>\n<p style=\"text-align: center\">Bubbelpoppspelet \u00e4r utformat f\u00f6r bekv\u00e4mlighet och \u00e4r kompakt och l\u00e4tt, vilket g\u00f6r det enkelt att ta med sig \u00f6verallt. Oavsett om du \u00e4r hemma, i bilen eller v\u00e4ntar i k\u00f6n, ger detta spel stressavlastning och underh\u00e5llning n\u00e4r du \u00e4r p\u00e5 spr\u00e5ng. Dess h\u00e5llbara silikon- och plastmaterial s\u00e4kerst\u00e4ller l\u00e5ngvarig anv\u00e4ndning.<\/p>\n<p><img decoding=\"async\" class=\"alignnone size-medium wp-image-4297 aligncenter\" src=\"https:\/\/keluvo.com\/template\/wp-content\/uploads\/sites\/5\/2024\/11\/8c14588f-d36a-41d8-8f28-43ce706058d3.webp\" alt=\"\" \/><\/p>\n","protected":false},"excerpt":{"rendered":"<p>Roligt Och Engagerande Gameplay Bubble pop-spelet erbjuder fyra sp\u00e4nnande spell\u00e4gen f\u00f6r att h\u00e5lla barnen underh\u00e5llna och engagerade. Varje l\u00e4ge hj\u00e4lper [&hellip;]<\/p>\n","protected":false},"featured_media":6443,"comment_status":"open","ping_status":"closed","template":"","meta":{"site-sidebar-layout":"default","site-content-layout":"","ast-site-content-layout":"default","site-content-style":"default","site-sidebar-style":"default","ast-global-header-display":"","ast-banner-title-visibility":"","ast-main-header-display":"","ast-hfb-above-header-display":"","ast-hfb-below-header-display":"","ast-hfb-mobile-header-display":"","site-post-title":"","ast-breadcrumbs-content":"","ast-featured-img":"","footer-sml-layout":"","theme-transparent-header-meta":"default","adv-header-id-meta":"","stick-header-meta":"","header-above-stick-meta":"","header-main-stick-meta":"","header-below-stick-meta":"","astra-migrate-meta-layouts":"set","ast-page-background-enabled":"default","ast-page-background-meta":{"desktop":{"background-color":"var(--ast-global-color-4)","background-image":"","background-repeat":"repeat","background-position":"center center","background-size":"auto","background-attachment":"scroll","background-type":"","background-media":"","overlay-type":"","overlay-color":"","overlay-opacity":"","overlay-gradient":""},"tablet":{"background-color":"","background-image":"","background-repeat":"repeat","background-position":"center center","background-size":"auto","background-attachment":"scroll","background-type":"","background-media":"","overlay-type":"","overlay-color":"","overlay-opacity":"","overlay-gradient":""},"mobile":{"background-color":"","background-image":"","background-repeat":"repeat","background-position":"center center","background-size":"auto","background-attachment":"scroll","background-type":"","background-media":"","overlay-type":"","overlay-color":"","overlay-opacity":"","overlay-gradient":""}},"ast-content-background-meta":{"desktop":{"background-color":"var(--ast-global-color-5)","background-image":"","background-repeat":"repeat","background-position":"center center","background-size":"auto","background-attachment":"scroll","background-type":"","background-media":"","overlay-type":"","overlay-color":"","overlay-opacity":"","overlay-gradient":""},"tablet":{"background-color":"var(--ast-global-color-5)","background-image":"","background-repeat":"repeat","background-position":"center center","background-size":"auto","background-attachment":"scroll","background-type":"","background-media":"","overlay-type":"","overlay-color":"","overlay-opacity":"","overlay-gradient":""},"mobile":{"background-color":"var(--ast-global-color-5)","background-image":"","background-repeat":"repeat","background-position":"center center","background-size":"auto","background-attachment":"scroll","background-type":"","background-media":"","overlay-type":"","overlay-color":"","overlay-opacity":"","overlay-gradient":""}}},"product_brand":[],"product_cat":[990],"product_tag":[],"class_list":{"0":"post-6447","1":"product","2":"type-product","3":"status-publish","4":"has-post-thumbnail","6":"product_cat-toys-childrens-and-baby-products","7":"pa_9o39pe1o-bla","8":"pa_9o39pe1o-brun","9":"desktop-align-left","10":"tablet-align-left","11":"mobile-align-left","13":"first","14":"instock","15":"shipping-taxable","16":"purchasable","17":"product-type-variable"},"_links":{"self":[{"href":"https:\/\/keluvo.com\/se\/wp-json\/wp\/v2\/product\/6447","targetHints":{"allow":["GET"]}}],"collection":[{"href":"https:\/\/keluvo.com\/se\/wp-json\/wp\/v2\/product"}],"about":[{"href":"https:\/\/keluvo.com\/se\/wp-json\/wp\/v2\/types\/product"}],"replies":[{"embeddable":true,"href":"https:\/\/keluvo.com\/se\/wp-json\/wp\/v2\/comments?post=6447"}],"wp:featuredmedia":[{"embeddable":true,"href":"https:\/\/keluvo.com\/se\/wp-json\/wp\/v2\/media\/6443"}],"wp:attachment":[{"href":"https:\/\/keluvo.com\/se\/wp-json\/wp\/v2\/media?parent=6447"}],"wp:term":[{"taxonomy":"product_brand","embeddable":true,"href":"https:\/\/keluvo.com\/se\/wp-json\/wp\/v2\/product_brand?post=6447"},{"taxonomy":"product_cat","embeddable":true,"href":"https:\/\/keluvo.com\/se\/wp-json\/wp\/v2\/product_cat?post=6447"},{"taxonomy":"product_tag","embeddable":true,"href":"https:\/\/keluvo.com\/se\/wp-json\/wp\/v2\/product_tag?post=6447"}],"curies":[{"name":"wp","href":"https:\/\/api.w.org\/{rel}","templated":true}]}}