{"id":6430,"date":"2025-02-13T23:15:01","date_gmt":"2025-02-13T21:15:01","guid":{"rendered":"https:\/\/keluvo.com\/se\/product\/solar-power-bank\/"},"modified":"2025-02-13T23:15:32","modified_gmt":"2025-02-13T21:15:32","slug":"solar-power-bank","status":"publish","type":"product","link":"https:\/\/keluvo.com\/se\/product\/solar-power-bank\/","title":{"rendered":"Solar power bank"},"content":{"rendered":"<h2 style=\"text-align: center\"><strong>Smart Och S\u00e4ker Laddning<\/strong><\/h2>\n<p style=\"text-align: center\">Den h\u00e4r solcellsbanken har avancerade s\u00e4kerhetsfunktioner f\u00f6r att skydda mot \u00f6verladdning, \u00f6verstr\u00f6m och kortslutning. Den \u00e4r kompatibel med ett brett utbud av enheter och ger effektiv laddning med en omvandlingsfrekvens p\u00e5 90 %. Du kan k\u00e4nna dig trygg med att dina enheter laddas p\u00e5 ett s\u00e4kert och effektivt s\u00e4tt.<\/p>\n<p><img fetchpriority=\"high\" decoding=\"async\" width=\"700\" height=\"700\" class=\"alignnone size-medium wp-image-3958 aligncenter\" src=\"https:\/\/keluvo.com\/template\/wp-content\/uploads\/sites\/5\/2024\/11\/8f0a819e-a802-48ab-8b69-305c3d927805.webp\" alt=\"\" srcset=\"https:\/\/keluvo.com\/se\/wp-content\/uploads\/sites\/12\/2024\/11\/8f0a819e-a802-48ab-8b69-305c3d927805.webp 700w, https:\/\/keluvo.com\/se\/wp-content\/uploads\/sites\/12\/2024\/11\/8f0a819e-a802-48ab-8b69-305c3d927805-300x300.webp 300w, https:\/\/keluvo.com\/se\/wp-content\/uploads\/sites\/12\/2024\/11\/8f0a819e-a802-48ab-8b69-305c3d927805-150x150.webp 150w, https:\/\/keluvo.com\/se\/wp-content\/uploads\/sites\/12\/2024\/11\/8f0a819e-a802-48ab-8b69-305c3d927805-600x600.webp 600w, https:\/\/keluvo.com\/se\/wp-content\/uploads\/sites\/12\/2024\/11\/8f0a819e-a802-48ab-8b69-305c3d927805-100x100.webp 100w, https:\/\/keluvo.com\/se\/wp-content\/uploads\/sites\/12\/2024\/11\/8f0a819e-a802-48ab-8b69-305c3d927805-50x50.webp 50w\" sizes=\"(max-width: 700px) 100vw, 700px\" \/><\/p>\n<h2 style=\"text-align: center\"><strong>T\u00e5lig Och Redo F\u00f6r Utomhusbruk<\/strong><\/h2>\n<p style=\"text-align: center\">Solar power bank \u00e4r vattent\u00e4t och utformad f\u00f6r robust anv\u00e4ndning och \u00e4r byggd f\u00f6r att klara utomhus\u00e4ventyr. Den har en inbyggd ficklampa och kompass, vilket \u00e4r viktigt f\u00f6r camping, vandring eller fisketurer. Dess h\u00e5llbara konstruktion garanterar tillf\u00f6rlitlig prestanda \u00e4ven i utmanande milj\u00f6er.<\/p>\n<p><img decoding=\"async\" width=\"700\" height=\"700\" class=\"alignnone size-medium wp-image-3961 aligncenter\" src=\"https:\/\/keluvo.com\/template\/wp-content\/uploads\/sites\/5\/2024\/11\/6749eaa1-831f-42fe-bc3c-5fbbaa6a7a30.webp\" alt=\"\" srcset=\"https:\/\/keluvo.com\/se\/wp-content\/uploads\/sites\/12\/2024\/11\/6749eaa1-831f-42fe-bc3c-5fbbaa6a7a30.webp 700w, https:\/\/keluvo.com\/se\/wp-content\/uploads\/sites\/12\/2024\/11\/6749eaa1-831f-42fe-bc3c-5fbbaa6a7a30-300x300.webp 300w, https:\/\/keluvo.com\/se\/wp-content\/uploads\/sites\/12\/2024\/11\/6749eaa1-831f-42fe-bc3c-5fbbaa6a7a30-150x150.webp 150w, https:\/\/keluvo.com\/se\/wp-content\/uploads\/sites\/12\/2024\/11\/6749eaa1-831f-42fe-bc3c-5fbbaa6a7a30-600x600.webp 600w, https:\/\/keluvo.com\/se\/wp-content\/uploads\/sites\/12\/2024\/11\/6749eaa1-831f-42fe-bc3c-5fbbaa6a7a30-100x100.webp 100w, https:\/\/keluvo.com\/se\/wp-content\/uploads\/sites\/12\/2024\/11\/6749eaa1-831f-42fe-bc3c-5fbbaa6a7a30-50x50.webp 50w\" sizes=\"(max-width: 700px) 100vw, 700px\" \/><\/p>\n","protected":false},"excerpt":{"rendered":"<p>Smart Och S\u00e4ker Laddning Den h\u00e4r solcellsbanken har avancerade s\u00e4kerhetsfunktioner f\u00f6r att skydda mot \u00f6verladdning, \u00f6verstr\u00f6m och kortslutning. Den \u00e4r [&hellip;]<\/p>\n","protected":false},"featured_media":6426,"comment_status":"open","ping_status":"closed","template":"","meta":{"site-sidebar-layout":"default","site-content-layout":"","ast-site-content-layout":"default","site-content-style":"default","site-sidebar-style":"default","ast-global-header-display":"","ast-banner-title-visibility":"","ast-main-header-display":"","ast-hfb-above-header-display":"","ast-hfb-below-header-display":"","ast-hfb-mobile-header-display":"","site-post-title":"","ast-breadcrumbs-content":"","ast-featured-img":"","footer-sml-layout":"","theme-transparent-header-meta":"default","adv-header-id-meta":"","stick-header-meta":"","header-above-stick-meta":"","header-main-stick-meta":"","header-below-stick-meta":"","astra-migrate-meta-layouts":"set","ast-page-background-enabled":"default","ast-page-background-meta":{"desktop":{"background-color":"var(--ast-global-color-4)","background-image":"","background-repeat":"repeat","background-position":"center center","background-size":"auto","background-attachment":"scroll","background-type":"","background-media":"","overlay-type":"","overlay-color":"","overlay-opacity":"","overlay-gradient":""},"tablet":{"background-color":"","background-image":"","background-repeat":"repeat","background-position":"center center","background-size":"auto","background-attachment":"scroll","background-type":"","background-media":"","overlay-type":"","overlay-color":"","overlay-opacity":"","overlay-gradient":""},"mobile":{"background-color":"","background-image":"","background-repeat":"repeat","background-position":"center center","background-size":"auto","background-attachment":"scroll","background-type":"","background-media":"","overlay-type":"","overlay-color":"","overlay-opacity":"","overlay-gradient":""}},"ast-content-background-meta":{"desktop":{"background-color":"var(--ast-global-color-5)","background-image":"","background-repeat":"repeat","background-position":"center center","background-size":"auto","background-attachment":"scroll","background-type":"","background-media":"","overlay-type":"","overlay-color":"","overlay-opacity":"","overlay-gradient":""},"tablet":{"background-color":"var(--ast-global-color-5)","background-image":"","background-repeat":"repeat","background-position":"center center","background-size":"auto","background-attachment":"scroll","background-type":"","background-media":"","overlay-type":"","overlay-color":"","overlay-opacity":"","overlay-gradient":""},"mobile":{"background-color":"var(--ast-global-color-5)","background-image":"","background-repeat":"repeat","background-position":"center center","background-size":"auto","background-attachment":"scroll","background-type":"","background-media":"","overlay-type":"","overlay-color":"","overlay-opacity":"","overlay-gradient":""}}},"product_brand":[],"product_cat":[1000],"product_tag":[],"class_list":{"0":"post-6430","1":"product","2":"type-product","3":"status-publish","4":"has-post-thumbnail","6":"product_cat-hiking-camping-and-leisure-goods","7":"pa_xqro1fri-bla","8":"pa_xqro1fri-gron","9":"pa_xqro1fri-orange","10":"pa_xqro1fri-svart","11":"desktop-align-left","12":"tablet-align-left","13":"mobile-align-left","15":"first","16":"instock","17":"shipping-taxable","18":"purchasable","19":"product-type-variable"},"_links":{"self":[{"href":"https:\/\/keluvo.com\/se\/wp-json\/wp\/v2\/product\/6430","targetHints":{"allow":["GET"]}}],"collection":[{"href":"https:\/\/keluvo.com\/se\/wp-json\/wp\/v2\/product"}],"about":[{"href":"https:\/\/keluvo.com\/se\/wp-json\/wp\/v2\/types\/product"}],"replies":[{"embeddable":true,"href":"https:\/\/keluvo.com\/se\/wp-json\/wp\/v2\/comments?post=6430"}],"wp:featuredmedia":[{"embeddable":true,"href":"https:\/\/keluvo.com\/se\/wp-json\/wp\/v2\/media\/6426"}],"wp:attachment":[{"href":"https:\/\/keluvo.com\/se\/wp-json\/wp\/v2\/media?parent=6430"}],"wp:term":[{"taxonomy":"product_brand","embeddable":true,"href":"https:\/\/keluvo.com\/se\/wp-json\/wp\/v2\/product_brand?post=6430"},{"taxonomy":"product_cat","embeddable":true,"href":"https:\/\/keluvo.com\/se\/wp-json\/wp\/v2\/product_cat?post=6430"},{"taxonomy":"product_tag","embeddable":true,"href":"https:\/\/keluvo.com\/se\/wp-json\/wp\/v2\/product_tag?post=6430"}],"curies":[{"name":"wp","href":"https:\/\/api.w.org\/{rel}","templated":true}]}}