{"id":6399,"date":"2025-02-13T23:10:56","date_gmt":"2025-02-13T21:10:56","guid":{"rendered":"https:\/\/keluvo.com\/se\/product\/solcellslampa-for-tradgard-1-st\/"},"modified":"2025-06-20T10:52:58","modified_gmt":"2025-06-20T08:52:58","slug":"solcellslampa-for-tradgard-1-st-1","status":"publish","type":"product","link":"https:\/\/keluvo.com\/se\/product\/solcellslampa-for-tradgard-1-st-1\/","title":{"rendered":"Solcellslampa f\u00f6r tr\u00e4dg\u00e5rd (1 st)"},"content":{"rendered":"<h2 style=\"text-align: center;\"><strong>Automatisk P\u00e5\/Av-Funktion<\/strong><\/h2>\n<p style=\"text-align: center;\">Solbelysningen f\u00f6r tr\u00e4dg\u00e5rden \u00e4r utformad f\u00f6r att automatiskt t\u00e4ndas p\u00e5 natten och sl\u00e4ckas under dagen. Efter att ha utsatts f\u00f6r solljus i 6-8 timmar laddas den helt och kan arbeta i 8-10 timmar. Denna praktiska funktion s\u00e4kerst\u00e4ller att du inte beh\u00f6ver oroa dig f\u00f6r att manuellt sl\u00e5 p\u00e5 eller st\u00e4nga av den.<\/p>\n<p><img fetchpriority=\"high\" decoding=\"async\" width=\"800\" height=\"800\" class=\"alignnone size-medium wp-image-3619 aligncenter\" src=\"https:\/\/keluvo.com\/template\/wp-content\/uploads\/sites\/5\/2024\/11\/Solar-LED-Cracked-Glass-Lamp-Outdoor-Garden-Lawn-Pluggable-Waterproof-Ice-Ball-Light-Step-Atmosphere-Decorative.jpg_.png\" alt=\"\" srcset=\"https:\/\/keluvo.com\/se\/wp-content\/uploads\/sites\/12\/2024\/11\/Solar-LED-Cracked-Glass-Lamp-Outdoor-Garden-Lawn-Pluggable-Waterproof-Ice-Ball-Light-Step-Atmosphere-Decorative.jpg_.png 800w, https:\/\/keluvo.com\/se\/wp-content\/uploads\/sites\/12\/2024\/11\/Solar-LED-Cracked-Glass-Lamp-Outdoor-Garden-Lawn-Pluggable-Waterproof-Ice-Ball-Light-Step-Atmosphere-Decorative.jpg_-300x300.png 300w, https:\/\/keluvo.com\/se\/wp-content\/uploads\/sites\/12\/2024\/11\/Solar-LED-Cracked-Glass-Lamp-Outdoor-Garden-Lawn-Pluggable-Waterproof-Ice-Ball-Light-Step-Atmosphere-Decorative.jpg_-150x150.png 150w, https:\/\/keluvo.com\/se\/wp-content\/uploads\/sites\/12\/2024\/11\/Solar-LED-Cracked-Glass-Lamp-Outdoor-Garden-Lawn-Pluggable-Waterproof-Ice-Ball-Light-Step-Atmosphere-Decorative.jpg_-768x768.png 768w, https:\/\/keluvo.com\/se\/wp-content\/uploads\/sites\/12\/2024\/11\/Solar-LED-Cracked-Glass-Lamp-Outdoor-Garden-Lawn-Pluggable-Waterproof-Ice-Ball-Light-Step-Atmosphere-Decorative.jpg_-600x600.png 600w, https:\/\/keluvo.com\/se\/wp-content\/uploads\/sites\/12\/2024\/11\/Solar-LED-Cracked-Glass-Lamp-Outdoor-Garden-Lawn-Pluggable-Waterproof-Ice-Ball-Light-Step-Atmosphere-Decorative.jpg_-100x100.png 100w, https:\/\/keluvo.com\/se\/wp-content\/uploads\/sites\/12\/2024\/11\/Solar-LED-Cracked-Glass-Lamp-Outdoor-Garden-Lawn-Pluggable-Waterproof-Ice-Ball-Light-Step-Atmosphere-Decorative.jpg_-50x50.png 50w\" sizes=\"(max-width: 800px) 100vw, 800px\" \/><\/p>\n<h2 style=\"text-align: center;\"><strong>H\u00e5llbar &amp; V\u00e4derbest\u00e4ndig<\/strong><\/h2>\n<p style=\"text-align: center;\">Med sin h\u00e5llbara glas- och ABS-plastkonstruktion \u00e4r solcellslampan f\u00f6r tr\u00e4dg\u00e5rden byggd f\u00f6r att klara olika v\u00e4derf\u00f6rh\u00e5llanden. Den \u00e4r v\u00e4derbest\u00e4ndig och skyddad av en IP65-klassning, vilket g\u00f6r den perfekt f\u00f6r utomhusbruk \u00e5ret runt. Ljuset kommer att forts\u00e4tta lysa starkt och skapa en h\u00e4rlig atmosf\u00e4r i din tr\u00e4dg\u00e5rd.<\/p>\n<p><img decoding=\"async\" width=\"416\" height=\"416\" class=\"alignnone size-medium wp-image-3616 aligncenter\" src=\"https:\/\/keluvo.com\/template\/wp-content\/uploads\/sites\/5\/2024\/11\/b8cf2ea0-6c74-4b2d-a1aa-e6a8bfc2236d.webp\" alt=\"\" srcset=\"https:\/\/keluvo.com\/se\/wp-content\/uploads\/sites\/12\/2024\/11\/b8cf2ea0-6c74-4b2d-a1aa-e6a8bfc2236d.webp 416w, https:\/\/keluvo.com\/se\/wp-content\/uploads\/sites\/12\/2024\/11\/b8cf2ea0-6c74-4b2d-a1aa-e6a8bfc2236d-300x300.webp 300w, https:\/\/keluvo.com\/se\/wp-content\/uploads\/sites\/12\/2024\/11\/b8cf2ea0-6c74-4b2d-a1aa-e6a8bfc2236d-150x150.webp 150w, https:\/\/keluvo.com\/se\/wp-content\/uploads\/sites\/12\/2024\/11\/b8cf2ea0-6c74-4b2d-a1aa-e6a8bfc2236d-100x100.webp 100w, https:\/\/keluvo.com\/se\/wp-content\/uploads\/sites\/12\/2024\/11\/b8cf2ea0-6c74-4b2d-a1aa-e6a8bfc2236d-50x50.webp 50w\" sizes=\"(max-width: 416px) 100vw, 416px\" \/><\/p>\n","protected":false},"excerpt":{"rendered":"<p>Automatisk P\u00e5\/Av-Funktion Solbelysningen f\u00f6r tr\u00e4dg\u00e5rden \u00e4r utformad f\u00f6r att automatiskt t\u00e4ndas p\u00e5 natten och sl\u00e4ckas under dagen. Efter att ha [&hellip;]<\/p>\n","protected":false},"featured_media":6395,"comment_status":"open","ping_status":"closed","template":"","meta":{"site-sidebar-layout":"default","site-content-layout":"","ast-site-content-layout":"default","site-content-style":"default","site-sidebar-style":"default","ast-global-header-display":"","ast-banner-title-visibility":"","ast-main-header-display":"","ast-hfb-above-header-display":"","ast-hfb-below-header-display":"","ast-hfb-mobile-header-display":"","site-post-title":"","ast-breadcrumbs-content":"","ast-featured-img":"","footer-sml-layout":"","theme-transparent-header-meta":"default","adv-header-id-meta":"","stick-header-meta":"","header-above-stick-meta":"","header-main-stick-meta":"","header-below-stick-meta":"","astra-migrate-meta-layouts":"set","ast-page-background-enabled":"default","ast-page-background-meta":{"desktop":{"background-color":"var(--ast-global-color-4)","background-image":"","background-repeat":"repeat","background-position":"center center","background-size":"auto","background-attachment":"scroll","background-type":"","background-media":"","overlay-type":"","overlay-color":"","overlay-opacity":"","overlay-gradient":""},"tablet":{"background-color":"","background-image":"","background-repeat":"repeat","background-position":"center center","background-size":"auto","background-attachment":"scroll","background-type":"","background-media":"","overlay-type":"","overlay-color":"","overlay-opacity":"","overlay-gradient":""},"mobile":{"background-color":"","background-image":"","background-repeat":"repeat","background-position":"center center","background-size":"auto","background-attachment":"scroll","background-type":"","background-media":"","overlay-type":"","overlay-color":"","overlay-opacity":"","overlay-gradient":""}},"ast-content-background-meta":{"desktop":{"background-color":"var(--ast-global-color-5)","background-image":"","background-repeat":"repeat","background-position":"center center","background-size":"auto","background-attachment":"scroll","background-type":"","background-media":"","overlay-type":"","overlay-color":"","overlay-opacity":"","overlay-gradient":""},"tablet":{"background-color":"var(--ast-global-color-5)","background-image":"","background-repeat":"repeat","background-position":"center center","background-size":"auto","background-attachment":"scroll","background-type":"","background-media":"","overlay-type":"","overlay-color":"","overlay-opacity":"","overlay-gradient":""},"mobile":{"background-color":"var(--ast-global-color-5)","background-image":"","background-repeat":"repeat","background-position":"center center","background-size":"auto","background-attachment":"scroll","background-type":"","background-media":"","overlay-type":"","overlay-color":"","overlay-opacity":"","overlay-gradient":""}}},"product_brand":[],"product_cat":[1001],"product_tag":[],"class_list":{"0":"post-6399","1":"product","2":"type-product","3":"status-publish","4":"has-post-thumbnail","6":"product_cat-household-goods","7":"pa_qxur6qwi-bla","8":"pa_qxur6qwi-guld","9":"pa_qxur6qwi-vit","10":"desktop-align-left","11":"tablet-align-left","12":"mobile-align-left","14":"first","15":"instock","16":"shipping-taxable","17":"purchasable","18":"product-type-variable"},"_links":{"self":[{"href":"https:\/\/keluvo.com\/se\/wp-json\/wp\/v2\/product\/6399","targetHints":{"allow":["GET"]}}],"collection":[{"href":"https:\/\/keluvo.com\/se\/wp-json\/wp\/v2\/product"}],"about":[{"href":"https:\/\/keluvo.com\/se\/wp-json\/wp\/v2\/types\/product"}],"replies":[{"embeddable":true,"href":"https:\/\/keluvo.com\/se\/wp-json\/wp\/v2\/comments?post=6399"}],"wp:featuredmedia":[{"embeddable":true,"href":"https:\/\/keluvo.com\/se\/wp-json\/wp\/v2\/media\/6395"}],"wp:attachment":[{"href":"https:\/\/keluvo.com\/se\/wp-json\/wp\/v2\/media?parent=6399"}],"wp:term":[{"taxonomy":"product_brand","embeddable":true,"href":"https:\/\/keluvo.com\/se\/wp-json\/wp\/v2\/product_brand?post=6399"},{"taxonomy":"product_cat","embeddable":true,"href":"https:\/\/keluvo.com\/se\/wp-json\/wp\/v2\/product_cat?post=6399"},{"taxonomy":"product_tag","embeddable":true,"href":"https:\/\/keluvo.com\/se\/wp-json\/wp\/v2\/product_tag?post=6399"}],"curies":[{"name":"wp","href":"https:\/\/api.w.org\/{rel}","templated":true}]}}