{"id":6384,"date":"2025-02-13T23:09:00","date_gmt":"2025-02-13T21:09:00","guid":{"rendered":"https:\/\/keluvo.com\/se\/product\/planbok-i-lader\/"},"modified":"2025-02-13T23:09:24","modified_gmt":"2025-02-13T21:09:24","slug":"planbok-i-lader","status":"publish","type":"product","link":"https:\/\/keluvo.com\/se\/product\/planbok-i-lader\/","title":{"rendered":"Pl\u00e5nbok i l\u00e4der"},"content":{"rendered":"<h2 style=\"text-align: center\"><strong>Flera Fack<\/strong><\/h2>\n<p style=\"text-align: center\">L\u00e4derpl\u00e5nboken har v\u00e4lorganiserade fack, inklusive kortfack, ett anteckningsfack och en fotoh\u00e5llare. Dess kompakta design g\u00f6r den l\u00e4tt att b\u00e4ra samtidigt som alla viktiga saker h\u00e5lls prydligt ordnade.<\/p>\n<p><img fetchpriority=\"high\" decoding=\"async\" width=\"600\" height=\"600\" class=\"alignnone size-medium wp-image-3473 aligncenter\" src=\"https:\/\/keluvo.com\/template\/wp-content\/uploads\/sites\/5\/2024\/11\/5315c4af-9ce8-4842-8ee7-29e3c633439d.webp\" alt=\"\" srcset=\"https:\/\/keluvo.com\/se\/wp-content\/uploads\/sites\/12\/2024\/11\/5315c4af-9ce8-4842-8ee7-29e3c633439d.webp 600w, https:\/\/keluvo.com\/se\/wp-content\/uploads\/sites\/12\/2024\/11\/5315c4af-9ce8-4842-8ee7-29e3c633439d-300x300.webp 300w, https:\/\/keluvo.com\/se\/wp-content\/uploads\/sites\/12\/2024\/11\/5315c4af-9ce8-4842-8ee7-29e3c633439d-150x150.webp 150w, https:\/\/keluvo.com\/se\/wp-content\/uploads\/sites\/12\/2024\/11\/5315c4af-9ce8-4842-8ee7-29e3c633439d-100x100.webp 100w, https:\/\/keluvo.com\/se\/wp-content\/uploads\/sites\/12\/2024\/11\/5315c4af-9ce8-4842-8ee7-29e3c633439d-50x50.webp 50w\" sizes=\"(max-width: 600px) 100vw, 600px\" \/><\/p>\n<h2 style=\"text-align: center\"><strong>Vattent\u00e4t F\u00f6r Extra Skydd<\/strong><\/h2>\n<p style=\"text-align: center\">Den h\u00e4r l\u00e4derpl\u00e5nboken \u00e4r utformad med en vattenavvisande utsida f\u00f6r att h\u00e5lla dina viktiga saker s\u00e4kra fr\u00e5n ov\u00e4ntat spill och l\u00e4tt regn. Dess vattent\u00e4ta funktion hj\u00e4lper till att skydda l\u00e4drets kvalitet och s\u00e4kerst\u00e4ller att dina kort och kontanter f\u00f6rblir torra, vilket ger ett extra lager av h\u00e5llbarhet f\u00f6r daglig anv\u00e4ndning.<\/p>\n<p><img decoding=\"async\" width=\"600\" height=\"600\" class=\"alignnone size-medium wp-image-3472 aligncenter\" src=\"https:\/\/keluvo.com\/template\/wp-content\/uploads\/sites\/5\/2024\/11\/121bcb2f-a38c-4e90-a0de-2d2556fe8faa.webp\" alt=\"\" srcset=\"https:\/\/keluvo.com\/se\/wp-content\/uploads\/sites\/12\/2024\/11\/121bcb2f-a38c-4e90-a0de-2d2556fe8faa.webp 600w, https:\/\/keluvo.com\/se\/wp-content\/uploads\/sites\/12\/2024\/11\/121bcb2f-a38c-4e90-a0de-2d2556fe8faa-300x300.webp 300w, https:\/\/keluvo.com\/se\/wp-content\/uploads\/sites\/12\/2024\/11\/121bcb2f-a38c-4e90-a0de-2d2556fe8faa-150x150.webp 150w, https:\/\/keluvo.com\/se\/wp-content\/uploads\/sites\/12\/2024\/11\/121bcb2f-a38c-4e90-a0de-2d2556fe8faa-100x100.webp 100w, https:\/\/keluvo.com\/se\/wp-content\/uploads\/sites\/12\/2024\/11\/121bcb2f-a38c-4e90-a0de-2d2556fe8faa-50x50.webp 50w\" sizes=\"(max-width: 600px) 100vw, 600px\" \/><\/p>\n","protected":false},"excerpt":{"rendered":"<p>Flera Fack L\u00e4derpl\u00e5nboken har v\u00e4lorganiserade fack, inklusive kortfack, ett anteckningsfack och en fotoh\u00e5llare. Dess kompakta design g\u00f6r den l\u00e4tt att [&hellip;]<\/p>\n","protected":false},"featured_media":6380,"comment_status":"open","ping_status":"closed","template":"","meta":{"site-sidebar-layout":"default","site-content-layout":"","ast-site-content-layout":"default","site-content-style":"default","site-sidebar-style":"default","ast-global-header-display":"","ast-banner-title-visibility":"","ast-main-header-display":"","ast-hfb-above-header-display":"","ast-hfb-below-header-display":"","ast-hfb-mobile-header-display":"","site-post-title":"","ast-breadcrumbs-content":"","ast-featured-img":"","footer-sml-layout":"","theme-transparent-header-meta":"default","adv-header-id-meta":"","stick-header-meta":"","header-above-stick-meta":"","header-main-stick-meta":"","header-below-stick-meta":"","astra-migrate-meta-layouts":"set","ast-page-background-enabled":"default","ast-page-background-meta":{"desktop":{"background-color":"var(--ast-global-color-4)","background-image":"","background-repeat":"repeat","background-position":"center center","background-size":"auto","background-attachment":"scroll","background-type":"","background-media":"","overlay-type":"","overlay-color":"","overlay-opacity":"","overlay-gradient":""},"tablet":{"background-color":"","background-image":"","background-repeat":"repeat","background-position":"center center","background-size":"auto","background-attachment":"scroll","background-type":"","background-media":"","overlay-type":"","overlay-color":"","overlay-opacity":"","overlay-gradient":""},"mobile":{"background-color":"","background-image":"","background-repeat":"repeat","background-position":"center center","background-size":"auto","background-attachment":"scroll","background-type":"","background-media":"","overlay-type":"","overlay-color":"","overlay-opacity":"","overlay-gradient":""}},"ast-content-background-meta":{"desktop":{"background-color":"var(--ast-global-color-5)","background-image":"","background-repeat":"repeat","background-position":"center center","background-size":"auto","background-attachment":"scroll","background-type":"","background-media":"","overlay-type":"","overlay-color":"","overlay-opacity":"","overlay-gradient":""},"tablet":{"background-color":"var(--ast-global-color-5)","background-image":"","background-repeat":"repeat","background-position":"center center","background-size":"auto","background-attachment":"scroll","background-type":"","background-media":"","overlay-type":"","overlay-color":"","overlay-opacity":"","overlay-gradient":""},"mobile":{"background-color":"var(--ast-global-color-5)","background-image":"","background-repeat":"repeat","background-position":"center center","background-size":"auto","background-attachment":"scroll","background-type":"","background-media":"","overlay-type":"","overlay-color":"","overlay-opacity":"","overlay-gradient":""}}},"product_brand":[],"product_cat":[993],"product_tag":[],"class_list":{"0":"post-6384","1":"product","2":"type-product","3":"status-publish","4":"has-post-thumbnail","6":"product_cat-footwear-accessories","7":"pa_b2jol0i2-kaffe","8":"pa_b2jol0i2-khaki","9":"pa_b2jol0i2-svart","10":"desktop-align-left","11":"tablet-align-left","12":"mobile-align-left","14":"first","15":"instock","16":"shipping-taxable","17":"purchasable","18":"product-type-variable"},"_links":{"self":[{"href":"https:\/\/keluvo.com\/se\/wp-json\/wp\/v2\/product\/6384","targetHints":{"allow":["GET"]}}],"collection":[{"href":"https:\/\/keluvo.com\/se\/wp-json\/wp\/v2\/product"}],"about":[{"href":"https:\/\/keluvo.com\/se\/wp-json\/wp\/v2\/types\/product"}],"replies":[{"embeddable":true,"href":"https:\/\/keluvo.com\/se\/wp-json\/wp\/v2\/comments?post=6384"}],"wp:featuredmedia":[{"embeddable":true,"href":"https:\/\/keluvo.com\/se\/wp-json\/wp\/v2\/media\/6380"}],"wp:attachment":[{"href":"https:\/\/keluvo.com\/se\/wp-json\/wp\/v2\/media?parent=6384"}],"wp:term":[{"taxonomy":"product_brand","embeddable":true,"href":"https:\/\/keluvo.com\/se\/wp-json\/wp\/v2\/product_brand?post=6384"},{"taxonomy":"product_cat","embeddable":true,"href":"https:\/\/keluvo.com\/se\/wp-json\/wp\/v2\/product_cat?post=6384"},{"taxonomy":"product_tag","embeddable":true,"href":"https:\/\/keluvo.com\/se\/wp-json\/wp\/v2\/product_tag?post=6384"}],"curies":[{"name":"wp","href":"https:\/\/api.w.org\/{rel}","templated":true}]}}