{"id":6364,"date":"2025-02-13T23:07:00","date_gmt":"2025-02-13T21:07:00","guid":{"rendered":"https:\/\/keluvo.com\/se\/product\/smart-klocka\/"},"modified":"2025-02-13T23:07:23","modified_gmt":"2025-02-13T21:07:23","slug":"smart-klocka","status":"publish","type":"product","link":"https:\/\/keluvo.com\/se\/product\/smart-klocka\/","title":{"rendered":"Smart klocka"},"content":{"rendered":"<h2 style=\"text-align: center\"><strong>24-Timmars Pulsm\u00e4tning<\/strong><\/h2>\n<p style=\"text-align: center\">Realtids pulsm\u00e4tning i 24 timmar efter installationen, du kommer att meddelas om din puls \u00e4r onormal, f\u00f6r snabb eller f\u00f6r l\u00e5ngsam, eller om din hj\u00e4rtslag \u00e4r oregelbunden<\/p>\n<h2 style=\"text-align: center\"><img fetchpriority=\"high\" decoding=\"async\" width=\"790\" height=\"1289\" class=\"size-medium wp-image-2746 aligncenter\" src=\"https:\/\/keluvo.com\/template\/wp-content\/uploads\/sites\/5\/2024\/10\/5edab878-396e-4267-9e15-8ffaf4bef2b4.jpg\" alt=\"\" srcset=\"https:\/\/keluvo.com\/se\/wp-content\/uploads\/sites\/12\/2024\/10\/5edab878-396e-4267-9e15-8ffaf4bef2b4.jpg 790w, https:\/\/keluvo.com\/se\/wp-content\/uploads\/sites\/12\/2024\/10\/5edab878-396e-4267-9e15-8ffaf4bef2b4-184x300.jpg 184w, https:\/\/keluvo.com\/se\/wp-content\/uploads\/sites\/12\/2024\/10\/5edab878-396e-4267-9e15-8ffaf4bef2b4-628x1024.jpg 628w, https:\/\/keluvo.com\/se\/wp-content\/uploads\/sites\/12\/2024\/10\/5edab878-396e-4267-9e15-8ffaf4bef2b4-768x1253.jpg 768w, https:\/\/keluvo.com\/se\/wp-content\/uploads\/sites\/12\/2024\/10\/5edab878-396e-4267-9e15-8ffaf4bef2b4-600x979.jpg 600w\" sizes=\"(max-width: 790px) 100vw, 790px\" \/><\/h2>\n<h2><\/h2>\n<h2 style=\"text-align: center\"><strong>Funktioner<\/strong><\/h2>\n<p style=\"text-align: center\">Bluetooth-samtal + telefons\u00f6kning + meddelandevarning + tidsvisning + stoppur + nedr\u00e4kningstimer + larminst\u00e4llning och s\u00e5 vidare.<\/p>\n<h2 style=\"text-align: center\"><img decoding=\"async\" width=\"600\" height=\"477\" class=\"size-medium wp-image-2747 aligncenter\" src=\"https:\/\/keluvo.com\/template\/wp-content\/uploads\/sites\/5\/2024\/10\/e42467e03b573b822440a208b990e32a.jpeg\" alt=\"\" srcset=\"https:\/\/keluvo.com\/se\/wp-content\/uploads\/sites\/12\/2024\/10\/e42467e03b573b822440a208b990e32a.jpeg 600w, https:\/\/keluvo.com\/se\/wp-content\/uploads\/sites\/12\/2024\/10\/e42467e03b573b822440a208b990e32a-300x239.jpeg 300w\" sizes=\"(max-width: 600px) 100vw, 600px\" \/><br \/>\n<strong>Vattent\u00e4t<\/strong><\/h2>\n<p style=\"text-align: center\">Klockan \u00e4r IP67 vattent\u00e4t, s\u00e5 du beh\u00f6ver inte oroa dig f\u00f6r att komma i vattnet under daglig anv\u00e4ndning. Du kan njuta av din tr\u00e4ning utan att oroa dig f\u00f6r svett- eller vattenskador.<\/p>\n<h2 style=\"text-align: center\"><img decoding=\"async\" width=\"480\" height=\"480\" class=\"size-medium wp-image-2748 aligncenter\" src=\"https:\/\/keluvo.com\/template\/wp-content\/uploads\/sites\/5\/2024\/10\/2_d67219d5-dbf2-4806-955b-b4dcf047ae81_480x480.webp\" alt=\"\" srcset=\"https:\/\/keluvo.com\/se\/wp-content\/uploads\/sites\/12\/2024\/10\/2_d67219d5-dbf2-4806-955b-b4dcf047ae81_480x480.webp 480w, https:\/\/keluvo.com\/se\/wp-content\/uploads\/sites\/12\/2024\/10\/2_d67219d5-dbf2-4806-955b-b4dcf047ae81_480x480-300x300.webp 300w, https:\/\/keluvo.com\/se\/wp-content\/uploads\/sites\/12\/2024\/10\/2_d67219d5-dbf2-4806-955b-b4dcf047ae81_480x480-150x150.webp 150w, https:\/\/keluvo.com\/se\/wp-content\/uploads\/sites\/12\/2024\/10\/2_d67219d5-dbf2-4806-955b-b4dcf047ae81_480x480-100x100.webp 100w, https:\/\/keluvo.com\/se\/wp-content\/uploads\/sites\/12\/2024\/10\/2_d67219d5-dbf2-4806-955b-b4dcf047ae81_480x480-50x50.webp 50w\" sizes=\"(max-width: 480px) 100vw, 480px\" \/><br \/>\n<strong>Bluetooth-Samtal<\/strong><\/h2>\n<p style=\"text-align: center\">L\u00e5ter dig svara p\u00e5 och ringa samtal direkt p\u00e5 din smartklocka via en Bluetooth-anslutning. S\u00e5 du kommer aldrig att missa ett viktigt samtal eller meddelande under ett m\u00f6te eller tr\u00e4ningspass igen.<\/p>\n<h2 style=\"text-align: center\"><img loading=\"lazy\" decoding=\"async\" width=\"472\" height=\"480\" class=\"size-medium wp-image-2750 aligncenter\" src=\"https:\/\/keluvo.com\/template\/wp-content\/uploads\/sites\/5\/2024\/10\/30-3_349d26e4-a0a4-484a-b51a-620bb14eaa20_480x480.webp\" alt=\"\" srcset=\"https:\/\/keluvo.com\/se\/wp-content\/uploads\/sites\/12\/2024\/10\/30-3_349d26e4-a0a4-484a-b51a-620bb14eaa20_480x480.webp 472w, https:\/\/keluvo.com\/se\/wp-content\/uploads\/sites\/12\/2024\/10\/30-3_349d26e4-a0a4-484a-b51a-620bb14eaa20_480x480-295x300.webp 295w, https:\/\/keluvo.com\/se\/wp-content\/uploads\/sites\/12\/2024\/10\/30-3_349d26e4-a0a4-484a-b51a-620bb14eaa20_480x480-50x50.webp 50w\" sizes=\"(max-width: 472px) 100vw, 472px\" \/><br \/>\n<strong>Musik P\u00e5 Spr\u00e5ng!<\/strong><\/h2>\n<p style=\"text-align: center\">Med ett enormt minne och en lagringskapacitet p\u00e5 mer \u00e4n 100 sp\u00e5r kan du njuta av din musik var som helst, \u00e4ven utan mobiltelefon! Eller anslut till din telefon via Bluetooth f\u00f6r obegr\u00e4nsad musiklyssning!<\/p>\n<h2 style=\"text-align: center\"><img loading=\"lazy\" decoding=\"async\" width=\"480\" height=\"480\" class=\"size-medium wp-image-2749 aligncenter\" src=\"https:\/\/keluvo.com\/template\/wp-content\/uploads\/sites\/5\/2024\/10\/30-1_b999ad9d-210d-475f-af63-61d27346586c_480x480.webp\" alt=\"\" srcset=\"https:\/\/keluvo.com\/se\/wp-content\/uploads\/sites\/12\/2024\/10\/30-1_b999ad9d-210d-475f-af63-61d27346586c_480x480.webp 480w, https:\/\/keluvo.com\/se\/wp-content\/uploads\/sites\/12\/2024\/10\/30-1_b999ad9d-210d-475f-af63-61d27346586c_480x480-300x300.webp 300w, https:\/\/keluvo.com\/se\/wp-content\/uploads\/sites\/12\/2024\/10\/30-1_b999ad9d-210d-475f-af63-61d27346586c_480x480-150x150.webp 150w, https:\/\/keluvo.com\/se\/wp-content\/uploads\/sites\/12\/2024\/10\/30-1_b999ad9d-210d-475f-af63-61d27346586c_480x480-100x100.webp 100w, https:\/\/keluvo.com\/se\/wp-content\/uploads\/sites\/12\/2024\/10\/30-1_b999ad9d-210d-475f-af63-61d27346586c_480x480-50x50.webp 50w\" sizes=\"(max-width: 480px) 100vw, 480px\" \/><br \/>\n<strong>Hj\u00e4rtfrekvens\u00f6vervakning I Realtid<\/strong><\/h2>\n<p style=\"text-align: center\">\u00d6vervaka din h\u00e4lsa och kondition i realtid. Eller bli meddelad om n\u00e5got onormalt uppt\u00e4cks.<\/p>\n<p><img loading=\"lazy\" decoding=\"async\" width=\"480\" height=\"447\" class=\"size-medium wp-image-2751 aligncenter\" src=\"https:\/\/keluvo.com\/template\/wp-content\/uploads\/sites\/5\/2024\/10\/18_7b91549d-5a86-44ac-a0e8-d4a21f59374a_480x480.webp\" alt=\"\" srcset=\"https:\/\/keluvo.com\/se\/wp-content\/uploads\/sites\/12\/2024\/10\/18_7b91549d-5a86-44ac-a0e8-d4a21f59374a_480x480.webp 480w, https:\/\/keluvo.com\/se\/wp-content\/uploads\/sites\/12\/2024\/10\/18_7b91549d-5a86-44ac-a0e8-d4a21f59374a_480x480-300x279.webp 300w\" sizes=\"(max-width: 480px) 100vw, 480px\" \/><\/p>\n<h2><\/h2>\n<h2 style=\"text-align: center\"><strong>Varning F\u00f6r H\u00f6g Kroppstemperatur<\/strong><\/h2>\n<p style=\"text-align: center\">N\u00e4r kroppstemperaturen \u00f6verstiger 37,2 C (36\u2103~37\u2103 \u00e4r det normala intervallet), kommer klockan att vibrera och p\u00e5minna dig om att svalna, dricka vatten och ta hand om din h\u00e4lsa.<\/p>\n<p><img loading=\"lazy\" decoding=\"async\" width=\"480\" height=\"480\" class=\"size-medium wp-image-2752 aligncenter\" src=\"https:\/\/keluvo.com\/template\/wp-content\/uploads\/sites\/5\/2024\/10\/8_f68f9149-bb91-4402-a87e-ededda9b6b70_480x480.webp\" alt=\"\" srcset=\"https:\/\/keluvo.com\/se\/wp-content\/uploads\/sites\/12\/2024\/10\/8_f68f9149-bb91-4402-a87e-ededda9b6b70_480x480.webp 480w, https:\/\/keluvo.com\/se\/wp-content\/uploads\/sites\/12\/2024\/10\/8_f68f9149-bb91-4402-a87e-ededda9b6b70_480x480-300x300.webp 300w, https:\/\/keluvo.com\/se\/wp-content\/uploads\/sites\/12\/2024\/10\/8_f68f9149-bb91-4402-a87e-ededda9b6b70_480x480-150x150.webp 150w, https:\/\/keluvo.com\/se\/wp-content\/uploads\/sites\/12\/2024\/10\/8_f68f9149-bb91-4402-a87e-ededda9b6b70_480x480-100x100.webp 100w, https:\/\/keluvo.com\/se\/wp-content\/uploads\/sites\/12\/2024\/10\/8_f68f9149-bb91-4402-a87e-ededda9b6b70_480x480-50x50.webp 50w\" sizes=\"(max-width: 480px) 100vw, 480px\" \/><\/p>\n","protected":false},"excerpt":{"rendered":"<p>24-Timmars Pulsm\u00e4tning Realtids pulsm\u00e4tning i 24 timmar efter installationen, du kommer att meddelas om din puls \u00e4r onormal, f\u00f6r snabb [&hellip;]<\/p>\n","protected":false},"featured_media":6360,"comment_status":"open","ping_status":"closed","template":"","meta":{"site-sidebar-layout":"default","site-content-layout":"","ast-site-content-layout":"default","site-content-style":"default","site-sidebar-style":"default","ast-global-header-display":"","ast-banner-title-visibility":"","ast-main-header-display":"","ast-hfb-above-header-display":"","ast-hfb-below-header-display":"","ast-hfb-mobile-header-display":"","site-post-title":"","ast-breadcrumbs-content":"","ast-featured-img":"","footer-sml-layout":"","theme-transparent-header-meta":"default","adv-header-id-meta":"","stick-header-meta":"","header-above-stick-meta":"","header-main-stick-meta":"","header-below-stick-meta":"","astra-migrate-meta-layouts":"set","ast-page-background-enabled":"default","ast-page-background-meta":{"desktop":{"background-color":"var(--ast-global-color-4)","background-image":"","background-repeat":"repeat","background-position":"center center","background-size":"auto","background-attachment":"scroll","background-type":"","background-media":"","overlay-type":"","overlay-color":"","overlay-opacity":"","overlay-gradient":""},"tablet":{"background-color":"","background-image":"","background-repeat":"repeat","background-position":"center center","background-size":"auto","background-attachment":"scroll","background-type":"","background-media":"","overlay-type":"","overlay-color":"","overlay-opacity":"","overlay-gradient":""},"mobile":{"background-color":"","background-image":"","background-repeat":"repeat","background-position":"center center","background-size":"auto","background-attachment":"scroll","background-type":"","background-media":"","overlay-type":"","overlay-color":"","overlay-opacity":"","overlay-gradient":""}},"ast-content-background-meta":{"desktop":{"background-color":"var(--ast-global-color-5)","background-image":"","background-repeat":"repeat","background-position":"center center","background-size":"auto","background-attachment":"scroll","background-type":"","background-media":"","overlay-type":"","overlay-color":"","overlay-opacity":"","overlay-gradient":""},"tablet":{"background-color":"var(--ast-global-color-5)","background-image":"","background-repeat":"repeat","background-position":"center center","background-size":"auto","background-attachment":"scroll","background-type":"","background-media":"","overlay-type":"","overlay-color":"","overlay-opacity":"","overlay-gradient":""},"mobile":{"background-color":"var(--ast-global-color-5)","background-image":"","background-repeat":"repeat","background-position":"center center","background-size":"auto","background-attachment":"scroll","background-type":"","background-media":"","overlay-type":"","overlay-color":"","overlay-opacity":"","overlay-gradient":""}}},"product_brand":[],"product_cat":[994,995,993],"product_tag":[],"class_list":{"0":"post-6364","1":"product","2":"type-product","3":"status-publish","4":"has-post-thumbnail","6":"product_cat-clothing-for-women","7":"product_cat-clothing-for-men","8":"product_cat-footwear-accessories","9":"pa_1gyqulfa-brunt-balte","10":"pa_1gyqulfa-silver-stal","11":"pa_1gyqulfa-svart","12":"pa_1gyqulfa-svart-balte","13":"pa_1gyqulfa-svart-stal","14":"pa_1gyqulfa-vit","15":"desktop-align-left","16":"tablet-align-left","17":"mobile-align-left","19":"first","20":"instock","21":"shipping-taxable","22":"purchasable","23":"product-type-variable"},"_links":{"self":[{"href":"https:\/\/keluvo.com\/se\/wp-json\/wp\/v2\/product\/6364","targetHints":{"allow":["GET"]}}],"collection":[{"href":"https:\/\/keluvo.com\/se\/wp-json\/wp\/v2\/product"}],"about":[{"href":"https:\/\/keluvo.com\/se\/wp-json\/wp\/v2\/types\/product"}],"replies":[{"embeddable":true,"href":"https:\/\/keluvo.com\/se\/wp-json\/wp\/v2\/comments?post=6364"}],"wp:featuredmedia":[{"embeddable":true,"href":"https:\/\/keluvo.com\/se\/wp-json\/wp\/v2\/media\/6360"}],"wp:attachment":[{"href":"https:\/\/keluvo.com\/se\/wp-json\/wp\/v2\/media?parent=6364"}],"wp:term":[{"taxonomy":"product_brand","embeddable":true,"href":"https:\/\/keluvo.com\/se\/wp-json\/wp\/v2\/product_brand?post=6364"},{"taxonomy":"product_cat","embeddable":true,"href":"https:\/\/keluvo.com\/se\/wp-json\/wp\/v2\/product_cat?post=6364"},{"taxonomy":"product_tag","embeddable":true,"href":"https:\/\/keluvo.com\/se\/wp-json\/wp\/v2\/product_tag?post=6364"}],"curies":[{"name":"wp","href":"https:\/\/api.w.org\/{rel}","templated":true}]}}