{"id":6353,"date":"2025-02-13T15:04:09","date_gmt":"2025-02-13T13:04:09","guid":{"rendered":"https:\/\/keluvo.com\/se\/product\/arrangor-for-bilens-baksate\/"},"modified":"2025-02-13T15:04:21","modified_gmt":"2025-02-13T13:04:21","slug":"arrangor-for-bilens-baksate","status":"publish","type":"product","link":"https:\/\/keluvo.com\/se\/product\/arrangor-for-bilens-baksate\/","title":{"rendered":"Arrang\u00f6r f\u00f6r bilens baks\u00e4te"},"content":{"rendered":"<h2 style=\"text-align: center\"><strong>Genomskinlig H\u00e5llare F\u00f6r Surfplatta<\/strong><\/h2>\n<p style=\"text-align: center\">Baks\u00e4tesorganisat\u00f6ren f\u00f6r bilen har en genomskinlig ficka f\u00f6r surfplatta med peksk\u00e4rm som passar surfplattor upp till 10 tum. Det genomskinliga locket g\u00f6r det enkelt att styra enheten, s\u00e5 att barnen kan njuta av videor och spel under resan utan att ta bort surfplattan fr\u00e5n h\u00e5llaren.<\/p>\n<p><img fetchpriority=\"high\" decoding=\"async\" width=\"800\" height=\"800\" class=\"alignnone size-medium wp-image-3542 aligncenter\" src=\"https:\/\/keluvo.com\/template\/wp-content\/uploads\/sites\/5\/2024\/11\/S8e9c56c9ad6f4532af91fdc557a6cebeL.jpg\" alt=\"\" srcset=\"https:\/\/keluvo.com\/se\/wp-content\/uploads\/sites\/12\/2024\/11\/S8e9c56c9ad6f4532af91fdc557a6cebeL.jpg 800w, https:\/\/keluvo.com\/se\/wp-content\/uploads\/sites\/12\/2024\/11\/S8e9c56c9ad6f4532af91fdc557a6cebeL-300x300.jpg 300w, https:\/\/keluvo.com\/se\/wp-content\/uploads\/sites\/12\/2024\/11\/S8e9c56c9ad6f4532af91fdc557a6cebeL-150x150.jpg 150w, https:\/\/keluvo.com\/se\/wp-content\/uploads\/sites\/12\/2024\/11\/S8e9c56c9ad6f4532af91fdc557a6cebeL-768x768.jpg 768w, https:\/\/keluvo.com\/se\/wp-content\/uploads\/sites\/12\/2024\/11\/S8e9c56c9ad6f4532af91fdc557a6cebeL-600x600.jpg 600w, https:\/\/keluvo.com\/se\/wp-content\/uploads\/sites\/12\/2024\/11\/S8e9c56c9ad6f4532af91fdc557a6cebeL-100x100.jpg 100w, https:\/\/keluvo.com\/se\/wp-content\/uploads\/sites\/12\/2024\/11\/S8e9c56c9ad6f4532af91fdc557a6cebeL-50x50.jpg 50w\" sizes=\"(max-width: 800px) 100vw, 800px\" \/><\/p>\n<h2 style=\"text-align: center\"><strong>Flera F\u00f6rvaringsfickor<\/strong><\/h2>\n<p style=\"text-align: center\">H\u00e5ll bilen snygg och organiserad med denna baks\u00e4tesorganisat\u00f6r, som har sex fickor f\u00f6r att f\u00f6rvara f\u00f6rem\u00e5l som flaskor, snacks, leksaker och tidningar. Det finns \u00e4ven en s\u00e4rskild ficka f\u00f6r n\u00e4sdukar, vilket g\u00f6r det bekv\u00e4mt att h\u00e5lla viktiga saker inom r\u00e4ckh\u00e5ll f\u00f6r alla i bilen.<\/p>\n<p><img decoding=\"async\" width=\"800\" height=\"800\" class=\"alignnone size-medium wp-image-3543 aligncenter\" src=\"https:\/\/keluvo.com\/template\/wp-content\/uploads\/sites\/5\/2024\/11\/Sb7e53c837c9049be90b5bf79ff2dc220b.jpg\" alt=\"\" srcset=\"https:\/\/keluvo.com\/se\/wp-content\/uploads\/sites\/12\/2024\/11\/Sb7e53c837c9049be90b5bf79ff2dc220b.jpg 800w, https:\/\/keluvo.com\/se\/wp-content\/uploads\/sites\/12\/2024\/11\/Sb7e53c837c9049be90b5bf79ff2dc220b-300x300.jpg 300w, https:\/\/keluvo.com\/se\/wp-content\/uploads\/sites\/12\/2024\/11\/Sb7e53c837c9049be90b5bf79ff2dc220b-150x150.jpg 150w, https:\/\/keluvo.com\/se\/wp-content\/uploads\/sites\/12\/2024\/11\/Sb7e53c837c9049be90b5bf79ff2dc220b-768x768.jpg 768w, https:\/\/keluvo.com\/se\/wp-content\/uploads\/sites\/12\/2024\/11\/Sb7e53c837c9049be90b5bf79ff2dc220b-600x600.jpg 600w, https:\/\/keluvo.com\/se\/wp-content\/uploads\/sites\/12\/2024\/11\/Sb7e53c837c9049be90b5bf79ff2dc220b-100x100.jpg 100w, https:\/\/keluvo.com\/se\/wp-content\/uploads\/sites\/12\/2024\/11\/Sb7e53c837c9049be90b5bf79ff2dc220b-50x50.jpg 50w\" sizes=\"(max-width: 800px) 100vw, 800px\" \/><\/p>\n","protected":false},"excerpt":{"rendered":"<p>Genomskinlig H\u00e5llare F\u00f6r Surfplatta Baks\u00e4tesorganisat\u00f6ren f\u00f6r bilen har en genomskinlig ficka f\u00f6r surfplatta med peksk\u00e4rm som passar surfplattor upp till [&hellip;]<\/p>\n","protected":false},"featured_media":6349,"comment_status":"open","ping_status":"closed","template":"","meta":{"site-sidebar-layout":"default","site-content-layout":"","ast-site-content-layout":"default","site-content-style":"default","site-sidebar-style":"default","ast-global-header-display":"","ast-banner-title-visibility":"","ast-main-header-display":"","ast-hfb-above-header-display":"","ast-hfb-below-header-display":"","ast-hfb-mobile-header-display":"","site-post-title":"","ast-breadcrumbs-content":"","ast-featured-img":"","footer-sml-layout":"","theme-transparent-header-meta":"default","adv-header-id-meta":"","stick-header-meta":"","header-above-stick-meta":"","header-main-stick-meta":"","header-below-stick-meta":"","astra-migrate-meta-layouts":"set","ast-page-background-enabled":"default","ast-page-background-meta":{"desktop":{"background-color":"var(--ast-global-color-4)","background-image":"","background-repeat":"repeat","background-position":"center center","background-size":"auto","background-attachment":"scroll","background-type":"","background-media":"","overlay-type":"","overlay-color":"","overlay-opacity":"","overlay-gradient":""},"tablet":{"background-color":"","background-image":"","background-repeat":"repeat","background-position":"center center","background-size":"auto","background-attachment":"scroll","background-type":"","background-media":"","overlay-type":"","overlay-color":"","overlay-opacity":"","overlay-gradient":""},"mobile":{"background-color":"","background-image":"","background-repeat":"repeat","background-position":"center center","background-size":"auto","background-attachment":"scroll","background-type":"","background-media":"","overlay-type":"","overlay-color":"","overlay-opacity":"","overlay-gradient":""}},"ast-content-background-meta":{"desktop":{"background-color":"var(--ast-global-color-5)","background-image":"","background-repeat":"repeat","background-position":"center center","background-size":"auto","background-attachment":"scroll","background-type":"","background-media":"","overlay-type":"","overlay-color":"","overlay-opacity":"","overlay-gradient":""},"tablet":{"background-color":"var(--ast-global-color-5)","background-image":"","background-repeat":"repeat","background-position":"center center","background-size":"auto","background-attachment":"scroll","background-type":"","background-media":"","overlay-type":"","overlay-color":"","overlay-opacity":"","overlay-gradient":""},"mobile":{"background-color":"var(--ast-global-color-5)","background-image":"","background-repeat":"repeat","background-position":"center center","background-size":"auto","background-attachment":"scroll","background-type":"","background-media":"","overlay-type":"","overlay-color":"","overlay-opacity":"","overlay-gradient":""}}},"product_brand":[],"product_cat":[998],"product_tag":[],"class_list":{"0":"post-6353","1":"product","2":"type-product","3":"status-publish","4":"has-post-thumbnail","6":"product_cat-automotive-products","7":"desktop-align-left","8":"tablet-align-left","9":"mobile-align-left","11":"first","12":"instock","13":"shipping-taxable","14":"purchasable","15":"product-type-simple"},"_links":{"self":[{"href":"https:\/\/keluvo.com\/se\/wp-json\/wp\/v2\/product\/6353","targetHints":{"allow":["GET"]}}],"collection":[{"href":"https:\/\/keluvo.com\/se\/wp-json\/wp\/v2\/product"}],"about":[{"href":"https:\/\/keluvo.com\/se\/wp-json\/wp\/v2\/types\/product"}],"replies":[{"embeddable":true,"href":"https:\/\/keluvo.com\/se\/wp-json\/wp\/v2\/comments?post=6353"}],"wp:featuredmedia":[{"embeddable":true,"href":"https:\/\/keluvo.com\/se\/wp-json\/wp\/v2\/media\/6349"}],"wp:attachment":[{"href":"https:\/\/keluvo.com\/se\/wp-json\/wp\/v2\/media?parent=6353"}],"wp:term":[{"taxonomy":"product_brand","embeddable":true,"href":"https:\/\/keluvo.com\/se\/wp-json\/wp\/v2\/product_brand?post=6353"},{"taxonomy":"product_cat","embeddable":true,"href":"https:\/\/keluvo.com\/se\/wp-json\/wp\/v2\/product_cat?post=6353"},{"taxonomy":"product_tag","embeddable":true,"href":"https:\/\/keluvo.com\/se\/wp-json\/wp\/v2\/product_tag?post=6353"}],"curies":[{"name":"wp","href":"https:\/\/api.w.org\/{rel}","templated":true}]}}