{"id":6300,"date":"2025-02-13T14:54:26","date_gmt":"2025-02-13T12:54:26","guid":{"rendered":"https:\/\/keluvo.com\/se\/product\/mossa-med-led-ljus\/"},"modified":"2025-08-15T15:20:48","modified_gmt":"2025-08-15T13:20:48","slug":"mossa-med-led-ljus","status":"publish","type":"product","link":"https:\/\/keluvo.com\/se\/product\/mossa-med-led-ljus\/","title":{"rendered":"M\u00f6ssa med LED-ljus"},"content":{"rendered":"<h2 style=\"text-align: center\"><strong>Handsfree-Belysning<\/strong><\/h2>\n<p style=\"text-align: center\">LED-ljusm\u00f6ssan \u00e4r utrustad med starka LED-lampor som ger handsfree-belysning f\u00f6r nattaktiviteter. Oavsett om du vandrar, fiskar eller campar hj\u00e4lper den h\u00e4r m\u00f6ssan dig att se tydligt i svagt ljus och h\u00e5ller h\u00e4nderna fria f\u00f6r andra uppgifter.<\/p>\n<p><img fetchpriority=\"high\" decoding=\"async\" width=\"800\" height=\"800\" class=\"alignnone size-medium wp-image-3099 aligncenter\" src=\"https:\/\/keluvo.com\/template\/wp-content\/uploads\/sites\/5\/2024\/11\/Led-Light-Knitted-Hat-Warm-Elastic-Beanie-Autumn-Winter-Outdoor-Sports-Night-Hiking-Fishing-Camping-Glow.jpg_-1.png\" alt=\"\" srcset=\"https:\/\/keluvo.com\/se\/wp-content\/uploads\/sites\/12\/2024\/11\/Led-Light-Knitted-Hat-Warm-Elastic-Beanie-Autumn-Winter-Outdoor-Sports-Night-Hiking-Fishing-Camping-Glow.jpg_-1.png 800w, https:\/\/keluvo.com\/se\/wp-content\/uploads\/sites\/12\/2024\/11\/Led-Light-Knitted-Hat-Warm-Elastic-Beanie-Autumn-Winter-Outdoor-Sports-Night-Hiking-Fishing-Camping-Glow.jpg_-1-300x300.png 300w, https:\/\/keluvo.com\/se\/wp-content\/uploads\/sites\/12\/2024\/11\/Led-Light-Knitted-Hat-Warm-Elastic-Beanie-Autumn-Winter-Outdoor-Sports-Night-Hiking-Fishing-Camping-Glow.jpg_-1-150x150.png 150w, https:\/\/keluvo.com\/se\/wp-content\/uploads\/sites\/12\/2024\/11\/Led-Light-Knitted-Hat-Warm-Elastic-Beanie-Autumn-Winter-Outdoor-Sports-Night-Hiking-Fishing-Camping-Glow.jpg_-1-768x768.png 768w, https:\/\/keluvo.com\/se\/wp-content\/uploads\/sites\/12\/2024\/11\/Led-Light-Knitted-Hat-Warm-Elastic-Beanie-Autumn-Winter-Outdoor-Sports-Night-Hiking-Fishing-Camping-Glow.jpg_-1-600x600.png 600w, https:\/\/keluvo.com\/se\/wp-content\/uploads\/sites\/12\/2024\/11\/Led-Light-Knitted-Hat-Warm-Elastic-Beanie-Autumn-Winter-Outdoor-Sports-Night-Hiking-Fishing-Camping-Glow.jpg_-1-100x100.png 100w, https:\/\/keluvo.com\/se\/wp-content\/uploads\/sites\/12\/2024\/11\/Led-Light-Knitted-Hat-Warm-Elastic-Beanie-Autumn-Winter-Outdoor-Sports-Night-Hiking-Fishing-Camping-Glow.jpg_-1-50x50.png 50w\" sizes=\"(max-width: 800px) 100vw, 800px\" \/><\/p>\n<h2 style=\"text-align: center\"><strong>Varm Och Bekv\u00e4m<\/strong><\/h2>\n<p style=\"text-align: center\">Tillverkad av mjukt, varmt stickat material ger LED-ljusm\u00f6ssan utm\u00e4rkt isolering under kallt v\u00e4der. Den stretchiga, elastiska passformen garanterar komfort och v\u00e4rme, vilket g\u00f6r den idealisk f\u00f6r utomhusaktiviteter under h\u00f6st- och vinters\u00e4songen.<\/p>\n<p><img decoding=\"async\" width=\"700\" height=\"700\" class=\"alignnone size-medium wp-image-3108 aligncenter\" src=\"https:\/\/keluvo.com\/template\/wp-content\/uploads\/sites\/5\/2024\/11\/56e60564-8bc6-4294-8242-dc1d28c3868a.webp\" alt=\"\" srcset=\"https:\/\/keluvo.com\/se\/wp-content\/uploads\/sites\/12\/2024\/11\/56e60564-8bc6-4294-8242-dc1d28c3868a.webp 700w, https:\/\/keluvo.com\/se\/wp-content\/uploads\/sites\/12\/2024\/11\/56e60564-8bc6-4294-8242-dc1d28c3868a-300x300.webp 300w, https:\/\/keluvo.com\/se\/wp-content\/uploads\/sites\/12\/2024\/11\/56e60564-8bc6-4294-8242-dc1d28c3868a-150x150.webp 150w, https:\/\/keluvo.com\/se\/wp-content\/uploads\/sites\/12\/2024\/11\/56e60564-8bc6-4294-8242-dc1d28c3868a-600x600.webp 600w, https:\/\/keluvo.com\/se\/wp-content\/uploads\/sites\/12\/2024\/11\/56e60564-8bc6-4294-8242-dc1d28c3868a-100x100.webp 100w, https:\/\/keluvo.com\/se\/wp-content\/uploads\/sites\/12\/2024\/11\/56e60564-8bc6-4294-8242-dc1d28c3868a-50x50.webp 50w\" sizes=\"(max-width: 700px) 100vw, 700px\" \/><\/p>\n","protected":false},"excerpt":{"rendered":"<p>Handsfree-Belysning LED-ljusm\u00f6ssan \u00e4r utrustad med starka LED-lampor som ger handsfree-belysning f\u00f6r nattaktiviteter. Oavsett om du vandrar, fiskar eller campar hj\u00e4lper [&hellip;]<\/p>\n","protected":false},"featured_media":6296,"comment_status":"open","ping_status":"closed","template":"","meta":{"site-sidebar-layout":"default","site-content-layout":"","ast-site-content-layout":"default","site-content-style":"default","site-sidebar-style":"default","ast-global-header-display":"","ast-banner-title-visibility":"","ast-main-header-display":"","ast-hfb-above-header-display":"","ast-hfb-below-header-display":"","ast-hfb-mobile-header-display":"","site-post-title":"","ast-breadcrumbs-content":"","ast-featured-img":"","footer-sml-layout":"","theme-transparent-header-meta":"default","adv-header-id-meta":"","stick-header-meta":"","header-above-stick-meta":"","header-main-stick-meta":"","header-below-stick-meta":"","astra-migrate-meta-layouts":"set","ast-page-background-enabled":"default","ast-page-background-meta":{"desktop":{"background-color":"var(--ast-global-color-4)","background-image":"","background-repeat":"repeat","background-position":"center center","background-size":"auto","background-attachment":"scroll","background-type":"","background-media":"","overlay-type":"","overlay-color":"","overlay-opacity":"","overlay-gradient":""},"tablet":{"background-color":"","background-image":"","background-repeat":"repeat","background-position":"center center","background-size":"auto","background-attachment":"scroll","background-type":"","background-media":"","overlay-type":"","overlay-color":"","overlay-opacity":"","overlay-gradient":""},"mobile":{"background-color":"","background-image":"","background-repeat":"repeat","background-position":"center center","background-size":"auto","background-attachment":"scroll","background-type":"","background-media":"","overlay-type":"","overlay-color":"","overlay-opacity":"","overlay-gradient":""}},"ast-content-background-meta":{"desktop":{"background-color":"var(--ast-global-color-5)","background-image":"","background-repeat":"repeat","background-position":"center center","background-size":"auto","background-attachment":"scroll","background-type":"","background-media":"","overlay-type":"","overlay-color":"","overlay-opacity":"","overlay-gradient":""},"tablet":{"background-color":"var(--ast-global-color-5)","background-image":"","background-repeat":"repeat","background-position":"center center","background-size":"auto","background-attachment":"scroll","background-type":"","background-media":"","overlay-type":"","overlay-color":"","overlay-opacity":"","overlay-gradient":""},"mobile":{"background-color":"var(--ast-global-color-5)","background-image":"","background-repeat":"repeat","background-position":"center center","background-size":"auto","background-attachment":"scroll","background-type":"","background-media":"","overlay-type":"","overlay-color":"","overlay-opacity":"","overlay-gradient":""}}},"product_brand":[],"product_cat":[993,1000],"product_tag":[],"class_list":{"0":"post-6300","1":"product","2":"type-product","3":"status-publish","4":"has-post-thumbnail","6":"product_cat-footwear-accessories","7":"product_cat-hiking-camping-and-leisure-goods","8":"pa_okrtlc8v-bla","9":"pa_okrtlc8v-gra","10":"pa_okrtlc8v-gul","11":"pa_okrtlc8v-lila","12":"pa_okrtlc8v-marin","13":"pa_okrtlc8v-orange","14":"pa_okrtlc8v-rod","15":"pa_okrtlc8v-rosa","16":"pa_okrtlc8v-svart","17":"pa_okrtlc8v-vit","18":"desktop-align-left","19":"tablet-align-left","20":"mobile-align-left","22":"first","23":"instock","24":"shipping-taxable","25":"purchasable","26":"product-type-variable"},"_links":{"self":[{"href":"https:\/\/keluvo.com\/se\/wp-json\/wp\/v2\/product\/6300","targetHints":{"allow":["GET"]}}],"collection":[{"href":"https:\/\/keluvo.com\/se\/wp-json\/wp\/v2\/product"}],"about":[{"href":"https:\/\/keluvo.com\/se\/wp-json\/wp\/v2\/types\/product"}],"replies":[{"embeddable":true,"href":"https:\/\/keluvo.com\/se\/wp-json\/wp\/v2\/comments?post=6300"}],"wp:featuredmedia":[{"embeddable":true,"href":"https:\/\/keluvo.com\/se\/wp-json\/wp\/v2\/media\/6296"}],"wp:attachment":[{"href":"https:\/\/keluvo.com\/se\/wp-json\/wp\/v2\/media?parent=6300"}],"wp:term":[{"taxonomy":"product_brand","embeddable":true,"href":"https:\/\/keluvo.com\/se\/wp-json\/wp\/v2\/product_brand?post=6300"},{"taxonomy":"product_cat","embeddable":true,"href":"https:\/\/keluvo.com\/se\/wp-json\/wp\/v2\/product_cat?post=6300"},{"taxonomy":"product_tag","embeddable":true,"href":"https:\/\/keluvo.com\/se\/wp-json\/wp\/v2\/product_tag?post=6300"}],"curies":[{"name":"wp","href":"https:\/\/api.w.org\/{rel}","templated":true}]}}