{"id":6287,"date":"2025-02-13T14:49:51","date_gmt":"2025-02-13T12:49:51","guid":{"rendered":"https:\/\/keluvo.com\/se\/product\/sjalvlasande-gangjarn\/"},"modified":"2025-06-20T10:16:12","modified_gmt":"2025-06-20T08:16:12","slug":"sjalvlasande-gangjarn","status":"publish","type":"product","link":"https:\/\/keluvo.com\/se\/product\/sjalvlasande-gangjarn\/","title":{"rendered":"Sj\u00e4lvl\u00e5sande g\u00e5ngj\u00e4rn"},"content":{"rendered":"<h2 style=\"text-align: center;\"><strong>S\u00e4ker Sj\u00e4lvl\u00e5sande Design<\/strong><\/h2>\n<p style=\"text-align: center;\">De sj\u00e4lvl\u00e5sande g\u00e5ngj\u00e4rnen har en fj\u00e4deraktiverad l\u00e5smekanism f\u00f6r \u00f6kad s\u00e4kerhet och stabilitet. De l\u00e5ses fast ordentligt p\u00e5 plats n\u00e4r de \u00e4r utf\u00e4llda och kan enkelt f\u00e4llas ned genom att sl\u00e4ppa sp\u00e4rren. Detta g\u00f6r dem perfekta f\u00f6r bord, arbetsb\u00e4nkar eller andra hopf\u00e4llbara m\u00f6bler.<\/p>\n<p><img decoding=\"async\" class=\"alignnone size-medium wp-image-4608 aligncenter\" src=\"https:\/\/keluvo.com\/template\/wp-content\/uploads\/sites\/5\/2024\/12\/0e0df975-a829-4e92-8507-d85b10809958.webp\" alt=\"\" \/><\/p>\n<h2 style=\"text-align: center;\"><strong>Justerbara Och M\u00e5ngsidiga<\/strong><\/h2>\n<p style=\"text-align: center;\">Med ett rotationsomr\u00e5de p\u00e5 90 grader m\u00f6jligg\u00f6r de sj\u00e4lvl\u00e5sande g\u00e5ngj\u00e4rnen enkel justering f\u00f6r olika m\u00f6beltyper. De \u00e4r idealiska f\u00f6r att skapa hopf\u00e4llbara bord, b\u00e4ddsoffor eller f\u00f6rl\u00e4nga m\u00f6belben. Deras flexibilitet g\u00f6r dem l\u00e4mpliga f\u00f6r b\u00e5de hemmabruk och industriellt bruk.<\/p>\n<p><img decoding=\"async\" class=\"alignnone size-medium wp-image-4609 aligncenter\" src=\"https:\/\/keluvo.com\/template\/wp-content\/uploads\/sites\/5\/2024\/12\/1229ffa8-ef6b-499e-b00c-2df64d92a25b.webp\" alt=\"\" \/><\/p>\n","protected":false},"excerpt":{"rendered":"<p>S\u00e4ker Sj\u00e4lvl\u00e5sande Design De sj\u00e4lvl\u00e5sande g\u00e5ngj\u00e4rnen har en fj\u00e4deraktiverad l\u00e5smekanism f\u00f6r \u00f6kad s\u00e4kerhet och stabilitet. De l\u00e5ses fast ordentligt p\u00e5 [&hellip;]<\/p>\n","protected":false},"featured_media":6283,"comment_status":"open","ping_status":"closed","template":"","meta":{"site-sidebar-layout":"default","site-content-layout":"","ast-site-content-layout":"default","site-content-style":"default","site-sidebar-style":"default","ast-global-header-display":"","ast-banner-title-visibility":"","ast-main-header-display":"","ast-hfb-above-header-display":"","ast-hfb-below-header-display":"","ast-hfb-mobile-header-display":"","site-post-title":"","ast-breadcrumbs-content":"","ast-featured-img":"","footer-sml-layout":"","theme-transparent-header-meta":"default","adv-header-id-meta":"","stick-header-meta":"","header-above-stick-meta":"","header-main-stick-meta":"","header-below-stick-meta":"","astra-migrate-meta-layouts":"set","ast-page-background-enabled":"default","ast-page-background-meta":{"desktop":{"background-color":"var(--ast-global-color-4)","background-image":"","background-repeat":"repeat","background-position":"center center","background-size":"auto","background-attachment":"scroll","background-type":"","background-media":"","overlay-type":"","overlay-color":"","overlay-opacity":"","overlay-gradient":""},"tablet":{"background-color":"","background-image":"","background-repeat":"repeat","background-position":"center center","background-size":"auto","background-attachment":"scroll","background-type":"","background-media":"","overlay-type":"","overlay-color":"","overlay-opacity":"","overlay-gradient":""},"mobile":{"background-color":"","background-image":"","background-repeat":"repeat","background-position":"center center","background-size":"auto","background-attachment":"scroll","background-type":"","background-media":"","overlay-type":"","overlay-color":"","overlay-opacity":"","overlay-gradient":""}},"ast-content-background-meta":{"desktop":{"background-color":"var(--ast-global-color-5)","background-image":"","background-repeat":"repeat","background-position":"center center","background-size":"auto","background-attachment":"scroll","background-type":"","background-media":"","overlay-type":"","overlay-color":"","overlay-opacity":"","overlay-gradient":""},"tablet":{"background-color":"var(--ast-global-color-5)","background-image":"","background-repeat":"repeat","background-position":"center center","background-size":"auto","background-attachment":"scroll","background-type":"","background-media":"","overlay-type":"","overlay-color":"","overlay-opacity":"","overlay-gradient":""},"mobile":{"background-color":"var(--ast-global-color-5)","background-image":"","background-repeat":"repeat","background-position":"center center","background-size":"auto","background-attachment":"scroll","background-type":"","background-media":"","overlay-type":"","overlay-color":"","overlay-opacity":"","overlay-gradient":""}}},"product_brand":[],"product_cat":[1001],"product_tag":[],"class_list":{"0":"post-6287","1":"product","2":"type-product","3":"status-publish","4":"has-post-thumbnail","6":"product_cat-household-goods","7":"pa_rgeikdfx-guld","8":"pa_rgeikdfx-svart","9":"pa_rgeikdfx-vit","10":"desktop-align-left","11":"tablet-align-left","12":"mobile-align-left","14":"first","15":"instock","16":"shipping-taxable","17":"purchasable","18":"product-type-variable"},"_links":{"self":[{"href":"https:\/\/keluvo.com\/se\/wp-json\/wp\/v2\/product\/6287","targetHints":{"allow":["GET"]}}],"collection":[{"href":"https:\/\/keluvo.com\/se\/wp-json\/wp\/v2\/product"}],"about":[{"href":"https:\/\/keluvo.com\/se\/wp-json\/wp\/v2\/types\/product"}],"replies":[{"embeddable":true,"href":"https:\/\/keluvo.com\/se\/wp-json\/wp\/v2\/comments?post=6287"}],"wp:featuredmedia":[{"embeddable":true,"href":"https:\/\/keluvo.com\/se\/wp-json\/wp\/v2\/media\/6283"}],"wp:attachment":[{"href":"https:\/\/keluvo.com\/se\/wp-json\/wp\/v2\/media?parent=6287"}],"wp:term":[{"taxonomy":"product_brand","embeddable":true,"href":"https:\/\/keluvo.com\/se\/wp-json\/wp\/v2\/product_brand?post=6287"},{"taxonomy":"product_cat","embeddable":true,"href":"https:\/\/keluvo.com\/se\/wp-json\/wp\/v2\/product_cat?post=6287"},{"taxonomy":"product_tag","embeddable":true,"href":"https:\/\/keluvo.com\/se\/wp-json\/wp\/v2\/product_tag?post=6287"}],"curies":[{"name":"wp","href":"https:\/\/api.w.org\/{rel}","templated":true}]}}