{"id":6278,"date":"2025-02-13T14:40:51","date_gmt":"2025-02-13T12:40:51","guid":{"rendered":"https:\/\/keluvo.com\/se\/product\/reflekterande-skosnoren\/"},"modified":"2025-08-15T15:25:04","modified_gmt":"2025-08-15T13:25:04","slug":"reflekterande-skosnoren","status":"publish","type":"product","link":"https:\/\/keluvo.com\/se\/product\/reflekterande-skosnoren\/","title":{"rendered":"Reflekterande skosn\u00f6ren"},"content":{"rendered":"<h2 style=\"text-align: center\"><strong>Snygg Och Diskret Design<\/strong><\/h2>\n<p style=\"text-align: center\">Reflekterande skosn\u00f6ren \u00e4r ett subtilt s\u00e4tt att l\u00e4gga till reflexer p\u00e5 din utrustning. Med ett neutralt f\u00e4rgm\u00f6nster sm\u00e4lter dessa skosn\u00f6ren s\u00f6ml\u00f6st in i de flesta outfits och ger ett diskret men funktionellt s\u00e4tt att h\u00e5lla sig synlig. Perfekt f\u00f6r dem som vill ha f\u00f6rdelarna med reflexer utan att offra stilen.<\/p>\n<p><img decoding=\"async\" class=\"alignnone size-medium wp-image-4364 aligncenter\" src=\"https:\/\/keluvo.com\/template\/wp-content\/uploads\/sites\/5\/2024\/11\/f3474b0e-da8c-415a-8654-6fe2307252bc.webp\" alt=\"\" \/><\/p>\n<h2 style=\"text-align: center\"><strong>M\u00e5ngsidiga Och L\u00e4tta Att F\u00e4sta<\/strong><\/h2>\n<p style=\"text-align: center\">De reflekterande sn\u00f6rena \u00e4r enkla att f\u00e4sta p\u00e5 olika f\u00f6rem\u00e5l som jackor, hattar, ryggs\u00e4ckar eller skor. Varje snodd m\u00e4ter 25 cm och \u00e4r s\u00e4krad med plastdubbar i b\u00e5da \u00e4ndar f\u00f6r enkel installation. Detta g\u00f6r det till ett bekv\u00e4mt tillbeh\u00f6r f\u00f6r ett brett utbud av utrustning.<\/p>\n<p><img decoding=\"async\" class=\"alignnone size-medium wp-image-4357 aligncenter\" src=\"https:\/\/keluvo.com\/template\/wp-content\/uploads\/sites\/5\/2024\/11\/b6b5db46-78a1-4678-bcf4-bd0d53084859.webp\" alt=\"\" \/><\/p>\n","protected":false},"excerpt":{"rendered":"<p>Snygg Och Diskret Design Reflekterande skosn\u00f6ren \u00e4r ett subtilt s\u00e4tt att l\u00e4gga till reflexer p\u00e5 din utrustning. Med ett neutralt [&hellip;]<\/p>\n","protected":false},"featured_media":6274,"comment_status":"open","ping_status":"closed","template":"","meta":{"site-sidebar-layout":"default","site-content-layout":"","ast-site-content-layout":"default","site-content-style":"default","site-sidebar-style":"default","ast-global-header-display":"","ast-banner-title-visibility":"","ast-main-header-display":"","ast-hfb-above-header-display":"","ast-hfb-below-header-display":"","ast-hfb-mobile-header-display":"","site-post-title":"","ast-breadcrumbs-content":"","ast-featured-img":"","footer-sml-layout":"","theme-transparent-header-meta":"default","adv-header-id-meta":"","stick-header-meta":"","header-above-stick-meta":"","header-main-stick-meta":"","header-below-stick-meta":"","astra-migrate-meta-layouts":"set","ast-page-background-enabled":"default","ast-page-background-meta":{"desktop":{"background-color":"var(--ast-global-color-4)","background-image":"","background-repeat":"repeat","background-position":"center center","background-size":"auto","background-attachment":"scroll","background-type":"","background-media":"","overlay-type":"","overlay-color":"","overlay-opacity":"","overlay-gradient":""},"tablet":{"background-color":"","background-image":"","background-repeat":"repeat","background-position":"center center","background-size":"auto","background-attachment":"scroll","background-type":"","background-media":"","overlay-type":"","overlay-color":"","overlay-opacity":"","overlay-gradient":""},"mobile":{"background-color":"","background-image":"","background-repeat":"repeat","background-position":"center center","background-size":"auto","background-attachment":"scroll","background-type":"","background-media":"","overlay-type":"","overlay-color":"","overlay-opacity":"","overlay-gradient":""}},"ast-content-background-meta":{"desktop":{"background-color":"var(--ast-global-color-5)","background-image":"","background-repeat":"repeat","background-position":"center center","background-size":"auto","background-attachment":"scroll","background-type":"","background-media":"","overlay-type":"","overlay-color":"","overlay-opacity":"","overlay-gradient":""},"tablet":{"background-color":"var(--ast-global-color-5)","background-image":"","background-repeat":"repeat","background-position":"center center","background-size":"auto","background-attachment":"scroll","background-type":"","background-media":"","overlay-type":"","overlay-color":"","overlay-opacity":"","overlay-gradient":""},"mobile":{"background-color":"var(--ast-global-color-5)","background-image":"","background-repeat":"repeat","background-position":"center center","background-size":"auto","background-attachment":"scroll","background-type":"","background-media":"","overlay-type":"","overlay-color":"","overlay-opacity":"","overlay-gradient":""}}},"product_brand":[],"product_cat":[993],"product_tag":[],"class_list":{"0":"post-6278","1":"product","2":"type-product","3":"status-publish","4":"has-post-thumbnail","6":"product_cat-footwear-accessories","7":"desktop-align-left","8":"tablet-align-left","9":"mobile-align-left","11":"first","12":"instock","13":"shipping-taxable","14":"purchasable","15":"product-type-simple"},"_links":{"self":[{"href":"https:\/\/keluvo.com\/se\/wp-json\/wp\/v2\/product\/6278","targetHints":{"allow":["GET"]}}],"collection":[{"href":"https:\/\/keluvo.com\/se\/wp-json\/wp\/v2\/product"}],"about":[{"href":"https:\/\/keluvo.com\/se\/wp-json\/wp\/v2\/types\/product"}],"replies":[{"embeddable":true,"href":"https:\/\/keluvo.com\/se\/wp-json\/wp\/v2\/comments?post=6278"}],"wp:featuredmedia":[{"embeddable":true,"href":"https:\/\/keluvo.com\/se\/wp-json\/wp\/v2\/media\/6274"}],"wp:attachment":[{"href":"https:\/\/keluvo.com\/se\/wp-json\/wp\/v2\/media?parent=6278"}],"wp:term":[{"taxonomy":"product_brand","embeddable":true,"href":"https:\/\/keluvo.com\/se\/wp-json\/wp\/v2\/product_brand?post=6278"},{"taxonomy":"product_cat","embeddable":true,"href":"https:\/\/keluvo.com\/se\/wp-json\/wp\/v2\/product_cat?post=6278"},{"taxonomy":"product_tag","embeddable":true,"href":"https:\/\/keluvo.com\/se\/wp-json\/wp\/v2\/product_tag?post=6278"}],"curies":[{"name":"wp","href":"https:\/\/api.w.org\/{rel}","templated":true}]}}