{"id":5960,"date":"2025-01-22T13:54:02","date_gmt":"2025-01-22T11:54:02","guid":{"rendered":"https:\/\/keluvo.com\/se\/product\/magnetisk-skruvmejselsats\/"},"modified":"2025-06-20T10:47:31","modified_gmt":"2025-06-20T08:47:31","slug":"magnetisk-skruvmejselsats-1","status":"publish","type":"product","link":"https:\/\/keluvo.com\/se\/product\/magnetisk-skruvmejselsats-1\/","title":{"rendered":"Magnetisk skruvmejselsats"},"content":{"rendered":"<h2 style=\"text-align: center;\"><strong>Komplett Upps\u00e4ttning F\u00f6r Varje Uppgift<\/strong><\/h2>\n<p style=\"text-align: center;\">Den h\u00e4r magnetiska skruvmejselsatsen inneh\u00e5ller 44 unika skruvmejselhuvuden, vilket ger dig de verktyg som beh\u00f6vs f\u00f6r n\u00e4stan alla reparationer. Oavsett om det g\u00e4ller elektronik, mobiltelefoner eller hush\u00e5llsartiklar, ser denna upps\u00e4ttning till att du alltid har r\u00e4tt verktyg f\u00f6r jobbet.<\/p>\n<p><img fetchpriority=\"high\" decoding=\"async\" width=\"790\" height=\"966\" class=\"alignnone size-medium wp-image-3199 aligncenter\" src=\"https:\/\/keluvo.com\/template\/wp-content\/uploads\/sites\/5\/2024\/11\/S8370b631ef4c4b1d9af309b7552c575es.jpg\" alt=\"\" srcset=\"https:\/\/keluvo.com\/se\/wp-content\/uploads\/sites\/12\/2024\/11\/S8370b631ef4c4b1d9af309b7552c575es.jpg 790w, https:\/\/keluvo.com\/se\/wp-content\/uploads\/sites\/12\/2024\/11\/S8370b631ef4c4b1d9af309b7552c575es-245x300.jpg 245w, https:\/\/keluvo.com\/se\/wp-content\/uploads\/sites\/12\/2024\/11\/S8370b631ef4c4b1d9af309b7552c575es-768x939.jpg 768w, https:\/\/keluvo.com\/se\/wp-content\/uploads\/sites\/12\/2024\/11\/S8370b631ef4c4b1d9af309b7552c575es-600x734.jpg 600w\" sizes=\"(max-width: 790px) 100vw, 790px\" \/><\/p>\n<h2 style=\"text-align: center;\"><strong>Starkt Magnetiskt Grepp<\/strong><\/h2>\n<p style=\"text-align: center;\">Utrustad med en magnetisk funktion h\u00e5ller denna skruvmejselsats skruvarna s\u00e4kert p\u00e5 plats, vilket g\u00f6r hantering och exakt placering enkel. Detta minskar risken f\u00f6r tappade eller borttappade skruvar, vilket g\u00f6r ditt arbete snabbare och effektivare.<\/p>\n<p><img decoding=\"async\" width=\"1200\" height=\"1200\" class=\"alignnone size-medium wp-image-3203 aligncenter\" src=\"https:\/\/keluvo.com\/template\/wp-content\/uploads\/sites\/5\/2024\/11\/S275e3d897a964a779ae4942626600a276-removebg-preview.png\" alt=\"\" srcset=\"https:\/\/keluvo.com\/se\/wp-content\/uploads\/sites\/12\/2024\/11\/S275e3d897a964a779ae4942626600a276-removebg-preview.png 1200w, https:\/\/keluvo.com\/se\/wp-content\/uploads\/sites\/12\/2024\/11\/S275e3d897a964a779ae4942626600a276-removebg-preview-300x300.png 300w, https:\/\/keluvo.com\/se\/wp-content\/uploads\/sites\/12\/2024\/11\/S275e3d897a964a779ae4942626600a276-removebg-preview-1024x1024.png 1024w, https:\/\/keluvo.com\/se\/wp-content\/uploads\/sites\/12\/2024\/11\/S275e3d897a964a779ae4942626600a276-removebg-preview-150x150.png 150w, https:\/\/keluvo.com\/se\/wp-content\/uploads\/sites\/12\/2024\/11\/S275e3d897a964a779ae4942626600a276-removebg-preview-768x768.png 768w, https:\/\/keluvo.com\/se\/wp-content\/uploads\/sites\/12\/2024\/11\/S275e3d897a964a779ae4942626600a276-removebg-preview-600x600.png 600w, https:\/\/keluvo.com\/se\/wp-content\/uploads\/sites\/12\/2024\/11\/S275e3d897a964a779ae4942626600a276-removebg-preview-100x100.png 100w, https:\/\/keluvo.com\/se\/wp-content\/uploads\/sites\/12\/2024\/11\/S275e3d897a964a779ae4942626600a276-removebg-preview-50x50.png 50w\" sizes=\"(max-width: 1200px) 100vw, 1200px\" \/><\/p>\n<h2 style=\"text-align: center;\"><strong>Precision F\u00f6r Exakt Arbete<\/strong><\/h2>\n<p style=\"text-align: center;\">Den magnetiska skruvmejselsatsen \u00e4r utformad med h\u00f6g precision och s\u00e4kerst\u00e4ller exakt och j\u00e4mn skruvplacering. Denna upps\u00e4ttning \u00e4r idealisk f\u00f6r detaljerade uppgifter och ger tillf\u00f6rlitlig prestanda, vilket hj\u00e4lper dig att slutf\u00f6ra reparationer med f\u00f6rtroende och precision.<\/p>\n<p><img decoding=\"async\" width=\"800\" height=\"800\" class=\"alignnone size-medium wp-image-3201 aligncenter\" src=\"https:\/\/keluvo.com\/template\/wp-content\/uploads\/sites\/5\/2024\/11\/S9783e7ceabb04b58a202033243ea9eecR.jpg\" alt=\"\" srcset=\"https:\/\/keluvo.com\/se\/wp-content\/uploads\/sites\/12\/2024\/11\/S9783e7ceabb04b58a202033243ea9eecR.jpg 800w, https:\/\/keluvo.com\/se\/wp-content\/uploads\/sites\/12\/2024\/11\/S9783e7ceabb04b58a202033243ea9eecR-300x300.jpg 300w, https:\/\/keluvo.com\/se\/wp-content\/uploads\/sites\/12\/2024\/11\/S9783e7ceabb04b58a202033243ea9eecR-150x150.jpg 150w, https:\/\/keluvo.com\/se\/wp-content\/uploads\/sites\/12\/2024\/11\/S9783e7ceabb04b58a202033243ea9eecR-768x768.jpg 768w, https:\/\/keluvo.com\/se\/wp-content\/uploads\/sites\/12\/2024\/11\/S9783e7ceabb04b58a202033243ea9eecR-600x600.jpg 600w, https:\/\/keluvo.com\/se\/wp-content\/uploads\/sites\/12\/2024\/11\/S9783e7ceabb04b58a202033243ea9eecR-100x100.jpg 100w, https:\/\/keluvo.com\/se\/wp-content\/uploads\/sites\/12\/2024\/11\/S9783e7ceabb04b58a202033243ea9eecR-50x50.jpg 50w\" sizes=\"(max-width: 800px) 100vw, 800px\" \/><\/p>\n","protected":false},"excerpt":{"rendered":"<p>Komplett Upps\u00e4ttning F\u00f6r Varje Uppgift Den h\u00e4r magnetiska skruvmejselsatsen inneh\u00e5ller 44 unika skruvmejselhuvuden, vilket ger dig de verktyg som beh\u00f6vs [&hellip;]<\/p>\n","protected":false},"featured_media":5956,"comment_status":"open","ping_status":"closed","template":"","meta":{"site-sidebar-layout":"default","site-content-layout":"","ast-site-content-layout":"default","site-content-style":"default","site-sidebar-style":"default","ast-global-header-display":"","ast-banner-title-visibility":"","ast-main-header-display":"","ast-hfb-above-header-display":"","ast-hfb-below-header-display":"","ast-hfb-mobile-header-display":"","site-post-title":"","ast-breadcrumbs-content":"","ast-featured-img":"","footer-sml-layout":"","theme-transparent-header-meta":"default","adv-header-id-meta":"","stick-header-meta":"","header-above-stick-meta":"","header-main-stick-meta":"","header-below-stick-meta":"","astra-migrate-meta-layouts":"set","ast-page-background-enabled":"default","ast-page-background-meta":{"desktop":{"background-color":"var(--ast-global-color-4)","background-image":"","background-repeat":"repeat","background-position":"center center","background-size":"auto","background-attachment":"scroll","background-type":"","background-media":"","overlay-type":"","overlay-color":"","overlay-opacity":"","overlay-gradient":""},"tablet":{"background-color":"","background-image":"","background-repeat":"repeat","background-position":"center center","background-size":"auto","background-attachment":"scroll","background-type":"","background-media":"","overlay-type":"","overlay-color":"","overlay-opacity":"","overlay-gradient":""},"mobile":{"background-color":"","background-image":"","background-repeat":"repeat","background-position":"center center","background-size":"auto","background-attachment":"scroll","background-type":"","background-media":"","overlay-type":"","overlay-color":"","overlay-opacity":"","overlay-gradient":""}},"ast-content-background-meta":{"desktop":{"background-color":"var(--ast-global-color-5)","background-image":"","background-repeat":"repeat","background-position":"center center","background-size":"auto","background-attachment":"scroll","background-type":"","background-media":"","overlay-type":"","overlay-color":"","overlay-opacity":"","overlay-gradient":""},"tablet":{"background-color":"var(--ast-global-color-5)","background-image":"","background-repeat":"repeat","background-position":"center center","background-size":"auto","background-attachment":"scroll","background-type":"","background-media":"","overlay-type":"","overlay-color":"","overlay-opacity":"","overlay-gradient":""},"mobile":{"background-color":"var(--ast-global-color-5)","background-image":"","background-repeat":"repeat","background-position":"center center","background-size":"auto","background-attachment":"scroll","background-type":"","background-media":"","overlay-type":"","overlay-color":"","overlay-opacity":"","overlay-gradient":""}}},"product_brand":[],"product_cat":[996],"product_tag":[],"class_list":{"0":"post-5960","1":"product","2":"type-product","3":"status-publish","4":"has-post-thumbnail","6":"product_cat-tools","7":"desktop-align-left","8":"tablet-align-left","9":"mobile-align-left","11":"first","12":"instock","13":"shipping-taxable","14":"purchasable","15":"product-type-simple"},"_links":{"self":[{"href":"https:\/\/keluvo.com\/se\/wp-json\/wp\/v2\/product\/5960","targetHints":{"allow":["GET"]}}],"collection":[{"href":"https:\/\/keluvo.com\/se\/wp-json\/wp\/v2\/product"}],"about":[{"href":"https:\/\/keluvo.com\/se\/wp-json\/wp\/v2\/types\/product"}],"replies":[{"embeddable":true,"href":"https:\/\/keluvo.com\/se\/wp-json\/wp\/v2\/comments?post=5960"}],"wp:featuredmedia":[{"embeddable":true,"href":"https:\/\/keluvo.com\/se\/wp-json\/wp\/v2\/media\/5956"}],"wp:attachment":[{"href":"https:\/\/keluvo.com\/se\/wp-json\/wp\/v2\/media?parent=5960"}],"wp:term":[{"taxonomy":"product_brand","embeddable":true,"href":"https:\/\/keluvo.com\/se\/wp-json\/wp\/v2\/product_brand?post=5960"},{"taxonomy":"product_cat","embeddable":true,"href":"https:\/\/keluvo.com\/se\/wp-json\/wp\/v2\/product_cat?post=5960"},{"taxonomy":"product_tag","embeddable":true,"href":"https:\/\/keluvo.com\/se\/wp-json\/wp\/v2\/product_tag?post=5960"}],"curies":[{"name":"wp","href":"https:\/\/api.w.org\/{rel}","templated":true}]}}