{"id":5939,"date":"2025-01-22T13:47:54","date_gmt":"2025-01-22T11:47:54","guid":{"rendered":"https:\/\/keluvo.com\/se\/product\/brannare-med-butangas\/"},"modified":"2025-01-22T13:47:55","modified_gmt":"2025-01-22T11:47:55","slug":"brannare-med-butangas","status":"publish","type":"product","link":"https:\/\/keluvo.com\/se\/product\/brannare-med-butangas\/","title":{"rendered":"Br\u00e4nnare med butangas"},"content":{"rendered":"<h2 style=\"text-align: center\"><strong>Justerbar H\u00f6gtemperaturflamma<\/strong><\/h2>\n<p style=\"text-align: center\">Butangasbr\u00e4nnaren har en justerbar flamma som kan n\u00e5 upp till 1300\u00b0C, vilket g\u00f6r den perfekt f\u00f6r matlagning, svetsning eller uppv\u00e4rmning. Temperaturkontrollen m\u00f6jligg\u00f6r exakt anv\u00e4ndning, oavsett om du karamelliserar mat eller arbetar med metalluppgifter. Det \u00e4r ett p\u00e5litligt verktyg f\u00f6r b\u00e5de hemma- och utomhusbruk.<\/p>\n<p style=\"text-align: center\"><img decoding=\"async\" class=\"alignnone size-medium wp-image-4968\" src=\"https:\/\/keluvo.com\/template\/wp-content\/uploads\/sites\/5\/2024\/12\/S669b54a9f26f4cfdb6be4b5629a88321q.jpg_960x960q75.jpg_.jpeg\" alt=\"\" \/><\/p>\n<h2 style=\"text-align: center\"><strong>Kompakt Och L\u00e4ttanv\u00e4nd<\/strong><\/h2>\n<p style=\"text-align: center\">Den l\u00e4tta och kompakta butangasbr\u00e4nnaren \u00e4r l\u00e4tt att b\u00e4ra och anv\u00e4nda. Den enkla installationen g\u00f6r att den snabbt kan anslutas till en butangastank, vilket g\u00f6r den bekv\u00e4m att anv\u00e4nda vid camping, picknick och andra utomhusaktiviteter. Det \u00e4r det perfekta verktyget f\u00f6r alla som \u00e4r p\u00e5 spr\u00e5ng.<\/p>\n<p><img decoding=\"async\" class=\"alignnone size-medium wp-image-4966 aligncenter\" src=\"https:\/\/keluvo.com\/template\/wp-content\/uploads\/sites\/5\/2024\/12\/S1ffedd3650954cafba9b985b4bbd29187.jpg_960x960q75.jpg_.jpeg\" alt=\"\" \/><\/p>\n<p>&nbsp;<\/p>\n","protected":false},"excerpt":{"rendered":"<p>Justerbar H\u00f6gtemperaturflamma Butangasbr\u00e4nnaren har en justerbar flamma som kan n\u00e5 upp till 1300\u00b0C, vilket g\u00f6r den perfekt f\u00f6r matlagning, svetsning [&hellip;]<\/p>\n","protected":false},"featured_media":5935,"comment_status":"open","ping_status":"closed","template":"","meta":{"site-sidebar-layout":"default","site-content-layout":"","ast-site-content-layout":"default","site-content-style":"default","site-sidebar-style":"default","ast-global-header-display":"","ast-banner-title-visibility":"","ast-main-header-display":"","ast-hfb-above-header-display":"","ast-hfb-below-header-display":"","ast-hfb-mobile-header-display":"","site-post-title":"","ast-breadcrumbs-content":"","ast-featured-img":"","footer-sml-layout":"","theme-transparent-header-meta":"default","adv-header-id-meta":"","stick-header-meta":"","header-above-stick-meta":"","header-main-stick-meta":"","header-below-stick-meta":"","astra-migrate-meta-layouts":"set","ast-page-background-enabled":"default","ast-page-background-meta":{"desktop":{"background-color":"var(--ast-global-color-4)","background-image":"","background-repeat":"repeat","background-position":"center center","background-size":"auto","background-attachment":"scroll","background-type":"","background-media":"","overlay-type":"","overlay-color":"","overlay-opacity":"","overlay-gradient":""},"tablet":{"background-color":"","background-image":"","background-repeat":"repeat","background-position":"center center","background-size":"auto","background-attachment":"scroll","background-type":"","background-media":"","overlay-type":"","overlay-color":"","overlay-opacity":"","overlay-gradient":""},"mobile":{"background-color":"","background-image":"","background-repeat":"repeat","background-position":"center center","background-size":"auto","background-attachment":"scroll","background-type":"","background-media":"","overlay-type":"","overlay-color":"","overlay-opacity":"","overlay-gradient":""}},"ast-content-background-meta":{"desktop":{"background-color":"var(--ast-global-color-5)","background-image":"","background-repeat":"repeat","background-position":"center center","background-size":"auto","background-attachment":"scroll","background-type":"","background-media":"","overlay-type":"","overlay-color":"","overlay-opacity":"","overlay-gradient":""},"tablet":{"background-color":"var(--ast-global-color-5)","background-image":"","background-repeat":"repeat","background-position":"center center","background-size":"auto","background-attachment":"scroll","background-type":"","background-media":"","overlay-type":"","overlay-color":"","overlay-opacity":"","overlay-gradient":""},"mobile":{"background-color":"var(--ast-global-color-5)","background-image":"","background-repeat":"repeat","background-position":"center center","background-size":"auto","background-attachment":"scroll","background-type":"","background-media":"","overlay-type":"","overlay-color":"","overlay-opacity":"","overlay-gradient":""}}},"product_brand":[],"product_cat":[1000],"product_tag":[],"class_list":{"0":"post-5939","1":"product","2":"type-product","3":"status-publish","4":"has-post-thumbnail","6":"product_cat-hiking-camping-and-leisure-goods","7":"desktop-align-left","8":"tablet-align-left","9":"mobile-align-left","11":"first","12":"instock","13":"shipping-taxable","14":"purchasable","15":"product-type-simple"},"_links":{"self":[{"href":"https:\/\/keluvo.com\/se\/wp-json\/wp\/v2\/product\/5939","targetHints":{"allow":["GET"]}}],"collection":[{"href":"https:\/\/keluvo.com\/se\/wp-json\/wp\/v2\/product"}],"about":[{"href":"https:\/\/keluvo.com\/se\/wp-json\/wp\/v2\/types\/product"}],"replies":[{"embeddable":true,"href":"https:\/\/keluvo.com\/se\/wp-json\/wp\/v2\/comments?post=5939"}],"wp:featuredmedia":[{"embeddable":true,"href":"https:\/\/keluvo.com\/se\/wp-json\/wp\/v2\/media\/5935"}],"wp:attachment":[{"href":"https:\/\/keluvo.com\/se\/wp-json\/wp\/v2\/media?parent=5939"}],"wp:term":[{"taxonomy":"product_brand","embeddable":true,"href":"https:\/\/keluvo.com\/se\/wp-json\/wp\/v2\/product_brand?post=5939"},{"taxonomy":"product_cat","embeddable":true,"href":"https:\/\/keluvo.com\/se\/wp-json\/wp\/v2\/product_cat?post=5939"},{"taxonomy":"product_tag","embeddable":true,"href":"https:\/\/keluvo.com\/se\/wp-json\/wp\/v2\/product_tag?post=5939"}],"curies":[{"name":"wp","href":"https:\/\/api.w.org\/{rel}","templated":true}]}}