{"id":5928,"date":"2025-01-22T13:46:09","date_gmt":"2025-01-22T11:46:09","guid":{"rendered":"https:\/\/keluvo.com\/se\/product\/mini-elektrisk-harratare\/"},"modified":"2025-01-22T13:46:19","modified_gmt":"2025-01-22T11:46:19","slug":"mini-elektrisk-harratare","status":"publish","type":"product","link":"https:\/\/keluvo.com\/se\/product\/mini-elektrisk-harratare\/","title":{"rendered":"Mini elektrisk h\u00e5rr\u00e4tare"},"content":{"rendered":"<h2 style=\"text-align: center\"><strong>Kompakt Och Resev\u00e4nlig Design<\/strong><\/h2>\n<p style=\"text-align: center\">Den elektriska platt\u00e5ngen i miniformat \u00e4r l\u00e4tt och liten, vilket g\u00f6r den perfekt f\u00f6r resor eller snabba uppfr\u00e4schningar n\u00e4r du \u00e4r p\u00e5 spr\u00e5ng. Dess b\u00e4rbara storlek p\u00e5 18,5 x 3,5 cm passar l\u00e4tt i alla v\u00e4skor eller handv\u00e4skor, s\u00e5 att du kan h\u00e5lla ditt h\u00e5r snyggt var du \u00e4n \u00e4r.<\/p>\n<p><img decoding=\"async\" class=\"alignnone size-medium wp-image-5097 aligncenter\" src=\"https:\/\/keluvo.com\/template\/wp-content\/uploads\/sites\/5\/2024\/12\/S5505648bf2754ebe8d98eb1cc2ffcc5eO.jpg_960x960q75.jpg_.jpeg\" alt=\"\" \/><\/p>\n<h2 style=\"text-align: center\"><strong>Dubbel Anv\u00e4ndning F\u00f6r Platt\u00e5ng Och Lockt\u00e5ng<\/strong><\/h2>\n<p style=\"text-align: center\">Detta m\u00e5ngsidiga verktyg fungerar som b\u00e5de platt\u00e5ng och lockt\u00e5ng, s\u00e5 att du enkelt kan skapa olika stilar. Dess 16 vetenskapligt arrangerade kamt\u00e4nder s\u00e4kerst\u00e4ller j\u00e4mn v\u00e4rmef\u00f6rdelning, vilket ger ditt h\u00e5r en sl\u00e4t, gl\u00e4nsande och flexibel finish varje g\u00e5ng.<\/p>\n<p><img decoding=\"async\" class=\"alignnone size-medium wp-image-5085 aligncenter\" src=\"https:\/\/keluvo.com\/template\/wp-content\/uploads\/sites\/5\/2024\/12\/Sa11bb050a5f14dc8a1f93ef0870bb631t-1.jpeg\" alt=\"\" \/><\/p>\n","protected":false},"excerpt":{"rendered":"<p>Kompakt Och Resev\u00e4nlig Design Den elektriska platt\u00e5ngen i miniformat \u00e4r l\u00e4tt och liten, vilket g\u00f6r den perfekt f\u00f6r resor eller [&hellip;]<\/p>\n","protected":false},"featured_media":5924,"comment_status":"open","ping_status":"closed","template":"","meta":{"site-sidebar-layout":"default","site-content-layout":"","ast-site-content-layout":"default","site-content-style":"default","site-sidebar-style":"default","ast-global-header-display":"","ast-banner-title-visibility":"","ast-main-header-display":"","ast-hfb-above-header-display":"","ast-hfb-below-header-display":"","ast-hfb-mobile-header-display":"","site-post-title":"","ast-breadcrumbs-content":"","ast-featured-img":"","footer-sml-layout":"","theme-transparent-header-meta":"default","adv-header-id-meta":"","stick-header-meta":"","header-above-stick-meta":"","header-main-stick-meta":"","header-below-stick-meta":"","astra-migrate-meta-layouts":"set","ast-page-background-enabled":"default","ast-page-background-meta":{"desktop":{"background-color":"var(--ast-global-color-4)","background-image":"","background-repeat":"repeat","background-position":"center center","background-size":"auto","background-attachment":"scroll","background-type":"","background-media":"","overlay-type":"","overlay-color":"","overlay-opacity":"","overlay-gradient":""},"tablet":{"background-color":"","background-image":"","background-repeat":"repeat","background-position":"center center","background-size":"auto","background-attachment":"scroll","background-type":"","background-media":"","overlay-type":"","overlay-color":"","overlay-opacity":"","overlay-gradient":""},"mobile":{"background-color":"","background-image":"","background-repeat":"repeat","background-position":"center center","background-size":"auto","background-attachment":"scroll","background-type":"","background-media":"","overlay-type":"","overlay-color":"","overlay-opacity":"","overlay-gradient":""}},"ast-content-background-meta":{"desktop":{"background-color":"var(--ast-global-color-5)","background-image":"","background-repeat":"repeat","background-position":"center center","background-size":"auto","background-attachment":"scroll","background-type":"","background-media":"","overlay-type":"","overlay-color":"","overlay-opacity":"","overlay-gradient":""},"tablet":{"background-color":"var(--ast-global-color-5)","background-image":"","background-repeat":"repeat","background-position":"center center","background-size":"auto","background-attachment":"scroll","background-type":"","background-media":"","overlay-type":"","overlay-color":"","overlay-opacity":"","overlay-gradient":""},"mobile":{"background-color":"var(--ast-global-color-5)","background-image":"","background-repeat":"repeat","background-position":"center center","background-size":"auto","background-attachment":"scroll","background-type":"","background-media":"","overlay-type":"","overlay-color":"","overlay-opacity":"","overlay-gradient":""}}},"product_brand":[],"product_cat":[992],"product_tag":[],"class_list":{"0":"post-5928","1":"product","2":"type-product","3":"status-publish","4":"has-post-thumbnail","6":"product_cat-beauty-and-hygiene-products","7":"pa_u76t5lsd-gron","8":"pa_u76t5lsd-lila","9":"pa_u76t5lsd-rosa","10":"desktop-align-left","11":"tablet-align-left","12":"mobile-align-left","14":"first","15":"instock","16":"shipping-taxable","17":"purchasable","18":"product-type-variable"},"_links":{"self":[{"href":"https:\/\/keluvo.com\/se\/wp-json\/wp\/v2\/product\/5928","targetHints":{"allow":["GET"]}}],"collection":[{"href":"https:\/\/keluvo.com\/se\/wp-json\/wp\/v2\/product"}],"about":[{"href":"https:\/\/keluvo.com\/se\/wp-json\/wp\/v2\/types\/product"}],"replies":[{"embeddable":true,"href":"https:\/\/keluvo.com\/se\/wp-json\/wp\/v2\/comments?post=5928"}],"wp:featuredmedia":[{"embeddable":true,"href":"https:\/\/keluvo.com\/se\/wp-json\/wp\/v2\/media\/5924"}],"wp:attachment":[{"href":"https:\/\/keluvo.com\/se\/wp-json\/wp\/v2\/media?parent=5928"}],"wp:term":[{"taxonomy":"product_brand","embeddable":true,"href":"https:\/\/keluvo.com\/se\/wp-json\/wp\/v2\/product_brand?post=5928"},{"taxonomy":"product_cat","embeddable":true,"href":"https:\/\/keluvo.com\/se\/wp-json\/wp\/v2\/product_cat?post=5928"},{"taxonomy":"product_tag","embeddable":true,"href":"https:\/\/keluvo.com\/se\/wp-json\/wp\/v2\/product_tag?post=5928"}],"curies":[{"name":"wp","href":"https:\/\/api.w.org\/{rel}","templated":true}]}}