{"id":5901,"date":"2025-01-22T13:20:58","date_gmt":"2025-01-22T11:20:58","guid":{"rendered":"https:\/\/keluvo.com\/se\/product\/nattlampa-for-manen\/"},"modified":"2025-01-22T13:20:59","modified_gmt":"2025-01-22T11:20:59","slug":"nattlampa-for-manen","status":"publish","type":"product","link":"https:\/\/keluvo.com\/se\/product\/nattlampa-for-manen\/","title":{"rendered":"Nattlampa f\u00f6r m\u00e5nen"},"content":{"rendered":"<h2 style=\"text-align: center\"><strong>Realistisk 3D-M\u00e5ndesign<\/strong><\/h2>\n<p style=\"text-align: center\">M\u00e5nnattlampan anv\u00e4nder avancerad 3D-utskriftsteknik f\u00f6r att skapa en realistisk m\u00e5nyta. Dess detaljerade design efterliknar kratrarna och strukturen p\u00e5 den faktiska m\u00e5nen, vilket ger en touch av magi till ditt utrymme. Denna lampa \u00e4r perfekt som dekoration f\u00f6r ditt sovrum, vardagsrum eller speciella tillf\u00e4llen.<\/p>\n<p><img fetchpriority=\"high\" decoding=\"async\" width=\"690\" height=\"690\" class=\"alignnone size-medium wp-image-4039 aligncenter\" src=\"https:\/\/keluvo.com\/template\/wp-content\/uploads\/sites\/5\/2024\/11\/2b7de63e-6ddf-4f90-9bab-d6fb84b7d084.webp\" alt=\"\" srcset=\"https:\/\/keluvo.com\/se\/wp-content\/uploads\/sites\/12\/2024\/11\/2b7de63e-6ddf-4f90-9bab-d6fb84b7d084.webp 690w, https:\/\/keluvo.com\/se\/wp-content\/uploads\/sites\/12\/2024\/11\/2b7de63e-6ddf-4f90-9bab-d6fb84b7d084-300x300.webp 300w, https:\/\/keluvo.com\/se\/wp-content\/uploads\/sites\/12\/2024\/11\/2b7de63e-6ddf-4f90-9bab-d6fb84b7d084-150x150.webp 150w, https:\/\/keluvo.com\/se\/wp-content\/uploads\/sites\/12\/2024\/11\/2b7de63e-6ddf-4f90-9bab-d6fb84b7d084-600x600.webp 600w, https:\/\/keluvo.com\/se\/wp-content\/uploads\/sites\/12\/2024\/11\/2b7de63e-6ddf-4f90-9bab-d6fb84b7d084-100x100.webp 100w, https:\/\/keluvo.com\/se\/wp-content\/uploads\/sites\/12\/2024\/11\/2b7de63e-6ddf-4f90-9bab-d6fb84b7d084-50x50.webp 50w\" sizes=\"(max-width: 690px) 100vw, 690px\" \/><\/p>\n<h2 style=\"text-align: center\"><strong>Justerbara F\u00e4rger Och Ljusstyrka<\/strong><\/h2>\n<p style=\"text-align: center\">Med 16 belysningsf\u00e4rger och justerbar ljusstyrka l\u00e5ter m\u00e5nens nattlampa dig skapa den perfekta atmosf\u00e4ren f\u00f6r alla milj\u00f6er. Anv\u00e4nd fj\u00e4rrkontrollen eller pekbrytaren f\u00f6r att enkelt anpassa ljuset efter ditt hum\u00f6r. Oavsett om det \u00e4r en varm gl\u00f6d f\u00f6r avkoppling eller en livlig f\u00e4rg f\u00f6r skojs skull, har den h\u00e4r lampan allt du beh\u00f6ver.<\/p>\n<p><img decoding=\"async\" width=\"700\" height=\"700\" class=\"alignnone size-medium wp-image-4042 aligncenter\" src=\"https:\/\/keluvo.com\/template\/wp-content\/uploads\/sites\/5\/2024\/11\/ca17a0db-4d85-474d-aeb4-01e7a6bab8e2.webp\" alt=\"\" srcset=\"https:\/\/keluvo.com\/se\/wp-content\/uploads\/sites\/12\/2024\/11\/ca17a0db-4d85-474d-aeb4-01e7a6bab8e2.webp 700w, https:\/\/keluvo.com\/se\/wp-content\/uploads\/sites\/12\/2024\/11\/ca17a0db-4d85-474d-aeb4-01e7a6bab8e2-300x300.webp 300w, https:\/\/keluvo.com\/se\/wp-content\/uploads\/sites\/12\/2024\/11\/ca17a0db-4d85-474d-aeb4-01e7a6bab8e2-150x150.webp 150w, https:\/\/keluvo.com\/se\/wp-content\/uploads\/sites\/12\/2024\/11\/ca17a0db-4d85-474d-aeb4-01e7a6bab8e2-600x600.webp 600w, https:\/\/keluvo.com\/se\/wp-content\/uploads\/sites\/12\/2024\/11\/ca17a0db-4d85-474d-aeb4-01e7a6bab8e2-100x100.webp 100w, https:\/\/keluvo.com\/se\/wp-content\/uploads\/sites\/12\/2024\/11\/ca17a0db-4d85-474d-aeb4-01e7a6bab8e2-50x50.webp 50w\" sizes=\"(max-width: 700px) 100vw, 700px\" \/><\/p>\n","protected":false},"excerpt":{"rendered":"<p>Realistisk 3D-M\u00e5ndesign M\u00e5nnattlampan anv\u00e4nder avancerad 3D-utskriftsteknik f\u00f6r att skapa en realistisk m\u00e5nyta. Dess detaljerade design efterliknar kratrarna och strukturen p\u00e5 [&hellip;]<\/p>\n","protected":false},"featured_media":5897,"comment_status":"open","ping_status":"closed","template":"","meta":{"site-sidebar-layout":"default","site-content-layout":"","ast-site-content-layout":"default","site-content-style":"default","site-sidebar-style":"default","ast-global-header-display":"","ast-banner-title-visibility":"","ast-main-header-display":"","ast-hfb-above-header-display":"","ast-hfb-below-header-display":"","ast-hfb-mobile-header-display":"","site-post-title":"","ast-breadcrumbs-content":"","ast-featured-img":"","footer-sml-layout":"","theme-transparent-header-meta":"default","adv-header-id-meta":"","stick-header-meta":"","header-above-stick-meta":"","header-main-stick-meta":"","header-below-stick-meta":"","astra-migrate-meta-layouts":"set","ast-page-background-enabled":"default","ast-page-background-meta":{"desktop":{"background-color":"var(--ast-global-color-4)","background-image":"","background-repeat":"repeat","background-position":"center center","background-size":"auto","background-attachment":"scroll","background-type":"","background-media":"","overlay-type":"","overlay-color":"","overlay-opacity":"","overlay-gradient":""},"tablet":{"background-color":"","background-image":"","background-repeat":"repeat","background-position":"center center","background-size":"auto","background-attachment":"scroll","background-type":"","background-media":"","overlay-type":"","overlay-color":"","overlay-opacity":"","overlay-gradient":""},"mobile":{"background-color":"","background-image":"","background-repeat":"repeat","background-position":"center center","background-size":"auto","background-attachment":"scroll","background-type":"","background-media":"","overlay-type":"","overlay-color":"","overlay-opacity":"","overlay-gradient":""}},"ast-content-background-meta":{"desktop":{"background-color":"var(--ast-global-color-5)","background-image":"","background-repeat":"repeat","background-position":"center center","background-size":"auto","background-attachment":"scroll","background-type":"","background-media":"","overlay-type":"","overlay-color":"","overlay-opacity":"","overlay-gradient":""},"tablet":{"background-color":"var(--ast-global-color-5)","background-image":"","background-repeat":"repeat","background-position":"center center","background-size":"auto","background-attachment":"scroll","background-type":"","background-media":"","overlay-type":"","overlay-color":"","overlay-opacity":"","overlay-gradient":""},"mobile":{"background-color":"var(--ast-global-color-5)","background-image":"","background-repeat":"repeat","background-position":"center center","background-size":"auto","background-attachment":"scroll","background-type":"","background-media":"","overlay-type":"","overlay-color":"","overlay-opacity":"","overlay-gradient":""}}},"product_brand":[],"product_cat":[1001],"product_tag":[],"class_list":{"0":"post-5901","1":"product","2":"type-product","3":"status-publish","4":"has-post-thumbnail","6":"product_cat-household-goods","7":"desktop-align-left","8":"tablet-align-left","9":"mobile-align-left","11":"first","12":"instock","13":"shipping-taxable","14":"purchasable","15":"product-type-simple"},"_links":{"self":[{"href":"https:\/\/keluvo.com\/se\/wp-json\/wp\/v2\/product\/5901","targetHints":{"allow":["GET"]}}],"collection":[{"href":"https:\/\/keluvo.com\/se\/wp-json\/wp\/v2\/product"}],"about":[{"href":"https:\/\/keluvo.com\/se\/wp-json\/wp\/v2\/types\/product"}],"replies":[{"embeddable":true,"href":"https:\/\/keluvo.com\/se\/wp-json\/wp\/v2\/comments?post=5901"}],"wp:featuredmedia":[{"embeddable":true,"href":"https:\/\/keluvo.com\/se\/wp-json\/wp\/v2\/media\/5897"}],"wp:attachment":[{"href":"https:\/\/keluvo.com\/se\/wp-json\/wp\/v2\/media?parent=5901"}],"wp:term":[{"taxonomy":"product_brand","embeddable":true,"href":"https:\/\/keluvo.com\/se\/wp-json\/wp\/v2\/product_brand?post=5901"},{"taxonomy":"product_cat","embeddable":true,"href":"https:\/\/keluvo.com\/se\/wp-json\/wp\/v2\/product_cat?post=5901"},{"taxonomy":"product_tag","embeddable":true,"href":"https:\/\/keluvo.com\/se\/wp-json\/wp\/v2\/product_tag?post=5901"}],"curies":[{"name":"wp","href":"https:\/\/api.w.org\/{rel}","templated":true}]}}