{"id":5871,"date":"2025-01-22T13:17:13","date_gmt":"2025-01-22T11:17:13","guid":{"rendered":"https:\/\/keluvo.com\/se\/product\/clips-for-kabelarrangemang-20-st\/"},"modified":"2025-08-06T14:03:39","modified_gmt":"2025-08-06T12:03:39","slug":"clips-for-kabelarrangemang-20-st","status":"publish","type":"product","link":"https:\/\/keluvo.com\/se\/product\/clips-for-kabelarrangemang-20-st\/","title":{"rendered":"Clips f\u00f6r kabelarrangemang (20 st)"},"content":{"rendered":"<h2 style=\"text-align: center\"><strong>Enkel Installation<\/strong><\/h2>\n<p style=\"text-align: center\">Kabelkl\u00e4mmorna \u00e4r utformade med en sj\u00e4lvh\u00e4ftande baksida, vilket g\u00f6r installationen snabb och problemfri. Dra helt enkelt bort baksidan och f\u00e4st dem p\u00e5 \u00f6nskad yta utan att oroa dig f\u00f6r skador p\u00e5 v\u00e4ggar eller m\u00f6bler.<\/p>\n<p><img decoding=\"async\" class=\"alignnone size-medium wp-image-4198 aligncenter\" src=\"https:\/\/keluvo.com\/template\/wp-content\/uploads\/sites\/5\/2024\/11\/S683884cedd784408b54997c429260747I.jpg\" alt=\"\" \/><\/p>\n<h2 style=\"text-align: center\"><strong>Organisera Dina Kablar<\/strong><\/h2>\n<p style=\"text-align: center\">De h\u00e4r clipsen \u00e4r perfekta f\u00f6r att st\u00e4da upp hemma eller p\u00e5 kontoret genom att h\u00e5lla ordning p\u00e5 olika datakablar, n\u00e4tverkskablar och sladdar. De f\u00f6rhindrar trassel och r\u00f6ran, vilket g\u00f6r det l\u00e4ttare att komma \u00e5t och hantera dina ledningar.<\/p>\n<p><img decoding=\"async\" class=\"alignnone size-medium wp-image-4196 aligncenter\" src=\"https:\/\/keluvo.com\/template\/wp-content\/uploads\/sites\/5\/2024\/11\/S9cde89fbdae540a2b9ed2bffe8ca3e2ds.jpg\" alt=\"\" \/><\/p>\n","protected":false},"excerpt":{"rendered":"<p>Enkel Installation Kabelkl\u00e4mmorna \u00e4r utformade med en sj\u00e4lvh\u00e4ftande baksida, vilket g\u00f6r installationen snabb och problemfri. Dra helt enkelt bort baksidan [&hellip;]<\/p>\n","protected":false},"featured_media":5867,"comment_status":"open","ping_status":"closed","template":"","meta":{"site-sidebar-layout":"default","site-content-layout":"","ast-site-content-layout":"default","site-content-style":"default","site-sidebar-style":"default","ast-global-header-display":"","ast-banner-title-visibility":"","ast-main-header-display":"","ast-hfb-above-header-display":"","ast-hfb-below-header-display":"","ast-hfb-mobile-header-display":"","site-post-title":"","ast-breadcrumbs-content":"","ast-featured-img":"","footer-sml-layout":"","theme-transparent-header-meta":"default","adv-header-id-meta":"","stick-header-meta":"","header-above-stick-meta":"","header-main-stick-meta":"","header-below-stick-meta":"","astra-migrate-meta-layouts":"set","ast-page-background-enabled":"default","ast-page-background-meta":{"desktop":{"background-color":"var(--ast-global-color-4)","background-image":"","background-repeat":"repeat","background-position":"center center","background-size":"auto","background-attachment":"scroll","background-type":"","background-media":"","overlay-type":"","overlay-color":"","overlay-opacity":"","overlay-gradient":""},"tablet":{"background-color":"","background-image":"","background-repeat":"repeat","background-position":"center center","background-size":"auto","background-attachment":"scroll","background-type":"","background-media":"","overlay-type":"","overlay-color":"","overlay-opacity":"","overlay-gradient":""},"mobile":{"background-color":"","background-image":"","background-repeat":"repeat","background-position":"center center","background-size":"auto","background-attachment":"scroll","background-type":"","background-media":"","overlay-type":"","overlay-color":"","overlay-opacity":"","overlay-gradient":""}},"ast-content-background-meta":{"desktop":{"background-color":"var(--ast-global-color-5)","background-image":"","background-repeat":"repeat","background-position":"center center","background-size":"auto","background-attachment":"scroll","background-type":"","background-media":"","overlay-type":"","overlay-color":"","overlay-opacity":"","overlay-gradient":""},"tablet":{"background-color":"var(--ast-global-color-5)","background-image":"","background-repeat":"repeat","background-position":"center center","background-size":"auto","background-attachment":"scroll","background-type":"","background-media":"","overlay-type":"","overlay-color":"","overlay-opacity":"","overlay-gradient":""},"mobile":{"background-color":"var(--ast-global-color-5)","background-image":"","background-repeat":"repeat","background-position":"center center","background-size":"auto","background-attachment":"scroll","background-type":"","background-media":"","overlay-type":"","overlay-color":"","overlay-opacity":"","overlay-gradient":""}}},"product_brand":[],"product_cat":[1001],"product_tag":[],"class_list":{"0":"post-5871","1":"product","2":"type-product","3":"status-publish","4":"has-post-thumbnail","6":"product_cat-household-goods","7":"pa_8ucgfsmm-klart","8":"pa_8ucgfsmm-svart","9":"pa_8ucgfsmm-vit","10":"desktop-align-left","11":"tablet-align-left","12":"mobile-align-left","14":"first","15":"instock","16":"shipping-taxable","17":"purchasable","18":"product-type-variable"},"_links":{"self":[{"href":"https:\/\/keluvo.com\/se\/wp-json\/wp\/v2\/product\/5871","targetHints":{"allow":["GET"]}}],"collection":[{"href":"https:\/\/keluvo.com\/se\/wp-json\/wp\/v2\/product"}],"about":[{"href":"https:\/\/keluvo.com\/se\/wp-json\/wp\/v2\/types\/product"}],"replies":[{"embeddable":true,"href":"https:\/\/keluvo.com\/se\/wp-json\/wp\/v2\/comments?post=5871"}],"wp:featuredmedia":[{"embeddable":true,"href":"https:\/\/keluvo.com\/se\/wp-json\/wp\/v2\/media\/5867"}],"wp:attachment":[{"href":"https:\/\/keluvo.com\/se\/wp-json\/wp\/v2\/media?parent=5871"}],"wp:term":[{"taxonomy":"product_brand","embeddable":true,"href":"https:\/\/keluvo.com\/se\/wp-json\/wp\/v2\/product_brand?post=5871"},{"taxonomy":"product_cat","embeddable":true,"href":"https:\/\/keluvo.com\/se\/wp-json\/wp\/v2\/product_cat?post=5871"},{"taxonomy":"product_tag","embeddable":true,"href":"https:\/\/keluvo.com\/se\/wp-json\/wp\/v2\/product_tag?post=5871"}],"curies":[{"name":"wp","href":"https:\/\/api.w.org\/{rel}","templated":true}]}}