{"id":58655,"date":"2025-12-31T09:04:47","date_gmt":"2025-12-31T07:04:47","guid":{"rendered":"https:\/\/keluvo.com\/se\/product\/mjuka-premiumskor-for-barn\/"},"modified":"2025-12-31T09:08:54","modified_gmt":"2025-12-31T07:08:54","slug":"mjuka-premiumskor-for-barn","status":"publish","type":"product","link":"https:\/\/keluvo.com\/se\/product\/mjuka-premiumskor-for-barn\/","title":{"rendered":"Mjuka premiumskor f\u00f6r barn"},"content":{"rendered":"<h2 style=\"text-align: center\"><strong>F\u00f6r Din Lilla \u2728<\/strong><\/h2>\n<p style=\"text-align: center\">L\u00e5t din bebis uppt\u00e4cka v\u00e4rlden med gl\u00e4dje, stabilitet och stil. V\u00e5ra mjuka premiumskor f\u00f6r barn \u00e4r bekv\u00e4ma som strumpor men skyddar som skor, perfekta f\u00f6r sm\u00e5 f\u00f6tter som precis b\u00f6rjat ta sina f\u00f6rsta steg.<\/p>\n<p style=\"text-align: center\"><img fetchpriority=\"high\" decoding=\"async\" class=\"alignnone size-full wp-image-47990\" src=\"https:\/\/keluvo.com\/template\/wp-content\/uploads\/sites\/5\/2025\/12\/2_3c0b1959-248d-43fd-92bf-f81211397d1f_480x480.webp\" alt=\"\" width=\"480\" height=\"480\" \/><\/p>\n<h2 style=\"text-align: center\"><strong>Som En Mjuk Kram F\u00f6r Sm\u00e5 F\u00f6tter<\/strong><\/h2>\n<p style=\"text-align: center\">Sm\u00e5 f\u00f6tter beh\u00f6ver v\u00e5rd. D\u00e4rf\u00f6r \u00e4r skorna tillverkade av mjuk och andningsbar bomull som l\u00e5ter huden andas, utan klibbighet, kl\u00e5da eller obehag. Perfekt f\u00f6r de varma v\u00e5r- och h\u00f6stdagarna n\u00e4r ditt barn vill r\u00f6ra sig fritt.<\/p>\n<p style=\"text-align: center\"><img decoding=\"async\" class=\"alignnone size-full wp-image-47989\" src=\"https:\/\/keluvo.com\/template\/wp-content\/uploads\/sites\/5\/2025\/12\/SockzyGIF.webp\" alt=\"\" width=\"480\" height=\"480\" \/><\/p>\n<h2 style=\"text-align: center\"><strong>S\u00e4kert Grepp P\u00e5 Alla Underlag<\/strong><\/h2>\n<p style=\"text-align: center\">Gl\u00f6m halkrisken! Den halkfria sulan ger bra grepp p\u00e5 b\u00e5de hala golv och busiga lekytor. Oavsett om det handlar om de f\u00f6rsta stegen i k\u00f6ket eller att krypa efter en leksak i vardagsrummet. Dessa skor hj\u00e4lper ditt barn att h\u00e5lla balansen och r\u00f6ra sig s\u00e4kert.<\/p>\n<p style=\"text-align: center\"><img decoding=\"async\" class=\"alignnone size-full wp-image-47991\" src=\"https:\/\/keluvo.com\/template\/wp-content\/uploads\/sites\/5\/2025\/12\/1_5917988b-e2ba-4d91-903e-e0e8af90ac87_480x480.webp\" alt=\"\" width=\"480\" height=\"480\" \/><\/p>\n<h2 style=\"text-align: center\"><strong>Detaljer<\/strong><\/h2>\n<p style=\"text-align: center\">&#8211; Halkfri sula f\u00f6r s\u00e4kra steg<br \/>\n&#8211; L\u00e4tt och mjuk att b\u00e4ra<br \/>\n&#8211; Rekommenderad \u00e5lder: 0\u20134 \u00e5r<br \/>\n&#8211; F\u00e4rger: svart, beige, mint<br \/>\n&#8211; Material: bomull &amp; gummi<br \/>\n-Se storleksguide p\u00e5 bilderna<\/p>\n","protected":false},"excerpt":{"rendered":"<p>F\u00f6r Din Lilla \u2728 L\u00e5t din bebis uppt\u00e4cka v\u00e4rlden med gl\u00e4dje, stabilitet och stil. V\u00e5ra mjuka premiumskor f\u00f6r barn \u00e4r [&hellip;]<\/p>\n","protected":false},"featured_media":58651,"comment_status":"open","ping_status":"closed","template":"","meta":{"site-sidebar-layout":"default","site-content-layout":"","ast-site-content-layout":"default","site-content-style":"default","site-sidebar-style":"default","ast-global-header-display":"","ast-banner-title-visibility":"","ast-main-header-display":"","ast-hfb-above-header-display":"","ast-hfb-below-header-display":"","ast-hfb-mobile-header-display":"","site-post-title":"","ast-breadcrumbs-content":"","ast-featured-img":"","footer-sml-layout":"","theme-transparent-header-meta":"default","adv-header-id-meta":"","stick-header-meta":"","header-above-stick-meta":"","header-main-stick-meta":"","header-below-stick-meta":"","astra-migrate-meta-layouts":"set","ast-page-background-enabled":"default","ast-page-background-meta":{"desktop":{"background-color":"var(--ast-global-color-4)","background-image":"","background-repeat":"repeat","background-position":"center center","background-size":"auto","background-attachment":"scroll","background-type":"","background-media":"","overlay-type":"","overlay-color":"","overlay-opacity":"","overlay-gradient":""},"tablet":{"background-color":"","background-image":"","background-repeat":"repeat","background-position":"center center","background-size":"auto","background-attachment":"scroll","background-type":"","background-media":"","overlay-type":"","overlay-color":"","overlay-opacity":"","overlay-gradient":""},"mobile":{"background-color":"","background-image":"","background-repeat":"repeat","background-position":"center center","background-size":"auto","background-attachment":"scroll","background-type":"","background-media":"","overlay-type":"","overlay-color":"","overlay-opacity":"","overlay-gradient":""}},"ast-content-background-meta":{"desktop":{"background-color":"var(--ast-global-color-5)","background-image":"","background-repeat":"repeat","background-position":"center center","background-size":"auto","background-attachment":"scroll","background-type":"","background-media":"","overlay-type":"","overlay-color":"","overlay-opacity":"","overlay-gradient":""},"tablet":{"background-color":"var(--ast-global-color-5)","background-image":"","background-repeat":"repeat","background-position":"center center","background-size":"auto","background-attachment":"scroll","background-type":"","background-media":"","overlay-type":"","overlay-color":"","overlay-opacity":"","overlay-gradient":""},"mobile":{"background-color":"var(--ast-global-color-5)","background-image":"","background-repeat":"repeat","background-position":"center center","background-size":"auto","background-attachment":"scroll","background-type":"","background-media":"","overlay-type":"","overlay-color":"","overlay-opacity":"","overlay-gradient":""}}},"product_brand":[],"product_cat":[15],"product_tag":[],"class_list":{"0":"post-58655","1":"product","2":"type-product","3":"status-publish","4":"has-post-thumbnail","6":"product_cat-uncategorized","7":"pa_68736_faatlqj3-0-6m","8":"pa_68736_faatlqj3-6-12m","9":"pa_68736_faatlqj3-12-18m","10":"pa_68736_faatlqj3-18-24m","11":"pa_68736_faatlqj3-2-4y","12":"pa_68736_lrywxu1i-beige","13":"pa_68736_lrywxu1i-mint","14":"pa_68736_lrywxu1i-svart","15":"desktop-align-left","16":"tablet-align-left","17":"mobile-align-left","19":"first","20":"instock","21":"shipping-taxable","22":"purchasable","23":"product-type-variable","24":"has-default-attributes"},"_links":{"self":[{"href":"https:\/\/keluvo.com\/se\/wp-json\/wp\/v2\/product\/58655","targetHints":{"allow":["GET"]}}],"collection":[{"href":"https:\/\/keluvo.com\/se\/wp-json\/wp\/v2\/product"}],"about":[{"href":"https:\/\/keluvo.com\/se\/wp-json\/wp\/v2\/types\/product"}],"replies":[{"embeddable":true,"href":"https:\/\/keluvo.com\/se\/wp-json\/wp\/v2\/comments?post=58655"}],"wp:featuredmedia":[{"embeddable":true,"href":"https:\/\/keluvo.com\/se\/wp-json\/wp\/v2\/media\/58651"}],"wp:attachment":[{"href":"https:\/\/keluvo.com\/se\/wp-json\/wp\/v2\/media?parent=58655"}],"wp:term":[{"taxonomy":"product_brand","embeddable":true,"href":"https:\/\/keluvo.com\/se\/wp-json\/wp\/v2\/product_brand?post=58655"},{"taxonomy":"product_cat","embeddable":true,"href":"https:\/\/keluvo.com\/se\/wp-json\/wp\/v2\/product_cat?post=58655"},{"taxonomy":"product_tag","embeddable":true,"href":"https:\/\/keluvo.com\/se\/wp-json\/wp\/v2\/product_tag?post=58655"}],"curies":[{"name":"wp","href":"https:\/\/api.w.org\/{rel}","templated":true}]}}