{"id":58630,"date":"2025-12-31T07:32:30","date_gmt":"2025-12-31T05:32:30","guid":{"rendered":"https:\/\/keluvo.com\/se\/product\/4-i-1-usb-blixtsnabb-bildoverforing\/"},"modified":"2025-12-31T07:36:27","modified_gmt":"2025-12-31T05:36:27","slug":"4-i-1-usb-blixtsnabb-bildoverforing","status":"publish","type":"product","link":"https:\/\/keluvo.com\/se\/product\/4-i-1-usb-blixtsnabb-bildoverforing\/","title":{"rendered":"4 i 1 USB &#8211; blixtsnabb bild\u00f6verf\u00f6ring"},"content":{"rendered":"<h2 class=\"section-header__title\" style=\"text-align: center\">\u00d6verf\u00f6r Dina Bilder Enklare \u00c4n N\u00e5gonsin<\/h2>\n<div class=\"rte\">\n<p style=\"text-align: center\">Med denna 4 i 1 USB \u00f6verf\u00f6r du dina foton och videor enklare \u00e4n n\u00e5gonsin med bara tre steg.<\/p>\n<p style=\"text-align: center\">p\u00e5 n\u00e5gon minut eller s\u00e5 \u00e4r dina v\u00e4rdefulla foton och videor sparade och s\u00e4kra f\u00f6r alltid.<\/p>\n<p style=\"text-align: center\"><img fetchpriority=\"high\" decoding=\"async\" class=\"alignnone wp-image-47931\" src=\"https:\/\/keluvo.com\/template\/wp-content\/uploads\/sites\/5\/2025\/12\/4i1USB-minneProGIF3-ezgif.com-video-to-webp-converter.webp\" alt=\"\" width=\"476\" height=\"476\" \/><\/p>\n<h2 class=\"section-header__title\" style=\"text-align: center\">Beh\u00e5ll Dina Minnen Utan Kr\u00e5ngel<\/h2>\n<div class=\"rte\">\n<p style=\"text-align: center\">Genom att \u00f6verf\u00f6ra dina foton och videor med v\u00e5r 4 i 1 USB s\u00e4kerst\u00e4ller du att de sparas samtidigt som du frig\u00f6r utrymme fr\u00e5n din telefon.<\/p>\n<p style=\"text-align: center\">nu kan du k\u00e4nna dig lugn och trygg n\u00e4r det du har drivit fram\u00e5t s\u00e5 l\u00e4nge \u00e4ntligen \u00e4r gjort. Dessutom har du m\u00f6jlighet att \u00e5teruppleva de viktigaste \u00f6gonblicken med din familj och dina husdjur n\u00e4r som helst.<\/p>\n<p style=\"text-align: center\"><img decoding=\"async\" class=\"alignnone wp-image-47940\" src=\"https:\/\/keluvo.com\/template\/wp-content\/uploads\/sites\/5\/2025\/12\/2_4d9068c7-b330-4c63-a1a8-a9372b5a8750_1296x1296.png\" alt=\"\" width=\"459\" height=\"459\" \/><\/p>\n<h2 class=\"section-header__title\" style=\"text-align: center\">Prova 4 I 1 USB Idag<\/h2>\n<div class=\"rte\">\n<p style=\"text-align: center\">Den h\u00e4r USB-enheten \u00e4r kompatibel med alla telefoner tack vare sina fyra grindar. Inga sladdar kr\u00e4vs f\u00f6r att g\u00f6ra \u00f6verf\u00f6ringen.<\/p>\n<p style=\"text-align: center\">Dessutom skickar vi med en textmanual och en videoguide med alla k\u00f6p. Detta hj\u00e4lper dig att utf\u00f6ra \u00f6verf\u00f6ringen oavsett hur teknisk du \u00e4r.<\/p>\n<p style=\"text-align: center\"><img decoding=\"async\" class=\"alignnone wp-image-47939\" src=\"https:\/\/keluvo.com\/template\/wp-content\/uploads\/sites\/5\/2025\/12\/4_i_1_USB-minne_Pro_produktbilder_1_1296x1296.png\" alt=\"\" width=\"439\" height=\"439\" \/><\/p>\n<h2 class=\"section-header__title\" style=\"text-align: center\">3 Enkla Steg<\/h2>\n<h2><\/h2>\n<div class=\"grid__item large--four-twelfths medium--four-twelfths\">\n<h5 class=\"h4\" style=\"text-align: center\">1. Anslut USB till telefonens port<\/h5>\n<h2><\/h2>\n<div class=\"rte\" style=\"text-align: center\"><img loading=\"lazy\" decoding=\"async\" class=\"alignnone wp-image-47934\" src=\"https:\/\/keluvo.com\/template\/wp-content\/uploads\/sites\/5\/2025\/12\/IMG_5037_720x720.webp\" alt=\"\" width=\"487\" height=\"487\" \/><\/div>\n<h2><\/h2>\n<div>\n<div class=\"grid__item large--four-twelfths medium--four-twelfths\">\n<h4 class=\"h4\" style=\"text-align: center\">2. V\u00e4lj alla bilder som du vill \u00f6verf\u00f6ra<\/h4>\n<h2><\/h2>\n<div class=\"rte\" style=\"text-align: center\"><img loading=\"lazy\" decoding=\"async\" class=\"alignnone wp-image-47933\" src=\"https:\/\/keluvo.com\/template\/wp-content\/uploads\/sites\/5\/2025\/12\/IMG_5019_2_720x720.webp\" alt=\"\" width=\"447\" height=\"447\" \/><\/div>\n<h2><\/h2>\n<div>\n<div id=\"shopify-section-template--25612110299509__featured_columns_kPEY73\" class=\"shopify-section featured-columns-section\">\n<div id=\"section-template--25612110299509__featured_columns_kPEY73\" class=\" section-blank\" data-section-id=\"template--25612110299509__featured_columns_kPEY73\" data-section-type=\"featured-columns-section\">\n<div class=\"box\">\n<div class=\"wrapper\">\n<div class=\"grid grid-spacer text-center\">\n<div class=\"grid__item large--four-twelfths medium--four-twelfths\">\n<h4 class=\"h4\" style=\"text-align: center\">3. Anslut USB:n till datorn och \u00f6verf\u00f6r filerna<\/h4>\n<h2><\/h2>\n<div class=\"rte\" style=\"text-align: center\"><img loading=\"lazy\" decoding=\"async\" class=\"alignnone wp-image-47932\" src=\"https:\/\/keluvo.com\/template\/wp-content\/uploads\/sites\/5\/2025\/12\/IMG_5009_720x720.webp\" alt=\"\" width=\"456\" height=\"456\" \/><\/div>\n<h2><\/h2>\n<div>\n<div class=\"grid\" style=\"text-align: center\">\n<div class=\"grid__item large--eight-twelfths push--large--two-twelfths\">\n<div class=\"section-header\">\n<h2 class=\"section-header__title\">\u00c4r Det N\u00e5got Du Fortfarande Undrar \u00d6ver?<\/h2>\n<h2><\/h2>\n<\/div>\n<\/div>\n<\/div>\n<div class=\"grid\">\n<div class=\"grid__item large--eight-twelfths push--large--two-twelfths\">\n<div class=\"card-group\">\n<div class=\"card tab fp-item\" style=\"text-align: center\" data-index=\"template--25612110299509__921ea167-119c-4518-ac6a-a80e7b1cdff6_1\" data-question=\"Passar 4 i 1 USB minnet Pro till alla telefoner?\"><strong>Passar Denna 4 I 1 USB Till Alla Telefoner?<\/strong><\/div>\n<div data-index=\"template--25612110299509__921ea167-119c-4518-ac6a-a80e7b1cdff6_1\" data-question=\"Passar 4 i 1 USB minnet Pro till alla telefoner?\">\n<div class=\"card tab fp-item\" style=\"text-align: center\" data-index=\"template--25612110299509__921ea167-119c-4518-ac6a-a80e7b1cdff6_1\" data-question=\"Passar 4 i 1 USB minnet Pro till alla telefoner?\">\n<div id=\"tab-content-1template--16597043839226__921ea167-119c-4518-ac6a-a80e7b1cdff6-1665215938ae169d52-1\" class=\"card-body tab-body\" role=\"tabpanel\" aria-labelledby=\"tab-button-1template--16597043839226__921ea167-119c-4518-ac6a-a80e7b1cdff6-1665215938ae169d52-1\">\n<div class=\"tab-content rte\">\n<p>Ja, v\u00e5r USB fungerar med alla olika telefoner och modeller tack vare sina fyra portar.<\/p>\n<\/div>\n<\/div>\n<\/div>\n<div class=\"card tab fp-item\" style=\"text-align: center\" data-index=\"template--25612110299509__921ea167-119c-4518-ac6a-a80e7b1cdff6_2\" data-question=\"Hur m\u00e5nga GB ska jag v\u00e4lja?\"><strong>Var Hittar Jag Videoguiden Efter Mitt K\u00f6p?<\/strong><\/div>\n<div style=\"text-align: center\" data-index=\"template--25612110299509__921ea167-119c-4518-ac6a-a80e7b1cdff6_2\" data-question=\"Hur m\u00e5nga GB ska jag v\u00e4lja?\">Efter ditt k\u00f6p kommer du att f\u00e5 videoguiden skickad till dig via e-post i ett separat e-postmeddelande. Om du inte har f\u00e5tt n\u00e5got kan det i v\u00e4rsta fall ha hamnat i skr\u00e4pposten, s\u00e5 kom ih\u00e5g att kolla d\u00e4r.<\/div>\n<h2 data-index=\"template--25612110299509__921ea167-119c-4518-ac6a-a80e7b1cdff6_2\" data-question=\"Hur m\u00e5nga GB ska jag v\u00e4lja?\"><\/h2>\n<div style=\"text-align: center\" data-index=\"template--25612110299509__921ea167-119c-4518-ac6a-a80e7b1cdff6_2\" data-question=\"Hur m\u00e5nga GB ska jag v\u00e4lja?\"><strong>Hur \u00d6verf\u00f6r Jag Mina Bilder Fr\u00e5n Telefonen Till Datorn?<\/strong><\/div>\n<div data-index=\"template--25612110299509__921ea167-119c-4518-ac6a-a80e7b1cdff6_2\" data-question=\"Hur m\u00e5nga GB ska jag v\u00e4lja?\">\n<p style=\"text-align: center\">Med v\u00e5rt 4 i 1 USB-minne Pro kan du enkelt \u00f6ver<\/p>\n","protected":false},"excerpt":{"rendered":"<p>\u00d6verf\u00f6r Dina Bilder Enklare \u00c4n N\u00e5gonsin Med denna 4 i 1 USB \u00f6verf\u00f6r du dina foton och videor enklare \u00e4n [&hellip;]<\/p>\n","protected":false},"featured_media":58626,"comment_status":"open","ping_status":"closed","template":"","meta":{"site-sidebar-layout":"default","site-content-layout":"","ast-site-content-layout":"default","site-content-style":"default","site-sidebar-style":"default","ast-global-header-display":"","ast-banner-title-visibility":"","ast-main-header-display":"","ast-hfb-above-header-display":"","ast-hfb-below-header-display":"","ast-hfb-mobile-header-display":"","site-post-title":"","ast-breadcrumbs-content":"","ast-featured-img":"","footer-sml-layout":"","theme-transparent-header-meta":"default","adv-header-id-meta":"","stick-header-meta":"","header-above-stick-meta":"","header-main-stick-meta":"","header-below-stick-meta":"","astra-migrate-meta-layouts":"set","ast-page-background-enabled":"default","ast-page-background-meta":{"desktop":{"background-color":"var(--ast-global-color-4)","background-image":"","background-repeat":"repeat","background-position":"center center","background-size":"auto","background-attachment":"scroll","background-type":"","background-media":"","overlay-type":"","overlay-color":"","overlay-opacity":"","overlay-gradient":""},"tablet":{"background-color":"","background-image":"","background-repeat":"repeat","background-position":"center center","background-size":"auto","background-attachment":"scroll","background-type":"","background-media":"","overlay-type":"","overlay-color":"","overlay-opacity":"","overlay-gradient":""},"mobile":{"background-color":"","background-image":"","background-repeat":"repeat","background-position":"center center","background-size":"auto","background-attachment":"scroll","background-type":"","background-media":"","overlay-type":"","overlay-color":"","overlay-opacity":"","overlay-gradient":""}},"ast-content-background-meta":{"desktop":{"background-color":"var(--ast-global-color-5)","background-image":"","background-repeat":"repeat","background-position":"center center","background-size":"auto","background-attachment":"scroll","background-type":"","background-media":"","overlay-type":"","overlay-color":"","overlay-opacity":"","overlay-gradient":""},"tablet":{"background-color":"var(--ast-global-color-5)","background-image":"","background-repeat":"repeat","background-position":"center center","background-size":"auto","background-attachment":"scroll","background-type":"","background-media":"","overlay-type":"","overlay-color":"","overlay-opacity":"","overlay-gradient":""},"mobile":{"background-color":"var(--ast-global-color-5)","background-image":"","background-repeat":"repeat","background-position":"center center","background-size":"auto","background-attachment":"scroll","background-type":"","background-media":"","overlay-type":"","overlay-color":"","overlay-opacity":"","overlay-gradient":""}}},"product_brand":[],"product_cat":[15],"product_tag":[],"class_list":{"0":"post-58630","1":"product","2":"type-product","3":"status-publish","4":"has-post-thumbnail","6":"product_cat-uncategorized","7":"pa_68735_87j5jghx-guld","8":"pa_68735_87j5jghx-svart","9":"pa_68735_pce97eba-32-gb","10":"pa_68735_pce97eba-64-gb","11":"pa_68735_pce97eba-128-gb","12":"desktop-align-left","13":"tablet-align-left","14":"mobile-align-left","16":"first","17":"instock","18":"shipping-taxable","19":"purchasable","20":"product-type-variable","21":"has-default-attributes"},"_links":{"self":[{"href":"https:\/\/keluvo.com\/se\/wp-json\/wp\/v2\/product\/58630","targetHints":{"allow":["GET"]}}],"collection":[{"href":"https:\/\/keluvo.com\/se\/wp-json\/wp\/v2\/product"}],"about":[{"href":"https:\/\/keluvo.com\/se\/wp-json\/wp\/v2\/types\/product"}],"replies":[{"embeddable":true,"href":"https:\/\/keluvo.com\/se\/wp-json\/wp\/v2\/comments?post=58630"}],"wp:featuredmedia":[{"embeddable":true,"href":"https:\/\/keluvo.com\/se\/wp-json\/wp\/v2\/media\/58626"}],"wp:attachment":[{"href":"https:\/\/keluvo.com\/se\/wp-json\/wp\/v2\/media?parent=58630"}],"wp:term":[{"taxonomy":"product_brand","embeddable":true,"href":"https:\/\/keluvo.com\/se\/wp-json\/wp\/v2\/product_brand?post=58630"},{"taxonomy":"product_cat","embeddable":true,"href":"https:\/\/keluvo.com\/se\/wp-json\/wp\/v2\/product_cat?post=58630"},{"taxonomy":"product_tag","embeddable":true,"href":"https:\/\/keluvo.com\/se\/wp-json\/wp\/v2\/product_tag?post=58630"}],"curies":[{"name":"wp","href":"https:\/\/api.w.org\/{rel}","templated":true}]}}