{"id":5860,"date":"2025-01-22T12:52:12","date_gmt":"2025-01-22T10:52:12","guid":{"rendered":"https:\/\/keluvo.com\/se\/product\/rengoringskram-for-skor\/"},"modified":"2025-01-22T12:52:14","modified_gmt":"2025-01-22T10:52:14","slug":"rengoringskram-for-skor","status":"publish","type":"product","link":"https:\/\/keluvo.com\/se\/product\/rengoringskram-for-skor\/","title":{"rendered":"Reng\u00f6ringskr\u00e4m f\u00f6r skor"},"content":{"rendered":"<h2 style=\"text-align: center\"><strong>Kraftfull Fl\u00e4ckborttagning<\/strong><\/h2>\n<p style=\"text-align: center\">Skoreng\u00f6ringskr\u00e4men \u00e4r utformad f\u00f6r att effektivt ta bort smuts och fl\u00e4ckar fr\u00e5n dina skor och \u00e5terst\u00e4lla dem till sitt ursprungliga rena utseende. Dess aktiva saneringsformel tr\u00e4nger djupt in i skornas yta och s\u00e4kerst\u00e4ller att \u00e4ven sv\u00e5ra fl\u00e4ckar l\u00e4tt l\u00f6ses upp och torkas bort, s\u00e5 att dina skor ser ut som nya.<\/p>\n<p><img decoding=\"async\" class=\"alignnone size-medium wp-image-4238 aligncenter\" src=\"https:\/\/keluvo.com\/template\/wp-content\/uploads\/sites\/5\/2024\/11\/White-Shoes-Cleaning-Cream-Stains-Remover-Shoes-Whitening-All-Purpose-Cleansing-Cream-With-Wipe-Sponge-For.jpg_-1.png\" alt=\"\" \/><\/p>\n<h2 style=\"text-align: center\"><strong>S\u00e4ker Och Skonsam Formel<\/strong><\/h2>\n<p style=\"text-align: center\">Till skillnad fr\u00e5n traditionella skoputsningsmetoder som kan skada ytan \u00e4r skoputsningskr\u00e4men tillverkad med en skonsam och s\u00e4ker formel. Den fungerar utan att skada dina skor, h\u00e4nder eller n\u00e5gon annan yta, vilket g\u00f6r den idealisk f\u00f6r reng\u00f6ring av alla typer av skor, fr\u00e5n sneakers till l\u00e4derskor, utan att orsaka avskalning eller skada.<\/p>\n<p><img decoding=\"async\" class=\"alignnone size-medium wp-image-4239 aligncenter\" src=\"https:\/\/keluvo.com\/template\/wp-content\/uploads\/sites\/5\/2024\/11\/White-Shoes-Cleaning-Cream-Stains-Remover-Shoes-Whitening-All-Purpose-Cleansing-Cream-With-Wipe-Sponge-For.jpg_.png\" alt=\"\" \/><\/p>\n","protected":false},"excerpt":{"rendered":"<p>Kraftfull Fl\u00e4ckborttagning Skoreng\u00f6ringskr\u00e4men \u00e4r utformad f\u00f6r att effektivt ta bort smuts och fl\u00e4ckar fr\u00e5n dina skor och \u00e5terst\u00e4lla dem till [&hellip;]<\/p>\n","protected":false},"featured_media":5856,"comment_status":"open","ping_status":"closed","template":"","meta":{"site-sidebar-layout":"default","site-content-layout":"","ast-site-content-layout":"default","site-content-style":"default","site-sidebar-style":"default","ast-global-header-display":"","ast-banner-title-visibility":"","ast-main-header-display":"","ast-hfb-above-header-display":"","ast-hfb-below-header-display":"","ast-hfb-mobile-header-display":"","site-post-title":"","ast-breadcrumbs-content":"","ast-featured-img":"","footer-sml-layout":"","theme-transparent-header-meta":"default","adv-header-id-meta":"","stick-header-meta":"","header-above-stick-meta":"","header-main-stick-meta":"","header-below-stick-meta":"","astra-migrate-meta-layouts":"set","ast-page-background-enabled":"default","ast-page-background-meta":{"desktop":{"background-color":"var(--ast-global-color-4)","background-image":"","background-repeat":"repeat","background-position":"center center","background-size":"auto","background-attachment":"scroll","background-type":"","background-media":"","overlay-type":"","overlay-color":"","overlay-opacity":"","overlay-gradient":""},"tablet":{"background-color":"","background-image":"","background-repeat":"repeat","background-position":"center center","background-size":"auto","background-attachment":"scroll","background-type":"","background-media":"","overlay-type":"","overlay-color":"","overlay-opacity":"","overlay-gradient":""},"mobile":{"background-color":"","background-image":"","background-repeat":"repeat","background-position":"center center","background-size":"auto","background-attachment":"scroll","background-type":"","background-media":"","overlay-type":"","overlay-color":"","overlay-opacity":"","overlay-gradient":""}},"ast-content-background-meta":{"desktop":{"background-color":"var(--ast-global-color-5)","background-image":"","background-repeat":"repeat","background-position":"center center","background-size":"auto","background-attachment":"scroll","background-type":"","background-media":"","overlay-type":"","overlay-color":"","overlay-opacity":"","overlay-gradient":""},"tablet":{"background-color":"var(--ast-global-color-5)","background-image":"","background-repeat":"repeat","background-position":"center center","background-size":"auto","background-attachment":"scroll","background-type":"","background-media":"","overlay-type":"","overlay-color":"","overlay-opacity":"","overlay-gradient":""},"mobile":{"background-color":"var(--ast-global-color-5)","background-image":"","background-repeat":"repeat","background-position":"center center","background-size":"auto","background-attachment":"scroll","background-type":"","background-media":"","overlay-type":"","overlay-color":"","overlay-opacity":"","overlay-gradient":""}}},"product_brand":[],"product_cat":[1001],"product_tag":[],"class_list":{"0":"post-5860","1":"product","2":"type-product","3":"status-publish","4":"has-post-thumbnail","6":"product_cat-household-goods","7":"desktop-align-left","8":"tablet-align-left","9":"mobile-align-left","11":"first","12":"instock","13":"shipping-taxable","14":"purchasable","15":"product-type-simple"},"_links":{"self":[{"href":"https:\/\/keluvo.com\/se\/wp-json\/wp\/v2\/product\/5860","targetHints":{"allow":["GET"]}}],"collection":[{"href":"https:\/\/keluvo.com\/se\/wp-json\/wp\/v2\/product"}],"about":[{"href":"https:\/\/keluvo.com\/se\/wp-json\/wp\/v2\/types\/product"}],"replies":[{"embeddable":true,"href":"https:\/\/keluvo.com\/se\/wp-json\/wp\/v2\/comments?post=5860"}],"wp:featuredmedia":[{"embeddable":true,"href":"https:\/\/keluvo.com\/se\/wp-json\/wp\/v2\/media\/5856"}],"wp:attachment":[{"href":"https:\/\/keluvo.com\/se\/wp-json\/wp\/v2\/media?parent=5860"}],"wp:term":[{"taxonomy":"product_brand","embeddable":true,"href":"https:\/\/keluvo.com\/se\/wp-json\/wp\/v2\/product_brand?post=5860"},{"taxonomy":"product_cat","embeddable":true,"href":"https:\/\/keluvo.com\/se\/wp-json\/wp\/v2\/product_cat?post=5860"},{"taxonomy":"product_tag","embeddable":true,"href":"https:\/\/keluvo.com\/se\/wp-json\/wp\/v2\/product_tag?post=5860"}],"curies":[{"name":"wp","href":"https:\/\/api.w.org\/{rel}","templated":true}]}}