{"id":58412,"date":"2025-12-29T11:43:49","date_gmt":"2025-12-29T09:43:49","guid":{"rendered":"https:\/\/keluvo.com\/se\/product\/roligt-party-gris-snut-spel\/"},"modified":"2025-12-29T11:44:56","modified_gmt":"2025-12-29T09:44:56","slug":"roligt-party-gris-snut-spel","status":"publish","type":"product","link":"https:\/\/keluvo.com\/se\/product\/roligt-party-gris-snut-spel\/","title":{"rendered":"Roligt party gris snut spel"},"content":{"rendered":"<div class=\"elementor-element elementor-element-565e22bd elementor-widget elementor-widget-heading\" data-id=\"565e22bd\" data-element_type=\"widget\" data-widget_type=\"heading.default\">\n<div class=\"elementor-widget-container\">\n<h2 class=\"elementor-heading-title elementor-size-default\" style=\"text-align: center\">Skrattgaranti f\u00f6r hela familjen<\/h2>\n<\/div>\n<\/div>\n<div class=\"elementor-element elementor-element-2ba303ad elementor-widget elementor-widget-text-editor\" data-id=\"2ba303ad\" data-element_type=\"widget\" data-widget_type=\"text-editor.default\">\n<div class=\"elementor-widget-container\">\n<p style=\"text-align: center\" data-start=\"323\" data-end=\"682\">\u00c4r du redo f\u00f6r ett spel d\u00e4r det \u00e4r f\u00f6rbjudet att skratta? Detta galna party- och familjespel handlar om att g\u00f6ra galna utmaningar &#8211; samtidigt som du beh\u00e5ller din mask. Misslyckas du och b\u00f6rjar skratta eller fnissa? D\u00e5 f\u00f6rlorar du en lertoken.<br data-start=\"496\" data-end=\"499\" \/>Perfekt n\u00e4r du vill bryta isen, starta atmosf\u00e4ren och skapa minnen som hela familjen kommer ih\u00e5g<\/p>\n<p style=\"text-align: center\" data-start=\"323\" data-end=\"682\"><img fetchpriority=\"high\" decoding=\"async\" class=\"alignnone wp-image-47555\" src=\"https:\/\/keluvo.com\/template\/wp-content\/uploads\/sites\/5\/2025\/12\/f4ad9dc8a6894b42998d43282a73609f.webp\" alt=\"\" width=\"482\" height=\"482\" \/><\/p>\n<div class=\"elementor-element elementor-element-100231d0 elementor-widget elementor-widget-heading\" style=\"text-align: center\" data-id=\"100231d0\" data-element_type=\"widget\" data-widget_type=\"heading.default\">\n<div class=\"elementor-widget-container\">\n<h2 class=\"elementor-heading-title elementor-size-default\">150 Galna Utmaningar \u2013 Aldrig Samma Spel Tv\u00e5 G\u00e5nger<\/h2>\n<\/div>\n<\/div>\n<div class=\"elementor-element elementor-element-715bc1e9 elementor-widget elementor-widget-text-editor\" data-id=\"715bc1e9\" data-element_type=\"widget\" data-widget_type=\"text-editor.default\">\n<div class=\"elementor-widget-container\">\n<p class=\"\" style=\"text-align: center\" data-start=\"629\" data-end=\"822\">Med hela 150 familjev\u00e4nliga utmaningskort \u00e4r varje omg\u00e5ng full av \u00f6verraskningar. H\u00e4r ska ni l\u00e5tsas vara djur, sjunga p\u00e5 konstiga s\u00e4tt och g\u00f6ra l\u00f6jliga imitationer som det \u00e4r om\u00f6jligt att inte skratta \u00e5t.<br data-start=\"859\" data-end=\"862\" \/>Spelet \u00e4r l\u00e4tt att l\u00e4ra sig, snabbt att komma ig\u00e5ng med och passar b\u00e5de barn och vuxna &#8211; ju fler som spelar, desto roligare blir det.<\/p>\n<p style=\"text-align: center\" data-start=\"629\" data-end=\"822\"><img decoding=\"async\" class=\"alignnone wp-image-47554\" src=\"https:\/\/keluvo.com\/template\/wp-content\/uploads\/sites\/5\/2025\/12\/82001335b533440eb363b8c5cb0ad94b.webp\" alt=\"\" width=\"497\" height=\"497\" \/><\/p>\n<div class=\"elementor-element elementor-element-39f83006 elementor-widget elementor-widget-heading\" style=\"text-align: center\" data-id=\"39f83006\" data-element_type=\"widget\" data-widget_type=\"heading.default\">\n<div class=\"elementor-widget-container\">\n<h2 class=\"elementor-heading-title elementor-size-default\">S\u00e4tt P\u00e5 Dig Gristutten \u2013 Och L\u00e5t Kaoset B\u00f6rja<\/h2>\n<\/div>\n<\/div>\n<div class=\"elementor-element elementor-element-6aee2b3f elementor-widget elementor-widget-text-editor\" data-id=\"6aee2b3f\" data-element_type=\"widget\" data-widget_type=\"text-editor.default\">\n<div class=\"elementor-widget-container\">\n<p style=\"text-align: center\" data-start=\"810\" data-end=\"1047\">Varje spelare s\u00e4tter p\u00e5 sig en pipig gristutt och turas om att utf\u00f6ra utmaningar. Skrattar du, fnissar du eller r\u00e5kar du g\u00f6ra ett grymtande ljud? Spelet f\u00f6rvandlar vilken kv\u00e4ll som helst till en spontan humorshow \u2013 perfekt f\u00f6r familjekv\u00e4llar, fester, semestrar, \u00f6vernattningar och middagar med v\u00e4nner.<\/p>\n<p style=\"text-align: center\" data-start=\"810\" data-end=\"1047\"><img decoding=\"async\" class=\"alignnone wp-image-47553\" src=\"https:\/\/keluvo.com\/template\/wp-content\/uploads\/sites\/5\/2025\/12\/96a0eba5ea31437e9695ba9ada40a4c0.webp\" alt=\"\" width=\"469\" height=\"469\" \/><\/p>\n<div class=\"elementor-element elementor-element-2475b6b4 elementor-widget elementor-widget-heading\" style=\"text-align: center\" data-id=\"2475b6b4\" data-element_type=\"widget\" data-widget_type=\"heading.default\">\n<div class=\"elementor-widget-container\">\n<h2 class=\"elementor-heading-title elementor-size-default\">Specifikationer<\/h2>\n<\/div>\n<\/div>\n<div class=\"elementor-element elementor-element-6a7f91b elementor-widget elementor-widget-text-editor\" style=\"text-align: center\" data-id=\"6a7f91b\" data-element_type=\"widget\" data-widget_type=\"text-editor.default\">\n<div class=\"elementor-widget-container\">\n<ul>\n<li data-start=\"1397\" data-end=\"1434\">\n<p style=\"text-align: left\" data-start=\"1399\" data-end=\"1434\"><strong data-start=\"1399\" data-end=\"1411\">Speltyp:<\/strong>\u00a0Party &amp; familjespel<\/p>\n<\/li>\n<li style=\"text-align: left\" data-start=\"1435\" data-end=\"1459\">\n<p data-start=\"1437\" data-end=\"1459\"><strong data-start=\"1437\" data-end=\"1447\">\u00c5lder:<\/strong>\u00a0Fr\u00e5n 8 \u00e5r<\/p>\n<\/li>\n<li style=\"text-align: left\" data-start=\"1460\" data-end=\"1506\">\n<p data-start=\"1462\" data-end=\"1506\"><strong data-start=\"1462\" data-end=\"1480\">Antal spelare:<\/strong>\u00a0Flera (perfekt i grupp)<\/p>\n<\/li>\n<li style=\"text-align: left\" data-start=\"1507\" data-end=\"1602\">\n<p data-start=\"1509\" data-end=\"1524\"><strong data-start=\"1509\" data-end=\"1522\">Inneh\u00e5ll:<\/strong><\/p>\n<ul data-start=\"1527\" data-end=\"1602\">\n<li data-start=\"1527\" data-end=\"1553\">\n<p data-start=\"1529\" data-end=\"1553\">5 pipiga grissnoppar<\/p>\n<\/li>\n<li data-start=\"1556\" data-end=\"1580\">\n<p data-start=\"1558\" data-end=\"1580\">150 utmaningskort<\/p>\n<\/li>\n<li data-start=\"1583\" data-end=\"1602\">\n<p data-start=\"1585\" data-end=\"1602\">60 lerbrickor<\/p>\n<\/li>\n<\/ul>\n<\/li>\n<li style=\"text-align: left\" data-start=\"1603\" data-end=\"1659\">\n<p data-start=\"1605\" data-end=\"1659\"><strong data-start=\"1605\" data-end=\"1617\">Speltid:<\/strong>\u00a0Kort och fartfyllt &#8211; spela flera omg\u00e5ngar<\/p>\n<\/li>\n<li style=\"text-align: left\" data-start=\"1660\" data-end=\"1728\">\n<p data-start=\"1662\" data-end=\"1728\"><strong data-start=\"1662\" data-end=\"1677\">Occasioner:<\/strong>\u00a0Familjekv\u00e4ll, fest, semester, jul, f\u00f6delsedagar<\/p>\n<\/li>\n<\/ul>\n<\/div>\n<\/div>\n<section class=\"elementor-section elementor-inner-section elementor-element elementor-element-277b7865 elementor-section-boxed elementor-section-height-default elementor-section-height-default\" data-id=\"277b7865\" data-element_type=\"section\">\n<div class=\"elementor-container elementor-column-gap-default\">\n<div class=\"elementor-column elementor-col-100 elementor-inner-column elementor-element elementor-element-68ad4e15\" style=\"text-align: left\" data-id=\"68ad4e15\" data-element_type=\"column\"><img loading=\"lazy\" decoding=\"async\" class=\"alignnone wp-image-47552 aligncenter\" src=\"https:\/\/keluvo.com\/template\/wp-content\/uploads\/sites\/5\/2025\/12\/89c97d94be164697b8dda04f0ae341a9.webp\" alt=\"\" width=\"475\" height=\"475\" \/><\/div>\n<\/div>\n<\/section>\n<\/div>\n<\/div>\n<\/div>\n<\/div>\n<\/div>\n<\/div>\n","protected":false},"excerpt":{"rendered":"<p>Skrattgaranti f\u00f6r hela familjen \u00c4r du redo f\u00f6r ett spel d\u00e4r det \u00e4r f\u00f6rbjudet att skratta? Detta galna party- och [&hellip;]<\/p>\n","protected":false},"featured_media":58408,"comment_status":"open","ping_status":"closed","template":"","meta":{"site-sidebar-layout":"default","site-content-layout":"","ast-site-content-layout":"default","site-content-style":"default","site-sidebar-style":"default","ast-global-header-display":"","ast-banner-title-visibility":"","ast-main-header-display":"","ast-hfb-above-header-display":"","ast-hfb-below-header-display":"","ast-hfb-mobile-header-display":"","site-post-title":"","ast-breadcrumbs-content":"","ast-featured-img":"","footer-sml-layout":"","theme-transparent-header-meta":"default","adv-header-id-meta":"","stick-header-meta":"","header-above-stick-meta":"","header-main-stick-meta":"","header-below-stick-meta":"","astra-migrate-meta-layouts":"set","ast-page-background-enabled":"default","ast-page-background-meta":{"desktop":{"background-color":"var(--ast-global-color-4)","background-image":"","background-repeat":"repeat","background-position":"center center","background-size":"auto","background-attachment":"scroll","background-type":"","background-media":"","overlay-type":"","overlay-color":"","overlay-opacity":"","overlay-gradient":""},"tablet":{"background-color":"","background-image":"","background-repeat":"repeat","background-position":"center center","background-size":"auto","background-attachment":"scroll","background-type":"","background-media":"","overlay-type":"","overlay-color":"","overlay-opacity":"","overlay-gradient":""},"mobile":{"background-color":"","background-image":"","background-repeat":"repeat","background-position":"center center","background-size":"auto","background-attachment":"scroll","background-type":"","background-media":"","overlay-type":"","overlay-color":"","overlay-opacity":"","overlay-gradient":""}},"ast-content-background-meta":{"desktop":{"background-color":"var(--ast-global-color-5)","background-image":"","background-repeat":"repeat","background-position":"center center","background-size":"auto","background-attachment":"scroll","background-type":"","background-media":"","overlay-type":"","overlay-color":"","overlay-opacity":"","overlay-gradient":""},"tablet":{"background-color":"var(--ast-global-color-5)","background-image":"","background-repeat":"repeat","background-position":"center center","background-size":"auto","background-attachment":"scroll","background-type":"","background-media":"","overlay-type":"","overlay-color":"","overlay-opacity":"","overlay-gradient":""},"mobile":{"background-color":"var(--ast-global-color-5)","background-image":"","background-repeat":"repeat","background-position":"center center","background-size":"auto","background-attachment":"scroll","background-type":"","background-media":"","overlay-type":"","overlay-color":"","overlay-opacity":"","overlay-gradient":""}}},"product_brand":[],"product_cat":[15],"product_tag":[],"class_list":{"0":"post-58412","1":"product","2":"type-product","3":"status-publish","4":"has-post-thumbnail","6":"product_cat-uncategorized","7":"pa_68731_2170e39y-1-st","8":"pa_68731_2170e39y-2-st","9":"pa_68731_2170e39y-3-st","10":"desktop-align-left","11":"tablet-align-left","12":"mobile-align-left","14":"first","15":"instock","16":"shipping-taxable","17":"purchasable","18":"product-type-variable"},"_links":{"self":[{"href":"https:\/\/keluvo.com\/se\/wp-json\/wp\/v2\/product\/58412","targetHints":{"allow":["GET"]}}],"collection":[{"href":"https:\/\/keluvo.com\/se\/wp-json\/wp\/v2\/product"}],"about":[{"href":"https:\/\/keluvo.com\/se\/wp-json\/wp\/v2\/types\/product"}],"replies":[{"embeddable":true,"href":"https:\/\/keluvo.com\/se\/wp-json\/wp\/v2\/comments?post=58412"}],"wp:featuredmedia":[{"embeddable":true,"href":"https:\/\/keluvo.com\/se\/wp-json\/wp\/v2\/media\/58408"}],"wp:attachment":[{"href":"https:\/\/keluvo.com\/se\/wp-json\/wp\/v2\/media?parent=58412"}],"wp:term":[{"taxonomy":"product_brand","embeddable":true,"href":"https:\/\/keluvo.com\/se\/wp-json\/wp\/v2\/product_brand?post=58412"},{"taxonomy":"product_cat","embeddable":true,"href":"https:\/\/keluvo.com\/se\/wp-json\/wp\/v2\/product_cat?post=58412"},{"taxonomy":"product_tag","embeddable":true,"href":"https:\/\/keluvo.com\/se\/wp-json\/wp\/v2\/product_tag?post=58412"}],"curies":[{"name":"wp","href":"https:\/\/api.w.org\/{rel}","templated":true}]}}