{"id":5815,"date":"2025-01-21T13:36:22","date_gmt":"2025-01-21T11:36:22","guid":{"rendered":"https:\/\/keluvo.com\/se\/product\/angkokare-for-klader\/"},"modified":"2025-01-21T13:36:32","modified_gmt":"2025-01-21T11:36:32","slug":"angkokare-for-klader","status":"publish","type":"product","link":"https:\/\/keluvo.com\/se\/product\/angkokare-for-klader\/","title":{"rendered":"\u00c5ngkokare f\u00f6r kl\u00e4der"},"content":{"rendered":"<h2 style=\"text-align: center\"><strong>Snabb Och Enkel Borttagning Av Rynkor<\/strong><\/h2>\n<p style=\"text-align: center\">Plagg\u00e5ngaren levererar kraftfull, kontinuerlig \u00e5nga f\u00f6r att sl\u00e4ta ut rynkor direkt. Den \u00e4r idealisk f\u00f6r alla typer av tyger och ser till att dina kl\u00e4der ser snygga ut utan besv\u00e4ret med traditionell strykning.<\/p>\n<p><img fetchpriority=\"high\" decoding=\"async\" width=\"515\" height=\"514\" class=\"alignnone size-medium wp-image-3139 aligncenter\" src=\"https:\/\/keluvo.com\/template\/wp-content\/uploads\/sites\/5\/2024\/11\/c45f5304-3870-4207-ba2a-e325f3440e79.webp\" alt=\"\" srcset=\"https:\/\/keluvo.com\/se\/wp-content\/uploads\/sites\/12\/2024\/11\/c45f5304-3870-4207-ba2a-e325f3440e79.webp 515w, https:\/\/keluvo.com\/se\/wp-content\/uploads\/sites\/12\/2024\/11\/c45f5304-3870-4207-ba2a-e325f3440e79-300x300.webp 300w, https:\/\/keluvo.com\/se\/wp-content\/uploads\/sites\/12\/2024\/11\/c45f5304-3870-4207-ba2a-e325f3440e79-150x150.webp 150w, https:\/\/keluvo.com\/se\/wp-content\/uploads\/sites\/12\/2024\/11\/c45f5304-3870-4207-ba2a-e325f3440e79-100x100.webp 100w, https:\/\/keluvo.com\/se\/wp-content\/uploads\/sites\/12\/2024\/11\/c45f5304-3870-4207-ba2a-e325f3440e79-50x50.webp 50w\" sizes=\"(max-width: 515px) 100vw, 515px\" \/><\/p>\n<h2 style=\"text-align: center\"><strong>B\u00e4rbar Och Resev\u00e4nlig<\/strong><\/h2>\n<p style=\"text-align: center\">L\u00e4tt och kompakt \u00e4r denna plagg\u00e5ngare perfekt f\u00f6r resor och aff\u00e4rsresor. Dess lilla storlek g\u00f6r den l\u00e4tt att packa ner, s\u00e5 att du alltid kan h\u00e5lla en ren och professionell look n\u00e4r du \u00e4r p\u00e5 spr\u00e5ng.<\/p>\n<p><img decoding=\"async\" width=\"800\" height=\"800\" class=\"alignnone size-medium wp-image-3142 aligncenter\" src=\"https:\/\/keluvo.com\/template\/wp-content\/uploads\/sites\/5\/2024\/11\/S13da4d86356041788aaa9ecccda1d64e7.jpg\" alt=\"\" srcset=\"https:\/\/keluvo.com\/se\/wp-content\/uploads\/sites\/12\/2024\/11\/S13da4d86356041788aaa9ecccda1d64e7.jpg 800w, https:\/\/keluvo.com\/se\/wp-content\/uploads\/sites\/12\/2024\/11\/S13da4d86356041788aaa9ecccda1d64e7-300x300.jpg 300w, https:\/\/keluvo.com\/se\/wp-content\/uploads\/sites\/12\/2024\/11\/S13da4d86356041788aaa9ecccda1d64e7-150x150.jpg 150w, https:\/\/keluvo.com\/se\/wp-content\/uploads\/sites\/12\/2024\/11\/S13da4d86356041788aaa9ecccda1d64e7-768x768.jpg 768w, https:\/\/keluvo.com\/se\/wp-content\/uploads\/sites\/12\/2024\/11\/S13da4d86356041788aaa9ecccda1d64e7-600x600.jpg 600w, https:\/\/keluvo.com\/se\/wp-content\/uploads\/sites\/12\/2024\/11\/S13da4d86356041788aaa9ecccda1d64e7-100x100.jpg 100w, https:\/\/keluvo.com\/se\/wp-content\/uploads\/sites\/12\/2024\/11\/S13da4d86356041788aaa9ecccda1d64e7-50x50.jpg 50w\" sizes=\"(max-width: 800px) 100vw, 800px\" \/><\/p>\n","protected":false},"excerpt":{"rendered":"<p>Snabb Och Enkel Borttagning Av Rynkor Plagg\u00e5ngaren levererar kraftfull, kontinuerlig \u00e5nga f\u00f6r att sl\u00e4ta ut rynkor direkt. Den \u00e4r idealisk [&hellip;]<\/p>\n","protected":false},"featured_media":5811,"comment_status":"open","ping_status":"closed","template":"","meta":{"site-sidebar-layout":"default","site-content-layout":"","ast-site-content-layout":"default","site-content-style":"default","site-sidebar-style":"default","ast-global-header-display":"","ast-banner-title-visibility":"","ast-main-header-display":"","ast-hfb-above-header-display":"","ast-hfb-below-header-display":"","ast-hfb-mobile-header-display":"","site-post-title":"","ast-breadcrumbs-content":"","ast-featured-img":"","footer-sml-layout":"","theme-transparent-header-meta":"default","adv-header-id-meta":"","stick-header-meta":"","header-above-stick-meta":"","header-main-stick-meta":"","header-below-stick-meta":"","astra-migrate-meta-layouts":"set","ast-page-background-enabled":"default","ast-page-background-meta":{"desktop":{"background-color":"var(--ast-global-color-4)","background-image":"","background-repeat":"repeat","background-position":"center center","background-size":"auto","background-attachment":"scroll","background-type":"","background-media":"","overlay-type":"","overlay-color":"","overlay-opacity":"","overlay-gradient":""},"tablet":{"background-color":"","background-image":"","background-repeat":"repeat","background-position":"center center","background-size":"auto","background-attachment":"scroll","background-type":"","background-media":"","overlay-type":"","overlay-color":"","overlay-opacity":"","overlay-gradient":""},"mobile":{"background-color":"","background-image":"","background-repeat":"repeat","background-position":"center center","background-size":"auto","background-attachment":"scroll","background-type":"","background-media":"","overlay-type":"","overlay-color":"","overlay-opacity":"","overlay-gradient":""}},"ast-content-background-meta":{"desktop":{"background-color":"var(--ast-global-color-5)","background-image":"","background-repeat":"repeat","background-position":"center center","background-size":"auto","background-attachment":"scroll","background-type":"","background-media":"","overlay-type":"","overlay-color":"","overlay-opacity":"","overlay-gradient":""},"tablet":{"background-color":"var(--ast-global-color-5)","background-image":"","background-repeat":"repeat","background-position":"center center","background-size":"auto","background-attachment":"scroll","background-type":"","background-media":"","overlay-type":"","overlay-color":"","overlay-opacity":"","overlay-gradient":""},"mobile":{"background-color":"var(--ast-global-color-5)","background-image":"","background-repeat":"repeat","background-position":"center center","background-size":"auto","background-attachment":"scroll","background-type":"","background-media":"","overlay-type":"","overlay-color":"","overlay-opacity":"","overlay-gradient":""}}},"product_brand":[],"product_cat":[1001],"product_tag":[],"class_list":{"0":"post-5815","1":"product","2":"type-product","3":"status-publish","4":"has-post-thumbnail","6":"product_cat-household-goods","7":"pa_peub442y-bla","8":"pa_peub442y-gron","9":"desktop-align-left","10":"tablet-align-left","11":"mobile-align-left","13":"first","14":"instock","15":"shipping-taxable","16":"purchasable","17":"product-type-variable"},"_links":{"self":[{"href":"https:\/\/keluvo.com\/se\/wp-json\/wp\/v2\/product\/5815","targetHints":{"allow":["GET"]}}],"collection":[{"href":"https:\/\/keluvo.com\/se\/wp-json\/wp\/v2\/product"}],"about":[{"href":"https:\/\/keluvo.com\/se\/wp-json\/wp\/v2\/types\/product"}],"replies":[{"embeddable":true,"href":"https:\/\/keluvo.com\/se\/wp-json\/wp\/v2\/comments?post=5815"}],"wp:featuredmedia":[{"embeddable":true,"href":"https:\/\/keluvo.com\/se\/wp-json\/wp\/v2\/media\/5811"}],"wp:attachment":[{"href":"https:\/\/keluvo.com\/se\/wp-json\/wp\/v2\/media?parent=5815"}],"wp:term":[{"taxonomy":"product_brand","embeddable":true,"href":"https:\/\/keluvo.com\/se\/wp-json\/wp\/v2\/product_brand?post=5815"},{"taxonomy":"product_cat","embeddable":true,"href":"https:\/\/keluvo.com\/se\/wp-json\/wp\/v2\/product_cat?post=5815"},{"taxonomy":"product_tag","embeddable":true,"href":"https:\/\/keluvo.com\/se\/wp-json\/wp\/v2\/product_tag?post=5815"}],"curies":[{"name":"wp","href":"https:\/\/api.w.org\/{rel}","templated":true}]}}