{"id":5784,"date":"2025-01-21T13:31:37","date_gmt":"2025-01-21T11:31:37","guid":{"rendered":"https:\/\/keluvo.com\/se\/product\/harratande-kam\/"},"modified":"2025-01-21T13:32:17","modified_gmt":"2025-01-21T11:32:17","slug":"harratande-kam","status":"publish","type":"product","link":"https:\/\/keluvo.com\/se\/product\/harratande-kam\/","title":{"rendered":"H\u00e5rr\u00e4tande kam"},"content":{"rendered":"<h2 style=\"text-align: center\"><strong>Snabb Och Enkel Styling<\/strong><\/h2>\n<p style=\"text-align: center\">Utr\u00e4tningskammen v\u00e4rms upp snabbt, s\u00e5 att du kan r\u00e4ta ut eller styla ditt h\u00e5r p\u00e5 bara tre minuter. Detta verktyg \u00e4r perfekt f\u00f6r hektiska morgnar och \u00e4r utformat f\u00f6r att spara tid samtidigt som det ger dig ett sl\u00e4tt, gl\u00e4nsande h\u00e5r. Det \u00e4r ett m\u00e5ste f\u00f6r snabba uppfr\u00e4schningar och daglig styling.<\/p>\n<p><img fetchpriority=\"high\" decoding=\"async\" width=\"720\" height=\"720\" class=\"alignnone size-medium wp-image-2823 aligncenter\" src=\"https:\/\/keluvo.com\/template\/wp-content\/uploads\/sites\/5\/2024\/11\/7cf64239-a6ae-4288-8e12-78c69d45c9df.webp\" alt=\"\" srcset=\"https:\/\/keluvo.com\/se\/wp-content\/uploads\/sites\/12\/2024\/11\/7cf64239-a6ae-4288-8e12-78c69d45c9df.webp 720w, https:\/\/keluvo.com\/se\/wp-content\/uploads\/sites\/12\/2024\/11\/7cf64239-a6ae-4288-8e12-78c69d45c9df-300x300.webp 300w, https:\/\/keluvo.com\/se\/wp-content\/uploads\/sites\/12\/2024\/11\/7cf64239-a6ae-4288-8e12-78c69d45c9df-150x150.webp 150w, https:\/\/keluvo.com\/se\/wp-content\/uploads\/sites\/12\/2024\/11\/7cf64239-a6ae-4288-8e12-78c69d45c9df-600x600.webp 600w, https:\/\/keluvo.com\/se\/wp-content\/uploads\/sites\/12\/2024\/11\/7cf64239-a6ae-4288-8e12-78c69d45c9df-100x100.webp 100w, https:\/\/keluvo.com\/se\/wp-content\/uploads\/sites\/12\/2024\/11\/7cf64239-a6ae-4288-8e12-78c69d45c9df-50x50.webp 50w\" sizes=\"(max-width: 720px) 100vw, 720px\" \/><\/p>\n<h2 style=\"text-align: center\"><strong>Justerbara Temperaturinst\u00e4llningar<\/strong><\/h2>\n<p style=\"text-align: center\">Med fem temperaturinst\u00e4llningar fr\u00e5n 130\u00b0C till 200\u00b0C passar platt\u00e5ngen olika h\u00e5rtyper och stylingbehov. Du kan v\u00e4lja en l\u00e4gre inst\u00e4llning f\u00f6r fint h\u00e5r eller en h\u00f6gre inst\u00e4llning f\u00f6r tjockare h\u00e5r, vilket garanterar en skonsam och effektiv plattning varje g\u00e5ng.<\/p>\n<p><img decoding=\"async\" width=\"800\" height=\"800\" class=\"alignnone size-medium wp-image-2832 aligncenter\" src=\"https:\/\/keluvo.com\/template\/wp-content\/uploads\/sites\/5\/2024\/11\/S032f03952d484ec3a08014e4ca03a725B.jpg\" alt=\"\" srcset=\"https:\/\/keluvo.com\/se\/wp-content\/uploads\/sites\/12\/2024\/11\/S032f03952d484ec3a08014e4ca03a725B.jpg 800w, https:\/\/keluvo.com\/se\/wp-content\/uploads\/sites\/12\/2024\/11\/S032f03952d484ec3a08014e4ca03a725B-300x300.jpg 300w, https:\/\/keluvo.com\/se\/wp-content\/uploads\/sites\/12\/2024\/11\/S032f03952d484ec3a08014e4ca03a725B-150x150.jpg 150w, https:\/\/keluvo.com\/se\/wp-content\/uploads\/sites\/12\/2024\/11\/S032f03952d484ec3a08014e4ca03a725B-768x768.jpg 768w, https:\/\/keluvo.com\/se\/wp-content\/uploads\/sites\/12\/2024\/11\/S032f03952d484ec3a08014e4ca03a725B-600x600.jpg 600w, https:\/\/keluvo.com\/se\/wp-content\/uploads\/sites\/12\/2024\/11\/S032f03952d484ec3a08014e4ca03a725B-100x100.jpg 100w, https:\/\/keluvo.com\/se\/wp-content\/uploads\/sites\/12\/2024\/11\/S032f03952d484ec3a08014e4ca03a725B-50x50.jpg 50w\" sizes=\"(max-width: 800px) 100vw, 800px\" \/><\/p>\n","protected":false},"excerpt":{"rendered":"<p>Snabb Och Enkel Styling Utr\u00e4tningskammen v\u00e4rms upp snabbt, s\u00e5 att du kan r\u00e4ta ut eller styla ditt h\u00e5r p\u00e5 bara [&hellip;]<\/p>\n","protected":false},"featured_media":5780,"comment_status":"open","ping_status":"closed","template":"","meta":{"site-sidebar-layout":"default","site-content-layout":"","ast-site-content-layout":"default","site-content-style":"default","site-sidebar-style":"default","ast-global-header-display":"","ast-banner-title-visibility":"","ast-main-header-display":"","ast-hfb-above-header-display":"","ast-hfb-below-header-display":"","ast-hfb-mobile-header-display":"","site-post-title":"","ast-breadcrumbs-content":"","ast-featured-img":"","footer-sml-layout":"","theme-transparent-header-meta":"default","adv-header-id-meta":"","stick-header-meta":"","header-above-stick-meta":"","header-main-stick-meta":"","header-below-stick-meta":"","astra-migrate-meta-layouts":"set","ast-page-background-enabled":"default","ast-page-background-meta":{"desktop":{"background-color":"var(--ast-global-color-4)","background-image":"","background-repeat":"repeat","background-position":"center center","background-size":"auto","background-attachment":"scroll","background-type":"","background-media":"","overlay-type":"","overlay-color":"","overlay-opacity":"","overlay-gradient":""},"tablet":{"background-color":"","background-image":"","background-repeat":"repeat","background-position":"center center","background-size":"auto","background-attachment":"scroll","background-type":"","background-media":"","overlay-type":"","overlay-color":"","overlay-opacity":"","overlay-gradient":""},"mobile":{"background-color":"","background-image":"","background-repeat":"repeat","background-position":"center center","background-size":"auto","background-attachment":"scroll","background-type":"","background-media":"","overlay-type":"","overlay-color":"","overlay-opacity":"","overlay-gradient":""}},"ast-content-background-meta":{"desktop":{"background-color":"var(--ast-global-color-5)","background-image":"","background-repeat":"repeat","background-position":"center center","background-size":"auto","background-attachment":"scroll","background-type":"","background-media":"","overlay-type":"","overlay-color":"","overlay-opacity":"","overlay-gradient":""},"tablet":{"background-color":"var(--ast-global-color-5)","background-image":"","background-repeat":"repeat","background-position":"center center","background-size":"auto","background-attachment":"scroll","background-type":"","background-media":"","overlay-type":"","overlay-color":"","overlay-opacity":"","overlay-gradient":""},"mobile":{"background-color":"var(--ast-global-color-5)","background-image":"","background-repeat":"repeat","background-position":"center center","background-size":"auto","background-attachment":"scroll","background-type":"","background-media":"","overlay-type":"","overlay-color":"","overlay-opacity":"","overlay-gradient":""}}},"product_brand":[],"product_cat":[992],"product_tag":[],"class_list":{"0":"post-5784","1":"product","2":"type-product","3":"status-publish","4":"has-post-thumbnail","6":"product_cat-beauty-and-hygiene-products","7":"pa_czgqp2ap-gron","8":"pa_czgqp2ap-rod","9":"pa_czgqp2ap-svart","10":"pa_czgqp2ap-vit","11":"desktop-align-left","12":"tablet-align-left","13":"mobile-align-left","15":"first","16":"instock","17":"shipping-taxable","18":"purchasable","19":"product-type-variable"},"_links":{"self":[{"href":"https:\/\/keluvo.com\/se\/wp-json\/wp\/v2\/product\/5784","targetHints":{"allow":["GET"]}}],"collection":[{"href":"https:\/\/keluvo.com\/se\/wp-json\/wp\/v2\/product"}],"about":[{"href":"https:\/\/keluvo.com\/se\/wp-json\/wp\/v2\/types\/product"}],"replies":[{"embeddable":true,"href":"https:\/\/keluvo.com\/se\/wp-json\/wp\/v2\/comments?post=5784"}],"wp:featuredmedia":[{"embeddable":true,"href":"https:\/\/keluvo.com\/se\/wp-json\/wp\/v2\/media\/5780"}],"wp:attachment":[{"href":"https:\/\/keluvo.com\/se\/wp-json\/wp\/v2\/media?parent=5784"}],"wp:term":[{"taxonomy":"product_brand","embeddable":true,"href":"https:\/\/keluvo.com\/se\/wp-json\/wp\/v2\/product_brand?post=5784"},{"taxonomy":"product_cat","embeddable":true,"href":"https:\/\/keluvo.com\/se\/wp-json\/wp\/v2\/product_cat?post=5784"},{"taxonomy":"product_tag","embeddable":true,"href":"https:\/\/keluvo.com\/se\/wp-json\/wp\/v2\/product_tag?post=5784"}],"curies":[{"name":"wp","href":"https:\/\/api.w.org\/{rel}","templated":true}]}}