{"id":57774,"date":"2025-12-26T15:36:59","date_gmt":"2025-12-26T13:36:59","guid":{"rendered":"https:\/\/keluvo.com\/se\/product\/skrapa-med-rakblad-2-st\/"},"modified":"2025-12-29T20:31:15","modified_gmt":"2025-12-29T18:31:15","slug":"skrapa-med-rakblad-2-st","status":"publish","type":"product","link":"https:\/\/keluvo.com\/se\/product\/skrapa-med-rakblad-2-st\/","title":{"rendered":"Skrapa med rakblad (2 st)"},"content":{"rendered":"<p style=\"text-align: center;\" data-start=\"44\" data-end=\"128\"><strong>Ta Bort Klisterm\u00e4rken, Lim, Fett Och Sv\u00e5ra Fl\u00e4ckar Snabbt Utan Att Repa Ytorna. \ud83e\uddfd<\/strong><\/p>\n<p style=\"text-align: center;\" data-start=\"153\" data-end=\"484\">Den h\u00e4r multifunktionella skrapan med rakblad \u00e4r utformad f\u00f6r att s\u00e4kert ta bort lim, etiketter, rester och smuts fr\u00e5n m\u00e5nga ytor. Den anv\u00e4nder slitstarka plastblad ist\u00e4llet f\u00f6r metall, s\u00e5 att du f\u00e5r stark reng\u00f6ringskraft utan skador. Den \u00e4r kompakt, l\u00e4tt att h\u00e5lla och enkel att underh\u00e5lla och \u00e4r perfekt f\u00f6r reng\u00f6ring av hem, bil, k\u00f6k och badrum.<\/p>\n<p data-start=\"153\" data-end=\"484\"><img fetchpriority=\"high\" decoding=\"async\" class=\"size-full wp-image-47235 aligncenter\" src=\"https:\/\/keluvo.com\/template\/wp-content\/uploads\/sites\/5\/2025\/12\/12212-ezgif.com-video-to-webp-converter-1.webp\" alt=\"\" width=\"500\" height=\"500\" \/><\/p>\n<h2 style=\"text-align: center;\" data-start=\"491\" data-end=\"512\"><strong>Huvudf\u00f6rdelar<\/strong><\/h2>\n<p data-start=\"515\" data-end=\"591\">\ud83e\uddfd Repfri reng\u00f6ring &#8211; Plastblad skyddar ytor fr\u00e5n skador.<\/p>\n<p data-start=\"594\" data-end=\"672\">\ud83e\uddf2 Kraftfull borttagning av lim &#8211; Tar bort lim, klisterm\u00e4rken, tejp och rester.<\/p>\n<p data-start=\"675\" data-end=\"739\">\u270b Bekv\u00e4mt grepp &#8211; Ergonomiskt handtag minskar tr\u00f6tthet i handen.<\/p>\n<p data-start=\"742\" data-end=\"812\">\ud83d\udd04 Enkelt bladbyte &#8211; Byt blad snabbt och enkelt.<\/p>\n<p data-start=\"815\" data-end=\"897\">\ud83e\uddfc Anv\u00e4ndning p\u00e5 flera ytor &#8211; Fungerar p\u00e5 glas, kakel, golv, bilytor och mycket mer.<\/p>\n<p data-start=\"900\" data-end=\"970\">\ud83e\ude9d Enkel f\u00f6rvaring &#8211; H\u00e4ngande h\u00e5l f\u00f6r snabb \u00e5tkomst och snygg f\u00f6rvaring.<\/p>\n<p data-start=\"973\" data-end=\"1032\">\ud83d\udee0\ufe0f L\u00e5ng livsl\u00e4ngd &#8211; Inneh\u00e5ller 20 slitstarka plastblad.<\/p>\n<p data-start=\"973\" data-end=\"1032\"><img decoding=\"async\" class=\"size-full wp-image-47234 aligncenter\" src=\"https:\/\/keluvo.com\/template\/wp-content\/uploads\/sites\/5\/2025\/12\/b84b9f5eba616631510523979bc924313f015aae.webp\" alt=\"\" width=\"350\" height=\"472\" \/><\/p>\n<h2 style=\"text-align: center;\" data-start=\"1039\" data-end=\"1058\"><strong>Anv\u00e4ndning<\/strong><\/h2>\n<ol data-start=\"1059\" data-end=\"1296\">\n<li data-start=\"1059\" data-end=\"1104\">\n<p data-start=\"1062\" data-end=\"1104\">S\u00e4tt in ett plastblad i skrapan.<\/p>\n<\/li>\n<li data-start=\"1105\" data-end=\"1150\">\n<p data-start=\"1108\" data-end=\"1150\">H\u00e5ll handtaget stadigt f\u00f6r full kontroll.<\/p>\n<\/li>\n<li data-start=\"1151\" data-end=\"1206\">\n<p data-start=\"1154\" data-end=\"1206\">Skrapa f\u00f6rsiktigt bort limmet eller smutsen i l\u00e5g vinkel.<\/p>\n<\/li>\n<li data-start=\"1207\" data-end=\"1245\">\n<p data-start=\"1210\" data-end=\"1245\">Torka bort rester efter skrapningen.<\/p>\n<\/li>\n<li data-start=\"1246\" data-end=\"1296\">\n<p data-start=\"1249\" data-end=\"1296\">Sk\u00f6lj verktyget med vatten och h\u00e4ng det p\u00e5 tork.<\/p>\n<\/li>\n<\/ol>\n<h2 style=\"text-align: center;\" data-start=\"1303\" data-end=\"1327\"><strong>Produktdetaljer<\/strong><\/h2>\n<ul data-start=\"1328\" data-end=\"1618\">\n<li data-start=\"1382\" data-end=\"1416\">\n<p data-start=\"1384\" data-end=\"1416\">Material: Plast + POM-blad<\/p>\n<\/li>\n<li data-start=\"1417\" data-end=\"1460\">\n<p data-start=\"1419\" data-end=\"1460\">Storlek: Cirka 10 x 4 cm<\/p>\n<\/li>\n<li data-start=\"1508\" data-end=\"1546\">\n<p data-start=\"1510\" data-end=\"1546\">Bladtyp: Plast (reps\u00e4kert)<\/p>\n<\/li>\n<li data-start=\"1547\" data-end=\"1618\">\n<p data-start=\"1549\" data-end=\"1618\">Anv\u00e4ndningsomr\u00e5den: Borttagning av lim, klisterm\u00e4rken, fett och fl\u00e4ckar<\/p>\n<\/li>\n<\/ul>\n<h2 style=\"text-align: center;\" data-start=\"1625\" data-end=\"1650\"><strong>F\u00f6rpackningen inneh\u00e5ller<\/strong><\/h2>\n<ul data-start=\"1651\" data-end=\"1702\">\n<li data-start=\"1651\" data-end=\"1678\">\n<p data-start=\"1653\" data-end=\"1678\">2x rakbladsskrapa<\/p>\n<\/li>\n<li data-start=\"1679\" data-end=\"1702\">\n<p data-start=\"1681\" data-end=\"1702\">20x plastblad.<\/p>\n<\/li>\n<\/ul>\n","protected":false},"excerpt":{"rendered":"<p>Ta Bort Klisterm\u00e4rken, Lim, Fett Och Sv\u00e5ra Fl\u00e4ckar Snabbt Utan Att Repa Ytorna. \ud83e\uddfd Den h\u00e4r multifunktionella skrapan med rakblad [&hellip;]<\/p>\n","protected":false},"featured_media":57770,"comment_status":"open","ping_status":"closed","template":"","meta":{"site-sidebar-layout":"default","site-content-layout":"","ast-site-content-layout":"default","site-content-style":"default","site-sidebar-style":"default","ast-global-header-display":"","ast-banner-title-visibility":"","ast-main-header-display":"","ast-hfb-above-header-display":"","ast-hfb-below-header-display":"","ast-hfb-mobile-header-display":"","site-post-title":"","ast-breadcrumbs-content":"","ast-featured-img":"","footer-sml-layout":"","theme-transparent-header-meta":"default","adv-header-id-meta":"","stick-header-meta":"","header-above-stick-meta":"","header-main-stick-meta":"","header-below-stick-meta":"","astra-migrate-meta-layouts":"set","ast-page-background-enabled":"default","ast-page-background-meta":{"desktop":{"background-color":"var(--ast-global-color-4)","background-image":"","background-repeat":"repeat","background-position":"center center","background-size":"auto","background-attachment":"scroll","background-type":"","background-media":"","overlay-type":"","overlay-color":"","overlay-opacity":"","overlay-gradient":""},"tablet":{"background-color":"","background-image":"","background-repeat":"repeat","background-position":"center center","background-size":"auto","background-attachment":"scroll","background-type":"","background-media":"","overlay-type":"","overlay-color":"","overlay-opacity":"","overlay-gradient":""},"mobile":{"background-color":"","background-image":"","background-repeat":"repeat","background-position":"center center","background-size":"auto","background-attachment":"scroll","background-type":"","background-media":"","overlay-type":"","overlay-color":"","overlay-opacity":"","overlay-gradient":""}},"ast-content-background-meta":{"desktop":{"background-color":"var(--ast-global-color-5)","background-image":"","background-repeat":"repeat","background-position":"center center","background-size":"auto","background-attachment":"scroll","background-type":"","background-media":"","overlay-type":"","overlay-color":"","overlay-opacity":"","overlay-gradient":""},"tablet":{"background-color":"var(--ast-global-color-5)","background-image":"","background-repeat":"repeat","background-position":"center center","background-size":"auto","background-attachment":"scroll","background-type":"","background-media":"","overlay-type":"","overlay-color":"","overlay-opacity":"","overlay-gradient":""},"mobile":{"background-color":"var(--ast-global-color-5)","background-image":"","background-repeat":"repeat","background-position":"center center","background-size":"auto","background-attachment":"scroll","background-type":"","background-media":"","overlay-type":"","overlay-color":"","overlay-opacity":"","overlay-gradient":""}}},"product_brand":[],"product_cat":[1001],"product_tag":[],"class_list":{"0":"post-57774","1":"product","2":"type-product","3":"status-publish","4":"has-post-thumbnail","6":"product_cat-household-goods","7":"pa_63819_2iegy6jb-bla","8":"pa_63819_2iegy6jb-gron","9":"pa_63819_2iegy6jb-gul","10":"pa_63819_2iegy6jb-orange","11":"pa_63819_2iegy6jb-svart","12":"desktop-align-left","13":"tablet-align-left","14":"mobile-align-left","16":"first","17":"instock","18":"shipping-taxable","19":"purchasable","20":"product-type-variable"},"_links":{"self":[{"href":"https:\/\/keluvo.com\/se\/wp-json\/wp\/v2\/product\/57774","targetHints":{"allow":["GET"]}}],"collection":[{"href":"https:\/\/keluvo.com\/se\/wp-json\/wp\/v2\/product"}],"about":[{"href":"https:\/\/keluvo.com\/se\/wp-json\/wp\/v2\/types\/product"}],"replies":[{"embeddable":true,"href":"https:\/\/keluvo.com\/se\/wp-json\/wp\/v2\/comments?post=57774"}],"wp:featuredmedia":[{"embeddable":true,"href":"https:\/\/keluvo.com\/se\/wp-json\/wp\/v2\/media\/57770"}],"wp:attachment":[{"href":"https:\/\/keluvo.com\/se\/wp-json\/wp\/v2\/media?parent=57774"}],"wp:term":[{"taxonomy":"product_brand","embeddable":true,"href":"https:\/\/keluvo.com\/se\/wp-json\/wp\/v2\/product_brand?post=57774"},{"taxonomy":"product_cat","embeddable":true,"href":"https:\/\/keluvo.com\/se\/wp-json\/wp\/v2\/product_cat?post=57774"},{"taxonomy":"product_tag","embeddable":true,"href":"https:\/\/keluvo.com\/se\/wp-json\/wp\/v2\/product_tag?post=57774"}],"curies":[{"name":"wp","href":"https:\/\/api.w.org\/{rel}","templated":true}]}}