{"id":57090,"date":"2025-12-23T23:00:07","date_gmt":"2025-12-23T21:00:07","guid":{"rendered":"https:\/\/keluvo.com\/se\/product\/multifunktionell-elektrisk-mjolkvarmare\/"},"modified":"2025-12-23T23:27:45","modified_gmt":"2025-12-23T21:27:45","slug":"multifunktionell-elektrisk-mjolkvarmare","status":"publish","type":"product","link":"https:\/\/keluvo.com\/se\/product\/multifunktionell-elektrisk-mjolkvarmare\/","title":{"rendered":"Multifunktionell elektrisk mj\u00f6lkv\u00e4rmare"},"content":{"rendered":"<p style=\"text-align: center;\" data-start=\"0\" data-end=\"79\"><strong data-start=\"0\" data-end=\"79\">V\u00e4rm Mj\u00f6lk, Koka Vatten Eller \u00c5ngkoka Mat Snabbt Med En Kompakt Elektrisk Kopp.<\/strong><span style=\"font-size: 16px; font-style: normal; font-weight: 400;\">\u2615<\/span><\/p>\n<p style=\"text-align: center;\" data-start=\"81\" data-end=\"290\">Den h\u00e4r multifunktionella elektriska mj\u00f6lkv\u00e4rmaren \u00e4r en 3-i-1-apparat som v\u00e4rmer mj\u00f6lk, kokar vatten och \u00e5ngar mat i en enkel enhet. Den sparar tid, f\u00f6rhindrar br\u00e4nnskador och \u00e4r perfekt f\u00f6r anv\u00e4ndning i hemmet, p\u00e5 kontoret eller p\u00e5 studenthemmet. Den h\u00e4r elektriska mj\u00f6lkv\u00e4rmaren v\u00e4rmer mj\u00f6lk till perfekta 50 \u00b0C p\u00e5 bara 3 minuter utan att koka \u00f6ver. Det kokar ocks\u00e5 vatten p\u00e5 7 minuter och erbjuder stuvnings- och varmh\u00e5llningsfunktioner, vilket g\u00f6r den idealisk f\u00f6r mj\u00f6lk, te, soppa och l\u00e4tta m\u00e5ltider.<\/p>\n<p data-start=\"81\" data-end=\"290\"><img fetchpriority=\"high\" decoding=\"async\" class=\"size-full wp-image-46846 aligncenter\" src=\"https:\/\/keluvo.com\/template\/wp-content\/uploads\/sites\/5\/2025\/12\/122112-ezgif.com-video-to-webp-converter.webp\" alt=\"\" width=\"500\" height=\"500\" \/><\/p>\n<h2 style=\"text-align: center;\" data-start=\"572\" data-end=\"591\">\u2b50 Huvudsakliga f\u00f6rdelar<\/h2>\n<p data-start=\"594\" data-end=\"658\">\ud83d\udd25 3-i-1-funktion \u2013 V\u00e4rm mj\u00f6lk, koka vatten och \u00e5ngmat.<\/p>\n<p data-start=\"661\" data-end=\"707\">\u23f1\ufe0f Snabb uppv\u00e4rmning \u2013 V\u00e4rm mj\u00f6lk p\u00e5 3 minuter.<\/p>\n<p data-start=\"710\" data-end=\"773\">\ud83d\udee1\ufe0f Non-stick keramisk bel\u00e4ggning \u2013 Ingen br\u00e4nning, l\u00e4tt att reng\u00f6ra.<\/p>\n<p data-start=\"776\" data-end=\"831\">\ud83c\udf21\ufe0f Varmh\u00e5llningsl\u00e4ge \u2013 Upp till 12 timmar efter kokning.<\/p>\n<p data-start=\"834\" data-end=\"888\">\ud83c\udf75 600 ml kapacitet \u2013 Perfekt storlek f\u00f6r en person.<\/p>\n<p data-start=\"834\" data-end=\"888\"><img decoding=\"async\" class=\"size-full wp-image-46845 aligncenter\" src=\"https:\/\/keluvo.com\/template\/wp-content\/uploads\/sites\/5\/2025\/12\/122113-ezgif.com-video-to-webp-converter.webp\" alt=\"\" width=\"500\" height=\"500\" \/><\/p>\n<h2 style=\"text-align: center;\" data-start=\"895\" data-end=\"912\">\u25b6\ufe0f Hur Man Anv\u00e4nder<\/h2>\n<ol data-start=\"913\" data-end=\"1154\">\n<li data-start=\"913\" data-end=\"979\">\n<p data-start=\"916\" data-end=\"979\">L\u00e4gg till mj\u00f6lk, vatten eller mat i koppen (\u00f6verskrid inte 600 ml).<\/p>\n<\/li>\n<li data-start=\"980\" data-end=\"1036\">\n<p data-start=\"983\" data-end=\"1036\">Anslut enheten och v\u00e4lj \u00f6nskad funktion.<\/p>\n<\/li>\n<li data-start=\"1037\" data-end=\"1095\">\n<p data-start=\"1040\" data-end=\"1095\">L\u00e5t den v\u00e4rmas automatiskt utan att n\u00e5gon \u00f6vervakning beh\u00f6vs.<\/p>\n<\/li>\n<li data-start=\"1096\" data-end=\"1154\">\n<p data-start=\"1099\" data-end=\"1154\">Efter uppv\u00e4rmning, njut direkt eller h\u00e5ll varm efter behov.<\/p>\n<\/li>\n<\/ol>\n<h2 style=\"text-align: center;\" data-start=\"1161\" data-end=\"1183\">\ud83d\udccf Produktdetaljer<\/h2>\n<ul data-start=\"1184\" data-end=\"1537\">\n<li data-start=\"1239\" data-end=\"1259\">\n<p data-start=\"1241\" data-end=\"1259\">Kapacitet: 600 ml<\/p>\n<\/li>\n<li data-start=\"1260\" data-end=\"1281\">\n<p data-start=\"1262\" data-end=\"1281\">Effekt: 300W<\/p>\n<\/li>\n<li data-start=\"1282\" data-end=\"1305\">\n<p data-start=\"1284\" data-end=\"1305\">Sp\u00e4nning: 220V<\/p>\n<\/li>\n<li data-start=\"1306\" data-end=\"1348\">\n<p data-start=\"1308\" data-end=\"1348\">V\u00e4rmningstid (mj\u00f6lk): 3 minuter till 50\u00b0C<\/p>\n<\/li>\n<li data-start=\"1349\" data-end=\"1390\">\n<p data-start=\"1351\" data-end=\"1390\">Kokningstid (vatten): Cirka 7 minuter<\/p>\n<\/li>\n<li data-start=\"1391\" data-end=\"1422\">\n<p data-start=\"1393\" data-end=\"1422\">Tillagningstid: 30\u201360 minuter<\/p>\n<\/li>\n<li data-start=\"1423\" data-end=\"1457\">\n<p data-start=\"1425\" data-end=\"1457\">Varmh\u00e5llningstid: Upp till 12 timmar<\/p>\n<\/li>\n<li data-start=\"1458\" data-end=\"1509\">\n<p data-start=\"1460\" data-end=\"1509\">Innermaterial: Keramisk glasyr non-stick bel\u00e4ggning<\/p>\n<\/li>\n<li data-start=\"1510\" data-end=\"1537\">\n<p data-start=\"1512\" data-end=\"1537\">\u00d6ppningsdiameter: 10 cm<\/p>\n<\/li>\n<li data-start=\"1510\" data-end=\"1537\">Sladdkabel: EU-kontakt<\/li>\n<\/ul>\n<h2 style=\"text-align: center;\" data-start=\"1544\" data-end=\"1567\">\ud83d\udce6 I Paketet ing\u00e5r<\/h2>\n<ul data-start=\"1568\" data-end=\"1610\" data-is-last-node=\"\" data-is-only-node=\"\">\n<li data-start=\"1568\" data-end=\"1610\" data-is-last-node=\"\">\n<p data-start=\"1570\" data-end=\"1610\" data-is-last-node=\"\">1x multifunktionell elektrisk mj\u00f6lkv\u00e4rmare<\/p>\n<\/li>\n<li data-start=\"1568\" data-end=\"1610\" data-is-last-node=\"\">\n<p data-start=\"1570\" data-end=\"1610\" data-is-last-node=\"\">1x str\u00f6mkabel<\/p>\n<\/li>\n<li data-start=\"1568\" data-end=\"1610\" data-is-last-node=\"\">\n<p data-start=\"1570\" data-end=\"1610\" data-is-last-node=\"\">1x sked<\/p>\n<\/li>\n<li data-start=\"1568\" data-end=\"1610\" data-is-last-node=\"\">\n<p data-start=\"1570\" data-end=\"1610\" data-is-last-node=\"\">1x \u00e4ggst\u00e4ll.<\/p>\n<\/li>\n<\/ul>\n","protected":false},"excerpt":{"rendered":"<p>V\u00e4rm Mj\u00f6lk, Koka Vatten Eller \u00c5ngkoka Mat Snabbt Med En Kompakt Elektrisk Kopp.\u2615 Den h\u00e4r multifunktionella elektriska mj\u00f6lkv\u00e4rmaren \u00e4r en [&hellip;]<\/p>\n","protected":false},"featured_media":57086,"comment_status":"open","ping_status":"closed","template":"","meta":{"site-sidebar-layout":"default","site-content-layout":"","ast-site-content-layout":"default","site-content-style":"default","site-sidebar-style":"default","ast-global-header-display":"","ast-banner-title-visibility":"","ast-main-header-display":"","ast-hfb-above-header-display":"","ast-hfb-below-header-display":"","ast-hfb-mobile-header-display":"","site-post-title":"","ast-breadcrumbs-content":"","ast-featured-img":"","footer-sml-layout":"","theme-transparent-header-meta":"default","adv-header-id-meta":"","stick-header-meta":"","header-above-stick-meta":"","header-main-stick-meta":"","header-below-stick-meta":"","astra-migrate-meta-layouts":"set","ast-page-background-enabled":"default","ast-page-background-meta":{"desktop":{"background-color":"var(--ast-global-color-4)","background-image":"","background-repeat":"repeat","background-position":"center center","background-size":"auto","background-attachment":"scroll","background-type":"","background-media":"","overlay-type":"","overlay-color":"","overlay-opacity":"","overlay-gradient":""},"tablet":{"background-color":"","background-image":"","background-repeat":"repeat","background-position":"center center","background-size":"auto","background-attachment":"scroll","background-type":"","background-media":"","overlay-type":"","overlay-color":"","overlay-opacity":"","overlay-gradient":""},"mobile":{"background-color":"","background-image":"","background-repeat":"repeat","background-position":"center center","background-size":"auto","background-attachment":"scroll","background-type":"","background-media":"","overlay-type":"","overlay-color":"","overlay-opacity":"","overlay-gradient":""}},"ast-content-background-meta":{"desktop":{"background-color":"var(--ast-global-color-5)","background-image":"","background-repeat":"repeat","background-position":"center center","background-size":"auto","background-attachment":"scroll","background-type":"","background-media":"","overlay-type":"","overlay-color":"","overlay-opacity":"","overlay-gradient":""},"tablet":{"background-color":"var(--ast-global-color-5)","background-image":"","background-repeat":"repeat","background-position":"center center","background-size":"auto","background-attachment":"scroll","background-type":"","background-media":"","overlay-type":"","overlay-color":"","overlay-opacity":"","overlay-gradient":""},"mobile":{"background-color":"var(--ast-global-color-5)","background-image":"","background-repeat":"repeat","background-position":"center center","background-size":"auto","background-attachment":"scroll","background-type":"","background-media":"","overlay-type":"","overlay-color":"","overlay-opacity":"","overlay-gradient":""}}},"product_brand":[],"product_cat":[1001],"product_tag":[],"class_list":{"0":"post-57090","1":"product","2":"type-product","3":"status-publish","4":"has-post-thumbnail","6":"product_cat-household-goods","7":"pa_62359_4rz6g6v6-gul","8":"pa_62359_4rz6g6v6-rod","9":"pa_62359_4rz6g6v6-vit","10":"desktop-align-left","11":"tablet-align-left","12":"mobile-align-left","14":"first","15":"instock","16":"shipping-taxable","17":"purchasable","18":"product-type-variable"},"_links":{"self":[{"href":"https:\/\/keluvo.com\/se\/wp-json\/wp\/v2\/product\/57090","targetHints":{"allow":["GET"]}}],"collection":[{"href":"https:\/\/keluvo.com\/se\/wp-json\/wp\/v2\/product"}],"about":[{"href":"https:\/\/keluvo.com\/se\/wp-json\/wp\/v2\/types\/product"}],"replies":[{"embeddable":true,"href":"https:\/\/keluvo.com\/se\/wp-json\/wp\/v2\/comments?post=57090"}],"wp:featuredmedia":[{"embeddable":true,"href":"https:\/\/keluvo.com\/se\/wp-json\/wp\/v2\/media\/57086"}],"wp:attachment":[{"href":"https:\/\/keluvo.com\/se\/wp-json\/wp\/v2\/media?parent=57090"}],"wp:term":[{"taxonomy":"product_brand","embeddable":true,"href":"https:\/\/keluvo.com\/se\/wp-json\/wp\/v2\/product_brand?post=57090"},{"taxonomy":"product_cat","embeddable":true,"href":"https:\/\/keluvo.com\/se\/wp-json\/wp\/v2\/product_cat?post=57090"},{"taxonomy":"product_tag","embeddable":true,"href":"https:\/\/keluvo.com\/se\/wp-json\/wp\/v2\/product_tag?post=57090"}],"curies":[{"name":"wp","href":"https:\/\/api.w.org\/{rel}","templated":true}]}}