{"id":56858,"date":"2025-12-22T21:08:29","date_gmt":"2025-12-22T19:08:29","guid":{"rendered":"https:\/\/keluvo.com\/se\/product\/forvaringslada-for-skor\/"},"modified":"2025-12-23T16:18:57","modified_gmt":"2025-12-23T14:18:57","slug":"forvaringslada-for-skor","status":"publish","type":"product","link":"https:\/\/keluvo.com\/se\/product\/forvaringslada-for-skor\/","title":{"rendered":"F\u00f6rvaringsl\u00e5da f\u00f6r skor"},"content":{"rendered":"<p style=\"text-align: center;\" data-start=\"0\" data-end=\"75\"><strong data-start=\"0\" data-end=\"75\">H\u00e5ll Dina Skor Rena, Synliga Och Prydligt Organiserade I En Enkel L\u00e5da.<\/strong><span style=\"font-size: 16px; font-style: normal; font-weight: 400;\">\ud83c\udfe0<\/span><\/p>\n<p style=\"text-align: center;\" data-start=\"77\" data-end=\"289\">Den h\u00e4r skof\u00f6rvaringsl\u00e5dan skyddar dina skor fr\u00e5n damm och fukt samtidigt som den hj\u00e4lper dig att spara utrymme hemma. Med en stor kapacitet och stapelbar design h\u00e5ller den dina skor l\u00e4tta att se, komma \u00e5t och f\u00f6rvara i alla rum. Denna moderna skof\u00f6rvaringsl\u00e5da \u00e4r tillverkad av h\u00e5llbar PVC och har en transparent design s\u00e5 att du snabbt kan hitta det par du beh\u00f6ver. Den fungerar perfekt i garderober, ing\u00e5ngar, under s\u00e4ngar eller hyllor och kan ocks\u00e5 lagra kl\u00e4der och accessoarer.<\/p>\n<p data-start=\"77\" data-end=\"289\"><img fetchpriority=\"high\" decoding=\"async\" class=\"size-full wp-image-46750 aligncenter\" src=\"https:\/\/keluvo.com\/template\/wp-content\/uploads\/sites\/5\/2025\/12\/12214-ezgif.com-video-to-webp-converter.webp\" alt=\"\" width=\"500\" height=\"500\" \/><\/p>\n<h2 style=\"text-align: center;\" data-start=\"581\" data-end=\"600\">\u2b50 Huvudsakliga f\u00f6rdelar<\/h2>\n<p data-start=\"603\" data-end=\"662\">\ud83d\udc5f Stor 18L kapacitet \u2013 Rymmer flera par skor.<\/p>\n<p data-start=\"665\" data-end=\"725\">\ud83d\udca7 Vatten &amp; dammskydd \u2013 H\u00e5ller skorna rena och torra.<\/p>\n<p data-start=\"728\" data-end=\"789\">\ud83d\udce6 Stapelbar design \u2013 Sparar utrymme och maximerar f\u00f6rvaringen.<\/p>\n<p data-start=\"792\" data-end=\"855\">\ud83d\udc40 Transparenta paneler \u2013 Se skorna utan att \u00f6ppna l\u00e5dan.<\/p>\n<p data-start=\"858\" data-end=\"918\">\ud83d\udd04 Vikbar och b\u00e4rbar \u2013 L\u00e4tt att f\u00f6rvara n\u00e4r den inte anv\u00e4nds.<\/p>\n<p data-start=\"858\" data-end=\"918\"><img decoding=\"async\" class=\"size-full wp-image-46749 aligncenter\" src=\"https:\/\/keluvo.com\/template\/wp-content\/uploads\/sites\/5\/2025\/12\/12215-ezgif.com-video-to-webp-converter.webp\" alt=\"\" width=\"500\" height=\"500\" \/><\/p>\n<h2 style=\"text-align: center;\" data-start=\"925\" data-end=\"942\">\ud83d\udd27 Hur Man Anv\u00e4nder<\/h2>\n<ol data-start=\"943\" data-end=\"1139\">\n<li data-start=\"943\" data-end=\"998\">\n<p data-start=\"946\" data-end=\"998\">Veckla upp f\u00f6rvaringsl\u00e5dan och forma den p\u00e5 plats.<\/p>\n<\/li>\n<li data-start=\"999\" data-end=\"1038\">\n<p data-start=\"1002\" data-end=\"1038\">Placera skor eller andra f\u00f6rem\u00e5l inuti.<\/p>\n<\/li>\n<li data-start=\"1039\" data-end=\"1070\">\n<p data-start=\"1042\" data-end=\"1070\">St\u00e4ng blixtl\u00e5set ordentligt.<\/p>\n<\/li>\n<li data-start=\"1071\" data-end=\"1109\">\n<p data-start=\"1074\" data-end=\"1109\">Stapla med andra l\u00e5dor vid behov.<\/p>\n<\/li>\n<li data-start=\"1110\" data-end=\"1139\">\n<p data-start=\"1113\" data-end=\"1139\">Vik platt n\u00e4r den inte anv\u00e4nds.<\/p>\n<\/li>\n<\/ol>\n<h2 style=\"text-align: center;\" data-start=\"1146\" data-end=\"1168\">\ud83d\udccf Produktdetaljer<\/h2>\n<ul data-start=\"1169\" data-end=\"1477\">\n<li data-start=\"1204\" data-end=\"1221\">\n<p data-start=\"1206\" data-end=\"1221\">Material: PVC<\/p>\n<\/li>\n<li data-start=\"1222\" data-end=\"1250\">\n<p data-start=\"1224\" data-end=\"1250\">Stil: Modern minimalistisk<\/p>\n<\/li>\n<li data-start=\"1251\" data-end=\"1268\">\n<p data-start=\"1253\" data-end=\"1268\">Kapacitet: 18L<\/p>\n<\/li>\n<li data-start=\"1251\" data-end=\"1268\">\n<p data-start=\"1253\" data-end=\"1268\"><span style=\"font-size: 16px;\">Storlek: 60 x 30 x 16 cm<\/span><\/p>\n<\/li>\n<\/ul>\n<h2 style=\"text-align: center;\" data-start=\"1484\" data-end=\"1507\">\ud83d\udce6 Paketet inneh\u00e5ller<\/h2>\n<ul data-start=\"1508\" data-end=\"1530\" data-is-last-node=\"\" data-is-only-node=\"\">\n<li data-start=\"1508\" data-end=\"1530\" data-is-last-node=\"\">\n<p data-start=\"1510\" data-end=\"1530\" data-is-last-node=\"\">1, 2, 3x skof\u00f6rvaringsl\u00e5da\/er.<\/p>\n<\/li>\n<\/ul>\n","protected":false},"excerpt":{"rendered":"<p>H\u00e5ll Dina Skor Rena, Synliga Och Prydligt Organiserade I En Enkel L\u00e5da.\ud83c\udfe0 Den h\u00e4r skof\u00f6rvaringsl\u00e5dan skyddar dina skor fr\u00e5n damm [&hellip;]<\/p>\n","protected":false},"featured_media":56854,"comment_status":"open","ping_status":"closed","template":"","meta":{"site-sidebar-layout":"default","site-content-layout":"","ast-site-content-layout":"default","site-content-style":"default","site-sidebar-style":"default","ast-global-header-display":"","ast-banner-title-visibility":"","ast-main-header-display":"","ast-hfb-above-header-display":"","ast-hfb-below-header-display":"","ast-hfb-mobile-header-display":"","site-post-title":"","ast-breadcrumbs-content":"","ast-featured-img":"","footer-sml-layout":"","theme-transparent-header-meta":"default","adv-header-id-meta":"","stick-header-meta":"","header-above-stick-meta":"","header-main-stick-meta":"","header-below-stick-meta":"","astra-migrate-meta-layouts":"set","ast-page-background-enabled":"default","ast-page-background-meta":{"desktop":{"background-color":"var(--ast-global-color-4)","background-image":"","background-repeat":"repeat","background-position":"center center","background-size":"auto","background-attachment":"scroll","background-type":"","background-media":"","overlay-type":"","overlay-color":"","overlay-opacity":"","overlay-gradient":""},"tablet":{"background-color":"","background-image":"","background-repeat":"repeat","background-position":"center center","background-size":"auto","background-attachment":"scroll","background-type":"","background-media":"","overlay-type":"","overlay-color":"","overlay-opacity":"","overlay-gradient":""},"mobile":{"background-color":"","background-image":"","background-repeat":"repeat","background-position":"center center","background-size":"auto","background-attachment":"scroll","background-type":"","background-media":"","overlay-type":"","overlay-color":"","overlay-opacity":"","overlay-gradient":""}},"ast-content-background-meta":{"desktop":{"background-color":"var(--ast-global-color-5)","background-image":"","background-repeat":"repeat","background-position":"center center","background-size":"auto","background-attachment":"scroll","background-type":"","background-media":"","overlay-type":"","overlay-color":"","overlay-opacity":"","overlay-gradient":""},"tablet":{"background-color":"var(--ast-global-color-5)","background-image":"","background-repeat":"repeat","background-position":"center center","background-size":"auto","background-attachment":"scroll","background-type":"","background-media":"","overlay-type":"","overlay-color":"","overlay-opacity":"","overlay-gradient":""},"mobile":{"background-color":"var(--ast-global-color-5)","background-image":"","background-repeat":"repeat","background-position":"center center","background-size":"auto","background-attachment":"scroll","background-type":"","background-media":"","overlay-type":"","overlay-color":"","overlay-opacity":"","overlay-gradient":""}}},"product_brand":[],"product_cat":[1001],"product_tag":[],"class_list":{"0":"post-56858","1":"product","2":"type-product","3":"status-publish","4":"has-post-thumbnail","6":"product_cat-household-goods","7":"pa_62159_pgdoimgr-1-st","8":"pa_62159_pgdoimgr-2-st","9":"pa_62159_pgdoimgr-3-st","10":"desktop-align-left","11":"tablet-align-left","12":"mobile-align-left","14":"first","15":"instock","16":"shipping-taxable","17":"purchasable","18":"product-type-variable"},"_links":{"self":[{"href":"https:\/\/keluvo.com\/se\/wp-json\/wp\/v2\/product\/56858","targetHints":{"allow":["GET"]}}],"collection":[{"href":"https:\/\/keluvo.com\/se\/wp-json\/wp\/v2\/product"}],"about":[{"href":"https:\/\/keluvo.com\/se\/wp-json\/wp\/v2\/types\/product"}],"replies":[{"embeddable":true,"href":"https:\/\/keluvo.com\/se\/wp-json\/wp\/v2\/comments?post=56858"}],"wp:featuredmedia":[{"embeddable":true,"href":"https:\/\/keluvo.com\/se\/wp-json\/wp\/v2\/media\/56854"}],"wp:attachment":[{"href":"https:\/\/keluvo.com\/se\/wp-json\/wp\/v2\/media?parent=56858"}],"wp:term":[{"taxonomy":"product_brand","embeddable":true,"href":"https:\/\/keluvo.com\/se\/wp-json\/wp\/v2\/product_brand?post=56858"},{"taxonomy":"product_cat","embeddable":true,"href":"https:\/\/keluvo.com\/se\/wp-json\/wp\/v2\/product_cat?post=56858"},{"taxonomy":"product_tag","embeddable":true,"href":"https:\/\/keluvo.com\/se\/wp-json\/wp\/v2\/product_tag?post=56858"}],"curies":[{"name":"wp","href":"https:\/\/api.w.org\/{rel}","templated":true}]}}