{"id":56735,"date":"2025-12-22T20:58:04","date_gmt":"2025-12-22T18:58:04","guid":{"rendered":"https:\/\/keluvo.com\/se\/product\/vinkelslipning-av-sandbandsmaskin\/"},"modified":"2026-01-22T18:23:34","modified_gmt":"2026-01-22T16:23:34","slug":"vinkelslipning-av-sandbandsmaskin","status":"publish","type":"product","link":"https:\/\/keluvo.com\/se\/product\/vinkelslipning-av-sandbandsmaskin\/","title":{"rendered":"Vinkelslipning av sandbandsmaskin"},"content":{"rendered":"<p style=\"text-align: center;\" data-start=\"0\" data-end=\"67\"><strong data-start=\"0\" data-end=\"67\">F\u00f6rvandla Din Vinkelslip Till En Kraftfull Bandslip P\u00e5 N\u00e5gra Minuter. <\/strong><span style=\"font-size: 16px; font-style: normal; font-weight: 400;\">\ud83d\udd27\u00a0<\/span><\/p>\n<p style=\"text-align: center;\" data-start=\"69\" data-end=\"316\">Den h\u00e4r vinkelslipmaskinen omvandlar enkelt din vanliga vinkelslip till ett stabilt och effektivt bandslipverktyg. Den ger j\u00e4mn slipning, polering och formning av metall, tr\u00e4 och andra material med b\u00e4ttre kontroll och hastighet. Detta tillbeh\u00f6r anv\u00e4nder ett automatiskt remsp\u00e4nningssystem och ett r\u00e4fflat drivhjul f\u00f6r att h\u00e5lla slipbandet stadigt och inriktat. Den solida aluminiumkonstruktionen och dubbla lagerdesignen ger stabil, snabb och exakt slipning f\u00f6r daglig verkstadsanv\u00e4ndning.<\/p>\n<p data-start=\"69\" data-end=\"316\"><img fetchpriority=\"high\" decoding=\"async\" class=\"size-full wp-image-46543 aligncenter\" src=\"https:\/\/keluvo.com\/template\/wp-content\/uploads\/sites\/5\/2025\/12\/102224-ezgif.com-video-to-webp-converter-3.webp\" alt=\"\" width=\"500\" height=\"889\" \/><\/p>\n<h2 style=\"text-align: center;\" data-start=\"603\" data-end=\"622\">\u2b50 Huvudsakliga f\u00f6rdelar<\/h2>\n<p data-start=\"625\" data-end=\"704\">\u2699\ufe0f Automatisk remsp\u00e4nning &#8211; Inbyggd fj\u00e4der justerar sp\u00e4nningen automatiskt.<\/p>\n<p data-start=\"707\" data-end=\"779\">\ud83d\udee0\ufe0f Inget b\u00e4lte glider &#8211; Rillat drivhjul h\u00e5ller b\u00e4ltet centrerat.<\/p>\n<p data-start=\"782\" data-end=\"852\">\ud83e\uddf1 All aluminiumlegering &#8211; Stark, h\u00e5llbar och slitstark.<\/p>\n<p data-start=\"855\" data-end=\"922\">\ud83d\udd04 Design med dubbla lager &#8211; Smidig, stabil och snabb drift.<\/p>\n<p data-start=\"925\" data-end=\"990\">\ud83e\uddf0 Bred kompatibilitet &#8211; Passar 100\/115\/125 vinkelslipar.<\/p>\n<p data-start=\"925\" data-end=\"990\"><img decoding=\"async\" class=\"size-full wp-image-46542 aligncenter\" src=\"https:\/\/keluvo.com\/template\/wp-content\/uploads\/sites\/5\/2025\/12\/102225-ezgif.com-video-to-webp-converter-2.webp\" alt=\"\" width=\"500\" height=\"889\" \/><\/p>\n<h2 style=\"text-align: center;\" data-start=\"992\" data-end=\"1012\">\ud83e\uddd1\u200d\ud83d\udd27 Hur Man Anv\u00e4nder<\/h2>\n<ol data-start=\"1013\" data-end=\"1232\">\n<li data-start=\"1013\" data-end=\"1057\">\n<p data-start=\"1016\" data-end=\"1057\">St\u00e4ng av och koppla ur vinkelslipen.<\/p>\n<\/li>\n<li data-start=\"1058\" data-end=\"1118\">\n<p data-start=\"1061\" data-end=\"1118\">Montera f\u00e4stet och drivaxeln p\u00e5 slipmaskinen.<\/p>\n<\/li>\n<li data-start=\"1119\" data-end=\"1161\">\n<p data-start=\"1122\" data-end=\"1161\">Montera slipbandet \u00f6ver hjulen.<\/p>\n<\/li>\n<li data-start=\"1162\" data-end=\"1199\">\n<p data-start=\"1165\" data-end=\"1199\">Justera och kontrollera bandets inriktning.<\/p>\n<\/li>\n<li data-start=\"1200\" data-end=\"1232\">\n<p data-start=\"1203\" data-end=\"1232\">Sl\u00e5 p\u00e5 och b\u00f6rja slipa.<\/p>\n<\/li>\n<\/ol>\n<h2 style=\"text-align: center;\" data-start=\"1234\" data-end=\"1256\">\ud83d\udccf Produktdetaljer<\/h2>\n<ul data-start=\"1257\" data-end=\"1449\">\n<li data-start=\"1308\" data-end=\"1336\">\n<p data-start=\"1310\" data-end=\"1336\">Material: Aluminiumlegering<\/p>\n<\/li>\n<li data-start=\"1402\" data-end=\"1449\">\n<p data-start=\"1404\" data-end=\"1449\">Kompatibla slipmaskiner: 100 \/ 115 \/ 125 modeller<\/p>\n<\/li>\n<\/ul>\n<h2 style=\"text-align: center;\" data-start=\"1451\" data-end=\"1474\">\ud83d\udce6 Paketet inneh\u00e5ller<\/h2>\n<ul data-start=\"1475\" data-end=\"1599\" data-is-last-node=\"\" data-is-only-node=\"\">\n<li data-start=\"1475\" data-end=\"1504\">\n<p data-start=\"1477\" data-end=\"1504\">1x vinkelkvarnsf\u00e4ste<\/p>\n<\/li>\n<li data-start=\"1505\" data-end=\"1526\">\n<p data-start=\"1507\" data-end=\"1526\">1x drivaxel<\/p>\n<\/li>\n<li data-start=\"1527\" data-end=\"1552\">\n<p data-start=\"1529\" data-end=\"1552\">2x slipband.<\/p>\n<\/li>\n<\/ul>\n","protected":false},"excerpt":{"rendered":"<p>F\u00f6rvandla Din Vinkelslip Till En Kraftfull Bandslip P\u00e5 N\u00e5gra Minuter. \ud83d\udd27\u00a0 Den h\u00e4r vinkelslipmaskinen omvandlar enkelt din vanliga vinkelslip till [&hellip;]<\/p>\n","protected":false},"featured_media":56731,"comment_status":"open","ping_status":"closed","template":"","meta":{"site-sidebar-layout":"default","site-content-layout":"","ast-site-content-layout":"default","site-content-style":"default","site-sidebar-style":"default","ast-global-header-display":"","ast-banner-title-visibility":"","ast-main-header-display":"","ast-hfb-above-header-display":"","ast-hfb-below-header-display":"","ast-hfb-mobile-header-display":"","site-post-title":"","ast-breadcrumbs-content":"","ast-featured-img":"","footer-sml-layout":"","theme-transparent-header-meta":"default","adv-header-id-meta":"","stick-header-meta":"","header-above-stick-meta":"","header-main-stick-meta":"","header-below-stick-meta":"","astra-migrate-meta-layouts":"set","ast-page-background-enabled":"default","ast-page-background-meta":{"desktop":{"background-color":"var(--ast-global-color-4)","background-image":"","background-repeat":"repeat","background-position":"center center","background-size":"auto","background-attachment":"scroll","background-type":"","background-media":"","overlay-type":"","overlay-color":"","overlay-opacity":"","overlay-gradient":""},"tablet":{"background-color":"","background-image":"","background-repeat":"repeat","background-position":"center center","background-size":"auto","background-attachment":"scroll","background-type":"","background-media":"","overlay-type":"","overlay-color":"","overlay-opacity":"","overlay-gradient":""},"mobile":{"background-color":"","background-image":"","background-repeat":"repeat","background-position":"center center","background-size":"auto","background-attachment":"scroll","background-type":"","background-media":"","overlay-type":"","overlay-color":"","overlay-opacity":"","overlay-gradient":""}},"ast-content-background-meta":{"desktop":{"background-color":"var(--ast-global-color-5)","background-image":"","background-repeat":"repeat","background-position":"center center","background-size":"auto","background-attachment":"scroll","background-type":"","background-media":"","overlay-type":"","overlay-color":"","overlay-opacity":"","overlay-gradient":""},"tablet":{"background-color":"var(--ast-global-color-5)","background-image":"","background-repeat":"repeat","background-position":"center center","background-size":"auto","background-attachment":"scroll","background-type":"","background-media":"","overlay-type":"","overlay-color":"","overlay-opacity":"","overlay-gradient":""},"mobile":{"background-color":"var(--ast-global-color-5)","background-image":"","background-repeat":"repeat","background-position":"center center","background-size":"auto","background-attachment":"scroll","background-type":"","background-media":"","overlay-type":"","overlay-color":"","overlay-opacity":"","overlay-gradient":""}}},"product_brand":[],"product_cat":[996],"product_tag":[],"class_list":{"0":"post-56735","1":"product","2":"type-product","3":"status-publish","4":"has-post-thumbnail","6":"product_cat-tools","7":"desktop-align-left","8":"tablet-align-left","9":"mobile-align-left","11":"first","12":"instock","13":"shipping-taxable","14":"purchasable","15":"product-type-simple"},"_links":{"self":[{"href":"https:\/\/keluvo.com\/se\/wp-json\/wp\/v2\/product\/56735","targetHints":{"allow":["GET"]}}],"collection":[{"href":"https:\/\/keluvo.com\/se\/wp-json\/wp\/v2\/product"}],"about":[{"href":"https:\/\/keluvo.com\/se\/wp-json\/wp\/v2\/types\/product"}],"replies":[{"embeddable":true,"href":"https:\/\/keluvo.com\/se\/wp-json\/wp\/v2\/comments?post=56735"}],"wp:featuredmedia":[{"embeddable":true,"href":"https:\/\/keluvo.com\/se\/wp-json\/wp\/v2\/media\/56731"}],"wp:attachment":[{"href":"https:\/\/keluvo.com\/se\/wp-json\/wp\/v2\/media?parent=56735"}],"wp:term":[{"taxonomy":"product_brand","embeddable":true,"href":"https:\/\/keluvo.com\/se\/wp-json\/wp\/v2\/product_brand?post=56735"},{"taxonomy":"product_cat","embeddable":true,"href":"https:\/\/keluvo.com\/se\/wp-json\/wp\/v2\/product_cat?post=56735"},{"taxonomy":"product_tag","embeddable":true,"href":"https:\/\/keluvo.com\/se\/wp-json\/wp\/v2\/product_tag?post=56735"}],"curies":[{"name":"wp","href":"https:\/\/api.w.org\/{rel}","templated":true}]}}