{"id":56717,"date":"2025-12-22T20:55:50","date_gmt":"2025-12-22T18:55:50","guid":{"rendered":"https:\/\/keluvo.com\/se\/product\/allt-i-ett-nyckelverktygssats-for-kran\/"},"modified":"2025-12-23T15:44:27","modified_gmt":"2025-12-23T13:44:27","slug":"allt-i-ett-nyckelverktygssats-for-kran","status":"publish","type":"product","link":"https:\/\/keluvo.com\/se\/product\/allt-i-ett-nyckelverktygssats-for-kran\/","title":{"rendered":"Allt-i-ett-nyckelverktygssats f\u00f6r kran"},"content":{"rendered":"<div class=\"flex max-w-full flex-col grow\">\n<div class=\"min-h-8 text-message relative flex w-full flex-col items-end gap-2 text-start break-words whitespace-normal [.text-message+&amp;]:mt-1\" dir=\"auto\" data-message-author-role=\"assistant\" data-message-id=\"1cd7bf37-2587-4a26-b24e-75fe5085b8a6\" data-message-model-slug=\"gpt-5-2\">\n<div class=\"flex w-full flex-col gap-1 empty:hidden first:pt-[1px]\">\n<div class=\"markdown prose dark:prose-invert w-full break-words light markdown-new-styling\">\n<p style=\"text-align: center;\" data-start=\"0\" data-end=\"75\"><strong data-start=\"0\" data-end=\"75\">Fixa Och Underh\u00e5ll Kranar Enkelt Med En Kompakt Allt-I-Ett-Nyckelsats.<\/strong><span style=\"font-size: 16px; font-style: normal; font-weight: 400;\">\ud83d\udd27<\/span><\/p>\n<p style=\"text-align: center;\" data-start=\"77\" data-end=\"321\">Den h\u00e4r allt-i-ett-nyckelverktygssatsen f\u00f6r kranar hj\u00e4lper dig att installera, ta bort och reparera k\u00f6ks- och badrumskranar utan kr\u00e5ngel. Dess smarta design g\u00f6r att du kan n\u00e5 tr\u00e5nga utrymmen och hantera vanliga krandelar, vilket sparar tid och anstr\u00e4ngning under underh\u00e5ll. Denna multifunktionella skiftnyckel \u00e4r idealisk f\u00f6r att ta bort kranluftare, ventilk\u00e4rnor och beslag i handfat och duschsystem. Det ergonomiska handtaget ger dig ett s\u00e4kert grepp, vilket g\u00f6r det bekv\u00e4mt f\u00f6r b\u00e5de DIY-anv\u00e4ndare och proffs.<\/p>\n<p data-start=\"77\" data-end=\"321\"><img fetchpriority=\"high\" decoding=\"async\" class=\"size-full wp-image-46530 aligncenter\" src=\"https:\/\/keluvo.com\/template\/wp-content\/uploads\/sites\/5\/2025\/12\/102221-ezgif.com-video-to-webp-converter-4.webp\" alt=\"\" width=\"500\" height=\"500\" \/><\/p>\n<h2 style=\"text-align: center;\" data-start=\"596\" data-end=\"615\">\u2b50 Huvudsakliga f\u00f6rdelar<\/h2>\n<p data-start=\"618\" data-end=\"682\">\ud83d\udee0\ufe0f Allt-i-ett-design \u2013 Ett verktyg f\u00f6r flera kranuppgifter.<\/p>\n<p data-start=\"685\" data-end=\"743\">\ud83e\udd32 Bekv\u00e4mt grepp \u2013 Minskar belastningen p\u00e5 handen under anv\u00e4ndning.<\/p>\n<p data-start=\"746\" data-end=\"809\">\ud83d\udeb0 Perfekt f\u00f6r tr\u00e5nga utrymmen \u2013 Perfekt f\u00f6r handfat och kranar.<\/p>\n<p data-start=\"812\" data-end=\"865\">\ud83e\uddf1 Stark och h\u00e5llbar \u2013 Byggd f\u00f6r l\u00e5ngvarig anv\u00e4ndning.<\/p>\n<p data-start=\"868\" data-end=\"923\">\ud83c\udf92 Kompakt och b\u00e4rbar \u2013 L\u00e4tt att f\u00f6rvara och b\u00e4ra.<\/p>\n<p data-start=\"868\" data-end=\"923\"><img decoding=\"async\" class=\"size-full wp-image-46533 aligncenter\" src=\"https:\/\/keluvo.com\/template\/wp-content\/uploads\/sites\/5\/2025\/12\/102220-ezgif.com-video-to-webp-converter-3.webp\" alt=\"\" width=\"500\" height=\"500\" \/><\/p>\n<h2 style=\"text-align: center;\" data-start=\"925\" data-end=\"942\">\ud83e\uddf0 Hur Man Anv\u00e4nder<\/h2>\n<ol data-start=\"943\" data-end=\"1189\">\n<li data-start=\"943\" data-end=\"996\">\n<p data-start=\"946\" data-end=\"996\">V\u00e4lj r\u00e4tt \u00f6ppning f\u00f6r din krandel.<\/p>\n<\/li>\n<li data-start=\"997\" data-end=\"1050\">\n<p data-start=\"1000\" data-end=\"1050\">Placera skiftnyckeln p\u00e5 luftaren eller ventilk\u00e4rnan.<\/p>\n<\/li>\n<li data-start=\"1051\" data-end=\"1089\">\n<p data-start=\"1054\" data-end=\"1089\">Vrid f\u00f6rsiktigt f\u00f6r att lossa eller dra \u00e5t.<\/p>\n<\/li>\n<li data-start=\"1090\" data-end=\"1148\">\n<p data-start=\"1093\" data-end=\"1148\">Anv\u00e4nd den medf\u00f6ljande sexkantsnyckeln eller skruvmejseln vid behov.<\/p>\n<\/li>\n<li data-start=\"1149\" data-end=\"1189\">\n<p data-start=\"1152\" data-end=\"1189\">S\u00e4tt tillbaka krandelen ordentligt.<\/p>\n<\/li>\n<\/ol>\n<h2 style=\"text-align: center;\" data-start=\"1191\" data-end=\"1213\">\ud83d\udccf Produktdetaljer<\/h2>\n<ul data-start=\"1214\" data-end=\"1430\">\n<li data-start=\"1270\" data-end=\"1289\">\n<p data-start=\"1272\" data-end=\"1289\">Material: Legering<\/p>\n<\/li>\n<li data-start=\"1290\" data-end=\"1323\">\n<p data-start=\"1292\" data-end=\"1323\">Produktstorlek: 10 x 5 x 4,7 cm<\/p>\n<\/li>\n<li data-start=\"1324\" data-end=\"1345\">\n<p data-start=\"1326\" data-end=\"1345\">Nettovikt: 120 g<\/p>\n<\/li>\n<li data-start=\"1372\" data-end=\"1430\">\n<p data-start=\"1374\" data-end=\"1430\">Anv\u00e4ndningsomr\u00e5de: K\u00f6ks- och badrumskranar, duschmunstycken<\/p>\n<\/li>\n<\/ul>\n<h2 style=\"text-align: center;\" data-start=\"1432\" data-end=\"1455\">\ud83d\udce6 Paketet inneh\u00e5ller<\/h2>\n<ul data-start=\"1456\" data-end=\"1563\" data-is-last-node=\"\" data-is-only-node=\"\">\n<li data-start=\"1456\" data-end=\"1517\">\n<p data-start=\"1458\" data-end=\"1517\">1x multifunktionell underh\u00e5llsnyckel f\u00f6r k\u00f6k och badrum<\/p>\n<\/li>\n<li data-start=\"1518\" data-end=\"1544\">\n<p data-start=\"1520\" data-end=\"1544\">2x skiftnycklar (2,0 insex, 2,5 sexkant)<\/p>\n<\/li>\n<li data-start=\"1545\" data-end=\"1563\" data-is-last-node=\"\">\n<p data-start=\"1547\" data-end=\"1563\" data-is-last-node=\"\">2x skruvmejslar (65 platt, 65 kors).<\/p>\n<\/li>\n<\/ul>\n<\/div>\n<\/div>\n<\/div>\n<\/div>\n","protected":false},"excerpt":{"rendered":"<p>Fixa Och Underh\u00e5ll Kranar Enkelt Med En Kompakt Allt-I-Ett-Nyckelsats.\ud83d\udd27 Den h\u00e4r allt-i-ett-nyckelverktygssatsen f\u00f6r kranar hj\u00e4lper dig att installera, ta bort [&hellip;]<\/p>\n","protected":false},"featured_media":56713,"comment_status":"open","ping_status":"closed","template":"","meta":{"site-sidebar-layout":"default","site-content-layout":"","ast-site-content-layout":"default","site-content-style":"default","site-sidebar-style":"default","ast-global-header-display":"","ast-banner-title-visibility":"","ast-main-header-display":"","ast-hfb-above-header-display":"","ast-hfb-below-header-display":"","ast-hfb-mobile-header-display":"","site-post-title":"","ast-breadcrumbs-content":"","ast-featured-img":"","footer-sml-layout":"","theme-transparent-header-meta":"default","adv-header-id-meta":"","stick-header-meta":"","header-above-stick-meta":"","header-main-stick-meta":"","header-below-stick-meta":"","astra-migrate-meta-layouts":"set","ast-page-background-enabled":"default","ast-page-background-meta":{"desktop":{"background-color":"var(--ast-global-color-4)","background-image":"","background-repeat":"repeat","background-position":"center center","background-size":"auto","background-attachment":"scroll","background-type":"","background-media":"","overlay-type":"","overlay-color":"","overlay-opacity":"","overlay-gradient":""},"tablet":{"background-color":"","background-image":"","background-repeat":"repeat","background-position":"center center","background-size":"auto","background-attachment":"scroll","background-type":"","background-media":"","overlay-type":"","overlay-color":"","overlay-opacity":"","overlay-gradient":""},"mobile":{"background-color":"","background-image":"","background-repeat":"repeat","background-position":"center center","background-size":"auto","background-attachment":"scroll","background-type":"","background-media":"","overlay-type":"","overlay-color":"","overlay-opacity":"","overlay-gradient":""}},"ast-content-background-meta":{"desktop":{"background-color":"var(--ast-global-color-5)","background-image":"","background-repeat":"repeat","background-position":"center center","background-size":"auto","background-attachment":"scroll","background-type":"","background-media":"","overlay-type":"","overlay-color":"","overlay-opacity":"","overlay-gradient":""},"tablet":{"background-color":"var(--ast-global-color-5)","background-image":"","background-repeat":"repeat","background-position":"center center","background-size":"auto","background-attachment":"scroll","background-type":"","background-media":"","overlay-type":"","overlay-color":"","overlay-opacity":"","overlay-gradient":""},"mobile":{"background-color":"var(--ast-global-color-5)","background-image":"","background-repeat":"repeat","background-position":"center center","background-size":"auto","background-attachment":"scroll","background-type":"","background-media":"","overlay-type":"","overlay-color":"","overlay-opacity":"","overlay-gradient":""}}},"product_brand":[],"product_cat":[1001,996],"product_tag":[],"class_list":{"0":"post-56717","1":"product","2":"type-product","3":"status-publish","4":"has-post-thumbnail","6":"product_cat-household-goods","7":"product_cat-tools","8":"desktop-align-left","9":"tablet-align-left","10":"mobile-align-left","12":"first","13":"instock","14":"shipping-taxable","15":"purchasable","16":"product-type-simple"},"_links":{"self":[{"href":"https:\/\/keluvo.com\/se\/wp-json\/wp\/v2\/product\/56717","targetHints":{"allow":["GET"]}}],"collection":[{"href":"https:\/\/keluvo.com\/se\/wp-json\/wp\/v2\/product"}],"about":[{"href":"https:\/\/keluvo.com\/se\/wp-json\/wp\/v2\/types\/product"}],"replies":[{"embeddable":true,"href":"https:\/\/keluvo.com\/se\/wp-json\/wp\/v2\/comments?post=56717"}],"wp:featuredmedia":[{"embeddable":true,"href":"https:\/\/keluvo.com\/se\/wp-json\/wp\/v2\/media\/56713"}],"wp:attachment":[{"href":"https:\/\/keluvo.com\/se\/wp-json\/wp\/v2\/media?parent=56717"}],"wp:term":[{"taxonomy":"product_brand","embeddable":true,"href":"https:\/\/keluvo.com\/se\/wp-json\/wp\/v2\/product_brand?post=56717"},{"taxonomy":"product_cat","embeddable":true,"href":"https:\/\/keluvo.com\/se\/wp-json\/wp\/v2\/product_cat?post=56717"},{"taxonomy":"product_tag","embeddable":true,"href":"https:\/\/keluvo.com\/se\/wp-json\/wp\/v2\/product_tag?post=56717"}],"curies":[{"name":"wp","href":"https:\/\/api.w.org\/{rel}","templated":true}]}}