{"id":56667,"date":"2025-12-22T20:50:20","date_gmt":"2025-12-22T18:50:20","guid":{"rendered":"https:\/\/keluvo.com\/se\/product\/multifunktionell-hangande-silkorg-for-diskbank\/"},"modified":"2025-12-22T22:11:14","modified_gmt":"2025-12-22T20:11:14","slug":"multifunktionell-hangande-silkorg-for-diskbank","status":"publish","type":"product","link":"https:\/\/keluvo.com\/se\/product\/multifunktionell-hangande-silkorg-for-diskbank\/","title":{"rendered":"Multifunktionell h\u00e4ngande silkorg f\u00f6r diskb\u00e4nk"},"content":{"rendered":"<p style=\"text-align: center;\" data-start=\"0\" data-end=\"75\"><strong data-start=\"0\" data-end=\"75\">H\u00e5ll Diskb\u00e4nken Ren Och Organiserad Samtidigt Som Matrester L\u00e4tt Rinner Bort.<\/strong><span style=\"font-size: 16px; font-style: normal; font-weight: 400;\">\ud83c\udf7d\ufe0f\u00a0<\/span><\/p>\n<p style=\"text-align: center;\" data-start=\"77\" data-end=\"341\">Denna multifunktionella h\u00e4ngande diskkorg f\u00e4sts direkt p\u00e5 diskb\u00e4nken f\u00f6r att f\u00e5nga upp matavfall samtidigt som vattnet f\u00e5r rinna fritt. Den \u00e4r tillverkad av h\u00e5llbart rostfritt st\u00e5l och hj\u00e4lper till att f\u00f6rhindra igens\u00e4ttning och h\u00e5ller diskb\u00e4nksomr\u00e5det snyggt under den dagliga matlagningen och reng\u00f6ringen. Den h\u00e4r h\u00e4ngande silen fungerar som matfilter, tv\u00e4ttkorg och f\u00f6rvaringsh\u00e5llare i ett. Den \u00e4r perfekt f\u00f6r att sk\u00f6lja frukt och gr\u00f6nsaker, t\u00f6mma rester eller h\u00e5lla svampar och trasor precis d\u00e4r du beh\u00f6ver dem.<\/p>\n<p data-start=\"77\" data-end=\"341\"><img fetchpriority=\"high\" decoding=\"async\" class=\"size-full wp-image-46492 aligncenter\" src=\"https:\/\/keluvo.com\/template\/wp-content\/uploads\/sites\/5\/2025\/12\/102212-ezgif.com-video-to-webp-converter-6.webp\" alt=\"\" width=\"500\" height=\"500\" \/><\/p>\n<h2 style=\"text-align: center;\" data-start=\"611\" data-end=\"630\">\u2b50 Huvudsakliga f\u00f6rdelar<\/h2>\n<p data-start=\"633\" data-end=\"708\">\ud83e\uddfa Multifunktionell design \u2013 Sila, sk\u00f6lj och f\u00f6rvara med en korg.<\/p>\n<p data-start=\"711\" data-end=\"789\">\ud83d\udebf Effektiva dr\u00e4neringsh\u00e5l \u2013 L\u00e5ter vatten rinna medan du f\u00e5ngar matrester.<\/p>\n<p data-start=\"792\" data-end=\"866\">\ud83e\uddf2 Enkel h\u00e4ngande installation \u2013 F\u00e4sts s\u00e4kert p\u00e5 diskb\u00e4nkens mittst\u00e4nger.<\/p>\n<p data-start=\"869\" data-end=\"940\">\ud83d\udd29 304 rostfritt st\u00e5l \u2013 Rostbest\u00e4ndigt, starkt och l\u00e5ngvarigt.<\/p>\n<p data-start=\"943\" data-end=\"997\">\ud83e\uddfc L\u00e4tt att reng\u00f6ra \u2013 Fr\u00e4mjar ett hygieniskt diskutrymme.<\/p>\n<p data-start=\"943\" data-end=\"997\"><img decoding=\"async\" class=\"size-full wp-image-46487 aligncenter\" src=\"https:\/\/keluvo.com\/template\/wp-content\/uploads\/sites\/5\/2025\/12\/102213-ezgif.com-video-to-webp-converter-4.webp\" alt=\"\" width=\"500\" height=\"500\" \/><\/p>\n<h2 style=\"text-align: center;\" data-start=\"999\" data-end=\"1016\">\ud83e\udde9 Hur Man Anv\u00e4nder<\/h2>\n<ol data-start=\"1017\" data-end=\"1209\">\n<li data-start=\"1017\" data-end=\"1063\">\n<p data-start=\"1020\" data-end=\"1063\">F\u00e4st st\u00f6df\u00e4stet p\u00e5 korgen.<\/p>\n<\/li>\n<li data-start=\"1064\" data-end=\"1111\">\n<p data-start=\"1067\" data-end=\"1111\">H\u00e4ng den s\u00e4kert p\u00e5 diskb\u00e4nkens mittst\u00e5ng.<\/p>\n<\/li>\n<li data-start=\"1112\" data-end=\"1165\">\n<p data-start=\"1115\" data-end=\"1165\">Placera matrester, frukt eller gr\u00f6nsaker inuti.<\/p>\n<\/li>\n<li data-start=\"1166\" data-end=\"1209\">\n<p data-start=\"1169\" data-end=\"1209\">Ta bort och sk\u00f6lj korgen efter anv\u00e4ndning.<\/p>\n<\/li>\n<\/ol>\n<h2 style=\"text-align: center;\" data-start=\"1211\" data-end=\"1233\">\ud83d\udccf Produktdetaljer<\/h2>\n<ul data-start=\"1234\" data-end=\"1601\">\n<li data-start=\"1306\" data-end=\"1339\">\n<p data-start=\"1308\" data-end=\"1339\">Material: 304 rostfritt st\u00e5l<\/p>\n<\/li>\n<li data-start=\"1383\" data-end=\"1429\">\n<p data-start=\"1385\" data-end=\"1429\">Applikation: K\u00f6k, restaurang, hemmabruk<\/p>\n<\/li>\n<li data-start=\"1430\" data-end=\"1538\">\n<p data-start=\"1432\" data-end=\"1450\">Tillg\u00e4ngliga storlekar:<\/p>\n<ul data-start=\"1453\" data-end=\"1538\">\n<li data-start=\"1453\" data-end=\"1494\">\n<p data-start=\"1455\" data-end=\"1494\">Liten: 11,3 x 5,8 cm<\/p>\n<\/li>\n<li data-start=\"1497\" data-end=\"1538\">\n<p data-start=\"1499\" data-end=\"1538\">Stor: 13,3 x 6,5 cm<\/p>\n<\/li>\n<\/ul>\n<\/li>\n<li data-start=\"1539\" data-end=\"1601\">\n<p data-start=\"1541\" data-end=\"1601\">S\u00e4nkkompatibilitet: Passar mittst\u00e4nger upp till 4 cm breda<\/p>\n<\/li>\n<\/ul>\n<h2 style=\"text-align: center;\" data-start=\"1603\" data-end=\"1626\">\ud83d\udce6 Paketet inneh\u00e5ller<\/h2>\n<ul data-start=\"1627\" data-end=\"1685\" data-is-last-node=\"\" data-is-only-node=\"\">\n<li data-start=\"1627\" data-end=\"1663\">\n<p data-start=\"1629\" data-end=\"1663\">1x h\u00e4ngande silkorg f\u00f6r diskb\u00e4nk.<\/p>\n<\/li>\n<\/ul>\n","protected":false},"excerpt":{"rendered":"<p>H\u00e5ll Diskb\u00e4nken Ren Och Organiserad Samtidigt Som Matrester L\u00e4tt Rinner Bort.\ud83c\udf7d\ufe0f\u00a0 Denna multifunktionella h\u00e4ngande diskkorg f\u00e4sts direkt p\u00e5 diskb\u00e4nken f\u00f6r [&hellip;]<\/p>\n","protected":false},"featured_media":56663,"comment_status":"open","ping_status":"closed","template":"","meta":{"site-sidebar-layout":"default","site-content-layout":"","ast-site-content-layout":"default","site-content-style":"default","site-sidebar-style":"default","ast-global-header-display":"","ast-banner-title-visibility":"","ast-main-header-display":"","ast-hfb-above-header-display":"","ast-hfb-below-header-display":"","ast-hfb-mobile-header-display":"","site-post-title":"","ast-breadcrumbs-content":"","ast-featured-img":"","footer-sml-layout":"","theme-transparent-header-meta":"default","adv-header-id-meta":"","stick-header-meta":"","header-above-stick-meta":"","header-main-stick-meta":"","header-below-stick-meta":"","astra-migrate-meta-layouts":"set","ast-page-background-enabled":"default","ast-page-background-meta":{"desktop":{"background-color":"var(--ast-global-color-4)","background-image":"","background-repeat":"repeat","background-position":"center center","background-size":"auto","background-attachment":"scroll","background-type":"","background-media":"","overlay-type":"","overlay-color":"","overlay-opacity":"","overlay-gradient":""},"tablet":{"background-color":"","background-image":"","background-repeat":"repeat","background-position":"center center","background-size":"auto","background-attachment":"scroll","background-type":"","background-media":"","overlay-type":"","overlay-color":"","overlay-opacity":"","overlay-gradient":""},"mobile":{"background-color":"","background-image":"","background-repeat":"repeat","background-position":"center center","background-size":"auto","background-attachment":"scroll","background-type":"","background-media":"","overlay-type":"","overlay-color":"","overlay-opacity":"","overlay-gradient":""}},"ast-content-background-meta":{"desktop":{"background-color":"var(--ast-global-color-5)","background-image":"","background-repeat":"repeat","background-position":"center center","background-size":"auto","background-attachment":"scroll","background-type":"","background-media":"","overlay-type":"","overlay-color":"","overlay-opacity":"","overlay-gradient":""},"tablet":{"background-color":"var(--ast-global-color-5)","background-image":"","background-repeat":"repeat","background-position":"center center","background-size":"auto","background-attachment":"scroll","background-type":"","background-media":"","overlay-type":"","overlay-color":"","overlay-opacity":"","overlay-gradient":""},"mobile":{"background-color":"var(--ast-global-color-5)","background-image":"","background-repeat":"repeat","background-position":"center center","background-size":"auto","background-attachment":"scroll","background-type":"","background-media":"","overlay-type":"","overlay-color":"","overlay-opacity":"","overlay-gradient":""}}},"product_brand":[],"product_cat":[1001],"product_tag":[],"class_list":{"0":"post-56667","1":"product","2":"type-product","3":"status-publish","4":"has-post-thumbnail","6":"product_cat-household-goods","7":"pa_61986_n8k9vpyt-liten","8":"pa_61986_n8k9vpyt-stor","9":"desktop-align-left","10":"tablet-align-left","11":"mobile-align-left","13":"first","14":"instock","15":"shipping-taxable","16":"purchasable","17":"product-type-variable"},"_links":{"self":[{"href":"https:\/\/keluvo.com\/se\/wp-json\/wp\/v2\/product\/56667","targetHints":{"allow":["GET"]}}],"collection":[{"href":"https:\/\/keluvo.com\/se\/wp-json\/wp\/v2\/product"}],"about":[{"href":"https:\/\/keluvo.com\/se\/wp-json\/wp\/v2\/types\/product"}],"replies":[{"embeddable":true,"href":"https:\/\/keluvo.com\/se\/wp-json\/wp\/v2\/comments?post=56667"}],"wp:featuredmedia":[{"embeddable":true,"href":"https:\/\/keluvo.com\/se\/wp-json\/wp\/v2\/media\/56663"}],"wp:attachment":[{"href":"https:\/\/keluvo.com\/se\/wp-json\/wp\/v2\/media?parent=56667"}],"wp:term":[{"taxonomy":"product_brand","embeddable":true,"href":"https:\/\/keluvo.com\/se\/wp-json\/wp\/v2\/product_brand?post=56667"},{"taxonomy":"product_cat","embeddable":true,"href":"https:\/\/keluvo.com\/se\/wp-json\/wp\/v2\/product_cat?post=56667"},{"taxonomy":"product_tag","embeddable":true,"href":"https:\/\/keluvo.com\/se\/wp-json\/wp\/v2\/product_tag?post=56667"}],"curies":[{"name":"wp","href":"https:\/\/api.w.org\/{rel}","templated":true}]}}