{"id":56451,"date":"2025-12-22T08:18:47","date_gmt":"2025-12-22T06:18:47","guid":{"rendered":"https:\/\/keluvo.com\/se\/product\/anordning-for-stopp-av-skallande\/"},"modified":"2025-12-22T08:25:28","modified_gmt":"2025-12-22T06:25:28","slug":"anordning-for-stopp-av-skallande","status":"publish","type":"product","link":"https:\/\/keluvo.com\/se\/product\/anordning-for-stopp-av-skallande\/","title":{"rendered":"Anordning f\u00f6r stopp av sk\u00e4llande"},"content":{"rendered":"<p style=\"text-align: center\"><span style=\"font-size: 1.7em;font-weight: bold\">Pinsamt sk\u00e4llande?<\/span><\/p>\n<section id=\"shopify-section-template--26755758686535__d7112918-a6ed-4119-8565-5d4b7041284a\" class=\"shopify-section section\">\n<div class=\"isolate\">\n<div class=\"rich-text content-container color-background-1 gradient rich-text--full-width content-container--full-width section-template--26755758686535__d7112918-a6ed-4119-8565-5d4b7041284a-padding\">\n<div class=\"rich-text__wrapper rich-text__wrapper--center page-width\">\n<div class=\"rich-text__blocks center\">\n<p style=\"text-align: center\">Hunden drar, sk\u00e4ller och du k\u00e4nner grannarnas blickar. Vissa byter trottoar, andra himmel med sina \u00f6gon. Du f\u00f6rs\u00f6ker lugna ner dig, rycker i kopplet, kanske mumlar men inget hj\u00e4lper.<\/p>\n<p style=\"text-align: center\">T\u00e4nk om det faktiskt fanns ett enkelt s\u00e4tt att ta tillbaka kontrollen? \ud83d\udc3e<\/p>\n<p style=\"text-align: center\"><img fetchpriority=\"high\" decoding=\"async\" class=\"alignnone size-full wp-image-46576\" src=\"https:\/\/keluvo.com\/template\/wp-content\/uploads\/sites\/5\/2025\/12\/08152-ezgif.com-video-to-gif-converter.webp\" alt=\"\" width=\"600\" height=\"600\" \/><\/p>\n<h2 class=\"image-with-text__heading h2\" style=\"text-align: center\"><strong>Hur anordningen f\u00f6r att stoppa sk\u00e4llande fungerar<\/strong><\/h2>\n<div class=\"image-with-text__text rte body\">\n<p style=\"text-align: center\">Bark stop-enheten anv\u00e4nder s\u00e4ker ultraljudsteknik som effektivt bryter hundens sk\u00e4llande &#8211; utan obehag eller h\u00e5rda metoder. N\u00e4r hunden sk\u00e4ller trycker du bara p\u00e5 knappen i n\u00e5gra sekunder. Enheten s\u00e4nder ut ett h\u00f6gfrekvent ljud som bara hundar kan h\u00f6ra.<\/p>\n<p style=\"text-align: center\">Ljudet \u00e4r helt ofarligt, men tillr\u00e4ckligt st\u00f6rande f\u00f6r att hunden snabbt kopplar det till sitt sk\u00e4llande och slutar.<\/p>\n<p style=\"text-align: center\"><img decoding=\"async\" class=\"alignnone wp-image-46575\" src=\"https:\/\/keluvo.com\/template\/wp-content\/uploads\/sites\/5\/2025\/12\/Kopia_av_Kopia_av_Kopia_av_Kopia_av_Kopia_av_Kopia_av_Kopia_av_Kopia_av_Kopia_av_Kopia_av_Lagg_till_en_underrubrik.webp\" alt=\"\" width=\"594\" height=\"594\" \/><\/p>\n<h2 class=\"image-with-text__heading h2\" style=\"text-align: center\"><strong>Varf\u00f6r fungerar anordningen f\u00f6r att stoppa sk\u00e4llande?<\/strong><\/h2>\n<div class=\"image-with-text__text rte body\">\n<p style=\"text-align: center\">Hundars h\u00f6rsel \u00e4r betydligt k\u00e4nsligare \u00e4n m\u00e4nniskans. De kan uppfatta dubbelt s\u00e5 m\u00e5nga frekvenser som vi &#8211; vilket g\u00f6r att den h\u00e4r enheten kan skicka ut ett milt ultraljud som bara hunden h\u00f6r. Ljudet \u00e4r helt ofarligt men tillr\u00e4ckligt irriterande f\u00f6r att avbryta sk\u00e4llandet och skapa uppm\u00e4rksamhet. \ud83d\udc36<\/p>\n<p style=\"text-align: center\"><img decoding=\"async\" class=\"alignnone wp-image-46574\" src=\"https:\/\/keluvo.com\/template\/wp-content\/uploads\/sites\/5\/2025\/12\/Kopia_av_Kopia_av_Kopia_av_Kopia_av_Kopia_av_Kopia_av_Kopia_av_Kopia_av_Kopia_av_Kopia_av_Lagg_till_en_underrubrik_1_531bb2de-83cb-43ac-88e5-e5361611bac6.webp\" alt=\"\" width=\"582\" height=\"582\" \/><\/p>\n<h2 class=\"image-with-text__heading h2\" style=\"text-align: center\"><strong>Prova Riskfritt!<\/strong><\/h2>\n<div class=\"image-with-text__text rte body\" style=\"text-align: center\">\n<p style=\"text-align: center\">Om din hund fortfarande sk\u00e4ller konstant och du inte m\u00e4rker n\u00e5gon skillnad trots att du har anv\u00e4nt v\u00e5r enhet f\u00e5r du pengarna tillbaka.<\/p>\n<p><img loading=\"lazy\" decoding=\"async\" class=\"alignnone wp-image-46573 aligncenter\" src=\"https:\/\/keluvo.com\/template\/wp-content\/uploads\/sites\/5\/2025\/12\/s-l400-2.jpg\" alt=\"\" width=\"575\" height=\"575\" \/><\/p>\n<\/div>\n<\/div>\n<\/div>\n<\/div>\n<\/div>\n<\/div>\n<\/div>\n<p>&lt;\/section<\/p>\n<\/section>\n","protected":false},"excerpt":{"rendered":"<p>Pinsamt sk\u00e4llande? Hunden drar, sk\u00e4ller och du k\u00e4nner grannarnas blickar. Vissa byter trottoar, andra himmel med sina \u00f6gon. Du f\u00f6rs\u00f6ker [&hellip;]<\/p>\n","protected":false},"featured_media":56447,"comment_status":"open","ping_status":"closed","template":"","meta":{"site-sidebar-layout":"default","site-content-layout":"","ast-site-content-layout":"default","site-content-style":"default","site-sidebar-style":"default","ast-global-header-display":"","ast-banner-title-visibility":"","ast-main-header-display":"","ast-hfb-above-header-display":"","ast-hfb-below-header-display":"","ast-hfb-mobile-header-display":"","site-post-title":"","ast-breadcrumbs-content":"","ast-featured-img":"","footer-sml-layout":"","theme-transparent-header-meta":"default","adv-header-id-meta":"","stick-header-meta":"","header-above-stick-meta":"","header-main-stick-meta":"","header-below-stick-meta":"","astra-migrate-meta-layouts":"set","ast-page-background-enabled":"default","ast-page-background-meta":{"desktop":{"background-color":"var(--ast-global-color-4)","background-image":"","background-repeat":"repeat","background-position":"center center","background-size":"auto","background-attachment":"scroll","background-type":"","background-media":"","overlay-type":"","overlay-color":"","overlay-opacity":"","overlay-gradient":""},"tablet":{"background-color":"","background-image":"","background-repeat":"repeat","background-position":"center center","background-size":"auto","background-attachment":"scroll","background-type":"","background-media":"","overlay-type":"","overlay-color":"","overlay-opacity":"","overlay-gradient":""},"mobile":{"background-color":"","background-image":"","background-repeat":"repeat","background-position":"center center","background-size":"auto","background-attachment":"scroll","background-type":"","background-media":"","overlay-type":"","overlay-color":"","overlay-opacity":"","overlay-gradient":""}},"ast-content-background-meta":{"desktop":{"background-color":"var(--ast-global-color-5)","background-image":"","background-repeat":"repeat","background-position":"center center","background-size":"auto","background-attachment":"scroll","background-type":"","background-media":"","overlay-type":"","overlay-color":"","overlay-opacity":"","overlay-gradient":""},"tablet":{"background-color":"var(--ast-global-color-5)","background-image":"","background-repeat":"repeat","background-position":"center center","background-size":"auto","background-attachment":"scroll","background-type":"","background-media":"","overlay-type":"","overlay-color":"","overlay-opacity":"","overlay-gradient":""},"mobile":{"background-color":"var(--ast-global-color-5)","background-image":"","background-repeat":"repeat","background-position":"center center","background-size":"auto","background-attachment":"scroll","background-type":"","background-media":"","overlay-type":"","overlay-color":"","overlay-opacity":"","overlay-gradient":""}}},"product_brand":[],"product_cat":[15],"product_tag":[],"class_list":{"0":"post-56451","1":"product","2":"type-product","3":"status-publish","4":"has-post-thumbnail","6":"product_cat-uncategorized","7":"pa_68718_r3vm2uuj-1-st","8":"pa_68718_r3vm2uuj-2-st","9":"pa_68718_r3vm2uuj-3-st","10":"desktop-align-left","11":"tablet-align-left","12":"mobile-align-left","14":"first","15":"instock","16":"shipping-taxable","17":"purchasable","18":"product-type-variable"},"_links":{"self":[{"href":"https:\/\/keluvo.com\/se\/wp-json\/wp\/v2\/product\/56451","targetHints":{"allow":["GET"]}}],"collection":[{"href":"https:\/\/keluvo.com\/se\/wp-json\/wp\/v2\/product"}],"about":[{"href":"https:\/\/keluvo.com\/se\/wp-json\/wp\/v2\/types\/product"}],"replies":[{"embeddable":true,"href":"https:\/\/keluvo.com\/se\/wp-json\/wp\/v2\/comments?post=56451"}],"wp:featuredmedia":[{"embeddable":true,"href":"https:\/\/keluvo.com\/se\/wp-json\/wp\/v2\/media\/56447"}],"wp:attachment":[{"href":"https:\/\/keluvo.com\/se\/wp-json\/wp\/v2\/media?parent=56451"}],"wp:term":[{"taxonomy":"product_brand","embeddable":true,"href":"https:\/\/keluvo.com\/se\/wp-json\/wp\/v2\/product_brand?post=56451"},{"taxonomy":"product_cat","embeddable":true,"href":"https:\/\/keluvo.com\/se\/wp-json\/wp\/v2\/product_cat?post=56451"},{"taxonomy":"product_tag","embeddable":true,"href":"https:\/\/keluvo.com\/se\/wp-json\/wp\/v2\/product_tag?post=56451"}],"curies":[{"name":"wp","href":"https:\/\/api.w.org\/{rel}","templated":true}]}}