{"id":56007,"date":"2025-12-18T18:43:03","date_gmt":"2025-12-18T16:43:03","guid":{"rendered":"https:\/\/keluvo.com\/se\/product\/fallningsanordning-for-symaskin\/"},"modified":"2025-12-19T12:58:08","modified_gmt":"2025-12-19T10:58:08","slug":"fallningsanordning-for-symaskin","status":"publish","type":"product","link":"https:\/\/keluvo.com\/se\/product\/fallningsanordning-for-symaskin\/","title":{"rendered":"F\u00e5llningsanordning f\u00f6r symaskin"},"content":{"rendered":"<div class=\"flex flex-col text-sm pb-25\">\n<article class=\"text-token-text-primary w-full focus:outline-none [--shadow-height:45px] has-data-writing-block:pointer-events-none has-data-writing-block:-mt-(--shadow-height) has-data-writing-block:pt-(--shadow-height) [&amp;:has([data-writing-block])&gt;*]:pointer-events-auto scroll-mt-[calc(var(--header-height)+min(200px,max(70px,20svh)))]\" dir=\"auto\" data-turn-id=\"request-6936fe07-cfbc-8332-90bd-b8a479fabfb7-4\" data-testid=\"conversation-turn-108\" data-scroll-anchor=\"true\" data-turn=\"assistant\">\n<div class=\"text-base my-auto mx-auto pb-10 [--thread-content-margin:--spacing(4)] @w-sm\/main:[--thread-content-margin:--spacing(6)] @w-lg\/main:[--thread-content-margin:--spacing(16)] px-(--thread-content-margin)\">\n<div class=\"[--thread-content-max-width:40rem] @w-lg\/main:[--thread-content-max-width:48rem] mx-auto max-w-(--thread-content-max-width) flex-1 group\/turn-messages focus-visible:outline-hidden relative flex w-full min-w-0 flex-col agent-turn\">\n<div class=\"flex max-w-full flex-col grow\">\n<div class=\"min-h-8 text-message relative flex w-full flex-col items-end gap-2 text-start break-words whitespace-normal [.text-message+&amp;]:mt-1\" dir=\"auto\" data-message-author-role=\"assistant\" data-message-id=\"88768ba9-ed4b-4f5f-9d75-eeeb5f62c4b5\" data-message-model-slug=\"gpt-5-2\">\n<div class=\"flex w-full flex-col gap-1 empty:hidden first:pt-[1px]\">\n<div class=\"markdown prose dark:prose-invert w-full break-words light markdown-new-styling\">\n<p style=\"text-align: center;\" data-start=\"0\" data-end=\"73\"><strong data-start=\"0\" data-end=\"73\">Skapa Rena, Professionella F\u00e5llar Snabbt Och Enkelt Med Varje Stygn. \ud83e\uddf5<\/strong><\/p>\n<p style=\"text-align: center;\" data-start=\"75\" data-end=\"298\">Den h\u00e4r f\u00e5llningsanordningen f\u00f6r symaskiner hj\u00e4lper till att vika och sy tygkanter j\u00e4mnt f\u00f6r en snygg finish. Den styr tyget automatiskt, vilket sparar tid och anstr\u00e4ngning samtidigt som den ger konsekventa resultat f\u00f6r hem- eller platta symaskiner.<\/p>\n<p data-start=\"75\" data-end=\"298\"><img fetchpriority=\"high\" decoding=\"async\" class=\"size-full wp-image-45693 aligncenter\" src=\"https:\/\/keluvo.com\/template\/wp-content\/uploads\/sites\/5\/2025\/12\/10225-ezgif.com-video-to-webp-converter-5.webp\" alt=\"\" width=\"500\" height=\"500\" \/><\/p>\n<h2 style=\"text-align: center;\" data-start=\"300\" data-end=\"320\"><strong>\ud83e\uddf5 Huvudf\u00f6rdelar<\/strong><\/h2>\n<p data-start=\"323\" data-end=\"379\">\u2728 Snygga f\u00e5llar &#8211; skapar rena, j\u00e4mna kanter varje g\u00e5ng.<\/p>\n<p data-start=\"382\" data-end=\"459\">\ud83d\udd01 Dubbel &amp; fyrfaldig vikning &#8211; flexibla vikningsalternativ f\u00f6r olika projekt.<\/p>\n<p data-start=\"462\" data-end=\"521\">\u2699\ufe0f Smidig styrning &#8211; matar tyget j\u00e4mnt medan du syr.<\/p>\n<p data-start=\"524\" data-end=\"587\">\ud83e\uddf1 H\u00e5llbar legering &#8211; rostfri och byggd f\u00f6r l\u00e5ngvarig anv\u00e4ndning.<\/p>\n<p data-start=\"590\" data-end=\"654\">\ud83d\udcd0 Flera storlekar &#8211; v\u00e4lj den bredd som passar ditt tyg.<\/p>\n<p data-start=\"590\" data-end=\"654\"><img decoding=\"async\" class=\"size-full wp-image-45692 aligncenter\" src=\"https:\/\/keluvo.com\/template\/wp-content\/uploads\/sites\/5\/2025\/12\/10226-ezgif.com-video-to-webp-converter-5.webp\" alt=\"\" width=\"500\" height=\"500\" \/><\/p>\n<h2 style=\"text-align: center;\" data-start=\"656\" data-end=\"674\"><strong>\ud83d\udd79\ufe0f Anv\u00e4ndning<\/strong><\/h2>\n<ol data-start=\"675\" data-end=\"974\">\n<li data-start=\"675\" data-end=\"741\">\n<p data-start=\"678\" data-end=\"741\">V\u00e4lj r\u00e4tt inlopps- och slutbredd f\u00f6r ditt projekt.<\/p>\n<\/li>\n<li data-start=\"742\" data-end=\"813\">\n<p data-start=\"745\" data-end=\"813\">F\u00e4st p\u00e4rmen p\u00e5 symaskinen med de medf\u00f6ljande skruvarna.<\/p>\n<\/li>\n<li data-start=\"814\" data-end=\"860\">\n<p data-start=\"817\" data-end=\"860\">F\u00f6r in tyget i inlopps\u00f6ppningen.<\/p>\n<\/li>\n<li data-start=\"861\" data-end=\"924\">\n<p data-start=\"864\" data-end=\"924\">B\u00f6rja sy och l\u00e5t p\u00e4rmen vika och styra tyget.<\/p>\n<\/li>\n<li data-start=\"925\" data-end=\"974\">\n<p data-start=\"928\" data-end=\"974\">Forts\u00e4tt sy f\u00f6r en j\u00e4mn, f\u00e4rdig kant.<\/p>\n<\/li>\n<\/ol>\n<h2 style=\"text-align: center;\" data-start=\"976\" data-end=\"998\"><strong>\ud83d\udccf Produktdetaljer<\/strong><\/h2>\n<ul data-start=\"999\" data-end=\"1175\">\n<li data-start=\"999\" data-end=\"1018\">\n<p data-start=\"1001\" data-end=\"1018\">Material: Legering<\/p>\n<\/li>\n<li data-start=\"1019\" data-end=\"1036\">\n<p data-start=\"1021\" data-end=\"1036\">F\u00e4rg: Silver<\/p>\n<\/li>\n<li data-start=\"1037\" data-end=\"1070\">\n<p data-start=\"1039\" data-end=\"1070\">Alternativ f\u00f6r inloppsbredd: 22\u201340 mm<\/p>\n<\/li>\n<li data-start=\"1071\" data-end=\"1108\">\n<p data-start=\"1073\" data-end=\"1108\">Alternativ f\u00f6r f\u00e4rdig bredd: 5.5\u201312 mm<\/p>\n<\/li>\n<li data-start=\"1109\" data-end=\"1175\">\n<p data-start=\"1111\" data-end=\"1175\">Kompatibel med: Platta symaskiner och hemsymaskiner<\/p>\n<\/li>\n<\/ul>\n<h2 style=\"text-align: center;\" data-start=\"1177\" data-end=\"1200\"><strong>\ud83d\udce6 Paketet inneh\u00e5ller<\/strong><\/h2>\n<ul data-start=\"1201\" data-end=\"1264\" data-is-last-node=\"\" data-is-only-node=\"\">\n<li data-start=\"1201\" data-end=\"1238\">\n<p data-start=\"1203\" data-end=\"1238\">1x f\u00e5llningsanordning f\u00f6r symaskiner<\/p>\n<\/li>\n<li data-start=\"1239\" data-end=\"1264\" data-is-last-node=\"\">\n<p data-start=\"1241\" data-end=\"1264\" data-is-last-node=\"\">2x monteringsskruvar.<\/p>\n<\/li>\n<\/ul>\n<\/div>\n<\/div>\n<\/div>\n<\/div>\n<\/div>\n<\/div>\n<\/article>\n<\/div>\n","protected":false},"excerpt":{"rendered":"<p>Skapa Rena, Professionella F\u00e5llar Snabbt Och Enkelt Med Varje Stygn. \ud83e\uddf5 Den h\u00e4r f\u00e5llningsanordningen f\u00f6r symaskiner hj\u00e4lper till att vika [&hellip;]<\/p>\n","protected":false},"featured_media":56003,"comment_status":"open","ping_status":"closed","template":"","meta":{"site-sidebar-layout":"default","site-content-layout":"","ast-site-content-layout":"default","site-content-style":"default","site-sidebar-style":"default","ast-global-header-display":"","ast-banner-title-visibility":"","ast-main-header-display":"","ast-hfb-above-header-display":"","ast-hfb-below-header-display":"","ast-hfb-mobile-header-display":"","site-post-title":"","ast-breadcrumbs-content":"","ast-featured-img":"","footer-sml-layout":"","theme-transparent-header-meta":"default","adv-header-id-meta":"","stick-header-meta":"","header-above-stick-meta":"","header-main-stick-meta":"","header-below-stick-meta":"","astra-migrate-meta-layouts":"set","ast-page-background-enabled":"default","ast-page-background-meta":{"desktop":{"background-color":"var(--ast-global-color-4)","background-image":"","background-repeat":"repeat","background-position":"center center","background-size":"auto","background-attachment":"scroll","background-type":"","background-media":"","overlay-type":"","overlay-color":"","overlay-opacity":"","overlay-gradient":""},"tablet":{"background-color":"","background-image":"","background-repeat":"repeat","background-position":"center center","background-size":"auto","background-attachment":"scroll","background-type":"","background-media":"","overlay-type":"","overlay-color":"","overlay-opacity":"","overlay-gradient":""},"mobile":{"background-color":"","background-image":"","background-repeat":"repeat","background-position":"center center","background-size":"auto","background-attachment":"scroll","background-type":"","background-media":"","overlay-type":"","overlay-color":"","overlay-opacity":"","overlay-gradient":""}},"ast-content-background-meta":{"desktop":{"background-color":"var(--ast-global-color-5)","background-image":"","background-repeat":"repeat","background-position":"center center","background-size":"auto","background-attachment":"scroll","background-type":"","background-media":"","overlay-type":"","overlay-color":"","overlay-opacity":"","overlay-gradient":""},"tablet":{"background-color":"var(--ast-global-color-5)","background-image":"","background-repeat":"repeat","background-position":"center center","background-size":"auto","background-attachment":"scroll","background-type":"","background-media":"","overlay-type":"","overlay-color":"","overlay-opacity":"","overlay-gradient":""},"mobile":{"background-color":"var(--ast-global-color-5)","background-image":"","background-repeat":"repeat","background-position":"center center","background-size":"auto","background-attachment":"scroll","background-type":"","background-media":"","overlay-type":"","overlay-color":"","overlay-opacity":"","overlay-gradient":""}}},"product_brand":[],"product_cat":[1001,996],"product_tag":[],"class_list":{"0":"post-56007","1":"product","2":"type-product","3":"status-publish","4":"has-post-thumbnail","6":"product_cat-household-goods","7":"product_cat-tools","8":"pa_60027_x1g87rpj-22-mm","9":"pa_60027_x1g87rpj-24-mm","10":"pa_60027_x1g87rpj-26-mm","11":"pa_60027_x1g87rpj-28-mm","12":"pa_60027_x1g87rpj-30-mm","13":"pa_60027_x1g87rpj-32-mm","14":"pa_60027_x1g87rpj-34-mm","15":"pa_60027_x1g87rpj-36-mm","16":"pa_60027_x1g87rpj-38-mm","17":"pa_60027_x1g87rpj-40-mm","18":"desktop-align-left","19":"tablet-align-left","20":"mobile-align-left","22":"first","23":"instock","24":"shipping-taxable","25":"purchasable","26":"product-type-variable"},"_links":{"self":[{"href":"https:\/\/keluvo.com\/se\/wp-json\/wp\/v2\/product\/56007","targetHints":{"allow":["GET"]}}],"collection":[{"href":"https:\/\/keluvo.com\/se\/wp-json\/wp\/v2\/product"}],"about":[{"href":"https:\/\/keluvo.com\/se\/wp-json\/wp\/v2\/types\/product"}],"replies":[{"embeddable":true,"href":"https:\/\/keluvo.com\/se\/wp-json\/wp\/v2\/comments?post=56007"}],"wp:featuredmedia":[{"embeddable":true,"href":"https:\/\/keluvo.com\/se\/wp-json\/wp\/v2\/media\/56003"}],"wp:attachment":[{"href":"https:\/\/keluvo.com\/se\/wp-json\/wp\/v2\/media?parent=56007"}],"wp:term":[{"taxonomy":"product_brand","embeddable":true,"href":"https:\/\/keluvo.com\/se\/wp-json\/wp\/v2\/product_brand?post=56007"},{"taxonomy":"product_cat","embeddable":true,"href":"https:\/\/keluvo.com\/se\/wp-json\/wp\/v2\/product_cat?post=56007"},{"taxonomy":"product_tag","embeddable":true,"href":"https:\/\/keluvo.com\/se\/wp-json\/wp\/v2\/product_tag?post=56007"}],"curies":[{"name":"wp","href":"https:\/\/api.w.org\/{rel}","templated":true}]}}