{"id":55989,"date":"2025-12-18T18:40:20","date_gmt":"2025-12-18T16:40:20","guid":{"rendered":"https:\/\/keluvo.com\/se\/product\/90-graders-ratvinklig-klamma\/"},"modified":"2025-12-19T12:24:11","modified_gmt":"2025-12-19T10:24:11","slug":"90-graders-ratvinklig-klamma","status":"publish","type":"product","link":"https:\/\/keluvo.com\/se\/product\/90-graders-ratvinklig-klamma\/","title":{"rendered":"90-graders r\u00e4tvinklig kl\u00e4mma"},"content":{"rendered":"<p style=\"text-align: center;\" data-start=\"0\" data-end=\"67\"><strong data-start=\"0\" data-end=\"67\">H\u00e5ll h\u00f6rnen perfekt i 90\u00b0 f\u00f6r noggrann och stabil montering. \ud83d\udcd0\ud83d\udee0\ufe0f<\/strong><\/p>\n<p style=\"text-align: center;\" data-start=\"69\" data-end=\"286\">Detta 90-graders vinkelkl\u00e4mma hj\u00e4lper dig att rikta in och f\u00e4sta material i en exakt r\u00e4t vinkel f\u00f6r rena, professionella resultat. Den \u00e4r perfekt f\u00f6r tr\u00e4bearbetning, svetsning och g\u00f6r-det-sj\u00e4lv-projekt d\u00e4r noggrannhet och stabilitet \u00e4r viktigt. En p\u00e5litlig kl\u00e4mma som g\u00f6r vinkelskarvar snabbare, enklare och mer exakta i varje projekt.<\/p>\n<p data-start=\"69\" data-end=\"286\"><img fetchpriority=\"high\" decoding=\"async\" class=\"size-full wp-image-45535 aligncenter\" src=\"https:\/\/keluvo.com\/template\/wp-content\/uploads\/sites\/5\/2025\/12\/102212-ezgif.com-video-to-webp-converter-1-2.webp\" alt=\"\" width=\"500\" height=\"500\" \/><\/p>\n<h2 style=\"text-align: center;\" data-start=\"288\" data-end=\"308\"><strong>Huvudf\u00f6rdelar<\/strong><\/h2>\n<p data-start=\"311\" data-end=\"377\">\ud83d\udcd0 Perfekt 90\u00b0-justering &#8211; h\u00e5ller h\u00f6rnen vinkelr\u00e4ta och exakta.<\/p>\n<p data-start=\"380\" data-end=\"444\">\ud83d\udcaa Stark kl\u00e4mkraft &#8211; h\u00e5ller materialen stadigt p\u00e5 plats.<\/p>\n<p data-start=\"447\" data-end=\"525\">\ud83d\udee0\ufe0f M\u00e5ngsidig anv\u00e4ndning &#8211; perfekt f\u00f6r tr\u00e4bearbetning, svetsning, ramar och sk\u00e5p.<\/p>\n<p data-start=\"528\" data-end=\"601\">\ud83e\uddf1 H\u00e5llbar metallkonstruktion &#8211; robust aluminiumlegering f\u00f6r l\u00e5ngvarig anv\u00e4ndning.<\/p>\n<p data-start=\"604\" data-end=\"666\">\u2699\ufe0f Justerbart omr\u00e5de &#8211; kl\u00e4mmer fast material som \u00e4r upp till 70 mm tjocka.<\/p>\n<p data-start=\"669\" data-end=\"732\">\u270b Enkel hantering &#8211; l\u00e4ttviktsdesign minskar tr\u00f6tthet i h\u00e4nderna.<\/p>\n<p data-start=\"669\" data-end=\"732\"><img decoding=\"async\" class=\"size-full wp-image-45536 aligncenter\" src=\"https:\/\/keluvo.com\/template\/wp-content\/uploads\/sites\/5\/2025\/12\/102211-ezgif.com-video-to-webp-converter-1-2.webp\" alt=\"\" width=\"500\" height=\"500\" \/><\/p>\n<h2 style=\"text-align: center;\" data-start=\"734\" data-end=\"752\"><strong>Anv\u00e4ndning<\/strong><\/h2>\n<ol data-start=\"753\" data-end=\"980\">\n<li data-start=\"753\" data-end=\"804\">\n<p data-start=\"756\" data-end=\"804\">\u00d6ppna kl\u00e4mman genom att vrida p\u00e5 det g\u00e4ngade handtaget.<\/p>\n<\/li>\n<li data-start=\"805\" data-end=\"865\">\n<p data-start=\"808\" data-end=\"865\">Placera de tv\u00e5 arbetsstyckena i kl\u00e4mman i 90\u00b0 vinkel.<\/p>\n<\/li>\n<li data-start=\"866\" data-end=\"921\">\n<p data-start=\"869\" data-end=\"921\">Dra \u00e5t handtaget tills materialen sitter fast.<\/p>\n<\/li>\n<li data-start=\"922\" data-end=\"980\">\n<p data-start=\"925\" data-end=\"980\">Forts\u00e4tt med borrning, limning, svetsning eller fasts\u00e4ttning.<\/p>\n<\/li>\n<\/ol>\n<h2 style=\"text-align: center;\" data-start=\"982\" data-end=\"1004\"><strong>Produktdetaljer<\/strong><\/h2>\n<ul data-start=\"1005\" data-end=\"1240\">\n<li data-start=\"1051\" data-end=\"1079\">\n<p data-start=\"1053\" data-end=\"1079\">Material: aluminiumlegering<\/p>\n<\/li>\n<li data-start=\"1080\" data-end=\"1106\">\n<p data-start=\"1082\" data-end=\"1106\">Struktur: vinkelkl\u00e4mma<\/p>\n<\/li>\n<li data-start=\"1107\" data-end=\"1128\">\n<p data-start=\"1109\" data-end=\"1128\">Vinkel: 90 grader<\/p>\n<\/li>\n<li data-start=\"1129\" data-end=\"1159\">\n<p data-start=\"1131\" data-end=\"1159\">Maximalt kl\u00e4momr\u00e5de: 70 mm<\/p>\n<\/li>\n<li data-start=\"1160\" data-end=\"1212\">\n<p data-start=\"1162\" data-end=\"1212\">Anv\u00e4ndningsomr\u00e5de: tr\u00e4bearbetning, metallbearbetning, DIY-projekt<\/p>\n<\/li>\n<li data-start=\"1213\" data-end=\"1240\">\n<p data-start=\"1215\" data-end=\"1240\">Standard: standardstorlek<\/p>\n<\/li>\n<\/ul>\n<h2 style=\"text-align: center;\" data-start=\"1242\" data-end=\"1265\"><strong>Paketet inneh\u00e5ller<\/strong><\/h2>\n<ul data-start=\"1266\" data-end=\"1301\">\n<li data-start=\"1266\" data-end=\"1301\">\n<p data-start=\"1268\" data-end=\"1301\">1x 90-graders r\u00e4tvinklig kl\u00e4mma.<\/p>\n<\/li>\n<\/ul>\n","protected":false},"excerpt":{"rendered":"<p>H\u00e5ll h\u00f6rnen perfekt i 90\u00b0 f\u00f6r noggrann och stabil montering. \ud83d\udcd0\ud83d\udee0\ufe0f Detta 90-graders vinkelkl\u00e4mma hj\u00e4lper dig att rikta in och [&hellip;]<\/p>\n","protected":false},"featured_media":55985,"comment_status":"open","ping_status":"closed","template":"","meta":{"site-sidebar-layout":"default","site-content-layout":"","ast-site-content-layout":"default","site-content-style":"default","site-sidebar-style":"default","ast-global-header-display":"","ast-banner-title-visibility":"","ast-main-header-display":"","ast-hfb-above-header-display":"","ast-hfb-below-header-display":"","ast-hfb-mobile-header-display":"","site-post-title":"","ast-breadcrumbs-content":"","ast-featured-img":"","footer-sml-layout":"","theme-transparent-header-meta":"default","adv-header-id-meta":"","stick-header-meta":"","header-above-stick-meta":"","header-main-stick-meta":"","header-below-stick-meta":"","astra-migrate-meta-layouts":"set","ast-page-background-enabled":"default","ast-page-background-meta":{"desktop":{"background-color":"var(--ast-global-color-4)","background-image":"","background-repeat":"repeat","background-position":"center center","background-size":"auto","background-attachment":"scroll","background-type":"","background-media":"","overlay-type":"","overlay-color":"","overlay-opacity":"","overlay-gradient":""},"tablet":{"background-color":"","background-image":"","background-repeat":"repeat","background-position":"center center","background-size":"auto","background-attachment":"scroll","background-type":"","background-media":"","overlay-type":"","overlay-color":"","overlay-opacity":"","overlay-gradient":""},"mobile":{"background-color":"","background-image":"","background-repeat":"repeat","background-position":"center center","background-size":"auto","background-attachment":"scroll","background-type":"","background-media":"","overlay-type":"","overlay-color":"","overlay-opacity":"","overlay-gradient":""}},"ast-content-background-meta":{"desktop":{"background-color":"var(--ast-global-color-5)","background-image":"","background-repeat":"repeat","background-position":"center center","background-size":"auto","background-attachment":"scroll","background-type":"","background-media":"","overlay-type":"","overlay-color":"","overlay-opacity":"","overlay-gradient":""},"tablet":{"background-color":"var(--ast-global-color-5)","background-image":"","background-repeat":"repeat","background-position":"center center","background-size":"auto","background-attachment":"scroll","background-type":"","background-media":"","overlay-type":"","overlay-color":"","overlay-opacity":"","overlay-gradient":""},"mobile":{"background-color":"var(--ast-global-color-5)","background-image":"","background-repeat":"repeat","background-position":"center center","background-size":"auto","background-attachment":"scroll","background-type":"","background-media":"","overlay-type":"","overlay-color":"","overlay-opacity":"","overlay-gradient":""}}},"product_brand":[],"product_cat":[996],"product_tag":[],"class_list":{"0":"post-55989","1":"product","2":"type-product","3":"status-publish","4":"has-post-thumbnail","6":"product_cat-tools","7":"desktop-align-left","8":"tablet-align-left","9":"mobile-align-left","11":"first","12":"instock","13":"shipping-taxable","14":"purchasable","15":"product-type-simple"},"_links":{"self":[{"href":"https:\/\/keluvo.com\/se\/wp-json\/wp\/v2\/product\/55989","targetHints":{"allow":["GET"]}}],"collection":[{"href":"https:\/\/keluvo.com\/se\/wp-json\/wp\/v2\/product"}],"about":[{"href":"https:\/\/keluvo.com\/se\/wp-json\/wp\/v2\/types\/product"}],"replies":[{"embeddable":true,"href":"https:\/\/keluvo.com\/se\/wp-json\/wp\/v2\/comments?post=55989"}],"wp:featuredmedia":[{"embeddable":true,"href":"https:\/\/keluvo.com\/se\/wp-json\/wp\/v2\/media\/55985"}],"wp:attachment":[{"href":"https:\/\/keluvo.com\/se\/wp-json\/wp\/v2\/media?parent=55989"}],"wp:term":[{"taxonomy":"product_brand","embeddable":true,"href":"https:\/\/keluvo.com\/se\/wp-json\/wp\/v2\/product_brand?post=55989"},{"taxonomy":"product_cat","embeddable":true,"href":"https:\/\/keluvo.com\/se\/wp-json\/wp\/v2\/product_cat?post=55989"},{"taxonomy":"product_tag","embeddable":true,"href":"https:\/\/keluvo.com\/se\/wp-json\/wp\/v2\/product_tag?post=55989"}],"curies":[{"name":"wp","href":"https:\/\/api.w.org\/{rel}","templated":true}]}}