{"id":55968,"date":"2025-12-18T15:28:26","date_gmt":"2025-12-18T13:28:26","guid":{"rendered":"https:\/\/keluvo.com\/se\/product\/sele-for-promenader-med-baby\/"},"modified":"2025-12-22T18:14:05","modified_gmt":"2025-12-22T16:14:05","slug":"sele-for-promenader-med-baby","status":"publish","type":"product","link":"https:\/\/keluvo.com\/se\/product\/sele-for-promenader-med-baby\/","title":{"rendered":"Sele f\u00f6r promenader med baby"},"content":{"rendered":"<p style=\"text-align: center;\" data-start=\"0\" data-end=\"76\"><strong data-start=\"0\" data-end=\"76\">Hj\u00e4lper Ditt Barn Att L\u00e4ra Sig G\u00e5 S\u00e4kert Och Tryggt Utan Att Belasta Ryggen.<\/strong><span style=\"font-size: 16px; font-style: normal; font-weight: 400;\">\ud83d\udc76<\/span><\/p>\n<p style=\"text-align: center;\" data-start=\"78\" data-end=\"318\">Den h\u00e4r g\u00e5stolen \u00e4r en mjuk, justerbar g\u00e5sele som st\u00f6der ditt barn n\u00e4r det tar sina f\u00f6rsta steg. Den hj\u00e4lper till att f\u00f6rb\u00e4ttra balansen och sj\u00e4lvf\u00f6rtroendet samtidigt som den h\u00e5ller ditt barn s\u00e4kert och ger f\u00f6r\u00e4ldrarna b\u00e4ttre kontroll utan att b\u00f6ja eller dra. Denna g\u00e5sele \u00e4r utformad f\u00f6r barn i \u00e5ldern 8-18 m\u00e5nader och ger ett mjukt st\u00f6d f\u00f6r barnets br\u00f6stkorg och kropp samtidigt som den till\u00e5ter naturlig r\u00f6relse. Det andningsbara materialet h\u00e5ller ditt barn bekv\u00e4mt under alla \u00e5rstider, medan de justerbara remmarna v\u00e4xer med ditt barn.<\/p>\n<p data-start=\"78\" data-end=\"318\"><img fetchpriority=\"high\" decoding=\"async\" class=\"size-full wp-image-46295 aligncenter\" src=\"https:\/\/keluvo.com\/template\/wp-content\/uploads\/sites\/5\/2025\/12\/102215-ezgif.com-video-to-webp-converter-3.webp\" alt=\"\" width=\"500\" height=\"889\" \/><\/p>\n<h2 style=\"text-align: center;\" data-start=\"610\" data-end=\"630\">\ud83c\udf1f Huvudsakliga f\u00f6rdelar<\/h2>\n<p data-start=\"633\" data-end=\"685\">\ud83d\udee1\ufe0f S\u00e4kert g\u00e5ngst\u00f6d &#8211; Hj\u00e4lper till att f\u00f6rhindra fall.<\/p>\n<p data-start=\"688\" data-end=\"750\">\ud83d\udcaa \u00d6kar barnets sj\u00e4lvf\u00f6rtroende &#8211; Uppmuntrar till sj\u00e4lvst\u00e4ndiga steg.<\/p>\n<p data-start=\"753\" data-end=\"817\">\ud83c\udf2c\ufe0f Andningsbart &amp; mjukt material &#8211; Bekv\u00e4mt f\u00f6r daglig anv\u00e4ndning.<\/p>\n<p data-start=\"820\" data-end=\"886\">\ud83d\udd27 Fullt justerbar passform &#8211; Anpassar sig till barnets storlek och kl\u00e4der.<\/p>\n<p data-start=\"889\" data-end=\"949\">\ud83e\uddcd Ryggv\u00e4nlig f\u00f6r f\u00f6r\u00e4ldrar &#8211; Inga b\u00f6jningar eller ryggsm\u00e4rtor.<\/p>\n<p data-start=\"952\" data-end=\"1004\">\ud83c\udf1e Anv\u00e4ndning \u00e5ret runt &#8211; Idealisk \u00e4ven i varmt v\u00e4der.<\/p>\n<p data-start=\"952\" data-end=\"1004\"><img decoding=\"async\" class=\"size-full wp-image-46299 aligncenter\" src=\"https:\/\/keluvo.com\/template\/wp-content\/uploads\/sites\/5\/2025\/12\/102214-ezgif.com-video-to-webp-converter-4.webp\" alt=\"\" width=\"500\" height=\"889\" \/><\/p>\n<h2 style=\"text-align: center;\" data-start=\"1006\" data-end=\"1023\">\u25b6\ufe0f Hur Man Anv\u00e4nder<\/h2>\n<ol data-start=\"1024\" data-end=\"1215\">\n<li data-start=\"1024\" data-end=\"1072\">\n<p data-start=\"1027\" data-end=\"1072\">S\u00e4tt selen runt ditt barns br\u00f6st.<\/p>\n<\/li>\n<li data-start=\"1073\" data-end=\"1126\">\n<p data-start=\"1076\" data-end=\"1126\">Justera remmarna s\u00e5 att de sitter t\u00e4tt och bekv\u00e4mt.<\/p>\n<\/li>\n<li data-start=\"1127\" data-end=\"1162\">\n<p data-start=\"1130\" data-end=\"1162\">H\u00e5ll handtagsremmarna stadigt.<\/p>\n<\/li>\n<li data-start=\"1163\" data-end=\"1215\">\n<p data-start=\"1166\" data-end=\"1215\">Guida ditt barn n\u00e4r det g\u00e5r i sin egen takt.<\/p>\n<\/li>\n<\/ol>\n<h2 style=\"text-align: center;\" data-start=\"1217\" data-end=\"1239\">\ud83d\udccf Produktdetaljer<\/h2>\n<ul data-start=\"1240\" data-end=\"1508\">\n<li data-start=\"1279\" data-end=\"1330\">\n<p data-start=\"1281\" data-end=\"1330\">Material: Oxford tyg + svamp f\u00e5gel\u00f6gon mesh<\/p>\n<\/li>\n<li data-start=\"1351\" data-end=\"1377\">\n<p data-start=\"1353\" data-end=\"1377\">Storlek: 68 cm<\/p>\n<\/li>\n<li data-start=\"1378\" data-end=\"1428\">\n<p data-start=\"1380\" data-end=\"1428\">Br\u00f6stomf\u00e5ng: 40-60 cm<\/p>\n<\/li>\n<li data-start=\"1429\" data-end=\"1458\">\n<p data-start=\"1431\" data-end=\"1458\">L\u00e4mplig \u00e5lder: 8-18 m\u00e5nader<\/p>\n<\/li>\n<li data-start=\"1459\" data-end=\"1482\">\n<p data-start=\"1461\" data-end=\"1482\">Maximal belastning: 30 kg<\/p>\n<\/li>\n<li data-start=\"1483\" data-end=\"1508\">\n<p data-start=\"1485\" data-end=\"1508\">Vikt: Ca. 100 g<\/p>\n<\/li>\n<\/ul>\n<h2 style=\"text-align: center;\" data-start=\"1510\" data-end=\"1533\">\ud83d\udce6 Paketet inneh\u00e5ller<\/h2>\n<ul data-start=\"1534\" data-end=\"1560\" data-is-last-node=\"\" data-is-only-node=\"\">\n<li data-start=\"1534\" data-end=\"1560\" data-is-last-node=\"\">\n<p data-start=\"1536\" data-end=\"1560\" data-is-last-node=\"\">1x g\u00e5sele f\u00f6r barn.<\/p>\n<\/li>\n<\/ul>\n","protected":false},"excerpt":{"rendered":"<p>Hj\u00e4lper Ditt Barn Att L\u00e4ra Sig G\u00e5 S\u00e4kert Och Tryggt Utan Att Belasta Ryggen.\ud83d\udc76 Den h\u00e4r g\u00e5stolen \u00e4r en mjuk, [&hellip;]<\/p>\n","protected":false},"featured_media":55964,"comment_status":"open","ping_status":"closed","template":"","meta":{"site-sidebar-layout":"default","site-content-layout":"","ast-site-content-layout":"default","site-content-style":"default","site-sidebar-style":"default","ast-global-header-display":"","ast-banner-title-visibility":"","ast-main-header-display":"","ast-hfb-above-header-display":"","ast-hfb-below-header-display":"","ast-hfb-mobile-header-display":"","site-post-title":"","ast-breadcrumbs-content":"","ast-featured-img":"","footer-sml-layout":"","theme-transparent-header-meta":"default","adv-header-id-meta":"","stick-header-meta":"","header-above-stick-meta":"","header-main-stick-meta":"","header-below-stick-meta":"","astra-migrate-meta-layouts":"set","ast-page-background-enabled":"default","ast-page-background-meta":{"desktop":{"background-color":"var(--ast-global-color-4)","background-image":"","background-repeat":"repeat","background-position":"center center","background-size":"auto","background-attachment":"scroll","background-type":"","background-media":"","overlay-type":"","overlay-color":"","overlay-opacity":"","overlay-gradient":""},"tablet":{"background-color":"","background-image":"","background-repeat":"repeat","background-position":"center center","background-size":"auto","background-attachment":"scroll","background-type":"","background-media":"","overlay-type":"","overlay-color":"","overlay-opacity":"","overlay-gradient":""},"mobile":{"background-color":"","background-image":"","background-repeat":"repeat","background-position":"center center","background-size":"auto","background-attachment":"scroll","background-type":"","background-media":"","overlay-type":"","overlay-color":"","overlay-opacity":"","overlay-gradient":""}},"ast-content-background-meta":{"desktop":{"background-color":"var(--ast-global-color-5)","background-image":"","background-repeat":"repeat","background-position":"center center","background-size":"auto","background-attachment":"scroll","background-type":"","background-media":"","overlay-type":"","overlay-color":"","overlay-opacity":"","overlay-gradient":""},"tablet":{"background-color":"var(--ast-global-color-5)","background-image":"","background-repeat":"repeat","background-position":"center center","background-size":"auto","background-attachment":"scroll","background-type":"","background-media":"","overlay-type":"","overlay-color":"","overlay-opacity":"","overlay-gradient":""},"mobile":{"background-color":"var(--ast-global-color-5)","background-image":"","background-repeat":"repeat","background-position":"center center","background-size":"auto","background-attachment":"scroll","background-type":"","background-media":"","overlay-type":"","overlay-color":"","overlay-opacity":"","overlay-gradient":""}}},"product_brand":[],"product_cat":[990],"product_tag":[],"class_list":{"0":"post-55968","1":"product","2":"type-product","3":"status-publish","4":"has-post-thumbnail","6":"product_cat-toys-childrens-and-baby-products","7":"desktop-align-left","8":"tablet-align-left","9":"mobile-align-left","11":"first","12":"instock","13":"shipping-taxable","14":"purchasable","15":"product-type-simple"},"_links":{"self":[{"href":"https:\/\/keluvo.com\/se\/wp-json\/wp\/v2\/product\/55968","targetHints":{"allow":["GET"]}}],"collection":[{"href":"https:\/\/keluvo.com\/se\/wp-json\/wp\/v2\/product"}],"about":[{"href":"https:\/\/keluvo.com\/se\/wp-json\/wp\/v2\/types\/product"}],"replies":[{"embeddable":true,"href":"https:\/\/keluvo.com\/se\/wp-json\/wp\/v2\/comments?post=55968"}],"wp:featuredmedia":[{"embeddable":true,"href":"https:\/\/keluvo.com\/se\/wp-json\/wp\/v2\/media\/55964"}],"wp:attachment":[{"href":"https:\/\/keluvo.com\/se\/wp-json\/wp\/v2\/media?parent=55968"}],"wp:term":[{"taxonomy":"product_brand","embeddable":true,"href":"https:\/\/keluvo.com\/se\/wp-json\/wp\/v2\/product_brand?post=55968"},{"taxonomy":"product_cat","embeddable":true,"href":"https:\/\/keluvo.com\/se\/wp-json\/wp\/v2\/product_cat?post=55968"},{"taxonomy":"product_tag","embeddable":true,"href":"https:\/\/keluvo.com\/se\/wp-json\/wp\/v2\/product_tag?post=55968"}],"curies":[{"name":"wp","href":"https:\/\/api.w.org\/{rel}","templated":true}]}}