{"id":55957,"date":"2025-12-18T15:27:25","date_gmt":"2025-12-18T13:27:25","guid":{"rendered":"https:\/\/keluvo.com\/se\/product\/torkare-med-mikromolekylar-antireflexbelaggning\/"},"modified":"2025-12-22T18:14:02","modified_gmt":"2025-12-22T16:14:02","slug":"torkare-med-mikromolekylar-antireflexbelaggning","status":"publish","type":"product","link":"https:\/\/keluvo.com\/se\/product\/torkare-med-mikromolekylar-antireflexbelaggning\/","title":{"rendered":"Torkare med mikromolekyl\u00e4r antireflexbel\u00e4ggning"},"content":{"rendered":"<p style=\"text-align: center;\" data-start=\"0\" data-end=\"73\"><strong data-start=\"0\" data-end=\"73\">H\u00e5ll Glaset Klart Och Fritt Fr\u00e5n Imma F\u00f6r S\u00e4krare Och Stressfri Sikt. \ud83d\ude97<\/strong><\/p>\n<p style=\"text-align: center;\" data-start=\"75\" data-end=\"316\">Den h\u00e4r mikromolekyl\u00e4ra torkaren med antidimbel\u00e4ggning skapar ett transparent skyddsskikt som f\u00f6rhindrar uppbyggnad av imma p\u00e5 glasytor. Det f\u00f6rb\u00e4ttrar sikten i regn, kyla och fuktiga f\u00f6rh\u00e5llanden, vilket hj\u00e4lper dig att k\u00f6ra och leva s\u00e4krare och bekv\u00e4mare. Detta antidimmedel verkar omedelbart f\u00f6r att stoppa kondens innan den bildas. Det \u00e4r l\u00e4tt att applicera, l\u00e4mnar inga r\u00e4nder och h\u00e5ller glaset klart l\u00e4ngre, oavsett om det anv\u00e4nds i bilen eller hemma.<\/p>\n<p data-start=\"75\" data-end=\"316\"><img fetchpriority=\"high\" decoding=\"async\" class=\"size-full wp-image-46283 aligncenter\" src=\"https:\/\/keluvo.com\/template\/wp-content\/uploads\/sites\/5\/2025\/12\/102212-ezgif.com-video-to-webp-converter-5.webp\" alt=\"\" width=\"500\" height=\"889\" \/><\/p>\n<h2 style=\"text-align: center;\" data-start=\"541\" data-end=\"561\">\ud83c\udf1f Huvudf\u00f6rdelar<\/h2>\n<p data-start=\"564\" data-end=\"625\">\ud83d\udc40 Antiimbildning &#8211; F\u00f6rhindrar imma och kondens.<\/p>\n<p data-start=\"628\" data-end=\"691\">\ud83d\ude98 F\u00f6rb\u00e4ttrar k\u00f6rs\u00e4kerheten &#8211; Klar vindruta och speglar.<\/p>\n<p data-start=\"694\" data-end=\"746\">\ud83e\uddfc R\u00e4nderfri finish &#8211; Inga rester kvar.<\/p>\n<p data-start=\"749\" data-end=\"810\">\ud83c\udf27\ufe0f Allv\u00e4dersanv\u00e4ndning &#8211; Fungerar i kyla, regn och fukt.<\/p>\n<p data-start=\"813\" data-end=\"873\">\ud83e\ude9f Brett anv\u00e4ndningsomr\u00e5de &#8211; L\u00e4mpar sig f\u00f6r m\u00e5nga glasytor.<\/p>\n<p data-start=\"876\" data-end=\"920\">\u26a1 Snabb och enkel anv\u00e4ndning &#8211; Inga verktyg beh\u00f6vs.<\/p>\n<p data-start=\"876\" data-end=\"920\"><img decoding=\"async\" class=\"size-full wp-image-46281 aligncenter\" src=\"https:\/\/keluvo.com\/template\/wp-content\/uploads\/sites\/5\/2025\/12\/1-2-2.jpg\" alt=\"\" width=\"1080\" height=\"1080\" \/><\/p>\n<h2 style=\"text-align: center;\" data-start=\"922\" data-end=\"939\">\u25b6\ufe0f Hur Man Anv\u00e4nder<\/h2>\n<ol data-start=\"940\" data-end=\"1093\">\n<li data-start=\"940\" data-end=\"977\">\n<p data-start=\"943\" data-end=\"977\">Reng\u00f6r och torka glasytan.<\/p>\n<\/li>\n<li data-start=\"978\" data-end=\"1028\">\n<p data-start=\"981\" data-end=\"1028\">Applicera antidimmedlet j\u00e4mnt p\u00e5 glaset.<\/p>\n<\/li>\n<li data-start=\"1029\" data-end=\"1058\">\n<p data-start=\"1032\" data-end=\"1058\">Torka f\u00f6rsiktigt tills det \u00e4r klart.<\/p>\n<\/li>\n<li data-start=\"1059\" data-end=\"1093\">\n<p data-start=\"1062\" data-end=\"1093\">Njut av dimfri, klar sikt.<\/p>\n<\/li>\n<\/ol>\n<h2 style=\"text-align: center;\" data-start=\"1095\" data-end=\"1117\">\ud83d\udccf Produktdetaljer<\/h2>\n<ul data-start=\"1118\" data-end=\"1330\">\n<li data-start=\"1174\" data-end=\"1219\">\n<p data-start=\"1176\" data-end=\"1219\">Funktion: Anti-dimma och klar glasvision<\/p>\n<\/li>\n<li data-start=\"1220\" data-end=\"1239\">\n<p data-start=\"1222\" data-end=\"1239\">Kapacitet: 70 ml<\/p>\n<\/li>\n<li data-start=\"1240\" data-end=\"1263\">\n<p data-start=\"1242\" data-end=\"1263\">H\u00e5llbarhet: 3 \u00e5r<\/p>\n<\/li>\n<li data-start=\"1264\" data-end=\"1330\">\n<p data-start=\"1266\" data-end=\"1330\">L\u00e4mpliga ytor: Vindrutor, f\u00f6nster, speglar, duschglas<\/p>\n<\/li>\n<\/ul>\n<h2 style=\"text-align: center;\" data-start=\"1332\" data-end=\"1355\">\ud83d\udce6 F\u00f6rpackningen inneh\u00e5ller<\/h2>\n<ul data-start=\"1356\" data-end=\"1458\" data-is-last-node=\"\" data-is-only-node=\"\">\n<li data-start=\"1356\" data-end=\"1395\">\n<p data-start=\"1358\" data-end=\"1395\">1x mikromolekyl\u00e4r torkare med anti-dimma bel\u00e4ggning.<\/p>\n<\/li>\n<\/ul>\n","protected":false},"excerpt":{"rendered":"<p>H\u00e5ll Glaset Klart Och Fritt Fr\u00e5n Imma F\u00f6r S\u00e4krare Och Stressfri Sikt. \ud83d\ude97 Den h\u00e4r mikromolekyl\u00e4ra torkaren med antidimbel\u00e4ggning skapar [&hellip;]<\/p>\n","protected":false},"featured_media":55953,"comment_status":"open","ping_status":"closed","template":"","meta":{"site-sidebar-layout":"default","site-content-layout":"","ast-site-content-layout":"default","site-content-style":"default","site-sidebar-style":"default","ast-global-header-display":"","ast-banner-title-visibility":"","ast-main-header-display":"","ast-hfb-above-header-display":"","ast-hfb-below-header-display":"","ast-hfb-mobile-header-display":"","site-post-title":"","ast-breadcrumbs-content":"","ast-featured-img":"","footer-sml-layout":"","theme-transparent-header-meta":"default","adv-header-id-meta":"","stick-header-meta":"","header-above-stick-meta":"","header-main-stick-meta":"","header-below-stick-meta":"","astra-migrate-meta-layouts":"set","ast-page-background-enabled":"default","ast-page-background-meta":{"desktop":{"background-color":"var(--ast-global-color-4)","background-image":"","background-repeat":"repeat","background-position":"center center","background-size":"auto","background-attachment":"scroll","background-type":"","background-media":"","overlay-type":"","overlay-color":"","overlay-opacity":"","overlay-gradient":""},"tablet":{"background-color":"","background-image":"","background-repeat":"repeat","background-position":"center center","background-size":"auto","background-attachment":"scroll","background-type":"","background-media":"","overlay-type":"","overlay-color":"","overlay-opacity":"","overlay-gradient":""},"mobile":{"background-color":"","background-image":"","background-repeat":"repeat","background-position":"center center","background-size":"auto","background-attachment":"scroll","background-type":"","background-media":"","overlay-type":"","overlay-color":"","overlay-opacity":"","overlay-gradient":""}},"ast-content-background-meta":{"desktop":{"background-color":"var(--ast-global-color-5)","background-image":"","background-repeat":"repeat","background-position":"center center","background-size":"auto","background-attachment":"scroll","background-type":"","background-media":"","overlay-type":"","overlay-color":"","overlay-opacity":"","overlay-gradient":""},"tablet":{"background-color":"var(--ast-global-color-5)","background-image":"","background-repeat":"repeat","background-position":"center center","background-size":"auto","background-attachment":"scroll","background-type":"","background-media":"","overlay-type":"","overlay-color":"","overlay-opacity":"","overlay-gradient":""},"mobile":{"background-color":"var(--ast-global-color-5)","background-image":"","background-repeat":"repeat","background-position":"center center","background-size":"auto","background-attachment":"scroll","background-type":"","background-media":"","overlay-type":"","overlay-color":"","overlay-opacity":"","overlay-gradient":""}}},"product_brand":[],"product_cat":[998],"product_tag":[],"class_list":{"0":"post-55957","1":"product","2":"type-product","3":"status-publish","4":"has-post-thumbnail","6":"product_cat-automotive-products","7":"desktop-align-left","8":"tablet-align-left","9":"mobile-align-left","11":"first","12":"instock","13":"shipping-taxable","14":"purchasable","15":"product-type-simple"},"_links":{"self":[{"href":"https:\/\/keluvo.com\/se\/wp-json\/wp\/v2\/product\/55957","targetHints":{"allow":["GET"]}}],"collection":[{"href":"https:\/\/keluvo.com\/se\/wp-json\/wp\/v2\/product"}],"about":[{"href":"https:\/\/keluvo.com\/se\/wp-json\/wp\/v2\/types\/product"}],"replies":[{"embeddable":true,"href":"https:\/\/keluvo.com\/se\/wp-json\/wp\/v2\/comments?post=55957"}],"wp:featuredmedia":[{"embeddable":true,"href":"https:\/\/keluvo.com\/se\/wp-json\/wp\/v2\/media\/55953"}],"wp:attachment":[{"href":"https:\/\/keluvo.com\/se\/wp-json\/wp\/v2\/media?parent=55957"}],"wp:term":[{"taxonomy":"product_brand","embeddable":true,"href":"https:\/\/keluvo.com\/se\/wp-json\/wp\/v2\/product_brand?post=55957"},{"taxonomy":"product_cat","embeddable":true,"href":"https:\/\/keluvo.com\/se\/wp-json\/wp\/v2\/product_cat?post=55957"},{"taxonomy":"product_tag","embeddable":true,"href":"https:\/\/keluvo.com\/se\/wp-json\/wp\/v2\/product_tag?post=55957"}],"curies":[{"name":"wp","href":"https:\/\/api.w.org\/{rel}","templated":true}]}}