{"id":55908,"date":"2025-12-18T15:24:56","date_gmt":"2025-12-18T13:24:56","guid":{"rendered":"https:\/\/keluvo.com\/se\/product\/spiralformad-multihangare\/"},"modified":"2025-12-19T15:20:05","modified_gmt":"2025-12-19T13:20:05","slug":"spiralformad-multihangare","status":"publish","type":"product","link":"https:\/\/keluvo.com\/se\/product\/spiralformad-multihangare\/","title":{"rendered":"Spiralformad multih\u00e4ngare"},"content":{"rendered":"<p style=\"text-align: center;\" data-start=\"0\" data-end=\"59\"><strong data-start=\"0\" data-end=\"59\">Torka Fler Kl\u00e4der Och T\u00e4cken P\u00e5 En G\u00e5ng Samtidigt Som Du Sparar Utrymme.<\/strong><span style=\"font-size: 16px; font-style: normal; font-weight: 400;\">\ud83e\uddfa\u00a0<\/span><\/p>\n<p style=\"text-align: center;\" data-start=\"61\" data-end=\"286\">Denna spiralformade multih\u00e4ngare \u00e4r en smart torkningsl\u00f6sning som l\u00e5ter dig h\u00e4nga flera f\u00f6rem\u00e5l p\u00e5 en kompakt h\u00e4ngare. Dess spiraldesign \u00f6kar torkutrymmet samtidigt som kl\u00e4der och t\u00e4cken h\u00e5lls s\u00e4kra och v\u00e4l f\u00f6rdelade f\u00f6r snabbare luftfl\u00f6de. Den h\u00e4r h\u00e4ngaren \u00e4r tillverkad av starkt rostfritt st\u00e5l och st\u00f6der enkelt stora t\u00e4cken och flera plagg utan att b\u00f6jas. De halkfria stavarna och det stabila vridbara st\u00f6det h\u00e5ller plaggen p\u00e5 plats, vilket g\u00f6r den perfekt f\u00f6r torkning inomhus eller utomhus.<\/p>\n<p data-start=\"61\" data-end=\"286\"><img fetchpriority=\"high\" decoding=\"async\" class=\"size-full wp-image-46259 aligncenter\" src=\"https:\/\/keluvo.com\/template\/wp-content\/uploads\/sites\/5\/2025\/12\/102211-ezgif.com-video-to-webp-converter-4.webp\" alt=\"\" width=\"500\" height=\"889\" \/><\/p>\n<h2 style=\"text-align: center;\" data-start=\"562\" data-end=\"582\"><strong>Huvudf\u00f6rdelar<\/strong><\/h2>\n<p data-start=\"585\" data-end=\"653\">\ud83c\udf00 Spiralformad utrymmesbesparande design \u2013 torkar fler plagg p\u00e5 mindre utrymme.<\/p>\n<p data-start=\"656\" data-end=\"719\">\ud83d\udcaa Stark lastkapacitet \u2013 h\u00e5ller t\u00e4cken och tunga kl\u00e4der.<\/p>\n<p data-start=\"722\" data-end=\"780\">\ud83d\udeab Halkfria stavar \u2013 f\u00f6rhindrar att kl\u00e4der glider av.<\/p>\n<p data-start=\"783\" data-end=\"838\">\ud83d\udd04 360\u00b0 vridbart st\u00f6d \u2013 stabilt och enkelt att f\u00f6rvara.<\/p>\n<p data-start=\"841\" data-end=\"909\">\ud83c\udf27\ufe0f Rostbest\u00e4ndigt st\u00e5l \u2013 L\u00e4mpligt f\u00f6r inomhus- och utomhusbruk.<\/p>\n<p data-start=\"912\" data-end=\"978\">\ud83e\udde5 Torkning av flera plagg \u2013 Torka flera kl\u00e4der eller t\u00e4cken samtidigt.<\/p>\n<p data-start=\"912\" data-end=\"978\"><img decoding=\"async\" class=\"size-full wp-image-46260 aligncenter\" src=\"https:\/\/keluvo.com\/template\/wp-content\/uploads\/sites\/5\/2025\/12\/102210-ezgif.com-video-to-webp-converter-5.webp\" alt=\"\" width=\"500\" height=\"889\" \/><\/p>\n<h2 style=\"text-align: center;\" data-start=\"980\" data-end=\"997\"><strong>Hur Man Anv\u00e4nder<\/strong><\/h2>\n<ol data-start=\"998\" data-end=\"1226\">\n<li data-start=\"998\" data-end=\"1057\">\n<p data-start=\"1001\" data-end=\"1057\">H\u00e4ng spiralh\u00e4ngaren p\u00e5 en krok, st\u00e5ng eller torklinje.<\/p>\n<\/li>\n<li data-start=\"1058\" data-end=\"1116\">\n<p data-start=\"1061\" data-end=\"1116\">Placera kl\u00e4der eller t\u00e4cken j\u00e4mnt l\u00e4ngs spiralstavarna.<\/p>\n<\/li>\n<li data-start=\"1117\" data-end=\"1174\">\n<p data-start=\"1120\" data-end=\"1174\">Justera avst\u00e5ndet f\u00f6r b\u00e4ttre luftfl\u00f6de och snabbare torkning.<\/p>\n<\/li>\n<li data-start=\"1175\" data-end=\"1226\">\n<p data-start=\"1178\" data-end=\"1226\">Efter anv\u00e4ndning, vik eller f\u00f6rvara enkelt f\u00f6r att spara utrymme.<\/p>\n<\/li>\n<\/ol>\n<h2 style=\"text-align: center;\" data-start=\"1228\" data-end=\"1250\"><strong>Produktdetaljer<\/strong><\/h2>\n<ul data-start=\"1251\" data-end=\"1446\">\n<li data-start=\"1289\" data-end=\"1318\">\n<p data-start=\"1291\" data-end=\"1318\">Material: Rostfritt st\u00e5l<\/p>\n<\/li>\n<li data-start=\"1319\" data-end=\"1345\">\n<p data-start=\"1321\" data-end=\"1345\">Storlek: 40 cm<\/p>\n<\/li>\n<li data-start=\"1366\" data-end=\"1411\">\n<p data-start=\"1368\" data-end=\"1411\">Design: Spiral med breda halkfria stavar<\/p>\n<\/li>\n<li data-start=\"1412\" data-end=\"1446\">\n<p data-start=\"1414\" data-end=\"1446\">Anv\u00e4ndning: Inomhus- och utomhustorkning<\/p>\n<\/li>\n<\/ul>\n<h2 style=\"text-align: center;\" data-start=\"1448\" data-end=\"1471\"><strong>Paketet inneh\u00e5ller<\/strong><\/h2>\n<ul data-start=\"1472\" data-end=\"1540\" data-is-last-node=\"\" data-is-only-node=\"\">\n<li data-start=\"1472\" data-end=\"1540\" data-is-last-node=\"\">\n<p data-start=\"1474\" data-end=\"1540\" data-is-last-node=\"\">1, 3x spiralformad multih\u00e4ngare.<\/p>\n<\/li>\n<\/ul>\n","protected":false},"excerpt":{"rendered":"<p>Torka Fler Kl\u00e4der Och T\u00e4cken P\u00e5 En G\u00e5ng Samtidigt Som Du Sparar Utrymme.\ud83e\uddfa\u00a0 Denna spiralformade multih\u00e4ngare \u00e4r en smart torkningsl\u00f6sning [&hellip;]<\/p>\n","protected":false},"featured_media":55904,"comment_status":"open","ping_status":"closed","template":"","meta":{"site-sidebar-layout":"default","site-content-layout":"","ast-site-content-layout":"default","site-content-style":"default","site-sidebar-style":"default","ast-global-header-display":"","ast-banner-title-visibility":"","ast-main-header-display":"","ast-hfb-above-header-display":"","ast-hfb-below-header-display":"","ast-hfb-mobile-header-display":"","site-post-title":"","ast-breadcrumbs-content":"","ast-featured-img":"","footer-sml-layout":"","theme-transparent-header-meta":"default","adv-header-id-meta":"","stick-header-meta":"","header-above-stick-meta":"","header-main-stick-meta":"","header-below-stick-meta":"","astra-migrate-meta-layouts":"set","ast-page-background-enabled":"default","ast-page-background-meta":{"desktop":{"background-color":"var(--ast-global-color-4)","background-image":"","background-repeat":"repeat","background-position":"center center","background-size":"auto","background-attachment":"scroll","background-type":"","background-media":"","overlay-type":"","overlay-color":"","overlay-opacity":"","overlay-gradient":""},"tablet":{"background-color":"","background-image":"","background-repeat":"repeat","background-position":"center center","background-size":"auto","background-attachment":"scroll","background-type":"","background-media":"","overlay-type":"","overlay-color":"","overlay-opacity":"","overlay-gradient":""},"mobile":{"background-color":"","background-image":"","background-repeat":"repeat","background-position":"center center","background-size":"auto","background-attachment":"scroll","background-type":"","background-media":"","overlay-type":"","overlay-color":"","overlay-opacity":"","overlay-gradient":""}},"ast-content-background-meta":{"desktop":{"background-color":"var(--ast-global-color-5)","background-image":"","background-repeat":"repeat","background-position":"center center","background-size":"auto","background-attachment":"scroll","background-type":"","background-media":"","overlay-type":"","overlay-color":"","overlay-opacity":"","overlay-gradient":""},"tablet":{"background-color":"var(--ast-global-color-5)","background-image":"","background-repeat":"repeat","background-position":"center center","background-size":"auto","background-attachment":"scroll","background-type":"","background-media":"","overlay-type":"","overlay-color":"","overlay-opacity":"","overlay-gradient":""},"mobile":{"background-color":"var(--ast-global-color-5)","background-image":"","background-repeat":"repeat","background-position":"center center","background-size":"auto","background-attachment":"scroll","background-type":"","background-media":"","overlay-type":"","overlay-color":"","overlay-opacity":"","overlay-gradient":""}}},"product_brand":[],"product_cat":[1001],"product_tag":[],"class_list":{"0":"post-55908","1":"product","2":"type-product","3":"status-publish","4":"has-post-thumbnail","6":"product_cat-household-goods","7":"pa_61810_1fg19w2k-silver","8":"pa_61810_1fg19w2k-vit","9":"pa_61810_rtdqft3n-1-st","10":"pa_61810_rtdqft3n-3-st","11":"desktop-align-left","12":"tablet-align-left","13":"mobile-align-left","15":"first","16":"instock","17":"shipping-taxable","18":"purchasable","19":"product-type-variable","20":"has-default-attributes"},"_links":{"self":[{"href":"https:\/\/keluvo.com\/se\/wp-json\/wp\/v2\/product\/55908","targetHints":{"allow":["GET"]}}],"collection":[{"href":"https:\/\/keluvo.com\/se\/wp-json\/wp\/v2\/product"}],"about":[{"href":"https:\/\/keluvo.com\/se\/wp-json\/wp\/v2\/types\/product"}],"replies":[{"embeddable":true,"href":"https:\/\/keluvo.com\/se\/wp-json\/wp\/v2\/comments?post=55908"}],"wp:featuredmedia":[{"embeddable":true,"href":"https:\/\/keluvo.com\/se\/wp-json\/wp\/v2\/media\/55904"}],"wp:attachment":[{"href":"https:\/\/keluvo.com\/se\/wp-json\/wp\/v2\/media?parent=55908"}],"wp:term":[{"taxonomy":"product_brand","embeddable":true,"href":"https:\/\/keluvo.com\/se\/wp-json\/wp\/v2\/product_brand?post=55908"},{"taxonomy":"product_cat","embeddable":true,"href":"https:\/\/keluvo.com\/se\/wp-json\/wp\/v2\/product_cat?post=55908"},{"taxonomy":"product_tag","embeddable":true,"href":"https:\/\/keluvo.com\/se\/wp-json\/wp\/v2\/product_tag?post=55908"}],"curies":[{"name":"wp","href":"https:\/\/api.w.org\/{rel}","templated":true}]}}