{"id":55871,"date":"2025-12-18T15:22:34","date_gmt":"2025-12-18T13:22:34","guid":{"rendered":"https:\/\/keluvo.com\/se\/product\/planbok-med-researrangor\/"},"modified":"2025-12-19T15:16:40","modified_gmt":"2025-12-19T13:16:40","slug":"planbok-med-researrangor","status":"publish","type":"product","link":"https:\/\/keluvo.com\/se\/product\/planbok-med-researrangor\/","title":{"rendered":"Pl\u00e5nbok med researrang\u00f6r"},"content":{"rendered":"<div class=\"flex flex-col text-sm pb-25\">\n<article class=\"text-token-text-primary w-full focus:outline-none [--shadow-height:45px] has-data-writing-block:pointer-events-none has-data-writing-block:-mt-(--shadow-height) has-data-writing-block:pt-(--shadow-height) [&amp;:has([data-writing-block])&gt;*]:pointer-events-auto scroll-mt-[calc(var(--header-height)+min(200px,max(70px,20svh)))]\" dir=\"auto\" data-turn-id=\"request-6936fe07-cfbc-8332-90bd-b8a479fabfb7-4\" data-testid=\"conversation-turn-144\" data-scroll-anchor=\"true\" data-turn=\"assistant\">\n<div class=\"text-base my-auto mx-auto pb-10 [--thread-content-margin:--spacing(4)] @w-sm\/main:[--thread-content-margin:--spacing(6)] @w-lg\/main:[--thread-content-margin:--spacing(16)] px-(--thread-content-margin)\">\n<div class=\"[--thread-content-max-width:40rem] @w-lg\/main:[--thread-content-max-width:48rem] mx-auto max-w-(--thread-content-max-width) flex-1 group\/turn-messages focus-visible:outline-hidden relative flex w-full min-w-0 flex-col agent-turn\">\n<div class=\"flex max-w-full flex-col grow\">\n<div class=\"min-h-8 text-message relative flex w-full flex-col items-end gap-2 text-start break-words whitespace-normal [.text-message+&amp;]:mt-1\" dir=\"auto\" data-message-author-role=\"assistant\" data-message-id=\"5e19342b-0f43-4f7f-8f1e-8448f84c3618\" data-message-model-slug=\"gpt-5-2\">\n<div class=\"flex w-full flex-col gap-1 empty:hidden first:pt-[1px]\">\n<div class=\"markdown prose dark:prose-invert w-full break-words light markdown-new-styling\">\n<p style=\"text-align: center;\" data-start=\"0\" data-end=\"76\"><strong data-start=\"0\" data-end=\"76\">H\u00e5ll Ordning P\u00e5 Alla Dina Reseprylar I En Tunn Och S\u00e4ker Pl\u00e5nbok.<\/strong><span style=\"font-size: 16px; font-style: normal; font-weight: 400;\">\u2708\ufe0f<\/span><\/p>\n<p style=\"text-align: center;\" data-start=\"78\" data-end=\"306\">Denna reseorganiserarepl\u00e5nbok hj\u00e4lper dig att snyggt f\u00f6rvara dina kort, kontanter och viktiga f\u00f6rem\u00e5l s\u00e5 att allt \u00e4r l\u00e4tt att hitta n\u00e4r du beh\u00f6ver det. Den l\u00e4tta och kompakta designen g\u00f6r den perfekt f\u00f6r daglig anv\u00e4ndning, resor, arbete eller skola. Den h\u00e4r organisat\u00f6ren \u00e4r tillverkad av slitstarkt PU-l\u00e4der och skyddar dina v\u00e4rdesaker samtidigt som den \u00e4r snygg och l\u00e4tt att b\u00e4ra. Den \u00e4r perfekt f\u00f6r aff\u00e4rsm\u00e4n, studenter och familjer som vill ha ett enkelt s\u00e4tt att h\u00e5lla viktiga saker s\u00e4kra och organiserade n\u00e4r de \u00e4r p\u00e5 spr\u00e5ng.<\/p>\n<p data-start=\"78\" data-end=\"306\"><img fetchpriority=\"high\" decoding=\"async\" class=\" wp-image-46210 aligncenter\" src=\"https:\/\/keluvo.com\/template\/wp-content\/uploads\/sites\/5\/2025\/12\/763257c39da309432ac6451dcfccfeca0b68b1db.webp\" alt=\"\" width=\"500\" height=\"500\" \/><\/p>\n<h2 style=\"text-align: center;\" data-start=\"593\" data-end=\"613\"><strong>Huvudf\u00f6rdelar<\/strong><\/h2>\n<p data-start=\"616\" data-end=\"682\">\ud83d\udcbc Allt-i-ett-organisat\u00f6r &#8211; F\u00f6rvarar kort, kontanter och viktiga saker.<\/p>\n<p data-start=\"685\" data-end=\"749\">\ud83e\udeb6 L\u00e4tt &amp; b\u00e4rbar &#8211; L\u00e4tt att b\u00e4ra i v\u00e4skor eller h\u00e4nder.<\/p>\n<p data-start=\"752\" data-end=\"809\">\ud83d\udd12 S\u00e4ker f\u00f6rvaring &#8211; H\u00e5ller viktiga saker skyddade.<\/p>\n<p data-start=\"812\" data-end=\"886\">\ud83e\uddd1\u200d\ud83d\udcbc M\u00e5ngsidig anv\u00e4ndning &#8211; Perfekt f\u00f6r resor, arbete, skola och vardagsliv.<\/p>\n<p data-start=\"889\" data-end=\"952\">\ud83c\udfa8 Flera f\u00e4rger tillg\u00e4ngliga &#8211; V\u00e4lj din favoritstil.<\/p>\n<p data-start=\"955\" data-end=\"1026\">\ud83e\uddf5 H\u00e5llbara material &#8211; PU-l\u00e4der p\u00e5 utsidan med mjukt foder p\u00e5 insidan.<\/p>\n<p data-start=\"955\" data-end=\"1026\"><img decoding=\"async\" class=\"size-full wp-image-46209 aligncenter\" src=\"https:\/\/keluvo.com\/template\/wp-content\/uploads\/sites\/5\/2025\/12\/4834bb69de403e41b28df55665ab7b6e600a9c26.avif\" alt=\"\" \/><\/p>\n<h2 style=\"text-align: center;\" data-start=\"1028\" data-end=\"1045\"><strong>Hur Man Anv\u00e4nder<\/strong><\/h2>\n<ol data-start=\"1046\" data-end=\"1240\">\n<li data-start=\"1046\" data-end=\"1077\">\n<p data-start=\"1049\" data-end=\"1077\">\u00d6ppna pl\u00e5nboken.<\/p>\n<\/li>\n<li data-start=\"1078\" data-end=\"1141\">\n<p data-start=\"1081\" data-end=\"1141\">F\u00f6r in kort, kontanter och sm\u00e5 f\u00f6rem\u00e5l i facken.<\/p>\n<\/li>\n<li data-start=\"1142\" data-end=\"1178\">\n<p data-start=\"1145\" data-end=\"1178\">St\u00e4ng ordentligt innan du b\u00e4r.<\/p>\n<\/li>\n<li data-start=\"1179\" data-end=\"1240\">\n<p data-start=\"1182\" data-end=\"1240\">F\u00f6rvara den i v\u00e4skan eller h\u00e5ll den i handen n\u00e4r du reser.<\/p>\n<\/li>\n<\/ol>\n<h2 style=\"text-align: center;\" data-start=\"1242\" data-end=\"1264\"><strong>Produktdetaljer<\/strong><\/h2>\n<ul data-start=\"1265\" data-end=\"1463\">\n<li data-start=\"1265\" data-end=\"1289\">\n<p data-start=\"1267\" data-end=\"1289\">Material: PU-l\u00e4der<\/p>\n<\/li>\n<li data-start=\"1290\" data-end=\"1325\">\n<p data-start=\"1292\" data-end=\"1325\">Innermaterial: Polyesterfiber<\/p>\n<\/li>\n<li data-start=\"1326\" data-end=\"1384\">\n<p data-start=\"1328\" data-end=\"1384\">Storlek: ca 11,5 x 19 x 2 cm<\/p>\n<\/li>\n<li data-start=\"1423\" data-end=\"1463\">\n<p data-start=\"1425\" data-end=\"1463\">Design: Smal, b\u00e4rbar resepl\u00e5nbok<\/p>\n<\/li>\n<\/ul>\n<h2 style=\"text-align: center;\" data-start=\"1465\" data-end=\"1488\"><strong>Paketet inneh\u00e5ller<\/strong><\/h2>\n<ul data-start=\"1489\" data-end=\"1518\" data-is-last-node=\"\" data-is-only-node=\"\">\n<li data-start=\"1489\" data-end=\"1518\" data-is-last-node=\"\">\n<p data-start=\"1491\" data-end=\"1518\" data-is-last-node=\"\">1x pl\u00e5nbok f\u00f6r reseorganisering.<\/p>\n<\/li>\n<\/ul>\n<\/div>\n<\/div>\n<\/div>\n<\/div>\n<\/div>\n<\/div>\n<\/article>\n<p>&nbsp;<\/p>\n<\/div>\n","protected":false},"excerpt":{"rendered":"<p>H\u00e5ll Ordning P\u00e5 Alla Dina Reseprylar I En Tunn Och S\u00e4ker Pl\u00e5nbok.\u2708\ufe0f Denna reseorganiserarepl\u00e5nbok hj\u00e4lper dig att snyggt f\u00f6rvara dina [&hellip;]<\/p>\n","protected":false},"featured_media":55867,"comment_status":"open","ping_status":"closed","template":"","meta":{"site-sidebar-layout":"default","site-content-layout":"","ast-site-content-layout":"default","site-content-style":"default","site-sidebar-style":"default","ast-global-header-display":"","ast-banner-title-visibility":"","ast-main-header-display":"","ast-hfb-above-header-display":"","ast-hfb-below-header-display":"","ast-hfb-mobile-header-display":"","site-post-title":"","ast-breadcrumbs-content":"","ast-featured-img":"","footer-sml-layout":"","theme-transparent-header-meta":"default","adv-header-id-meta":"","stick-header-meta":"","header-above-stick-meta":"","header-main-stick-meta":"","header-below-stick-meta":"","astra-migrate-meta-layouts":"set","ast-page-background-enabled":"default","ast-page-background-meta":{"desktop":{"background-color":"var(--ast-global-color-4)","background-image":"","background-repeat":"repeat","background-position":"center center","background-size":"auto","background-attachment":"scroll","background-type":"","background-media":"","overlay-type":"","overlay-color":"","overlay-opacity":"","overlay-gradient":""},"tablet":{"background-color":"","background-image":"","background-repeat":"repeat","background-position":"center center","background-size":"auto","background-attachment":"scroll","background-type":"","background-media":"","overlay-type":"","overlay-color":"","overlay-opacity":"","overlay-gradient":""},"mobile":{"background-color":"","background-image":"","background-repeat":"repeat","background-position":"center center","background-size":"auto","background-attachment":"scroll","background-type":"","background-media":"","overlay-type":"","overlay-color":"","overlay-opacity":"","overlay-gradient":""}},"ast-content-background-meta":{"desktop":{"background-color":"var(--ast-global-color-5)","background-image":"","background-repeat":"repeat","background-position":"center center","background-size":"auto","background-attachment":"scroll","background-type":"","background-media":"","overlay-type":"","overlay-color":"","overlay-opacity":"","overlay-gradient":""},"tablet":{"background-color":"var(--ast-global-color-5)","background-image":"","background-repeat":"repeat","background-position":"center center","background-size":"auto","background-attachment":"scroll","background-type":"","background-media":"","overlay-type":"","overlay-color":"","overlay-opacity":"","overlay-gradient":""},"mobile":{"background-color":"var(--ast-global-color-5)","background-image":"","background-repeat":"repeat","background-position":"center center","background-size":"auto","background-attachment":"scroll","background-type":"","background-media":"","overlay-type":"","overlay-color":"","overlay-opacity":"","overlay-gradient":""}}},"product_brand":[],"product_cat":[993],"product_tag":[],"class_list":{"0":"post-55871","1":"product","2":"type-product","3":"status-publish","4":"has-post-thumbnail","6":"product_cat-footwear-accessories","7":"pa_60961_czqe0dfr-bla","8":"pa_60961_czqe0dfr-brun","9":"pa_60961_czqe0dfr-gra","10":"pa_60961_czqe0dfr-gron","11":"pa_60961_czqe0dfr-ljusbla","12":"pa_60961_czqe0dfr-morkbla","13":"pa_60961_czqe0dfr-rosa","14":"pa_60961_czqe0dfr-svart","15":"desktop-align-left","16":"tablet-align-left","17":"mobile-align-left","19":"first","20":"instock","21":"shipping-taxable","22":"purchasable","23":"product-type-variable"},"_links":{"self":[{"href":"https:\/\/keluvo.com\/se\/wp-json\/wp\/v2\/product\/55871","targetHints":{"allow":["GET"]}}],"collection":[{"href":"https:\/\/keluvo.com\/se\/wp-json\/wp\/v2\/product"}],"about":[{"href":"https:\/\/keluvo.com\/se\/wp-json\/wp\/v2\/types\/product"}],"replies":[{"embeddable":true,"href":"https:\/\/keluvo.com\/se\/wp-json\/wp\/v2\/comments?post=55871"}],"wp:featuredmedia":[{"embeddable":true,"href":"https:\/\/keluvo.com\/se\/wp-json\/wp\/v2\/media\/55867"}],"wp:attachment":[{"href":"https:\/\/keluvo.com\/se\/wp-json\/wp\/v2\/media?parent=55871"}],"wp:term":[{"taxonomy":"product_brand","embeddable":true,"href":"https:\/\/keluvo.com\/se\/wp-json\/wp\/v2\/product_brand?post=55871"},{"taxonomy":"product_cat","embeddable":true,"href":"https:\/\/keluvo.com\/se\/wp-json\/wp\/v2\/product_cat?post=55871"},{"taxonomy":"product_tag","embeddable":true,"href":"https:\/\/keluvo.com\/se\/wp-json\/wp\/v2\/product_tag?post=55871"}],"curies":[{"name":"wp","href":"https:\/\/api.w.org\/{rel}","templated":true}]}}