{"id":55625,"date":"2025-12-17T18:55:32","date_gmt":"2025-12-17T16:55:32","guid":{"rendered":"https:\/\/keluvo.com\/se\/product\/langa-strumpor-over-knana\/"},"modified":"2025-12-17T18:55:46","modified_gmt":"2025-12-17T16:55:46","slug":"langa-strumpor-over-knana","status":"publish","type":"product","link":"https:\/\/keluvo.com\/se\/product\/langa-strumpor-over-knana\/","title":{"rendered":"L\u00e5nga strumpor \u00f6ver kn\u00e4na"},"content":{"rendered":"<div class=\"image-text-body\" style=\"text-align: center\">\n<h2 style=\"text-align: center\">Storlek<\/h2>\n<p>H\u00e4l till t\u00e5: 23-25,5 cm<\/p>\n<p><span style=\"font-size: 16px\">Sockans l\u00e4ngd: 55 cm<\/span><\/p>\n<p><span style=\"font-size: 16px\">Sockans omkrets: 41,5-45 cm<\/span><\/p>\n<\/div>\n<p style=\"text-align: center\"><span style=\"font-size: 16px\">\u2705 <\/span>Elastiska sp\u00e4nnband<\/p>\n<p style=\"text-align: center\"><span style=\"font-size: 16px\">\u2705 <\/span>Tv\u00e4ttbara i tv\u00e4ttmaskin<\/p>\n<p style=\"text-align: center\"><span style=\"font-size: 16px\">\u2705 <\/span>En storlek passar alla, vilket garanterar 100% passform oavsett om du har stora eller sm\u00e5 l\u00e5r.<\/p>\n<h2 class=\"image-text-heading\" style=\"text-align: center\"><strong>K\u00e4nn V\u00e4rme Och\u00a0<span class=\"accent-text global-accent-text\">Mysighet \u00d6verallt<\/span><\/strong><\/h2>\n<p style=\"text-align: center\">Upplev v\u00e4rme och mysighet varje g\u00e5ng du kliver innanf\u00f6r d\u00f6rren med v\u00e5ra fluffiga strumpor. De \u00e4r gjorda f\u00f6r maximal komfort och v\u00e4rme och sveper in dina f\u00f6tter i mjuk lyx. Efter en l\u00e5ng dag i kylan \u00e4r de precis vad du l\u00e4ngtar efter &#8211; de \u00e4r en omfamnande k\u00e4nsla som ger lugn och v\u00e4rme.<\/p>\n<p style=\"text-align: center\">Perfekta f\u00f6r kalla kv\u00e4llar och lata helgmorgnar, dessa strumpor blir snabbt din favorit hemma. Mer \u00e4n bara strumpor, de \u00e4r vardagslyx som ger gl\u00e4dje varje dag.<\/p>\n<p style=\"text-align: center\"><img fetchpriority=\"high\" decoding=\"async\" class=\"alignnone wp-image-46246\" src=\"https:\/\/keluvo.com\/template\/wp-content\/uploads\/sites\/5\/2025\/12\/natsnuggsangle1_1.webp\" alt=\"\" width=\"462\" height=\"619\" \/><\/p>\n<h2 class=\"image-text-heading\" style=\"text-align: center\"><strong>Utm\u00e4rkt\u00a0<span class=\"accent-text global-accent-text\">G\u00e5-Bort-Present!<\/span><\/strong><\/h2>\n<div class=\"image-text-body\" style=\"text-align: center\">\n<p>V\u00e5ra strumpor \u00e4r den perfekta presenten att ge bort som julklapp, present eller bara f\u00f6r att g\u00f6ra n\u00e5gon med frusna f\u00f6tter lite extra glad. Upplev varf\u00f6r de \u00e4lskas av v\u00e5ra 20,000 kunder!<\/p>\n<p><img decoding=\"async\" class=\"alignnone wp-image-46245\" src=\"https:\/\/keluvo.com\/template\/wp-content\/uploads\/sites\/5\/2025\/12\/kayla2-min_1dc94eb4-5d72-4128-863d-e0886386c6e0_1.webp\" alt=\"\" width=\"436\" height=\"506\" \/><\/p>\n<h2 class=\"image-text-heading\"><strong>G\u00f6r Vardagen Enklare F\u00f6r Dig\u00a0<span class=\"accent-text global-accent-text\">Som Alltid Har Kalla F\u00f6tter<\/span><\/strong><\/h2>\n<p>Dessa strumpor ger b\u00e5de v\u00e4rme och komfort f\u00f6r dig som alltid lider av kalla f\u00f6tter, vilket g\u00f6r stor skillnad n\u00e4r kylan s\u00e4tter in. Designad f\u00f6r att omsluta f\u00f6tter och ben i mjuk v\u00e4rme, hj\u00e4lper den till att minska frysning och fr\u00e4mjar b\u00e4ttre blodcirkulation. M\u00e5nga upplever \u00f6kad energi och st\u00f6rre v\u00e4lbefinnande under hela dagen. V\u00e5r strumpa ger en konstant, behaglig v\u00e4rme som g\u00f6r det l\u00e4ttare att slappna av. Uppt\u00e4ck hur lite extra v\u00e4rme kan f\u00f6r\u00e4ndra din vardag till det b\u00e4ttre.<\/p>\n<p><img decoding=\"async\" class=\"alignnone wp-image-46244\" src=\"https:\/\/keluvo.com\/template\/wp-content\/uploads\/sites\/5\/2025\/12\/wickedafstore-cozy-legs-sock-slippers-52369264509276.webp\" alt=\"\" width=\"428\" height=\"428\" \/><\/p>\n<h2 class=\"rich-text-title\"><strong>Mysig V\u00e4rme Utan Extra Kostnad \u2013 De H\u00e4r Strumporna \u00c4r Din Smarta Vinterl\u00f6sning!<\/strong><\/h2>\n<p>Det \u00e4r det perfekta valet f\u00f6r kalla dagar \u2013 en mysig l\u00f6sning som h\u00e5ller dig varm och samtidigt hj\u00e4lper dig att spara p\u00e5 elr\u00e4kningen. V\u00e4lj komfort och v\u00e4rme utan att beh\u00f6va h\u00f6ja termostaten!<\/p>\n<\/div>\n","protected":false},"excerpt":{"rendered":"<p>Storlek H\u00e4l till t\u00e5: 23-25,5 cm Sockans l\u00e4ngd: 55 cm Sockans omkrets: 41,5-45 cm \u2705 Elastiska sp\u00e4nnband \u2705 Tv\u00e4ttbara i [&hellip;]<\/p>\n","protected":false},"featured_media":55621,"comment_status":"open","ping_status":"closed","template":"","meta":{"site-sidebar-layout":"default","site-content-layout":"","ast-site-content-layout":"default","site-content-style":"default","site-sidebar-style":"default","ast-global-header-display":"","ast-banner-title-visibility":"","ast-main-header-display":"","ast-hfb-above-header-display":"","ast-hfb-below-header-display":"","ast-hfb-mobile-header-display":"","site-post-title":"","ast-breadcrumbs-content":"","ast-featured-img":"","footer-sml-layout":"","theme-transparent-header-meta":"default","adv-header-id-meta":"","stick-header-meta":"","header-above-stick-meta":"","header-main-stick-meta":"","header-below-stick-meta":"","astra-migrate-meta-layouts":"set","ast-page-background-enabled":"default","ast-page-background-meta":{"desktop":{"background-color":"var(--ast-global-color-4)","background-image":"","background-repeat":"repeat","background-position":"center center","background-size":"auto","background-attachment":"scroll","background-type":"","background-media":"","overlay-type":"","overlay-color":"","overlay-opacity":"","overlay-gradient":""},"tablet":{"background-color":"","background-image":"","background-repeat":"repeat","background-position":"center center","background-size":"auto","background-attachment":"scroll","background-type":"","background-media":"","overlay-type":"","overlay-color":"","overlay-opacity":"","overlay-gradient":""},"mobile":{"background-color":"","background-image":"","background-repeat":"repeat","background-position":"center center","background-size":"auto","background-attachment":"scroll","background-type":"","background-media":"","overlay-type":"","overlay-color":"","overlay-opacity":"","overlay-gradient":""}},"ast-content-background-meta":{"desktop":{"background-color":"var(--ast-global-color-5)","background-image":"","background-repeat":"repeat","background-position":"center center","background-size":"auto","background-attachment":"scroll","background-type":"","background-media":"","overlay-type":"","overlay-color":"","overlay-opacity":"","overlay-gradient":""},"tablet":{"background-color":"var(--ast-global-color-5)","background-image":"","background-repeat":"repeat","background-position":"center center","background-size":"auto","background-attachment":"scroll","background-type":"","background-media":"","overlay-type":"","overlay-color":"","overlay-opacity":"","overlay-gradient":""},"mobile":{"background-color":"var(--ast-global-color-5)","background-image":"","background-repeat":"repeat","background-position":"center center","background-size":"auto","background-attachment":"scroll","background-type":"","background-media":"","overlay-type":"","overlay-color":"","overlay-opacity":"","overlay-gradient":""}}},"product_brand":[],"product_cat":[15],"product_tag":[],"class_list":{"0":"post-55625","1":"product","2":"type-product","3":"status-publish","4":"has-post-thumbnail","6":"product_cat-uncategorized","7":"pa_68308_4txstf28-bla","8":"pa_68308_4txstf28-brun","9":"pa_68308_4txstf28-gra","10":"pa_68308_4txstf28-gron","11":"pa_68308_4txstf28-rosa","12":"desktop-align-left","13":"tablet-align-left","14":"mobile-align-left","16":"first","17":"instock","18":"shipping-taxable","19":"purchasable","20":"product-type-variable"},"_links":{"self":[{"href":"https:\/\/keluvo.com\/se\/wp-json\/wp\/v2\/product\/55625","targetHints":{"allow":["GET"]}}],"collection":[{"href":"https:\/\/keluvo.com\/se\/wp-json\/wp\/v2\/product"}],"about":[{"href":"https:\/\/keluvo.com\/se\/wp-json\/wp\/v2\/types\/product"}],"replies":[{"embeddable":true,"href":"https:\/\/keluvo.com\/se\/wp-json\/wp\/v2\/comments?post=55625"}],"wp:featuredmedia":[{"embeddable":true,"href":"https:\/\/keluvo.com\/se\/wp-json\/wp\/v2\/media\/55621"}],"wp:attachment":[{"href":"https:\/\/keluvo.com\/se\/wp-json\/wp\/v2\/media?parent=55625"}],"wp:term":[{"taxonomy":"product_brand","embeddable":true,"href":"https:\/\/keluvo.com\/se\/wp-json\/wp\/v2\/product_brand?post=55625"},{"taxonomy":"product_cat","embeddable":true,"href":"https:\/\/keluvo.com\/se\/wp-json\/wp\/v2\/product_cat?post=55625"},{"taxonomy":"product_tag","embeddable":true,"href":"https:\/\/keluvo.com\/se\/wp-json\/wp\/v2\/product_tag?post=55625"}],"curies":[{"name":"wp","href":"https:\/\/api.w.org\/{rel}","templated":true}]}}