{"id":55587,"date":"2025-12-17T18:53:05","date_gmt":"2025-12-17T16:53:05","guid":{"rendered":"https:\/\/keluvo.com\/se\/product\/slipande-skarpare-for-borrkronor\/"},"modified":"2025-12-29T11:03:05","modified_gmt":"2025-12-29T09:03:05","slug":"slipande-skarpare-for-borrkronor","status":"publish","type":"product","link":"https:\/\/keluvo.com\/se\/product\/slipande-skarpare-for-borrkronor\/","title":{"rendered":"Slipande sk\u00e4rpare f\u00f6r borrkronor"},"content":{"rendered":"<div class=\"flex max-w-full flex-col grow\">\n<div class=\"min-h-8 text-message relative flex w-full flex-col items-end gap-2 text-start break-words whitespace-normal [.text-message+&amp;]:mt-1\" dir=\"auto\" data-message-author-role=\"assistant\" data-message-id=\"e7ad2938-0782-4be8-9474-e98242152b14\" data-message-model-slug=\"gpt-5-2\">\n<div class=\"flex w-full flex-col gap-1 empty:hidden first:pt-[1px]\">\n<div class=\"markdown prose dark:prose-invert w-full break-words light markdown-new-styling\">\n<p style=\"text-align: center;\" data-start=\"0\" data-end=\"67\"><strong data-start=\"0\" data-end=\"67\">Slipa Sl\u00f6a Borrkronor Snabbt Och F\u00e5 Dem Att Fungera Som Nya Igen. \u2699\ufe0f<\/strong><\/p>\n<p style=\"text-align: center;\" data-start=\"69\" data-end=\"349\">Detta borrkroneslip hj\u00e4lper dig att snabbt \u00e5terst\u00e4lla slitna borrkronor utan att beh\u00f6va k\u00f6pa nya. Det h\u00e4r l\u00e4ttanv\u00e4nda sliptillbeh\u00f6ret passar p\u00e5 din vinkelslip och l\u00e5ter dig slipa olika borrstorlekar med r\u00e4tt vinkel f\u00f6r renare och snabbare borrning.<\/p>\n<p data-start=\"69\" data-end=\"349\"><img fetchpriority=\"high\" decoding=\"async\" class=\"size-full wp-image-45994 aligncenter\" src=\"https:\/\/keluvo.com\/template\/wp-content\/uploads\/sites\/5\/2025\/12\/102217-ezgif.com-video-to-webp-converter-3.webp\" alt=\"\" width=\"500\" height=\"500\" \/><\/p>\n<h2 style=\"text-align: center;\" data-start=\"625\" data-end=\"644\">\u2b50 Huvudf\u00f6rdelar<\/h2>\n<p data-start=\"647\" data-end=\"709\">\ud83e\ude9b \u00c5terst\u00e4ller sl\u00f6a borr &#8211; G\u00f6r gamla borr vassa igen.<\/p>\n<p data-start=\"712\" data-end=\"774\">\u2699\ufe0f Flera vinkelsp\u00e5r &#8211; Passar olika borrstorlekar.<\/p>\n<p data-start=\"777\" data-end=\"826\">\ud83d\udd29 L\u00e4tt att anv\u00e4nda &#8211; Inga speciella f\u00e4rdigheter kr\u00e4vs.<\/p>\n<p data-start=\"829\" data-end=\"898\">\ud83e\uddf0 Bred kompatibilitet &#8211; Fungerar med HSS, legering, kobolt och mer.<\/p>\n<p data-start=\"901\" data-end=\"968\">\ud83d\udcb0 Kostnadsbesparande l\u00f6sning &#8211; Minskar behovet av nya borr.<\/p>\n<p data-start=\"901\" data-end=\"968\"><img decoding=\"async\" class=\"size-full wp-image-45995 aligncenter\" src=\"https:\/\/keluvo.com\/template\/wp-content\/uploads\/sites\/5\/2025\/12\/102216-ezgif.com-video-to-webp-converter-3.webp\" alt=\"\" width=\"500\" height=\"667\" \/><\/p>\n<h2 style=\"text-align: center;\" data-start=\"970\" data-end=\"987\">\ud83e\udde9 Hur Man Anv\u00e4nder<\/h2>\n<ol data-start=\"988\" data-end=\"1223\">\n<li data-start=\"988\" data-end=\"1045\">\n<p data-start=\"991\" data-end=\"1045\">F\u00e4st slipsk\u00e4rpet p\u00e5 din vinkelslip.<\/p>\n<\/li>\n<li data-start=\"1046\" data-end=\"1099\">\n<p data-start=\"1049\" data-end=\"1099\">V\u00e4lj r\u00e4tt sp\u00e5r f\u00f6r din borrstorlek.<\/p>\n<\/li>\n<li data-start=\"1100\" data-end=\"1141\">\n<p data-start=\"1103\" data-end=\"1141\">F\u00f6r in borrkronan i guiden.<\/p>\n<\/li>\n<li data-start=\"1142\" data-end=\"1180\">\n<p data-start=\"1145\" data-end=\"1180\">Slipa f\u00f6rsiktigt i den guidade vinkeln.<\/p>\n<\/li>\n<li data-start=\"1181\" data-end=\"1223\">\n<p data-start=\"1184\" data-end=\"1223\">Kontrollera sk\u00e4rpan och upprepa vid behov.<\/p>\n<\/li>\n<\/ol>\n<h2 style=\"text-align: center;\" data-start=\"1225\" data-end=\"1247\">\ud83d\udccf Produktdetaljer<\/h2>\n<ul data-start=\"1248\" data-end=\"1434\">\n<li data-start=\"1296\" data-end=\"1313\">\n<p data-start=\"1298\" data-end=\"1313\">Material: ABS<\/p>\n<\/li>\n<li data-start=\"1314\" data-end=\"1349\">\n<p data-start=\"1316\" data-end=\"1349\">Compatibla verktyg: Vinkelslip<\/p>\n<\/li>\n<li data-start=\"1350\" data-end=\"1415\">\n<p data-start=\"1352\" data-end=\"1415\">L\u00e4mplig f\u00f6r: HSS, h\u00e5rd legering, kobolt och liknande borrkronor<\/p>\n<\/li>\n<li data-start=\"1416\" data-end=\"1434\">\n<p data-start=\"1418\" data-end=\"1434\">Storlek: 12,5 x 11,5 cm<\/p>\n<\/li>\n<li data-start=\"1416\" data-end=\"1434\">Tio h\u00e5lspositionsmodell: 3, 4, 5, 6, 7, 8, 9, 10, 11, 12 mm<\/li>\n<\/ul>\n<h2 style=\"text-align: center;\" data-start=\"1436\" data-end=\"1459\">\ud83d\udce6 Paketet inneh\u00e5ller<\/h2>\n<ul data-start=\"1460\" data-end=\"1494\" data-is-last-node=\"\" data-is-only-node=\"\">\n<li data-start=\"1460\" data-end=\"1494\" data-is-last-node=\"\">\n<p data-start=\"1462\" data-end=\"1494\" data-is-last-node=\"\">1, 2x borrkroneslip.<\/p>\n<\/li>\n<\/ul>\n<\/div>\n<\/div>\n<\/div>\n<\/div>\n","protected":false},"excerpt":{"rendered":"<p>Slipa Sl\u00f6a Borrkronor Snabbt Och F\u00e5 Dem Att Fungera Som Nya Igen. \u2699\ufe0f Detta borrkroneslip hj\u00e4lper dig att snabbt \u00e5terst\u00e4lla [&hellip;]<\/p>\n","protected":false},"featured_media":55583,"comment_status":"open","ping_status":"closed","template":"","meta":{"site-sidebar-layout":"default","site-content-layout":"","ast-site-content-layout":"default","site-content-style":"default","site-sidebar-style":"default","ast-global-header-display":"","ast-banner-title-visibility":"","ast-main-header-display":"","ast-hfb-above-header-display":"","ast-hfb-below-header-display":"","ast-hfb-mobile-header-display":"","site-post-title":"","ast-breadcrumbs-content":"","ast-featured-img":"","footer-sml-layout":"","theme-transparent-header-meta":"default","adv-header-id-meta":"","stick-header-meta":"","header-above-stick-meta":"","header-main-stick-meta":"","header-below-stick-meta":"","astra-migrate-meta-layouts":"set","ast-page-background-enabled":"default","ast-page-background-meta":{"desktop":{"background-color":"var(--ast-global-color-4)","background-image":"","background-repeat":"repeat","background-position":"center center","background-size":"auto","background-attachment":"scroll","background-type":"","background-media":"","overlay-type":"","overlay-color":"","overlay-opacity":"","overlay-gradient":""},"tablet":{"background-color":"","background-image":"","background-repeat":"repeat","background-position":"center center","background-size":"auto","background-attachment":"scroll","background-type":"","background-media":"","overlay-type":"","overlay-color":"","overlay-opacity":"","overlay-gradient":""},"mobile":{"background-color":"","background-image":"","background-repeat":"repeat","background-position":"center center","background-size":"auto","background-attachment":"scroll","background-type":"","background-media":"","overlay-type":"","overlay-color":"","overlay-opacity":"","overlay-gradient":""}},"ast-content-background-meta":{"desktop":{"background-color":"var(--ast-global-color-5)","background-image":"","background-repeat":"repeat","background-position":"center center","background-size":"auto","background-attachment":"scroll","background-type":"","background-media":"","overlay-type":"","overlay-color":"","overlay-opacity":"","overlay-gradient":""},"tablet":{"background-color":"var(--ast-global-color-5)","background-image":"","background-repeat":"repeat","background-position":"center center","background-size":"auto","background-attachment":"scroll","background-type":"","background-media":"","overlay-type":"","overlay-color":"","overlay-opacity":"","overlay-gradient":""},"mobile":{"background-color":"var(--ast-global-color-5)","background-image":"","background-repeat":"repeat","background-position":"center center","background-size":"auto","background-attachment":"scroll","background-type":"","background-media":"","overlay-type":"","overlay-color":"","overlay-opacity":"","overlay-gradient":""}}},"product_brand":[],"product_cat":[996],"product_tag":[],"class_list":{"0":"post-55587","1":"product","2":"type-product","3":"status-publish","4":"has-post-thumbnail","6":"product_cat-tools","7":"pa_60176_qla9zs47-1-st","8":"pa_60176_qla9zs47-2-st","9":"pa_60176_vh8vpolo-bla","10":"pa_60176_vh8vpolo-rod","11":"pa_60176_vh8vpolo-svart","12":"desktop-align-left","13":"tablet-align-left","14":"mobile-align-left","16":"first","17":"instock","18":"shipping-taxable","19":"purchasable","20":"product-type-variable","21":"has-default-attributes"},"_links":{"self":[{"href":"https:\/\/keluvo.com\/se\/wp-json\/wp\/v2\/product\/55587","targetHints":{"allow":["GET"]}}],"collection":[{"href":"https:\/\/keluvo.com\/se\/wp-json\/wp\/v2\/product"}],"about":[{"href":"https:\/\/keluvo.com\/se\/wp-json\/wp\/v2\/types\/product"}],"replies":[{"embeddable":true,"href":"https:\/\/keluvo.com\/se\/wp-json\/wp\/v2\/comments?post=55587"}],"wp:featuredmedia":[{"embeddable":true,"href":"https:\/\/keluvo.com\/se\/wp-json\/wp\/v2\/media\/55583"}],"wp:attachment":[{"href":"https:\/\/keluvo.com\/se\/wp-json\/wp\/v2\/media?parent=55587"}],"wp:term":[{"taxonomy":"product_brand","embeddable":true,"href":"https:\/\/keluvo.com\/se\/wp-json\/wp\/v2\/product_brand?post=55587"},{"taxonomy":"product_cat","embeddable":true,"href":"https:\/\/keluvo.com\/se\/wp-json\/wp\/v2\/product_cat?post=55587"},{"taxonomy":"product_tag","embeddable":true,"href":"https:\/\/keluvo.com\/se\/wp-json\/wp\/v2\/product_tag?post=55587"}],"curies":[{"name":"wp","href":"https:\/\/api.w.org\/{rel}","templated":true}]}}