{"id":55425,"date":"2025-12-16T19:35:08","date_gmt":"2025-12-16T17:35:08","guid":{"rendered":"https:\/\/keluvo.com\/se\/product\/skruvmejselbits-med-magnetisk-positionering\/"},"modified":"2025-12-19T13:01:29","modified_gmt":"2025-12-19T11:01:29","slug":"skruvmejselbits-med-magnetisk-positionering","status":"publish","type":"product","link":"https:\/\/keluvo.com\/se\/product\/skruvmejselbits-med-magnetisk-positionering\/","title":{"rendered":"Skruvmejselbits med magnetisk positionering"},"content":{"rendered":"<p style=\"text-align: center;\" data-start=\"0\" data-end=\"60\"><strong data-start=\"0\" data-end=\"60\">Dra \u00c5t Skruvarna Perfekt Varje G\u00e5ng Utan Att \u00d6verdriva. \ud83e\uddf2<\/strong><\/p>\n<p style=\"text-align: center;\" data-start=\"62\" data-end=\"274\">De h\u00e4r magnetiska positioneringsskruvmejselbitarna hj\u00e4lper dig att enkelt driva in skruvar rakt, s\u00e4kert och i j\u00e4mnh\u00f6jd. Det inbyggda djupstoppet och den magnetiska spetsen g\u00f6r dem perfekta f\u00f6r gipsv\u00e4ggar, gipsskivor och tr\u00e4bearbetningsprojekt.<\/p>\n<p data-start=\"62\" data-end=\"274\"><img fetchpriority=\"high\" decoding=\"async\" class=\" wp-image-45889 aligncenter\" src=\"https:\/\/keluvo.com\/template\/wp-content\/uploads\/sites\/5\/2025\/12\/6f2f2605-456a-456a-a400-f5c98759c7d1.gif\" alt=\"\" width=\"500\" height=\"500\" \/><\/p>\n<h2 style=\"text-align: center;\" data-start=\"276\" data-end=\"297\"><strong>Huvudf\u00f6rdelar<\/strong><\/h2>\n<p data-start=\"300\" data-end=\"360\">\ud83e\uddf2 Magnetiskt grepp \u2013 h\u00e5ller skruvarna p\u00e5 plats under arbetet.<\/p>\n<p data-start=\"363\" data-end=\"431\">\ud83c\udfaf Djupkontroll \u2013 f\u00f6rhindrar \u00f6verdragning och ytskador.<\/p>\n<p data-start=\"434\" data-end=\"496\">\u270b Halkfri design \u2013 stabilt grepp f\u00f6r smidig skruvdragning.<\/p>\n<p data-start=\"499\" data-end=\"568\">\ud83e\udeb5 Idealisk f\u00f6r mjuka material \u2013 perfekt f\u00f6r gipsskivor och tr\u00e4.<\/p>\n<p data-start=\"571\" data-end=\"620\">\u26a1 Snabbare arbete \u2013 f\u00f6rb\u00e4ttrar hastighet och noggrannhet.<\/p>\n<p data-start=\"571\" data-end=\"620\"><img decoding=\"async\" class=\" wp-image-45890 aligncenter\" src=\"https:\/\/keluvo.com\/template\/wp-content\/uploads\/sites\/5\/2025\/12\/526ea00d-3f12-446a-b4d8-5c981d82df4a.gif\" alt=\"\" width=\"500\" height=\"500\" \/><\/p>\n<h2 style=\"text-align: center;\" data-start=\"622\" data-end=\"639\"><strong>Hur Man Anv\u00e4nder<\/strong><\/h2>\n<ol data-start=\"640\" data-end=\"884\">\n<li data-start=\"640\" data-end=\"698\">\n<p data-start=\"643\" data-end=\"698\">S\u00e4tt in skruvmejselbiten i din borrmaskin eller skruvdragare.<\/p>\n<\/li>\n<li data-start=\"699\" data-end=\"742\">\n<p data-start=\"702\" data-end=\"742\">Placera skruven p\u00e5 den magnetiska spetsen.<\/p>\n<\/li>\n<li data-start=\"743\" data-end=\"782\">\n<p data-start=\"746\" data-end=\"782\">Placera skruven p\u00e5 ytan.<\/p>\n<\/li>\n<li data-start=\"783\" data-end=\"845\">\n<p data-start=\"786\" data-end=\"845\">Dra in skruven tills djupstoppet vidr\u00f6r ytan.<\/p>\n<\/li>\n<li data-start=\"846\" data-end=\"884\">\n<p data-start=\"849\" data-end=\"884\">Sl\u00e4pp f\u00f6r en ren, j\u00e4mn finish.<\/p>\n<\/li>\n<\/ol>\n<h2 style=\"text-align: center;\" data-start=\"886\" data-end=\"908\"><strong>Produktdetaljer<\/strong><\/h2>\n<ul data-start=\"909\" data-end=\"1120\">\n<li data-start=\"957\" data-end=\"992\">\n<p data-start=\"959\" data-end=\"992\">L\u00e4ngdalternativ: 25 mm och 50 mm<\/p>\n<\/li>\n<li data-start=\"993\" data-end=\"1034\">\n<p data-start=\"995\" data-end=\"1034\">Funktion: Djupbegr\u00e4nsad skruvdragning<\/p>\n<\/li>\n<li data-start=\"1035\" data-end=\"1086\">\n<p data-start=\"1037\" data-end=\"1086\">L\u00e4mpliga material: Gipsskivor, gipsv\u00e4ggar, tr\u00e4<\/p>\n<\/li>\n<li data-start=\"1087\" data-end=\"1120\">\n<p data-start=\"1089\" data-end=\"1120\">Design: Magnetisk och halkfri<\/p>\n<\/li>\n<\/ul>\n<h2 style=\"text-align: center;\" data-start=\"1122\" data-end=\"1145\"><strong>F\u00f6rpackningen inneh\u00e5ller<\/strong><\/h2>\n<ul data-start=\"1146\" data-end=\"1223\" data-is-last-node=\"\" data-is-only-node=\"\">\n<li data-start=\"1146\" data-end=\"1185\">\n<p data-start=\"1148\" data-end=\"1185\">5x 25, 50 mm magnetiska positioneringsbits eller<\/p>\n<\/li>\n<li data-start=\"1186\" data-end=\"1223\" data-is-last-node=\"\">Set med 5x 25 mm, 5x 50 mm magnetiska positioneringsbits.<\/li>\n<\/ul>\n","protected":false},"excerpt":{"rendered":"<p>Dra \u00c5t Skruvarna Perfekt Varje G\u00e5ng Utan Att \u00d6verdriva. \ud83e\uddf2 De h\u00e4r magnetiska positioneringsskruvmejselbitarna hj\u00e4lper dig att enkelt driva in [&hellip;]<\/p>\n","protected":false},"featured_media":55421,"comment_status":"open","ping_status":"closed","template":"","meta":{"site-sidebar-layout":"default","site-content-layout":"","ast-site-content-layout":"default","site-content-style":"default","site-sidebar-style":"default","ast-global-header-display":"","ast-banner-title-visibility":"","ast-main-header-display":"","ast-hfb-above-header-display":"","ast-hfb-below-header-display":"","ast-hfb-mobile-header-display":"","site-post-title":"","ast-breadcrumbs-content":"","ast-featured-img":"","footer-sml-layout":"","theme-transparent-header-meta":"default","adv-header-id-meta":"","stick-header-meta":"","header-above-stick-meta":"","header-main-stick-meta":"","header-below-stick-meta":"","astra-migrate-meta-layouts":"set","ast-page-background-enabled":"default","ast-page-background-meta":{"desktop":{"background-color":"var(--ast-global-color-4)","background-image":"","background-repeat":"repeat","background-position":"center center","background-size":"auto","background-attachment":"scroll","background-type":"","background-media":"","overlay-type":"","overlay-color":"","overlay-opacity":"","overlay-gradient":""},"tablet":{"background-color":"","background-image":"","background-repeat":"repeat","background-position":"center center","background-size":"auto","background-attachment":"scroll","background-type":"","background-media":"","overlay-type":"","overlay-color":"","overlay-opacity":"","overlay-gradient":""},"mobile":{"background-color":"","background-image":"","background-repeat":"repeat","background-position":"center center","background-size":"auto","background-attachment":"scroll","background-type":"","background-media":"","overlay-type":"","overlay-color":"","overlay-opacity":"","overlay-gradient":""}},"ast-content-background-meta":{"desktop":{"background-color":"var(--ast-global-color-5)","background-image":"","background-repeat":"repeat","background-position":"center center","background-size":"auto","background-attachment":"scroll","background-type":"","background-media":"","overlay-type":"","overlay-color":"","overlay-opacity":"","overlay-gradient":""},"tablet":{"background-color":"var(--ast-global-color-5)","background-image":"","background-repeat":"repeat","background-position":"center center","background-size":"auto","background-attachment":"scroll","background-type":"","background-media":"","overlay-type":"","overlay-color":"","overlay-opacity":"","overlay-gradient":""},"mobile":{"background-color":"var(--ast-global-color-5)","background-image":"","background-repeat":"repeat","background-position":"center center","background-size":"auto","background-attachment":"scroll","background-type":"","background-media":"","overlay-type":"","overlay-color":"","overlay-opacity":"","overlay-gradient":""}}},"product_brand":[],"product_cat":[996],"product_tag":[],"class_list":{"0":"post-55425","1":"product","2":"type-product","3":"status-publish","4":"has-post-thumbnail","6":"product_cat-tools","7":"pa_60065_c1it1jnt-25-mm","8":"pa_60065_c1it1jnt-50-mm","9":"pa_60065_c1it1jnt-sats-med-25-och-50-mm","10":"desktop-align-left","11":"tablet-align-left","12":"mobile-align-left","14":"first","15":"instock","16":"shipping-taxable","17":"purchasable","18":"product-type-variable"},"_links":{"self":[{"href":"https:\/\/keluvo.com\/se\/wp-json\/wp\/v2\/product\/55425","targetHints":{"allow":["GET"]}}],"collection":[{"href":"https:\/\/keluvo.com\/se\/wp-json\/wp\/v2\/product"}],"about":[{"href":"https:\/\/keluvo.com\/se\/wp-json\/wp\/v2\/types\/product"}],"replies":[{"embeddable":true,"href":"https:\/\/keluvo.com\/se\/wp-json\/wp\/v2\/comments?post=55425"}],"wp:featuredmedia":[{"embeddable":true,"href":"https:\/\/keluvo.com\/se\/wp-json\/wp\/v2\/media\/55421"}],"wp:attachment":[{"href":"https:\/\/keluvo.com\/se\/wp-json\/wp\/v2\/media?parent=55425"}],"wp:term":[{"taxonomy":"product_brand","embeddable":true,"href":"https:\/\/keluvo.com\/se\/wp-json\/wp\/v2\/product_brand?post=55425"},{"taxonomy":"product_cat","embeddable":true,"href":"https:\/\/keluvo.com\/se\/wp-json\/wp\/v2\/product_cat?post=55425"},{"taxonomy":"product_tag","embeddable":true,"href":"https:\/\/keluvo.com\/se\/wp-json\/wp\/v2\/product_tag?post=55425"}],"curies":[{"name":"wp","href":"https:\/\/api.w.org\/{rel}","templated":true}]}}