{"id":5541,"date":"2025-01-14T11:58:25","date_gmt":"2025-01-14T09:58:25","guid":{"rendered":"https:\/\/keluvo.com\/se\/product\/leksak-med-flygande-boll\/"},"modified":"2025-01-14T11:58:43","modified_gmt":"2025-01-14T09:58:43","slug":"leksak-med-flygande-boll","status":"publish","type":"product","link":"https:\/\/keluvo.com\/se\/product\/leksak-med-flygande-boll\/","title":{"rendered":"Leksak med flygande boll"},"content":{"rendered":"<h2 style=\"text-align: center\"><strong>L\u00e4tt Att Styra Och Flyga<\/strong><\/h2>\n<p style=\"text-align: center\">Den flygande bollleksaken \u00e4r enkel att anv\u00e4nda och rolig att bem\u00e4stra. Sl\u00e5 bara p\u00e5 str\u00f6mmen, h\u00e5ll den uppr\u00e4tt och skaka den f\u00f6r att starta. Du kan experimentera med olika kast f\u00f6r att uppt\u00e4cka nya flygv\u00e4gar, trick och snurr, vilket g\u00f6r varje session sp\u00e4nnande och unik.<\/p>\n<p><img fetchpriority=\"high\" decoding=\"async\" width=\"800\" height=\"800\" class=\"alignnone size-medium wp-image-3553 aligncenter\" src=\"https:\/\/keluvo.com\/template\/wp-content\/uploads\/sites\/5\/2024\/11\/d3b880d8-2599-414b-823f-ee35d1eba833.webp\" alt=\"\" srcset=\"https:\/\/keluvo.com\/se\/wp-content\/uploads\/sites\/12\/2024\/11\/d3b880d8-2599-414b-823f-ee35d1eba833.webp 800w, https:\/\/keluvo.com\/se\/wp-content\/uploads\/sites\/12\/2024\/11\/d3b880d8-2599-414b-823f-ee35d1eba833-300x300.webp 300w, https:\/\/keluvo.com\/se\/wp-content\/uploads\/sites\/12\/2024\/11\/d3b880d8-2599-414b-823f-ee35d1eba833-150x150.webp 150w, https:\/\/keluvo.com\/se\/wp-content\/uploads\/sites\/12\/2024\/11\/d3b880d8-2599-414b-823f-ee35d1eba833-768x768.webp 768w, https:\/\/keluvo.com\/se\/wp-content\/uploads\/sites\/12\/2024\/11\/d3b880d8-2599-414b-823f-ee35d1eba833-600x600.webp 600w, https:\/\/keluvo.com\/se\/wp-content\/uploads\/sites\/12\/2024\/11\/d3b880d8-2599-414b-823f-ee35d1eba833-100x100.webp 100w, https:\/\/keluvo.com\/se\/wp-content\/uploads\/sites\/12\/2024\/11\/d3b880d8-2599-414b-823f-ee35d1eba833-50x50.webp 50w\" sizes=\"(max-width: 800px) 100vw, 800px\" \/><\/p>\n<h2 style=\"text-align: center\"><strong>F\u00e4rgglad LED-Ljusshow<\/strong><\/h2>\n<p style=\"text-align: center\">Med ljusstarka, dynamiska LED-lampor lyser den flygande bollleksaken upp n\u00e4r den flyger och skapar en bl\u00e4ndande display som ser ut som ett stj\u00e4rnfall. De f\u00e4rgglada lamporna g\u00f6r det roliga \u00e4nnu roligare, s\u00e4rskilt n\u00e4r den anv\u00e4nds i dunkla milj\u00f6er, vilket g\u00f6r den till en f\u00e4ngslande upplevelse f\u00f6r b\u00e5de barn och vuxna.<\/p>\n<p><img decoding=\"async\" width=\"800\" height=\"800\" class=\"alignnone size-medium wp-image-3556 aligncenter\" src=\"https:\/\/keluvo.com\/template\/wp-content\/uploads\/sites\/5\/2024\/11\/39f9e950-0eb2-4b64-b27a-8b10990367f3.webp\" alt=\"\" srcset=\"https:\/\/keluvo.com\/se\/wp-content\/uploads\/sites\/12\/2024\/11\/39f9e950-0eb2-4b64-b27a-8b10990367f3.webp 800w, https:\/\/keluvo.com\/se\/wp-content\/uploads\/sites\/12\/2024\/11\/39f9e950-0eb2-4b64-b27a-8b10990367f3-300x300.webp 300w, https:\/\/keluvo.com\/se\/wp-content\/uploads\/sites\/12\/2024\/11\/39f9e950-0eb2-4b64-b27a-8b10990367f3-150x150.webp 150w, https:\/\/keluvo.com\/se\/wp-content\/uploads\/sites\/12\/2024\/11\/39f9e950-0eb2-4b64-b27a-8b10990367f3-768x768.webp 768w, https:\/\/keluvo.com\/se\/wp-content\/uploads\/sites\/12\/2024\/11\/39f9e950-0eb2-4b64-b27a-8b10990367f3-600x600.webp 600w, https:\/\/keluvo.com\/se\/wp-content\/uploads\/sites\/12\/2024\/11\/39f9e950-0eb2-4b64-b27a-8b10990367f3-100x100.webp 100w, https:\/\/keluvo.com\/se\/wp-content\/uploads\/sites\/12\/2024\/11\/39f9e950-0eb2-4b64-b27a-8b10990367f3-50x50.webp 50w\" sizes=\"(max-width: 800px) 100vw, 800px\" \/><\/p>\n","protected":false},"excerpt":{"rendered":"<p>L\u00e4tt Att Styra Och Flyga Den flygande bollleksaken \u00e4r enkel att anv\u00e4nda och rolig att bem\u00e4stra. Sl\u00e5 bara p\u00e5 str\u00f6mmen, [&hellip;]<\/p>\n","protected":false},"featured_media":5537,"comment_status":"open","ping_status":"closed","template":"","meta":{"site-sidebar-layout":"default","site-content-layout":"","ast-site-content-layout":"default","site-content-style":"default","site-sidebar-style":"default","ast-global-header-display":"","ast-banner-title-visibility":"","ast-main-header-display":"","ast-hfb-above-header-display":"","ast-hfb-below-header-display":"","ast-hfb-mobile-header-display":"","site-post-title":"","ast-breadcrumbs-content":"","ast-featured-img":"","footer-sml-layout":"","theme-transparent-header-meta":"default","adv-header-id-meta":"","stick-header-meta":"","header-above-stick-meta":"","header-main-stick-meta":"","header-below-stick-meta":"","astra-migrate-meta-layouts":"set","ast-page-background-enabled":"default","ast-page-background-meta":{"desktop":{"background-color":"var(--ast-global-color-4)","background-image":"","background-repeat":"repeat","background-position":"center center","background-size":"auto","background-attachment":"scroll","background-type":"","background-media":"","overlay-type":"","overlay-color":"","overlay-opacity":"","overlay-gradient":""},"tablet":{"background-color":"","background-image":"","background-repeat":"repeat","background-position":"center center","background-size":"auto","background-attachment":"scroll","background-type":"","background-media":"","overlay-type":"","overlay-color":"","overlay-opacity":"","overlay-gradient":""},"mobile":{"background-color":"","background-image":"","background-repeat":"repeat","background-position":"center center","background-size":"auto","background-attachment":"scroll","background-type":"","background-media":"","overlay-type":"","overlay-color":"","overlay-opacity":"","overlay-gradient":""}},"ast-content-background-meta":{"desktop":{"background-color":"var(--ast-global-color-5)","background-image":"","background-repeat":"repeat","background-position":"center center","background-size":"auto","background-attachment":"scroll","background-type":"","background-media":"","overlay-type":"","overlay-color":"","overlay-opacity":"","overlay-gradient":""},"tablet":{"background-color":"var(--ast-global-color-5)","background-image":"","background-repeat":"repeat","background-position":"center center","background-size":"auto","background-attachment":"scroll","background-type":"","background-media":"","overlay-type":"","overlay-color":"","overlay-opacity":"","overlay-gradient":""},"mobile":{"background-color":"var(--ast-global-color-5)","background-image":"","background-repeat":"repeat","background-position":"center center","background-size":"auto","background-attachment":"scroll","background-type":"","background-media":"","overlay-type":"","overlay-color":"","overlay-opacity":"","overlay-gradient":""}}},"product_brand":[],"product_cat":[990],"product_tag":[],"class_list":{"0":"post-5541","1":"product","2":"type-product","3":"status-publish","4":"has-post-thumbnail","6":"product_cat-toys-childrens-and-baby-products","7":"pa_5b1zsega-bla","8":"pa_5b1zsega-lila","9":"pa_5b1zsega-rod","10":"desktop-align-left","11":"tablet-align-left","12":"mobile-align-left","14":"first","15":"instock","16":"shipping-taxable","17":"purchasable","18":"product-type-variable"},"_links":{"self":[{"href":"https:\/\/keluvo.com\/se\/wp-json\/wp\/v2\/product\/5541","targetHints":{"allow":["GET"]}}],"collection":[{"href":"https:\/\/keluvo.com\/se\/wp-json\/wp\/v2\/product"}],"about":[{"href":"https:\/\/keluvo.com\/se\/wp-json\/wp\/v2\/types\/product"}],"replies":[{"embeddable":true,"href":"https:\/\/keluvo.com\/se\/wp-json\/wp\/v2\/comments?post=5541"}],"wp:featuredmedia":[{"embeddable":true,"href":"https:\/\/keluvo.com\/se\/wp-json\/wp\/v2\/media\/5537"}],"wp:attachment":[{"href":"https:\/\/keluvo.com\/se\/wp-json\/wp\/v2\/media?parent=5541"}],"wp:term":[{"taxonomy":"product_brand","embeddable":true,"href":"https:\/\/keluvo.com\/se\/wp-json\/wp\/v2\/product_brand?post=5541"},{"taxonomy":"product_cat","embeddable":true,"href":"https:\/\/keluvo.com\/se\/wp-json\/wp\/v2\/product_cat?post=5541"},{"taxonomy":"product_tag","embeddable":true,"href":"https:\/\/keluvo.com\/se\/wp-json\/wp\/v2\/product_tag?post=5541"}],"curies":[{"name":"wp","href":"https:\/\/api.w.org\/{rel}","templated":true}]}}