{"id":5527,"date":"2025-01-14T11:53:49","date_gmt":"2025-01-14T09:53:49","guid":{"rendered":"https:\/\/keluvo.com\/se\/product\/nagelklippare\/"},"modified":"2025-01-14T11:54:05","modified_gmt":"2025-01-14T09:54:05","slug":"nagelklippare","status":"publish","type":"product","link":"https:\/\/keluvo.com\/se\/product\/nagelklippare\/","title":{"rendered":"Nagelklippare"},"content":{"rendered":"<h2 style=\"text-align: center\"><strong>Skarp Och Exakt Klippning<\/strong><\/h2>\n<p style=\"text-align: center\">Nagelklipparen har ett skarpt blad med h\u00f6g densitet som ger en ren och j\u00e4mn klippning med minimal anstr\u00e4ngning. Den \u00e4r tillverkad med avancerad teknik och beh\u00e5ller sk\u00e4rpan \u00f6ver tid, vilket g\u00f6r den perfekt f\u00f6r regelbunden anv\u00e4ndning. Den \u00e4r idealisk f\u00f6r b\u00e5de finger- och t\u00e5naglar och ger en professionell groomingupplevelse.<\/p>\n<p><img fetchpriority=\"high\" decoding=\"async\" width=\"1200\" height=\"1200\" class=\"alignnone size-medium wp-image-2914 aligncenter\" src=\"https:\/\/keluvo.com\/template\/wp-content\/uploads\/sites\/5\/2024\/11\/High-quality-Nail-Clippers-Stainless-Steel-Wide-Jaw-Opening-Manicure-Fingernail-Cutter-Thick-Hard-Ingrown-Toenail.jpg_-removebg-preview.png\" alt=\"\" srcset=\"https:\/\/keluvo.com\/se\/wp-content\/uploads\/sites\/12\/2024\/11\/High-quality-Nail-Clippers-Stainless-Steel-Wide-Jaw-Opening-Manicure-Fingernail-Cutter-Thick-Hard-Ingrown-Toenail.jpg_-removebg-preview.png 1200w, https:\/\/keluvo.com\/se\/wp-content\/uploads\/sites\/12\/2024\/11\/High-quality-Nail-Clippers-Stainless-Steel-Wide-Jaw-Opening-Manicure-Fingernail-Cutter-Thick-Hard-Ingrown-Toenail.jpg_-removebg-preview-300x300.png 300w, https:\/\/keluvo.com\/se\/wp-content\/uploads\/sites\/12\/2024\/11\/High-quality-Nail-Clippers-Stainless-Steel-Wide-Jaw-Opening-Manicure-Fingernail-Cutter-Thick-Hard-Ingrown-Toenail.jpg_-removebg-preview-1024x1024.png 1024w, https:\/\/keluvo.com\/se\/wp-content\/uploads\/sites\/12\/2024\/11\/High-quality-Nail-Clippers-Stainless-Steel-Wide-Jaw-Opening-Manicure-Fingernail-Cutter-Thick-Hard-Ingrown-Toenail.jpg_-removebg-preview-150x150.png 150w, https:\/\/keluvo.com\/se\/wp-content\/uploads\/sites\/12\/2024\/11\/High-quality-Nail-Clippers-Stainless-Steel-Wide-Jaw-Opening-Manicure-Fingernail-Cutter-Thick-Hard-Ingrown-Toenail.jpg_-removebg-preview-768x768.png 768w, https:\/\/keluvo.com\/se\/wp-content\/uploads\/sites\/12\/2024\/11\/High-quality-Nail-Clippers-Stainless-Steel-Wide-Jaw-Opening-Manicure-Fingernail-Cutter-Thick-Hard-Ingrown-Toenail.jpg_-removebg-preview-600x600.png 600w, https:\/\/keluvo.com\/se\/wp-content\/uploads\/sites\/12\/2024\/11\/High-quality-Nail-Clippers-Stainless-Steel-Wide-Jaw-Opening-Manicure-Fingernail-Cutter-Thick-Hard-Ingrown-Toenail.jpg_-removebg-preview-100x100.png 100w, https:\/\/keluvo.com\/se\/wp-content\/uploads\/sites\/12\/2024\/11\/High-quality-Nail-Clippers-Stainless-Steel-Wide-Jaw-Opening-Manicure-Fingernail-Cutter-Thick-Hard-Ingrown-Toenail.jpg_-removebg-preview-50x50.png 50w\" sizes=\"(max-width: 1200px) 100vw, 1200px\" \/><\/p>\n<h2 style=\"text-align: center\"><strong>Bred K\u00e4ft F\u00f6r Tjocka Naglar<\/strong><\/h2>\n<p style=\"text-align: center\">Med en bred k\u00e4ft\u00f6ppning \u00e4r denna nagelklippare utformad f\u00f6r att hantera naglar av alla typer, inklusive tjocka och h\u00e5rda naglar. Dess robusta konstruktion och st\u00f6rre \u00f6ppning g\u00f6r den s\u00e4rskilt anv\u00e4ndbar f\u00f6r att klippa h\u00e5rda eller invuxna t\u00e5naglar, vilket ger dig kontroll och l\u00e4tthet i varje klippning.<\/p>\n<p><img decoding=\"async\" width=\"540\" height=\"540\" class=\"alignnone size-medium wp-image-2916 aligncenter\" src=\"https:\/\/keluvo.com\/template\/wp-content\/uploads\/sites\/5\/2024\/11\/961dd91b-94c8-4073-97ee-1028750e3b8d.webp\" alt=\"\" srcset=\"https:\/\/keluvo.com\/se\/wp-content\/uploads\/sites\/12\/2024\/11\/961dd91b-94c8-4073-97ee-1028750e3b8d.webp 540w, https:\/\/keluvo.com\/se\/wp-content\/uploads\/sites\/12\/2024\/11\/961dd91b-94c8-4073-97ee-1028750e3b8d-300x300.webp 300w, https:\/\/keluvo.com\/se\/wp-content\/uploads\/sites\/12\/2024\/11\/961dd91b-94c8-4073-97ee-1028750e3b8d-150x150.webp 150w, https:\/\/keluvo.com\/se\/wp-content\/uploads\/sites\/12\/2024\/11\/961dd91b-94c8-4073-97ee-1028750e3b8d-100x100.webp 100w, https:\/\/keluvo.com\/se\/wp-content\/uploads\/sites\/12\/2024\/11\/961dd91b-94c8-4073-97ee-1028750e3b8d-50x50.webp 50w\" sizes=\"(max-width: 540px) 100vw, 540px\" \/><\/p>\n","protected":false},"excerpt":{"rendered":"<p>Skarp Och Exakt Klippning Nagelklipparen har ett skarpt blad med h\u00f6g densitet som ger en ren och j\u00e4mn klippning med [&hellip;]<\/p>\n","protected":false},"featured_media":5523,"comment_status":"open","ping_status":"closed","template":"","meta":{"site-sidebar-layout":"default","site-content-layout":"","ast-site-content-layout":"default","site-content-style":"default","site-sidebar-style":"default","ast-global-header-display":"","ast-banner-title-visibility":"","ast-main-header-display":"","ast-hfb-above-header-display":"","ast-hfb-below-header-display":"","ast-hfb-mobile-header-display":"","site-post-title":"","ast-breadcrumbs-content":"","ast-featured-img":"","footer-sml-layout":"","theme-transparent-header-meta":"default","adv-header-id-meta":"","stick-header-meta":"","header-above-stick-meta":"","header-main-stick-meta":"","header-below-stick-meta":"","astra-migrate-meta-layouts":"set","ast-page-background-enabled":"default","ast-page-background-meta":{"desktop":{"background-color":"var(--ast-global-color-4)","background-image":"","background-repeat":"repeat","background-position":"center center","background-size":"auto","background-attachment":"scroll","background-type":"","background-media":"","overlay-type":"","overlay-color":"","overlay-opacity":"","overlay-gradient":""},"tablet":{"background-color":"","background-image":"","background-repeat":"repeat","background-position":"center center","background-size":"auto","background-attachment":"scroll","background-type":"","background-media":"","overlay-type":"","overlay-color":"","overlay-opacity":"","overlay-gradient":""},"mobile":{"background-color":"","background-image":"","background-repeat":"repeat","background-position":"center center","background-size":"auto","background-attachment":"scroll","background-type":"","background-media":"","overlay-type":"","overlay-color":"","overlay-opacity":"","overlay-gradient":""}},"ast-content-background-meta":{"desktop":{"background-color":"var(--ast-global-color-5)","background-image":"","background-repeat":"repeat","background-position":"center center","background-size":"auto","background-attachment":"scroll","background-type":"","background-media":"","overlay-type":"","overlay-color":"","overlay-opacity":"","overlay-gradient":""},"tablet":{"background-color":"var(--ast-global-color-5)","background-image":"","background-repeat":"repeat","background-position":"center center","background-size":"auto","background-attachment":"scroll","background-type":"","background-media":"","overlay-type":"","overlay-color":"","overlay-opacity":"","overlay-gradient":""},"mobile":{"background-color":"var(--ast-global-color-5)","background-image":"","background-repeat":"repeat","background-position":"center center","background-size":"auto","background-attachment":"scroll","background-type":"","background-media":"","overlay-type":"","overlay-color":"","overlay-opacity":"","overlay-gradient":""}}},"product_brand":[],"product_cat":[993],"product_tag":[],"class_list":{"0":"post-5527","1":"product","2":"type-product","3":"status-publish","4":"has-post-thumbnail","6":"product_cat-footwear-accessories","7":"pa_m6nmia4f-silver","8":"pa_m6nmia4f-svart","9":"desktop-align-left","10":"tablet-align-left","11":"mobile-align-left","13":"first","14":"instock","15":"shipping-taxable","16":"purchasable","17":"product-type-variable"},"_links":{"self":[{"href":"https:\/\/keluvo.com\/se\/wp-json\/wp\/v2\/product\/5527","targetHints":{"allow":["GET"]}}],"collection":[{"href":"https:\/\/keluvo.com\/se\/wp-json\/wp\/v2\/product"}],"about":[{"href":"https:\/\/keluvo.com\/se\/wp-json\/wp\/v2\/types\/product"}],"replies":[{"embeddable":true,"href":"https:\/\/keluvo.com\/se\/wp-json\/wp\/v2\/comments?post=5527"}],"wp:featuredmedia":[{"embeddable":true,"href":"https:\/\/keluvo.com\/se\/wp-json\/wp\/v2\/media\/5523"}],"wp:attachment":[{"href":"https:\/\/keluvo.com\/se\/wp-json\/wp\/v2\/media?parent=5527"}],"wp:term":[{"taxonomy":"product_brand","embeddable":true,"href":"https:\/\/keluvo.com\/se\/wp-json\/wp\/v2\/product_brand?post=5527"},{"taxonomy":"product_cat","embeddable":true,"href":"https:\/\/keluvo.com\/se\/wp-json\/wp\/v2\/product_cat?post=5527"},{"taxonomy":"product_tag","embeddable":true,"href":"https:\/\/keluvo.com\/se\/wp-json\/wp\/v2\/product_tag?post=5527"}],"curies":[{"name":"wp","href":"https:\/\/api.w.org\/{rel}","templated":true}]}}