{"id":55180,"date":"2025-12-15T20:38:44","date_gmt":"2025-12-15T18:38:44","guid":{"rendered":"https:\/\/keluvo.com\/se\/product\/hallningskorrigerare\/"},"modified":"2025-12-15T20:44:35","modified_gmt":"2025-12-15T18:44:35","slug":"hallningskorrigerare","status":"publish","type":"product","link":"https:\/\/keluvo.com\/se\/product\/hallningskorrigerare\/","title":{"rendered":"H\u00e5llningskorrigerare"},"content":{"rendered":"<div class=\"b-b-b-bullet-row\">\n<div class=\"b-b-b-dropdown-icon-text\">\n<div class=\"b-b-b-bullet-icon-container\">\n<div class=\"custom-image-container\" style=\"text-align: center\"><img decoding=\"async\" class=\"custom-image alignnone\" src=\"https:\/\/cdn.shopify.com\/s\/files\/1\/0601\/8259\/3793\/files\/15_5.png?v=1755162200&amp;width=40\" width=\"25\" height=\"25\" \/> <span style=\"font-size: 16px\">Ger omedelbart en rak och sund h\u00e5llning<\/span><\/div>\n<\/div>\n<\/div>\n<\/div>\n<div class=\"b-b-b-bullet-row\" style=\"text-align: center\">\n<div class=\"b-b-b-dropdown-icon-text\">\n<div class=\"b-b-b-bullet-icon-container\">\n<div class=\"custom-image-container\"><img decoding=\"async\" class=\"custom-image\" src=\"https:\/\/cdn.shopify.com\/s\/files\/1\/0601\/8259\/3793\/files\/16_6.png?v=1755162201&amp;width=40\" width=\"25\" height=\"25\" \/> <span style=\"font-size: 16px\">Lindrar sm\u00e4rta i rygg, axlar och nacke<\/span><\/div>\n<\/div>\n<\/div>\n<\/div>\n<div class=\"b-b-b-bullet-row\">\n<div class=\"b-b-b-dropdown-icon-text\">\n<div class=\"b-b-b-bullet-icon-container\">\n<div class=\"custom-image-container\" style=\"text-align: center\"><img decoding=\"async\" class=\"custom-image\" src=\"https:\/\/cdn.shopify.com\/s\/files\/1\/0601\/8259\/3793\/files\/17_4.png?v=1755162201&amp;width=40\" width=\"25\" height=\"25\" \/> <span style=\"font-size: 16px\">St\u00f6djer muskelinl\u00e4rning f\u00f6r h\u00e5llbar effekt<\/span><\/div>\n<h2><\/h2>\n<\/div>\n<\/div>\n<\/div>\n<h2 style=\"text-align: center\"><strong>D\u00e5lig H\u00e5llning Kan \u00d6ka Risken F\u00f6r Rygg- Och Nacksm\u00e4rta Med 50\u201370%<\/strong><\/h2>\n<p style=\"text-align: center\">Sm\u00e4rta i nacke, axlar eller rygg kommer ofta smygande och kan bero p\u00e5 d\u00e5lig h\u00e5llning eller ensidiga r\u00f6relser. Precis som du tar hand om dina n\u00e4ra och k\u00e4ra beh\u00f6ver du ocks\u00e5 ta hand om din egen kropp. Med \u00e5ren blir ryggen mer k\u00e4nslig och ibland kommer sm\u00e4rtan f\u00f6rst n\u00e4r skadan redan finns d\u00e4r. V\u00e5r posture corrector ger dig ett enkelt och bekv\u00e4mt s\u00e4tt att st\u00f6dja ryggen och f\u00f6rb\u00e4ttra h\u00e5llningen &#8211; utan dyra behandlingar, l\u00e5ng \u00e5terh\u00e4mtning eller on\u00f6dig sm\u00e4rta.<\/p>\n<p style=\"text-align: center\"><img loading=\"lazy\" decoding=\"async\" class=\"alignnone wp-image-45621\" src=\"https:\/\/keluvo.com\/template\/wp-content\/uploads\/sites\/5\/2025\/12\/Namnlos_design_67.webp\" alt=\"\" width=\"605\" height=\"605\" \/><\/p>\n<h2 style=\"text-align: center\"><strong>F\u00e5 Sjukgymnastens Resultat Hemma \ud83d\udcaa\u2728<\/strong><\/h2>\n<p style=\"text-align: center\">V\u00e5r posture corrector ger skonsamt st\u00f6d f\u00f6r rygg, axlar och nacke p\u00e5 bara n\u00e5gra sekunder. F\u00f6rb\u00e4ttrar h\u00e5llningen, minskar v\u00e4rk och f\u00f6rebygger framtida obehag.<\/p>\n<p style=\"text-align: center\"><img loading=\"lazy\" decoding=\"async\" class=\"alignnone wp-image-45617\" src=\"https:\/\/keluvo.com\/template\/wp-content\/uploads\/sites\/5\/2025\/12\/491510926_680659231606495_6984514643813415514_n_V4-ezgif.com-video-to-webp-converter.webp\" alt=\"\" width=\"585\" height=\"585\" \/><\/p>\n<h2 style=\"text-align: center\"><strong>En Enkel Vana Som G\u00f6r Stor Skillnad<\/strong><\/h2>\n<p style=\"text-align: center\">M\u00e5nga tror att b\u00e4ttre h\u00e5llning kr\u00e4ver dyra behandlingar och h\u00e5rd tr\u00e4ning. Men med den h\u00e4r h\u00e5llningskorrigeraren \u00e4r det s\u00e5 enkelt att du faktiskt kommer att anv\u00e4nda den. Bara n\u00e5gra minuter om dagen kan r\u00e4cka f\u00f6r att minska v\u00e4rk och f\u00f6rebygga framtida problem. Rakare h\u00e5llning, mindre v\u00e4rk och mer energi, stark och stabil rygg p\u00e5verkar hela kroppen. Med denna h\u00e5llningskorrigerare f\u00e5r du inte bara en rakare h\u00e5llning och mindre sm\u00e4rta, utan ocks\u00e5 \u00f6kat v\u00e4lbefinnande och energi i vardagen. Mindre stelhet, mer r\u00f6relse och mer livskvalitet.<\/p>\n<p style=\"text-align: center\"><img loading=\"lazy\" decoding=\"async\" class=\"alignnone wp-image-45618\" src=\"https:\/\/keluvo.com\/template\/wp-content\/uploads\/sites\/5\/2025\/12\/491510926_680659231606495_6984514643813415514_n_V9-ezgif.com-video-to-webp-converter.webp\" alt=\"\" width=\"551\" height=\"551\" \/><\/p>\n<h2 style=\"text-align: center\"><strong>Diskret L\u00f6sning F\u00f6r Dina Ryggproblem<\/strong><\/h2>\n<p style=\"text-align: center\">Det som g\u00f6r v\u00e5r h\u00e5llningskorrigering unik \u00e4r att ingen ser den. Du beh\u00f6ver inte skylta med dina problem eller k\u00e4nna dig utpekad. Du g\u00e5r ut genom d\u00f6rren, m\u00f6ter m\u00e4nniskor och ler l\u00e4ngs rak h\u00e5llning utan att n\u00e5gon f\u00f6rst\u00e5r hur du lyckades. M\u00e5nga s\u00e4ger att de \u00f6nskar att de hade f\u00e5tt sin v\u00e4st tidigare. Nu beh\u00f6ver du inte v\u00e4nta. Just nu kan du k\u00f6pa tv\u00e5 eller fler till kampanjpris s\u00e5 att du kan ge din partner, en v\u00e4n eller en familjemedlem samma m\u00f6jlighet att uppleva skillnaden.<\/p>\n<p style=\"text-align: center\"><img loading=\"lazy\" decoding=\"async\" class=\"alignnone wp-image-45622\" src=\"https:\/\/keluvo.com\/template\/wp-content\/uploads\/sites\/5\/2025\/12\/ChatGPT_Image_29_aug._2025_16_08_04-1.webp\" alt=\"\" width=\"485\" height=\"485\" \/><\/p>\n<h2 style=\"text-align: center\" data-start=\"43\" data-end=\"110\"><strong>En v\u00e4lfungerande kropp ska inte kr\u00e4va dyra bes\u00f6k hos fysioterapeut\u2026<\/strong><\/h2>\n<p style=\"text-align: center\" data-start=\"112\" data-end=\"381\">Behandlingar och rehabilitering f\u00f6r rygg- och nackproblem kan kosta tusentals kronor och ta l\u00e5ng tid. Denna h\u00e5llningskorrigerare kostar en br\u00e5kdel och kan anv\u00e4ndas s\u00e4kert hemma, helt utan risk. V\u00e5rt m\u00e5l \u00e4r enkelt: rakare h\u00e5llning, mindre v\u00e4rk och mer energi i vardagen.<\/p>\n<h2 style=\"text-align: center\" data-start=\"383\" data-end=\"424\"><strong>Skonsam, s\u00e4ker och anpassad f\u00f6r din kropp<\/strong><\/h2>\n<p style=\"text-align: center\" data-start=\"383\" data-end=\"424\">Skonsam, s\u00e4ker och anpassad f\u00f6r din kropp<\/p>\n<h2 style=\"text-align: center\" data-start=\"617\" data-end=\"629\"><strong>F\u00f6re &amp; Efter<\/strong><\/h2>\n<p style=\"text-align: center\" data-start=\"631\" data-end=\"758\">Se n\u00e5gra av f\u00f6re- och efterbilder som v\u00e5ra anv\u00e4ndare har skickat in efter att ha anv\u00e4nt v\u00e5r h\u00e5llningskorrigerare kontinuerligt.<\/p>\n<p data-start=\"631\" data-end=\"758\"><img loading=\"lazy\" decoding=\"async\" class=\"wp-image-55179 aligncenter\" src=\"https:\/\/keluvo.com\/se\/wp-content\/uploads\/sites\/12\/2025\/12\/iiy73a2-1.jpg\" alt=\"\" width=\"529\" height=\"529\" srcset=\"https:\/\/keluvo.com\/se\/wp-content\/uploads\/sites\/12\/2025\/12\/iiy73a2-1.jpg 1080w, https:\/\/keluvo.com\/se\/wp-content\/uploads\/sites\/12\/2025\/12\/iiy73a2-1-800x800.jpg 800w, https:\/\/keluvo.com\/se\/wp-content\/uploads\/sites\/12\/2025\/12\/iiy73a2-1-300x300.jpg 300w\" sizes=\"(max-width: 529px) 100vw, 529px\" \/><\/p>\n<p style=\"text-align: center\" data-start=\"760\" data-end=\"797\"><strong>Richard G, efter 3 veckors anv\u00e4ndning<\/strong><\/p>\n<p data-start=\"799\" data-end=\"833\"><img loading=\"lazy\" decoding=\"async\" class=\"wp-image-55174 aligncenter\" src=\"https:\/\/keluvo.com\/se\/wp-content\/uploads\/sites\/12\/2025\/12\/e8pgpe9.jpg\" alt=\"\" width=\"524\" height=\"524\" srcset=\"https:\/\/keluvo.com\/se\/wp-content\/uploads\/sites\/12\/2025\/12\/e8pgpe9.jpg 1080w, https:\/\/keluvo.com\/se\/wp-content\/uploads\/sites\/12\/2025\/12\/e8pgpe9-800x800.jpg 800w, https:\/\/keluvo.com\/se\/wp-content\/uploads\/sites\/12\/2025\/12\/e8pgpe9-300x300.jpg 300w\" sizes=\"(max-width: 524px) 100vw, 524px\" \/><\/p>\n<p style=\"text-align: center\" data-start=\"799\" data-end=\"833\"><strong>Sara L, efter 2 veckors anv\u00e4ndning<\/strong><\/p>\n<table>\n<thead>\n<tr>\n<th>Storlek<\/th>\n<th>L\u00e4ngd (cm)<\/th>\n<th>Vikt (kg)<\/th>\n<\/tr>\n<\/thead>\n<tbody>\n<tr>\n<td>XS<\/td>\n<td>130\u2013160<\/td>\n<td>30\u201345<\/td>\n<\/tr>\n<tr>\n<td>S<\/td>\n<td>150\u2013170<\/td>\n<td>40\u201360<\/td>\n<\/tr>\n<tr>\n<td>M<\/td>\n<td>170\u2013180<\/td>\n<td>60\u201380<\/td>\n<\/tr>\n<tr>\n<td>L<\/td>\n<td>180\u2013190<\/td>\n<td>70\u201390<\/td>\n<\/tr>\n<tr>\n<td>XL<\/td>\n<td>190\u2013210<\/td>\n<td>85\u2013110<\/td>\n<\/tr>\n<\/tbody>\n<\/table>\n<p style=\"text-align: center\">V\u00e5r h\u00e5llningskorrigerare \u00e4r en enkel och bepr\u00f6vad l\u00f6sning f\u00f6r att f\u00f6rb\u00e4ttra din h\u00e5llning och minska belastningen p\u00e5 rygg och axlar. Ge din kropp en starkare h\u00e5llning och en smidigare vardag \u2013 helt utan risk.<\/p>\n","protected":false},"excerpt":{"rendered":"<p>Ger omedelbart en rak och sund h\u00e5llning Lindrar sm\u00e4rta i rygg, axlar och nacke St\u00f6djer muskelinl\u00e4rning f\u00f6r h\u00e5llbar effekt D\u00e5lig [&hellip;]<\/p>\n","protected":false},"featured_media":55176,"comment_status":"open","ping_status":"closed","template":"","meta":{"site-sidebar-layout":"default","site-content-layout":"","ast-site-content-layout":"default","site-content-style":"default","site-sidebar-style":"default","ast-global-header-display":"","ast-banner-title-visibility":"","ast-main-header-display":"","ast-hfb-above-header-display":"","ast-hfb-below-header-display":"","ast-hfb-mobile-header-display":"","site-post-title":"","ast-breadcrumbs-content":"","ast-featured-img":"","footer-sml-layout":"","theme-transparent-header-meta":"default","adv-header-id-meta":"","stick-header-meta":"","header-above-stick-meta":"","header-main-stick-meta":"","header-below-stick-meta":"","astra-migrate-meta-layouts":"set","ast-page-background-enabled":"default","ast-page-background-meta":{"desktop":{"background-color":"var(--ast-global-color-4)","background-image":"","background-repeat":"repeat","background-position":"center center","background-size":"auto","background-attachment":"scroll","background-type":"","background-media":"","overlay-type":"","overlay-color":"","overlay-opacity":"","overlay-gradient":""},"tablet":{"background-color":"","background-image":"","background-repeat":"repeat","background-position":"center center","background-size":"auto","background-attachment":"scroll","background-type":"","background-media":"","overlay-type":"","overlay-color":"","overlay-opacity":"","overlay-gradient":""},"mobile":{"background-color":"","background-image":"","background-repeat":"repeat","background-position":"center center","background-size":"auto","background-attachment":"scroll","background-type":"","background-media":"","overlay-type":"","overlay-color":"","overlay-opacity":"","overlay-gradient":""}},"ast-content-background-meta":{"desktop":{"background-color":"var(--ast-global-color-5)","background-image":"","background-repeat":"repeat","background-position":"center center","background-size":"auto","background-attachment":"scroll","background-type":"","background-media":"","overlay-type":"","overlay-color":"","overlay-opacity":"","overlay-gradient":""},"tablet":{"background-color":"var(--ast-global-color-5)","background-image":"","background-repeat":"repeat","background-position":"center center","background-size":"auto","background-attachment":"scroll","background-type":"","background-media":"","overlay-type":"","overlay-color":"","overlay-opacity":"","overlay-gradient":""},"mobile":{"background-color":"var(--ast-global-color-5)","background-image":"","background-repeat":"repeat","background-position":"center center","background-size":"auto","background-attachment":"scroll","background-type":"","background-media":"","overlay-type":"","overlay-color":"","overlay-opacity":"","overlay-gradient":""}}},"product_brand":[],"product_cat":[15],"product_tag":[],"class_list":{"0":"post-55180","1":"product","2":"type-product","3":"status-publish","4":"has-post-thumbnail","6":"product_cat-uncategorized","7":"pa_68297_3hdtq7i4-xs-30-45-kg","8":"pa_68297_3hdtq7i4-s-40-60-kg","9":"pa_68297_3hdtq7i4-m-60-80-kg","10":"pa_68297_3hdtq7i4-l-70-90-kg","11":"pa_68297_3hdtq7i4-xl-85-110-kg","12":"desktop-align-left","13":"tablet-align-left","14":"mobile-align-left","16":"first","17":"instock","18":"shipping-taxable","19":"purchasable","20":"product-type-variable"},"_links":{"self":[{"href":"https:\/\/keluvo.com\/se\/wp-json\/wp\/v2\/product\/55180","targetHints":{"allow":["GET"]}}],"collection":[{"href":"https:\/\/keluvo.com\/se\/wp-json\/wp\/v2\/product"}],"about":[{"href":"https:\/\/keluvo.com\/se\/wp-json\/wp\/v2\/types\/product"}],"replies":[{"embeddable":true,"href":"https:\/\/keluvo.com\/se\/wp-json\/wp\/v2\/comments?post=55180"}],"wp:featuredmedia":[{"embeddable":true,"href":"https:\/\/keluvo.com\/se\/wp-json\/wp\/v2\/media\/55176"}],"wp:attachment":[{"href":"https:\/\/keluvo.com\/se\/wp-json\/wp\/v2\/media?parent=55180"}],"wp:term":[{"taxonomy":"product_brand","embeddable":true,"href":"https:\/\/keluvo.com\/se\/wp-json\/wp\/v2\/product_brand?post=55180"},{"taxonomy":"product_cat","embeddable":true,"href":"https:\/\/keluvo.com\/se\/wp-json\/wp\/v2\/product_cat?post=55180"},{"taxonomy":"product_tag","embeddable":true,"href":"https:\/\/keluvo.com\/se\/wp-json\/wp\/v2\/product_tag?post=55180"}],"curies":[{"name":"wp","href":"https:\/\/api.w.org\/{rel}","templated":true}]}}