{"id":5518,"date":"2025-01-14T11:50:28","date_gmt":"2025-01-14T09:50:28","guid":{"rendered":"https:\/\/keluvo.com\/se\/product\/projektionsljus\/"},"modified":"2025-08-14T13:55:14","modified_gmt":"2025-08-14T11:55:14","slug":"projektionsljus","status":"publish","type":"product","link":"https:\/\/keluvo.com\/se\/product\/projektionsljus\/","title":{"rendered":"Projektionsljus"},"content":{"rendered":"<h2 style=\"text-align: center\"><strong>Avslappnande St\u00e4mning Nattetid<\/strong><\/h2>\n<p style=\"text-align: center\">Projektionslampan f\u00f6rvandlar alla rum till en lugnande oas med sina mjuka, f\u00e4rgglada ljusm\u00f6nster. Den \u00e4r utformad f\u00f6r att hj\u00e4lpa b\u00e5de barn och vuxna att varva ner och skapar en lugnande atmosf\u00e4r som kan uppmuntra till vilsam s\u00f6mn. Lampan \u00e4r perfekt f\u00f6r s\u00e4ngdagsrutiner och skapar en mjuk, stj\u00e4rnklar effekt som \u00e4r avslappnande att titta p\u00e5.<\/p>\n<p><img fetchpriority=\"high\" decoding=\"async\" width=\"720\" height=\"720\" class=\"alignnone size-medium wp-image-2891 aligncenter\" src=\"https:\/\/keluvo.com\/template\/wp-content\/uploads\/sites\/5\/2024\/11\/fb9f795e-bc38-413c-a996-57626d411508.webp\" alt=\"\" srcset=\"https:\/\/keluvo.com\/se\/wp-content\/uploads\/sites\/12\/2024\/11\/fb9f795e-bc38-413c-a996-57626d411508.webp 720w, https:\/\/keluvo.com\/se\/wp-content\/uploads\/sites\/12\/2024\/11\/fb9f795e-bc38-413c-a996-57626d411508-300x300.webp 300w, https:\/\/keluvo.com\/se\/wp-content\/uploads\/sites\/12\/2024\/11\/fb9f795e-bc38-413c-a996-57626d411508-150x150.webp 150w, https:\/\/keluvo.com\/se\/wp-content\/uploads\/sites\/12\/2024\/11\/fb9f795e-bc38-413c-a996-57626d411508-600x600.webp 600w, https:\/\/keluvo.com\/se\/wp-content\/uploads\/sites\/12\/2024\/11\/fb9f795e-bc38-413c-a996-57626d411508-100x100.webp 100w, https:\/\/keluvo.com\/se\/wp-content\/uploads\/sites\/12\/2024\/11\/fb9f795e-bc38-413c-a996-57626d411508-50x50.webp 50w\" sizes=\"(max-width: 720px) 100vw, 720px\" \/><\/p>\n<h2 style=\"text-align: center\"><strong>Multifunktionella Belysningsalternativ<\/strong><\/h2>\n<p style=\"text-align: center\">Anv\u00e4nd projektionslampan som b\u00e5de nattlampa och projektor f\u00f6r en m\u00e5ngsidig rumsinredning. Med locket p\u00e5 fungerar den som en mild nattlampa; ta bort locket och den blir en fascinerande galaxprojektor. Med fj\u00e4rrkontrollen kan du enkelt v\u00e4xla mellan f\u00e4rger och ljusm\u00f6nster f\u00f6r att passa alla st\u00e4mningar och milj\u00f6er.<\/p>\n<p style=\"text-align: center\"><img decoding=\"async\" width=\"720\" height=\"720\" class=\"alignnone size-medium wp-image-2890\" src=\"https:\/\/keluvo.com\/template\/wp-content\/uploads\/sites\/5\/2024\/11\/acb1993a-cc94-4571-8b91-a3d75443ab3c.webp\" alt=\"\" srcset=\"https:\/\/keluvo.com\/se\/wp-content\/uploads\/sites\/12\/2024\/11\/acb1993a-cc94-4571-8b91-a3d75443ab3c.webp 720w, https:\/\/keluvo.com\/se\/wp-content\/uploads\/sites\/12\/2024\/11\/acb1993a-cc94-4571-8b91-a3d75443ab3c-300x300.webp 300w, https:\/\/keluvo.com\/se\/wp-content\/uploads\/sites\/12\/2024\/11\/acb1993a-cc94-4571-8b91-a3d75443ab3c-150x150.webp 150w, https:\/\/keluvo.com\/se\/wp-content\/uploads\/sites\/12\/2024\/11\/acb1993a-cc94-4571-8b91-a3d75443ab3c-600x600.webp 600w, https:\/\/keluvo.com\/se\/wp-content\/uploads\/sites\/12\/2024\/11\/acb1993a-cc94-4571-8b91-a3d75443ab3c-100x100.webp 100w, https:\/\/keluvo.com\/se\/wp-content\/uploads\/sites\/12\/2024\/11\/acb1993a-cc94-4571-8b91-a3d75443ab3c-50x50.webp 50w\" sizes=\"(max-width: 720px) 100vw, 720px\" \/><\/p>\n","protected":false},"excerpt":{"rendered":"<p>Avslappnande St\u00e4mning Nattetid Projektionslampan f\u00f6rvandlar alla rum till en lugnande oas med sina mjuka, f\u00e4rgglada ljusm\u00f6nster. Den \u00e4r utformad f\u00f6r [&hellip;]<\/p>\n","protected":false},"featured_media":5514,"comment_status":"open","ping_status":"closed","template":"","meta":{"site-sidebar-layout":"default","site-content-layout":"","ast-site-content-layout":"default","site-content-style":"default","site-sidebar-style":"default","ast-global-header-display":"","ast-banner-title-visibility":"","ast-main-header-display":"","ast-hfb-above-header-display":"","ast-hfb-below-header-display":"","ast-hfb-mobile-header-display":"","site-post-title":"","ast-breadcrumbs-content":"","ast-featured-img":"","footer-sml-layout":"","theme-transparent-header-meta":"default","adv-header-id-meta":"","stick-header-meta":"","header-above-stick-meta":"","header-main-stick-meta":"","header-below-stick-meta":"","astra-migrate-meta-layouts":"set","ast-page-background-enabled":"default","ast-page-background-meta":{"desktop":{"background-color":"var(--ast-global-color-4)","background-image":"","background-repeat":"repeat","background-position":"center center","background-size":"auto","background-attachment":"scroll","background-type":"","background-media":"","overlay-type":"","overlay-color":"","overlay-opacity":"","overlay-gradient":""},"tablet":{"background-color":"","background-image":"","background-repeat":"repeat","background-position":"center center","background-size":"auto","background-attachment":"scroll","background-type":"","background-media":"","overlay-type":"","overlay-color":"","overlay-opacity":"","overlay-gradient":""},"mobile":{"background-color":"","background-image":"","background-repeat":"repeat","background-position":"center center","background-size":"auto","background-attachment":"scroll","background-type":"","background-media":"","overlay-type":"","overlay-color":"","overlay-opacity":"","overlay-gradient":""}},"ast-content-background-meta":{"desktop":{"background-color":"var(--ast-global-color-5)","background-image":"","background-repeat":"repeat","background-position":"center center","background-size":"auto","background-attachment":"scroll","background-type":"","background-media":"","overlay-type":"","overlay-color":"","overlay-opacity":"","overlay-gradient":""},"tablet":{"background-color":"var(--ast-global-color-5)","background-image":"","background-repeat":"repeat","background-position":"center center","background-size":"auto","background-attachment":"scroll","background-type":"","background-media":"","overlay-type":"","overlay-color":"","overlay-opacity":"","overlay-gradient":""},"mobile":{"background-color":"var(--ast-global-color-5)","background-image":"","background-repeat":"repeat","background-position":"center center","background-size":"auto","background-attachment":"scroll","background-type":"","background-media":"","overlay-type":"","overlay-color":"","overlay-opacity":"","overlay-gradient":""}}},"product_brand":[],"product_cat":[1001],"product_tag":[],"class_list":{"0":"post-5518","1":"product","2":"type-product","3":"status-publish","4":"has-post-thumbnail","6":"product_cat-household-goods","7":"desktop-align-left","8":"tablet-align-left","9":"mobile-align-left","11":"first","12":"instock","13":"shipping-taxable","14":"purchasable","15":"product-type-simple"},"_links":{"self":[{"href":"https:\/\/keluvo.com\/se\/wp-json\/wp\/v2\/product\/5518","targetHints":{"allow":["GET"]}}],"collection":[{"href":"https:\/\/keluvo.com\/se\/wp-json\/wp\/v2\/product"}],"about":[{"href":"https:\/\/keluvo.com\/se\/wp-json\/wp\/v2\/types\/product"}],"replies":[{"embeddable":true,"href":"https:\/\/keluvo.com\/se\/wp-json\/wp\/v2\/comments?post=5518"}],"wp:featuredmedia":[{"embeddable":true,"href":"https:\/\/keluvo.com\/se\/wp-json\/wp\/v2\/media\/5514"}],"wp:attachment":[{"href":"https:\/\/keluvo.com\/se\/wp-json\/wp\/v2\/media?parent=5518"}],"wp:term":[{"taxonomy":"product_brand","embeddable":true,"href":"https:\/\/keluvo.com\/se\/wp-json\/wp\/v2\/product_brand?post=5518"},{"taxonomy":"product_cat","embeddable":true,"href":"https:\/\/keluvo.com\/se\/wp-json\/wp\/v2\/product_cat?post=5518"},{"taxonomy":"product_tag","embeddable":true,"href":"https:\/\/keluvo.com\/se\/wp-json\/wp\/v2\/product_tag?post=5518"}],"curies":[{"name":"wp","href":"https:\/\/api.w.org\/{rel}","templated":true}]}}