{"id":55155,"date":"2025-12-15T19:33:48","date_gmt":"2025-12-15T17:33:48","guid":{"rendered":"https:\/\/keluvo.com\/se\/product\/dekorativ-led-nattlampa-for-barn\/"},"modified":"2025-12-15T19:34:52","modified_gmt":"2025-12-15T17:34:52","slug":"dekorativ-led-nattlampa-for-barn","status":"publish","type":"product","link":"https:\/\/keluvo.com\/se\/product\/dekorativ-led-nattlampa-for-barn\/","title":{"rendered":"Dekorativ LED-nattlampa f\u00f6r barn"},"content":{"rendered":"<p class=\"p1\" style=\"text-align: center\">\u231b Monteras p\u00e5 n\u00e5gra sekunder, utan borr<\/p>\n<p class=\"p1\" style=\"text-align: center\">\ud83c\udfae \ufe0f F\u00f6rvandlar sovrummet till deras spelv\u00e4rld<\/p>\n<p class=\"p1\" style=\"text-align: center\">\ud83c\udf19 Lugnande nattlampor f\u00f6r barn som \u00e4r r\u00e4dda f\u00f6r m\u00f6rkret<\/p>\n<p class=\"p1\" style=\"text-align: center\">\ud83d\udd0c Laddningssladd ing\u00e5r, inga batterier beh\u00f6vs<\/p>\n<h2 class=\"section-header__title\" style=\"text-align: center\"><strong>F\u00f6rvandla Deras Favoritv\u00e4rld Till Liv<\/strong><\/h2>\n<div class=\"rte text-lead\">\n<p style=\"text-align: center\">Barn vill inte bara leka. De vill kliva in i sina favorit\u00e4ventyr.<\/p>\n<p style=\"text-align: center\">denna LED-nattlampa f\u00f6r barn f\u00f6rvandlar sovrummet till en s\u00e4ker, magisk spelv\u00e4rld som k\u00e4nns levande. Perfekt f\u00f6r l\u00e4ggdags, l\u00e4sh\u00f6rnor och f\u00f6r att lyfta upp deras inst\u00e4llning. Somna utan r\u00e4dsla f\u00f6r m\u00f6rkret med ett varmt, nattv\u00e4nligt sken.<\/p>\n<p style=\"text-align: center\"><img fetchpriority=\"high\" decoding=\"async\" class=\"alignnone size-full wp-image-45603\" src=\"https:\/\/keluvo.com\/template\/wp-content\/uploads\/sites\/5\/2025\/12\/gif-ezgif.com-video-to-webp-converter.webp\" alt=\"\" width=\"700\" height=\"700\" \/><\/p>\n<h2 style=\"text-align: center\"><strong>Installation I Tre Steg:<\/strong><\/h2>\n<h2 style=\"text-align: center\"><strong>Steg 1.<\/strong><\/h2>\n<h2><\/h2>\n<p style=\"text-align: center\"><img decoding=\"async\" class=\"alignnone size-full wp-image-45610\" src=\"https:\/\/keluvo.com\/template\/wp-content\/uploads\/sites\/5\/2025\/12\/IMG_8667.webp\" alt=\"\" width=\"600\" height=\"600\" \/><\/p>\n<h5 style=\"text-align: center\">Packa upp den dekorativa LED-nattlampan f\u00f6r barn<\/h5>\n<h2><\/h2>\n<h2 style=\"text-align: center\"><strong>Steg 2.<\/strong><\/h2>\n<h2><\/h2>\n<p style=\"text-align: center\"><img decoding=\"async\" class=\"size-full wp-image-45609 alignnone\" src=\"https:\/\/keluvo.com\/template\/wp-content\/uploads\/sites\/5\/2025\/12\/cee2deb6-8d42-4de6-9e98-2127d4bd749f.webp\" alt=\"\" width=\"600\" height=\"600\" \/><\/p>\n<h5 style=\"text-align: center\">F\u00e4st det medf\u00f6ljande v\u00e4ggf\u00e4stet. Enkelt och s\u00e4kert.<\/h5>\n<h2><\/h2>\n<h2 style=\"text-align: center\"><strong>Steg 3.<\/strong><\/h2>\n<h2><\/h2>\n<p style=\"text-align: center\"><img loading=\"lazy\" decoding=\"async\" class=\"alignnone size-full wp-image-45608\" src=\"https:\/\/keluvo.com\/template\/wp-content\/uploads\/sites\/5\/2025\/12\/1_4b9150a6-a8b9-4748-805a-41c309b9acc8.webp\" alt=\"\" width=\"600\" height=\"600\" \/><\/p>\n<h5 style=\"text-align: center\">Klicka p\u00e5 lampan och njut av det mysiga skenet \u2728<\/h5>\n<h2><\/h2>\n<h2 class=\"section-header__title\" style=\"text-align: center\"><strong>\u00c4ntligen En Nattlampa Fr\u00e5n Deras Favoritv\u00e4rld<\/strong><\/h2>\n<h2><\/h2>\n<div class=\"rte text-lead\">\n<p style=\"text-align: center\">Ordinarie nattlampor \u00e4r tr\u00e5kiga och blir snabbt ignorerade. V\u00e5r LED-nattlampa \u00e4r annorlunda. Den ser ut som om den kom direkt fr\u00e5n deras blockv\u00e4rld, s\u00e5 de vill faktiskt anv\u00e4nda den varje kv\u00e4ll.<\/p>\n<p><img loading=\"lazy\" decoding=\"async\" class=\"alignnone size-full wp-image-45611 aligncenter\" src=\"https:\/\/keluvo.com\/template\/wp-content\/uploads\/sites\/5\/2025\/12\/asdasdasd_1296x1296.webp\" alt=\"\" width=\"800\" height=\"800\" \/><\/p>\n<\/div>\n<\/div>\n","protected":false},"excerpt":{"rendered":"<p>\u231b Monteras p\u00e5 n\u00e5gra sekunder, utan borr \ud83c\udfae \ufe0f F\u00f6rvandlar sovrummet till deras spelv\u00e4rld \ud83c\udf19 Lugnande nattlampor f\u00f6r barn som [&hellip;]<\/p>\n","protected":false},"featured_media":55151,"comment_status":"open","ping_status":"closed","template":"","meta":{"site-sidebar-layout":"default","site-content-layout":"","ast-site-content-layout":"default","site-content-style":"default","site-sidebar-style":"default","ast-global-header-display":"","ast-banner-title-visibility":"","ast-main-header-display":"","ast-hfb-above-header-display":"","ast-hfb-below-header-display":"","ast-hfb-mobile-header-display":"","site-post-title":"","ast-breadcrumbs-content":"","ast-featured-img":"","footer-sml-layout":"","theme-transparent-header-meta":"default","adv-header-id-meta":"","stick-header-meta":"","header-above-stick-meta":"","header-main-stick-meta":"","header-below-stick-meta":"","astra-migrate-meta-layouts":"set","ast-page-background-enabled":"default","ast-page-background-meta":{"desktop":{"background-color":"var(--ast-global-color-4)","background-image":"","background-repeat":"repeat","background-position":"center center","background-size":"auto","background-attachment":"scroll","background-type":"","background-media":"","overlay-type":"","overlay-color":"","overlay-opacity":"","overlay-gradient":""},"tablet":{"background-color":"","background-image":"","background-repeat":"repeat","background-position":"center center","background-size":"auto","background-attachment":"scroll","background-type":"","background-media":"","overlay-type":"","overlay-color":"","overlay-opacity":"","overlay-gradient":""},"mobile":{"background-color":"","background-image":"","background-repeat":"repeat","background-position":"center center","background-size":"auto","background-attachment":"scroll","background-type":"","background-media":"","overlay-type":"","overlay-color":"","overlay-opacity":"","overlay-gradient":""}},"ast-content-background-meta":{"desktop":{"background-color":"var(--ast-global-color-5)","background-image":"","background-repeat":"repeat","background-position":"center center","background-size":"auto","background-attachment":"scroll","background-type":"","background-media":"","overlay-type":"","overlay-color":"","overlay-opacity":"","overlay-gradient":""},"tablet":{"background-color":"var(--ast-global-color-5)","background-image":"","background-repeat":"repeat","background-position":"center center","background-size":"auto","background-attachment":"scroll","background-type":"","background-media":"","overlay-type":"","overlay-color":"","overlay-opacity":"","overlay-gradient":""},"mobile":{"background-color":"var(--ast-global-color-5)","background-image":"","background-repeat":"repeat","background-position":"center center","background-size":"auto","background-attachment":"scroll","background-type":"","background-media":"","overlay-type":"","overlay-color":"","overlay-opacity":"","overlay-gradient":""}}},"product_brand":[],"product_cat":[15],"product_tag":[],"class_list":{"0":"post-55155","1":"product","2":"type-product","3":"status-publish","4":"has-post-thumbnail","6":"product_cat-uncategorized","7":"pa_68296_guyiuw50-2-st","8":"pa_68296_guyiuw50-3-st","9":"pa_68296_guyiuw50-4-st","10":"desktop-align-left","11":"tablet-align-left","12":"mobile-align-left","14":"first","15":"instock","16":"shipping-taxable","17":"purchasable","18":"product-type-variable"},"_links":{"self":[{"href":"https:\/\/keluvo.com\/se\/wp-json\/wp\/v2\/product\/55155","targetHints":{"allow":["GET"]}}],"collection":[{"href":"https:\/\/keluvo.com\/se\/wp-json\/wp\/v2\/product"}],"about":[{"href":"https:\/\/keluvo.com\/se\/wp-json\/wp\/v2\/types\/product"}],"replies":[{"embeddable":true,"href":"https:\/\/keluvo.com\/se\/wp-json\/wp\/v2\/comments?post=55155"}],"wp:featuredmedia":[{"embeddable":true,"href":"https:\/\/keluvo.com\/se\/wp-json\/wp\/v2\/media\/55151"}],"wp:attachment":[{"href":"https:\/\/keluvo.com\/se\/wp-json\/wp\/v2\/media?parent=55155"}],"wp:term":[{"taxonomy":"product_brand","embeddable":true,"href":"https:\/\/keluvo.com\/se\/wp-json\/wp\/v2\/product_brand?post=55155"},{"taxonomy":"product_cat","embeddable":true,"href":"https:\/\/keluvo.com\/se\/wp-json\/wp\/v2\/product_cat?post=55155"},{"taxonomy":"product_tag","embeddable":true,"href":"https:\/\/keluvo.com\/se\/wp-json\/wp\/v2\/product_tag?post=55155"}],"curies":[{"name":"wp","href":"https:\/\/api.w.org\/{rel}","templated":true}]}}