{"id":5470,"date":"2025-01-13T15:10:28","date_gmt":"2025-01-13T13:10:28","guid":{"rendered":"https:\/\/keluvo.com\/se\/product\/magnetiskt-hjarthange\/"},"modified":"2025-01-13T15:10:35","modified_gmt":"2025-01-13T13:10:35","slug":"magnetiskt-hjarthange","status":"publish","type":"product","link":"https:\/\/keluvo.com\/se\/product\/magnetiskt-hjarthange\/","title":{"rendered":"Magnetiskt hj\u00e4rth\u00e4nge"},"content":{"rendered":"<h2 style=\"text-align: center\"><strong>H\u00e5llbar Konstruktion<\/strong><\/h2>\n<p style=\"text-align: center\">Kl\u00e4df\u00f6rvaringsarrang\u00f6ren \u00e4r tillverkad av h\u00e5llbar kopparlegering, vilket garanterar l\u00e5ngvarig anv\u00e4ndning. Det h\u00f6gkvalitativa materialet garanterar exceptionell robusthet, medan det uts\u00f6kta hantverket ger elegans och stil till din garderobsorganisation.<\/p>\n<p><img decoding=\"async\" class=\"alignnone size-medium wp-image-5639 aligncenter\" src=\"https:\/\/keluvo.com\/template\/wp-content\/uploads\/sites\/5\/2024\/12\/S23fe836d4aad44ccbc0ce020db5546e38.jpeg\" alt=\"\" \/><\/p>\n<h2 style=\"text-align: center\"><strong>Design I Flera Lager<\/strong><\/h2>\n<p style=\"text-align: center\">Med en flerskiktad ormbenkedjedesign ger kl\u00e4df\u00f6rvaringsorganisat\u00f6ren en unik touch till din lagringsl\u00f6sning. Den skiktade designen f\u00f6rb\u00e4ttrar inte bara lagringskapaciteten utan ger ocks\u00e5 en sofistikerad estetik till din garderob eller l\u00e5da.<\/p>\n<p><img decoding=\"async\" class=\"alignnone size-medium wp-image-5638 aligncenter\" src=\"https:\/\/keluvo.com\/template\/wp-content\/uploads\/sites\/5\/2024\/12\/S27b9b9cb884c4b27a572a0d4f9919825E.jpeg\" alt=\"\" \/><\/p>\n","protected":false},"excerpt":{"rendered":"<p>H\u00e5llbar Konstruktion Kl\u00e4df\u00f6rvaringsarrang\u00f6ren \u00e4r tillverkad av h\u00e5llbar kopparlegering, vilket garanterar l\u00e5ngvarig anv\u00e4ndning. Det h\u00f6gkvalitativa materialet garanterar exceptionell robusthet, medan det [&hellip;]<\/p>\n","protected":false},"featured_media":5466,"comment_status":"open","ping_status":"closed","template":"","meta":{"site-sidebar-layout":"default","site-content-layout":"","ast-site-content-layout":"default","site-content-style":"default","site-sidebar-style":"default","ast-global-header-display":"","ast-banner-title-visibility":"","ast-main-header-display":"","ast-hfb-above-header-display":"","ast-hfb-below-header-display":"","ast-hfb-mobile-header-display":"","site-post-title":"","ast-breadcrumbs-content":"","ast-featured-img":"","footer-sml-layout":"","theme-transparent-header-meta":"default","adv-header-id-meta":"","stick-header-meta":"","header-above-stick-meta":"","header-main-stick-meta":"","header-below-stick-meta":"","astra-migrate-meta-layouts":"set","ast-page-background-enabled":"default","ast-page-background-meta":{"desktop":{"background-color":"var(--ast-global-color-4)","background-image":"","background-repeat":"repeat","background-position":"center center","background-size":"auto","background-attachment":"scroll","background-type":"","background-media":"","overlay-type":"","overlay-color":"","overlay-opacity":"","overlay-gradient":""},"tablet":{"background-color":"","background-image":"","background-repeat":"repeat","background-position":"center center","background-size":"auto","background-attachment":"scroll","background-type":"","background-media":"","overlay-type":"","overlay-color":"","overlay-opacity":"","overlay-gradient":""},"mobile":{"background-color":"","background-image":"","background-repeat":"repeat","background-position":"center center","background-size":"auto","background-attachment":"scroll","background-type":"","background-media":"","overlay-type":"","overlay-color":"","overlay-opacity":"","overlay-gradient":""}},"ast-content-background-meta":{"desktop":{"background-color":"var(--ast-global-color-5)","background-image":"","background-repeat":"repeat","background-position":"center center","background-size":"auto","background-attachment":"scroll","background-type":"","background-media":"","overlay-type":"","overlay-color":"","overlay-opacity":"","overlay-gradient":""},"tablet":{"background-color":"var(--ast-global-color-5)","background-image":"","background-repeat":"repeat","background-position":"center center","background-size":"auto","background-attachment":"scroll","background-type":"","background-media":"","overlay-type":"","overlay-color":"","overlay-opacity":"","overlay-gradient":""},"mobile":{"background-color":"var(--ast-global-color-5)","background-image":"","background-repeat":"repeat","background-position":"center center","background-size":"auto","background-attachment":"scroll","background-type":"","background-media":"","overlay-type":"","overlay-color":"","overlay-opacity":"","overlay-gradient":""}}},"product_brand":[],"product_cat":[993],"product_tag":[],"class_list":{"0":"post-5470","1":"product","2":"type-product","3":"status-publish","4":"has-post-thumbnail","6":"product_cat-footwear-accessories","7":"pa_59m02yr7-guld","8":"pa_59m02yr7-silverfargad","9":"desktop-align-left","10":"tablet-align-left","11":"mobile-align-left","13":"first","14":"instock","15":"shipping-taxable","16":"purchasable","17":"product-type-variable"},"_links":{"self":[{"href":"https:\/\/keluvo.com\/se\/wp-json\/wp\/v2\/product\/5470","targetHints":{"allow":["GET"]}}],"collection":[{"href":"https:\/\/keluvo.com\/se\/wp-json\/wp\/v2\/product"}],"about":[{"href":"https:\/\/keluvo.com\/se\/wp-json\/wp\/v2\/types\/product"}],"replies":[{"embeddable":true,"href":"https:\/\/keluvo.com\/se\/wp-json\/wp\/v2\/comments?post=5470"}],"wp:featuredmedia":[{"embeddable":true,"href":"https:\/\/keluvo.com\/se\/wp-json\/wp\/v2\/media\/5466"}],"wp:attachment":[{"href":"https:\/\/keluvo.com\/se\/wp-json\/wp\/v2\/media?parent=5470"}],"wp:term":[{"taxonomy":"product_brand","embeddable":true,"href":"https:\/\/keluvo.com\/se\/wp-json\/wp\/v2\/product_brand?post=5470"},{"taxonomy":"product_cat","embeddable":true,"href":"https:\/\/keluvo.com\/se\/wp-json\/wp\/v2\/product_cat?post=5470"},{"taxonomy":"product_tag","embeddable":true,"href":"https:\/\/keluvo.com\/se\/wp-json\/wp\/v2\/product_tag?post=5470"}],"curies":[{"name":"wp","href":"https:\/\/api.w.org\/{rel}","templated":true}]}}