{"id":54637,"date":"2025-12-12T18:11:10","date_gmt":"2025-12-12T16:11:10","guid":{"rendered":"https:\/\/keluvo.com\/se\/product\/salt-och-pepparkvarn\/"},"modified":"2025-12-22T18:13:26","modified_gmt":"2025-12-22T16:13:26","slug":"salt-och-pepparkvarn","status":"publish","type":"product","link":"https:\/\/keluvo.com\/se\/product\/salt-och-pepparkvarn\/","title":{"rendered":"Salt- och pepparkvarn"},"content":{"rendered":"<p style=\"text-align: center;\" data-start=\"0\" data-end=\"56\"><strong data-start=\"0\" data-end=\"56\">Krydda Din Mat Direkt Med Enhandsmalning. \ud83e\uddc2<\/strong><\/p>\n<p style=\"text-align: center;\" data-start=\"58\" data-end=\"293\">Med den h\u00e4r salt- och pepparkvarnen i rostfritt st\u00e5l kan du mala kryddor snabbt och enkelt med ett enkelt tryck p\u00e5 toppen. Den \u00e4r perfekt f\u00f6r matlagning eller servering vid bordet och levererar fr\u00e4sch smak varje g\u00e5ng med j\u00e4mn, kontrollerad malning. Ett snyggt, kompakt och enkelt s\u00e4tt att tillf\u00f6ra ny smak till varje m\u00e5ltid.<\/p>\n<p data-start=\"58\" data-end=\"293\"><img fetchpriority=\"high\" decoding=\"async\" class=\"size-full wp-image-45213 aligncenter\" src=\"https:\/\/keluvo.com\/template\/wp-content\/uploads\/sites\/5\/2025\/12\/102212-ezgif.com-video-to-webp-converter-2.webp\" alt=\"\" width=\"500\" height=\"500\" \/><\/p>\n<h2 style=\"text-align: center;\" data-start=\"295\" data-end=\"315\">\ud83d\ude80 Huvudf\u00f6rdelar<\/h2>\n<p data-start=\"318\" data-end=\"381\">\u270b Enhandsman\u00f6vrering &#8211; tryck p\u00e5 toppen f\u00f6r att mala direkt.<\/p>\n<p data-start=\"384\" data-end=\"467\">\ud83e\uddc2 M\u00e5ngsidig anv\u00e4ndning &#8211; perfekt f\u00f6r salt, peppar, majs, kardemumma, kryddnejlika med mera.<\/p>\n<p data-start=\"470\" data-end=\"537\">\ud83d\udd0d Transparent kammare &#8211; vet alltid n\u00e4r det \u00e4r dags att fylla p\u00e5.<\/p>\n<p data-start=\"540\" data-end=\"606\">\ud83d\udcaa H\u00e5llbart rostfritt st\u00e5l &#8211; rostbest\u00e4ndigt och l\u00e5ngvarigt.<\/p>\n<p data-start=\"609\" data-end=\"662\">\ud83e\uddfc L\u00e4tt att reng\u00f6ra &#8211; enkelt underh\u00e5ll med avtorkning.<\/p>\n<p data-start=\"665\" data-end=\"734\">\ud83d\udd04 Snabb p\u00e5fyllning &#8211; vrid av botten och fyll p\u00e5 p\u00e5 n\u00e5gra sekunder.<\/p>\n<p data-start=\"665\" data-end=\"734\"><img decoding=\"async\" class=\"size-full wp-image-45215 aligncenter\" src=\"https:\/\/keluvo.com\/template\/wp-content\/uploads\/sites\/5\/2025\/12\/efa6c76455b39e87911c49c8beb9b5cf3febb82a_18a63721-7cd4-4bd4-bc23-2a7f1efe6e4f.webp\" alt=\"\" width=\"679\" height=\"679\" \/><\/p>\n<h2 style=\"text-align: center;\" data-start=\"736\" data-end=\"754\">\ud83d\udd79\ufe0f Anv\u00e4ndning<\/h2>\n<ol data-start=\"755\" data-end=\"944\">\n<li data-start=\"755\" data-end=\"794\">\n<p data-start=\"758\" data-end=\"794\">Skruva loss botten p\u00e5 kvarnen.<\/p>\n<\/li>\n<li data-start=\"795\" data-end=\"831\">\n<p data-start=\"798\" data-end=\"831\">Fyll p\u00e5 med \u00f6nskad krydda.<\/p>\n<\/li>\n<li data-start=\"832\" data-end=\"863\">\n<p data-start=\"835\" data-end=\"863\">St\u00e4ng botten ordentligt.<\/p>\n<\/li>\n<li data-start=\"864\" data-end=\"944\">\n<p data-start=\"867\" data-end=\"944\">Tryck p\u00e5 toppen av kvarnen f\u00f6r att mala f\u00e4rska kryddor direkt p\u00e5 maten.<\/p>\n<\/li>\n<\/ol>\n<h2 style=\"text-align: center;\" data-start=\"946\" data-end=\"968\">\ud83d\udccb Produktdetaljer<\/h2>\n<ul data-start=\"969\" data-end=\"1295\">\n<li data-start=\"1008\" data-end=\"1037\">\n<p data-start=\"1010\" data-end=\"1037\">Material: rostfritt st\u00e5l<\/p>\n<\/li>\n<li data-start=\"1038\" data-end=\"1055\">\n<p data-start=\"1040\" data-end=\"1055\">F\u00e4rg: silver<\/p>\n<\/li>\n<li data-start=\"1056\" data-end=\"1118\">\n<p data-start=\"1058\" data-end=\"1118\">Storlek: ca. 15 cm x 2,7 cm x 2,7 cm<\/p>\n<\/li>\n<li data-start=\"1119\" data-end=\"1164\">\n<p data-start=\"1121\" data-end=\"1164\">Funktion: enhandsmekanism med tryck p\u00e5 toppen<\/p>\n<\/li>\n<li data-start=\"1165\" data-end=\"1214\">\n<p data-start=\"1167\" data-end=\"1214\">Anv\u00e4ndning: k\u00f6k, matbord, restauranger, grillar<\/p>\n<\/li>\n<li data-start=\"1215\" data-end=\"1295\">\n<p data-start=\"1217\" data-end=\"1295\">L\u00e4mpliga kryddor: pepparkorn, salt, sm\u00e5 hela kryddor, str\u00f6socker med mera<\/p>\n<\/li>\n<\/ul>\n<h2 style=\"text-align: center;\" data-start=\"1297\" data-end=\"1320\">\ud83d\udce6 Paketet inneh\u00e5ller<\/h2>\n<ul data-start=\"1321\" data-end=\"1399\">\n<li data-start=\"1321\" data-end=\"1399\">\n<p data-start=\"1323\" data-end=\"1399\">1, 2, 4x salt- och pepparkvarnar i rostfritt st\u00e5l.<\/p>\n<\/li>\n<\/ul>\n","protected":false},"excerpt":{"rendered":"<p>Krydda Din Mat Direkt Med Enhandsmalning. \ud83e\uddc2 Med den h\u00e4r salt- och pepparkvarnen i rostfritt st\u00e5l kan du mala kryddor [&hellip;]<\/p>\n","protected":false},"featured_media":54633,"comment_status":"open","ping_status":"closed","template":"","meta":{"site-sidebar-layout":"default","site-content-layout":"","ast-site-content-layout":"default","site-content-style":"default","site-sidebar-style":"default","ast-global-header-display":"","ast-banner-title-visibility":"","ast-main-header-display":"","ast-hfb-above-header-display":"","ast-hfb-below-header-display":"","ast-hfb-mobile-header-display":"","site-post-title":"","ast-breadcrumbs-content":"","ast-featured-img":"","footer-sml-layout":"","theme-transparent-header-meta":"default","adv-header-id-meta":"","stick-header-meta":"","header-above-stick-meta":"","header-main-stick-meta":"","header-below-stick-meta":"","astra-migrate-meta-layouts":"set","ast-page-background-enabled":"default","ast-page-background-meta":{"desktop":{"background-color":"var(--ast-global-color-4)","background-image":"","background-repeat":"repeat","background-position":"center center","background-size":"auto","background-attachment":"scroll","background-type":"","background-media":"","overlay-type":"","overlay-color":"","overlay-opacity":"","overlay-gradient":""},"tablet":{"background-color":"","background-image":"","background-repeat":"repeat","background-position":"center center","background-size":"auto","background-attachment":"scroll","background-type":"","background-media":"","overlay-type":"","overlay-color":"","overlay-opacity":"","overlay-gradient":""},"mobile":{"background-color":"","background-image":"","background-repeat":"repeat","background-position":"center center","background-size":"auto","background-attachment":"scroll","background-type":"","background-media":"","overlay-type":"","overlay-color":"","overlay-opacity":"","overlay-gradient":""}},"ast-content-background-meta":{"desktop":{"background-color":"var(--ast-global-color-5)","background-image":"","background-repeat":"repeat","background-position":"center center","background-size":"auto","background-attachment":"scroll","background-type":"","background-media":"","overlay-type":"","overlay-color":"","overlay-opacity":"","overlay-gradient":""},"tablet":{"background-color":"var(--ast-global-color-5)","background-image":"","background-repeat":"repeat","background-position":"center center","background-size":"auto","background-attachment":"scroll","background-type":"","background-media":"","overlay-type":"","overlay-color":"","overlay-opacity":"","overlay-gradient":""},"mobile":{"background-color":"var(--ast-global-color-5)","background-image":"","background-repeat":"repeat","background-position":"center center","background-size":"auto","background-attachment":"scroll","background-type":"","background-media":"","overlay-type":"","overlay-color":"","overlay-opacity":"","overlay-gradient":""}}},"product_brand":[],"product_cat":[1001],"product_tag":[],"class_list":{"0":"post-54637","1":"product","2":"type-product","3":"status-publish","4":"has-post-thumbnail","6":"product_cat-household-goods","7":"pa_58681_9qsaibip-1-st","8":"pa_58681_9qsaibip-2-st","9":"pa_58681_9qsaibip-4-st","10":"desktop-align-left","11":"tablet-align-left","12":"mobile-align-left","14":"first","15":"instock","16":"shipping-taxable","17":"purchasable","18":"product-type-variable"},"_links":{"self":[{"href":"https:\/\/keluvo.com\/se\/wp-json\/wp\/v2\/product\/54637","targetHints":{"allow":["GET"]}}],"collection":[{"href":"https:\/\/keluvo.com\/se\/wp-json\/wp\/v2\/product"}],"about":[{"href":"https:\/\/keluvo.com\/se\/wp-json\/wp\/v2\/types\/product"}],"replies":[{"embeddable":true,"href":"https:\/\/keluvo.com\/se\/wp-json\/wp\/v2\/comments?post=54637"}],"wp:featuredmedia":[{"embeddable":true,"href":"https:\/\/keluvo.com\/se\/wp-json\/wp\/v2\/media\/54633"}],"wp:attachment":[{"href":"https:\/\/keluvo.com\/se\/wp-json\/wp\/v2\/media?parent=54637"}],"wp:term":[{"taxonomy":"product_brand","embeddable":true,"href":"https:\/\/keluvo.com\/se\/wp-json\/wp\/v2\/product_brand?post=54637"},{"taxonomy":"product_cat","embeddable":true,"href":"https:\/\/keluvo.com\/se\/wp-json\/wp\/v2\/product_cat?post=54637"},{"taxonomy":"product_tag","embeddable":true,"href":"https:\/\/keluvo.com\/se\/wp-json\/wp\/v2\/product_tag?post=54637"}],"curies":[{"name":"wp","href":"https:\/\/api.w.org\/{rel}","templated":true}]}}