{"id":5458,"date":"2025-01-13T15:08:47","date_gmt":"2025-01-13T13:08:47","guid":{"rendered":"https:\/\/keluvo.com\/se\/product\/roterande-gronsaksrivare\/"},"modified":"2025-01-13T15:09:00","modified_gmt":"2025-01-13T13:09:00","slug":"roterande-gronsaksrivare","status":"publish","type":"product","link":"https:\/\/keluvo.com\/se\/product\/roterande-gronsaksrivare\/","title":{"rendered":"Roterande gr\u00f6nsaksrivare"},"content":{"rendered":"<h2 style=\"text-align: center\"><strong>S\u00e4ker Och Enkel Att Anv\u00e4nda<\/strong><\/h2>\n<p style=\"text-align: center\">Den roterande gr\u00f6nsaksrivaren h\u00e5ller dina h\u00e4nder s\u00e4kra med noll kontakt n\u00e4r du skivar eller river. Det \u00e4r utformat f\u00f6r snabb och enkel anv\u00e4ndning, \u00e4ven om du inte \u00e4r s\u00e5 duktig i k\u00f6ket. Njut av j\u00e4mnt skivade och perfekt rivna gr\u00f6nsaker eller frukter varje g\u00e5ng.<\/p>\n<p><img decoding=\"async\" class=\"alignnone size-medium wp-image-5204 aligncenter\" src=\"https:\/\/keluvo.com\/template\/wp-content\/uploads\/sites\/5\/2024\/12\/S6f5b3c59d08844f7bf0df40e9e27f1ebe.jpg_960x960q75.jpg_.webp\" alt=\"\" \/><\/p>\n<h2 style=\"text-align: center\"><strong>3 Blad F\u00f6r M\u00e5ngsidighet<\/strong><\/h2>\n<p style=\"text-align: center\">Den h\u00e4r roterande gr\u00f6nsaksrivaren levereras med tre utbytbara trumblad f\u00f6r skivning, finrivning och grovrivning. V\u00e4xla enkelt mellan bladen f\u00f6r att tillaga olika livsmedel som ost, potatis och gr\u00f6nsaker. Det \u00e4r det perfekta verktyget f\u00f6r alla dina matlagningsbehov.<\/p>\n<p><img decoding=\"async\" class=\"alignnone size-medium wp-image-5211 aligncenter\" src=\"https:\/\/keluvo.com\/template\/wp-content\/uploads\/sites\/5\/2024\/12\/S8bb3a736962f4a938f69c28bf1d746f73.webp\" alt=\"\" \/><\/p>\n","protected":false},"excerpt":{"rendered":"<p>S\u00e4ker Och Enkel Att Anv\u00e4nda Den roterande gr\u00f6nsaksrivaren h\u00e5ller dina h\u00e4nder s\u00e4kra med noll kontakt n\u00e4r du skivar eller river. [&hellip;]<\/p>\n","protected":false},"featured_media":5454,"comment_status":"open","ping_status":"closed","template":"","meta":{"site-sidebar-layout":"default","site-content-layout":"","ast-site-content-layout":"default","site-content-style":"default","site-sidebar-style":"default","ast-global-header-display":"","ast-banner-title-visibility":"","ast-main-header-display":"","ast-hfb-above-header-display":"","ast-hfb-below-header-display":"","ast-hfb-mobile-header-display":"","site-post-title":"","ast-breadcrumbs-content":"","ast-featured-img":"","footer-sml-layout":"","theme-transparent-header-meta":"default","adv-header-id-meta":"","stick-header-meta":"","header-above-stick-meta":"","header-main-stick-meta":"","header-below-stick-meta":"","astra-migrate-meta-layouts":"set","ast-page-background-enabled":"default","ast-page-background-meta":{"desktop":{"background-color":"var(--ast-global-color-4)","background-image":"","background-repeat":"repeat","background-position":"center center","background-size":"auto","background-attachment":"scroll","background-type":"","background-media":"","overlay-type":"","overlay-color":"","overlay-opacity":"","overlay-gradient":""},"tablet":{"background-color":"","background-image":"","background-repeat":"repeat","background-position":"center center","background-size":"auto","background-attachment":"scroll","background-type":"","background-media":"","overlay-type":"","overlay-color":"","overlay-opacity":"","overlay-gradient":""},"mobile":{"background-color":"","background-image":"","background-repeat":"repeat","background-position":"center center","background-size":"auto","background-attachment":"scroll","background-type":"","background-media":"","overlay-type":"","overlay-color":"","overlay-opacity":"","overlay-gradient":""}},"ast-content-background-meta":{"desktop":{"background-color":"var(--ast-global-color-5)","background-image":"","background-repeat":"repeat","background-position":"center center","background-size":"auto","background-attachment":"scroll","background-type":"","background-media":"","overlay-type":"","overlay-color":"","overlay-opacity":"","overlay-gradient":""},"tablet":{"background-color":"var(--ast-global-color-5)","background-image":"","background-repeat":"repeat","background-position":"center center","background-size":"auto","background-attachment":"scroll","background-type":"","background-media":"","overlay-type":"","overlay-color":"","overlay-opacity":"","overlay-gradient":""},"mobile":{"background-color":"var(--ast-global-color-5)","background-image":"","background-repeat":"repeat","background-position":"center center","background-size":"auto","background-attachment":"scroll","background-type":"","background-media":"","overlay-type":"","overlay-color":"","overlay-opacity":"","overlay-gradient":""}}},"product_brand":[],"product_cat":[1001],"product_tag":[],"class_list":{"0":"post-5458","1":"product","2":"type-product","3":"status-publish","4":"has-post-thumbnail","6":"product_cat-household-goods","7":"pa_lsl2i739-bla","8":"pa_lsl2i739-gron","9":"pa_lsl2i739-rod","10":"desktop-align-left","11":"tablet-align-left","12":"mobile-align-left","14":"first","15":"instock","16":"shipping-taxable","17":"purchasable","18":"product-type-variable"},"_links":{"self":[{"href":"https:\/\/keluvo.com\/se\/wp-json\/wp\/v2\/product\/5458","targetHints":{"allow":["GET"]}}],"collection":[{"href":"https:\/\/keluvo.com\/se\/wp-json\/wp\/v2\/product"}],"about":[{"href":"https:\/\/keluvo.com\/se\/wp-json\/wp\/v2\/types\/product"}],"replies":[{"embeddable":true,"href":"https:\/\/keluvo.com\/se\/wp-json\/wp\/v2\/comments?post=5458"}],"wp:featuredmedia":[{"embeddable":true,"href":"https:\/\/keluvo.com\/se\/wp-json\/wp\/v2\/media\/5454"}],"wp:attachment":[{"href":"https:\/\/keluvo.com\/se\/wp-json\/wp\/v2\/media?parent=5458"}],"wp:term":[{"taxonomy":"product_brand","embeddable":true,"href":"https:\/\/keluvo.com\/se\/wp-json\/wp\/v2\/product_brand?post=5458"},{"taxonomy":"product_cat","embeddable":true,"href":"https:\/\/keluvo.com\/se\/wp-json\/wp\/v2\/product_cat?post=5458"},{"taxonomy":"product_tag","embeddable":true,"href":"https:\/\/keluvo.com\/se\/wp-json\/wp\/v2\/product_tag?post=5458"}],"curies":[{"name":"wp","href":"https:\/\/api.w.org\/{rel}","templated":true}]}}